{"id":9397,"date":"2024-09-29T22:58:45","date_gmt":"2024-09-30T02:58:45","guid":{"rendered":"https:\/\/lnak.net\/karaoke\/"},"modified":"2024-11-26T23:36:07","modified_gmt":"2024-11-27T04:36:07","slug":"karaoke","status":"publish","type":"page","link":"https:\/\/lnak.net\/en\/karaoke\/","title":{"rendered":"Karaoke"},"content":{"rendered":"<div class=\"wpv-view-output\" data-toolset-views-view-editor=\"87e5bde44703935679d55308300d10ab\"><div class=\"wp-block-toolset-views-view-editor\"><div id=\"wpv-view-layout-8812\" class=\"js-wpv-view-layout js-wpv-layout-responsive js-wpv-view-layout-8812\" data-viewnumber=\"8812\" data-pagination=\"{&quot;id&quot;:8812,&quot;query&quot;:&quot;normal&quot;,&quot;type&quot;:&quot;paged&quot;,&quot;effect&quot;:&quot;fade&quot;,&quot;duration&quot;:500,&quot;speed&quot;:5,&quot;pause_on_hover&quot;:&quot;disabled&quot;,&quot;stop_rollover&quot;:&quot;false&quot;,&quot;cache_pages&quot;:&quot;enabled&quot;,&quot;preload_images&quot;:&quot;enabled&quot;,&quot;preload_pages&quot;:&quot;enabled&quot;,&quot;preload_reach&quot;:1,&quot;spinner&quot;:&quot;builtin&quot;,&quot;spinner_image&quot;:&quot;https:\/\/lnak.net\/wp-content\/plugins\/toolset-blocks\/embedded\/res\/img\/ajax-loader.svg&quot;,&quot;callback_next&quot;:&quot;&quot;,&quot;manage_history&quot;:&quot;enabled&quot;,&quot;has_controls_in_form&quot;:&quot;disabled&quot;,&quot;infinite_tolerance&quot;:&quot;0&quot;,&quot;max_pages&quot;:1,&quot;page&quot;:1,&quot;base_permalink&quot;:&quot;\/en\/wp-json\/wp\/v2\/pages\/9397?wpv_view_count=8812&amp;wpv_paged=WPV_PAGE_NUM&quot;,&quot;loop&quot;:{&quot;type&quot;:&quot;&quot;,&quot;name&quot;:&quot;&quot;,&quot;data&quot;:[],&quot;id&quot;:0}}\" data-permalink=\"\/en\/wp-json\/wp\/v2\/pages\/9397?wpv_view_count=8812\">\n\n<div class=\"js-wpv-loop-wrapper\"><div class=\"tb-grid\"><div class=\"tb-grid-column\">\n\n<div class=\"wp-block-toolset-views-view-template-block wpv-block-loop-item php-to-be-replaced-with-shortcode\" data-toolset-views-view-template-block=\"8ff74a9d2667a87e7f3a61e3e393b76c\"><div class=\"tb-fields-and-text\" data-toolset-blocks-fields-and-text=\"360284519b991feb492b582c7d84725f\"><br>\n<div class=\"ast-oembed-container\" style=\"height: 100%;\"><iframe loading=\"lazy\" title=\"\u0100vu a\u0304vu baltas ka\u0304jas | KARAOKE Latvie\u0161u valod\u0101\" width=\"450\" height=\"253\" src=\"https:\/\/www.youtube.com\/embed\/EnAE-2uKTmM?list=PLfp_hyW-Cht_QULDsbIYrfdkGLZocRCgQ\" frameborder=\"0\" allow=\"accelerometer; autoplay; clipboard-write; encrypted-media; gyroscope; picture-in-picture; web-share\" referrerpolicy=\"strict-origin-when-cross-origin\" allowfullscreen><\/iframe><\/div><br>\n<\/div>\n\n\n\n<div class=\"tb-field\" data-toolset-blocks-field=\"7c49f895a1e654765fe15550e98ae86f\" data-last-update=\"1.4\"><a href='https:\/\/lnak.net\/en\/tag\/basic-language\/'>basic language<\/a>, <a href='https:\/\/lnak.net\/en\/tag\/infants\/'>infants<\/a>, <a href='https:\/\/lnak.net\/en\/tag\/language-development\/'>language development<\/a>, <a href='https:\/\/lnak.net\/en\/tag\/preschoolers\/'>preschoolers<\/a><\/div>\n\n\n\n<div class=\"tb-field\" data-toolset-blocks-field=\"c52988769cdd80fba9558c73d4194cae\" data-last-update=\"1.4\"><a href=\"https:\/\/lnak.net\/en\/resource-item\/i-put-on-white-socks\/\">\u0100vu, \u0101vu baltas k\u0101jas (I put on white socks)<\/a><\/div>\n\n\n\n<div class=\"tb-field\" data-toolset-blocks-field=\"fab6101fd9dceb5c3982b2e1f430cb4c\" data-last-update=\"1.4\"><\/div>\n<\/div>\n\n<\/div><div class=\"tb-grid-column\">\n\n<div class=\"wp-block-toolset-views-view-template-block wpv-block-loop-item php-to-be-replaced-with-shortcode\" data-toolset-views-view-template-block=\"8ff74a9d2667a87e7f3a61e3e393b76c\"><div class=\"tb-fields-and-text\" data-toolset-blocks-fields-and-text=\"360284519b991feb492b582c7d84725f\"><br>\n<div class=\"ast-oembed-container\" style=\"height: 100%;\"><iframe loading=\"lazy\" title=\"Cielava, baltgalve\" width=\"450\" height=\"253\" src=\"https:\/\/www.youtube.com\/embed\/qqYpFwyyfFc?list=PLAnyB9XQsrqjoY30pNVmtb4WluG2BJ0yt\" frameborder=\"0\" allow=\"accelerometer; autoplay; clipboard-write; encrypted-media; gyroscope; picture-in-picture; web-share\" referrerpolicy=\"strict-origin-when-cross-origin\" allowfullscreen><\/iframe><\/div><br>\n<\/div>\n\n\n\n<div class=\"tb-field\" data-toolset-blocks-field=\"7c49f895a1e654765fe15550e98ae86f\" data-last-update=\"1.4\"><a href='https:\/\/lnak.net\/en\/tag\/basic-language\/'>basic language<\/a>, <a href='https:\/\/lnak.net\/en\/tag\/infants\/'>infants<\/a>, <a href='https:\/\/lnak.net\/en\/tag\/language-development\/'>language development<\/a>, <a href='https:\/\/lnak.net\/en\/tag\/preschoolers\/'>preschoolers<\/a><\/div>\n\n\n\n<div class=\"tb-field\" data-toolset-blocks-field=\"c52988769cdd80fba9558c73d4194cae\" data-last-update=\"1.4\"><a href=\"https:\/\/lnak.net\/en\/resource-item\/wagtail-whitehead\/\">Cielava baltgalve (Wagtail, whitehead)<\/a><\/div>\n\n\n\n<div class=\"tb-field\" data-toolset-blocks-field=\"fab6101fd9dceb5c3982b2e1f430cb4c\" data-last-update=\"1.4\"><\/div>\n<\/div>\n\n<\/div><div class=\"tb-grid-column\">\n\n<div class=\"wp-block-toolset-views-view-template-block wpv-block-loop-item php-to-be-replaced-with-shortcode\" data-toolset-views-view-template-block=\"8ff74a9d2667a87e7f3a61e3e393b76c\"><div class=\"tb-fields-and-text\" data-toolset-blocks-fields-and-text=\"360284519b991feb492b582c7d84725f\"><br>\n<div class=\"ast-oembed-container\" style=\"height: 100%;\"><iframe loading=\"lazy\" title=\"Dievs nolaida bumbul&#039; zem\u0113\" width=\"450\" height=\"253\" src=\"https:\/\/www.youtube.com\/embed\/wcoFak4OiLE?list=PLAnyB9XQsrqjoY30pNVmtb4WluG2BJ0yt\" frameborder=\"0\" allow=\"accelerometer; autoplay; clipboard-write; encrypted-media; gyroscope; picture-in-picture; web-share\" referrerpolicy=\"strict-origin-when-cross-origin\" allowfullscreen><\/iframe><\/div><br>\n<\/div>\n\n\n\n<div class=\"tb-field\" data-toolset-blocks-field=\"7c49f895a1e654765fe15550e98ae86f\" data-last-update=\"1.4\"><a href='https:\/\/lnak.net\/en\/tag\/basic-language\/'>basic language<\/a>, <a href='https:\/\/lnak.net\/en\/tag\/infants\/'>infants<\/a>, <a href='https:\/\/lnak.net\/en\/tag\/language-development\/'>language development<\/a>, <a href='https:\/\/lnak.net\/en\/tag\/preschoolers\/'>preschoolers<\/a><\/div>\n\n\n\n<div class=\"tb-field\" data-toolset-blocks-field=\"c52988769cdd80fba9558c73d4194cae\" data-last-update=\"1.4\"><a href=\"https:\/\/lnak.net\/en\/resource-item\/god-lowered-the-ball-into-the-ground\/\">Dievs nolaida bumbul zem\u0113 (God threw the ball down)<\/a><\/div>\n\n\n\n<div class=\"tb-field\" data-toolset-blocks-field=\"fab6101fd9dceb5c3982b2e1f430cb4c\" data-last-update=\"1.4\"><\/div>\n<\/div>\n\n<\/div><div class=\"tb-grid-column\">\n\n<div class=\"wp-block-toolset-views-view-template-block wpv-block-loop-item php-to-be-replaced-with-shortcode\" data-toolset-views-view-template-block=\"8ff74a9d2667a87e7f3a61e3e393b76c\"><div class=\"tb-fields-and-text\" data-toolset-blocks-fields-and-text=\"360284519b991feb492b582c7d84725f\"><br>\n<div class=\"ast-oembed-container\" style=\"height: 100%;\"><iframe loading=\"lazy\" title=\"Es bij&#039; puika\" width=\"450\" height=\"253\" src=\"https:\/\/www.youtube.com\/embed\/i7yuqRMKjX4?list=PLAnyB9XQsrqjoY30pNVmtb4WluG2BJ0yt\" frameborder=\"0\" allow=\"accelerometer; autoplay; clipboard-write; encrypted-media; gyroscope; picture-in-picture; web-share\" referrerpolicy=\"strict-origin-when-cross-origin\" allowfullscreen><\/iframe><\/div><br>\n<\/div>\n\n\n\n<div class=\"tb-field\" data-toolset-blocks-field=\"7c49f895a1e654765fe15550e98ae86f\" data-last-update=\"1.4\"><a href='https:\/\/lnak.net\/en\/tag\/basic-language\/'>basic language<\/a>, <a href='https:\/\/lnak.net\/en\/tag\/infants\/'>infants<\/a>, <a href='https:\/\/lnak.net\/en\/tag\/language-development\/'>language development<\/a>, <a href='https:\/\/lnak.net\/en\/tag\/preschoolers\/'>preschoolers<\/a><\/div>\n\n\n\n<div class=\"tb-field\" data-toolset-blocks-field=\"c52988769cdd80fba9558c73d4194cae\" data-last-update=\"1.4\"><a href=\"https:\/\/lnak.net\/en\/resource-item\/i-was-a-boy\/\">Es bij&#8217; puika (I was a boy)<\/a><\/div>\n\n\n\n<div class=\"tb-field\" data-toolset-blocks-field=\"fab6101fd9dceb5c3982b2e1f430cb4c\" data-last-update=\"1.4\"><\/div>\n<\/div>\n\n<\/div><div class=\"tb-grid-column\">\n\n<div class=\"wp-block-toolset-views-view-template-block wpv-block-loop-item php-to-be-replaced-with-shortcode\" data-toolset-views-view-template-block=\"8ff74a9d2667a87e7f3a61e3e393b76c\"><div class=\"tb-fields-and-text\" data-toolset-blocks-fields-and-text=\"360284519b991feb492b582c7d84725f\"><br>\n<div class=\"ast-oembed-container\" style=\"height: 100%;\"><iframe loading=\"lazy\" title=\"Kumeli\u0146i, kumeli\u0146i\" width=\"450\" height=\"253\" src=\"https:\/\/www.youtube.com\/embed\/SXrMUDHv3sE?list=PLAnyB9XQsrqjoY30pNVmtb4WluG2BJ0yt\" frameborder=\"0\" allow=\"accelerometer; autoplay; clipboard-write; encrypted-media; gyroscope; picture-in-picture; web-share\" referrerpolicy=\"strict-origin-when-cross-origin\" allowfullscreen><\/iframe><\/div><br>\n<\/div>\n\n\n\n<div class=\"tb-field\" data-toolset-blocks-field=\"7c49f895a1e654765fe15550e98ae86f\" data-last-update=\"1.4\"><a href='https:\/\/lnak.net\/en\/tag\/basic-language\/'>basic language<\/a>, <a href='https:\/\/lnak.net\/en\/tag\/infants\/'>infants<\/a>, <a href='https:\/\/lnak.net\/en\/tag\/language-development\/'>language development<\/a>, <a href='https:\/\/lnak.net\/en\/tag\/preschoolers\/'>preschoolers<\/a><\/div>\n\n\n\n<div class=\"tb-field\" data-toolset-blocks-field=\"c52988769cdd80fba9558c73d4194cae\" data-last-update=\"1.4\"><a href=\"https:\/\/lnak.net\/en\/resource-item\/dear-pony-dear-pony\/\">Kumeli\u0146i, kumeli\u0146i (Dear pony, dear pony)<\/a><\/div>\n\n\n\n<div class=\"tb-field\" data-toolset-blocks-field=\"fab6101fd9dceb5c3982b2e1f430cb4c\" data-last-update=\"1.4\"><\/div>\n<\/div>\n\n<\/div><div class=\"tb-grid-column\">\n\n<div class=\"wp-block-toolset-views-view-template-block wpv-block-loop-item php-to-be-replaced-with-shortcode\" data-toolset-views-view-template-block=\"8ff74a9d2667a87e7f3a61e3e393b76c\"><div class=\"tb-fields-and-text\" data-toolset-blocks-fields-and-text=\"360284519b991feb492b582c7d84725f\"><br>\n<div class=\"ast-oembed-container\" style=\"height: 100%;\"><iframe loading=\"lazy\" title=\"Maza, maza meiten\u012bte\" width=\"450\" height=\"253\" src=\"https:\/\/www.youtube.com\/embed\/MFMaF7I3MwU?list=PLAnyB9XQsrqjoY30pNVmtb4WluG2BJ0yt\" frameborder=\"0\" allow=\"accelerometer; autoplay; clipboard-write; encrypted-media; gyroscope; picture-in-picture; web-share\" referrerpolicy=\"strict-origin-when-cross-origin\" allowfullscreen><\/iframe><\/div><br>\n<\/div>\n\n\n\n<div class=\"tb-field\" data-toolset-blocks-field=\"7c49f895a1e654765fe15550e98ae86f\" data-last-update=\"1.4\"><a href='https:\/\/lnak.net\/en\/tag\/basic-language\/'>basic language<\/a>, <a href='https:\/\/lnak.net\/en\/tag\/infants\/'>infants<\/a>, <a href='https:\/\/lnak.net\/en\/tag\/language-development\/'>language development<\/a>, <a href='https:\/\/lnak.net\/en\/tag\/preschoolers\/'>preschoolers<\/a><\/div>\n\n\n\n<div class=\"tb-field\" data-toolset-blocks-field=\"c52988769cdd80fba9558c73d4194cae\" data-last-update=\"1.4\"><a href=\"https:\/\/lnak.net\/en\/resource-item\/a-little-little-girl\/\">Maza, maza meiten\u012bte (A little, little girl)<\/a><\/div>\n\n\n\n<div class=\"tb-field\" data-toolset-blocks-field=\"fab6101fd9dceb5c3982b2e1f430cb4c\" data-last-update=\"1.4\"><\/div>\n<\/div>\n\n<\/div><\/div><\/div>\n\n\n<div class=\"wpv-pagination-nav-links\" data-toolset-views-view-pagination-block=\"cdfd4c4737b2898eba4443dd59a1bf50\"><\/div>\n\n<\/div><\/div><form autocomplete=\"off\" name=\"wpv-filter-8812\" action=\"\/en\/wp-json\/wp\/v2\/pages\/9397?wpv_view_count=8812\" method=\"get\" class=\"wpv-filter-form js-wpv-filter-form js-wpv-filter-form-8812 js-wpv-form-full\" data-viewnumber=\"8812\" data-viewid=\"8812\" data-viewhash=\"eyJuYW1lIjoibWFjaWJ1LWR6aWVzbWFzLWNvcHktMTcyNzY2NTA5MSJ9\" data-viewwidgetid=\"0\" data-orderby=\"\" data-order=\"\" data-orderbyas=\"\" data-orderbysecond=\"\" data-ordersecond=\"\" data-parametric=\"{&quot;query&quot;:&quot;normal&quot;,&quot;id&quot;:8812,&quot;view_id&quot;:8812,&quot;widget_id&quot;:0,&quot;view_hash&quot;:&quot;8812&quot;,&quot;action&quot;:&quot;\\\/en\\\/wp-json\\\/wp\\\/v2\\\/pages\\\/9397?wpv_view_count=8812&quot;,&quot;sort&quot;:{&quot;orderby&quot;:&quot;&quot;,&quot;order&quot;:&quot;&quot;,&quot;orderby_as&quot;:&quot;&quot;,&quot;orderby_second&quot;:&quot;&quot;,&quot;order_second&quot;:&quot;&quot;},&quot;orderby&quot;:&quot;&quot;,&quot;order&quot;:&quot;&quot;,&quot;orderby_as&quot;:&quot;&quot;,&quot;orderby_second&quot;:&quot;&quot;,&quot;order_second&quot;:&quot;&quot;,&quot;ajax_form&quot;:&quot;&quot;,&quot;ajax_results&quot;:&quot;&quot;,&quot;effect&quot;:&quot;fade&quot;,&quot;prebefore&quot;:&quot;&quot;,&quot;before&quot;:&quot;&quot;,&quot;after&quot;:&quot;&quot;,&quot;attributes&quot;:[],&quot;environment&quot;:{&quot;current_post_id&quot;:9397,&quot;parent_post_id&quot;:9397,&quot;parent_term_id&quot;:0,&quot;parent_user_id&quot;:0,&quot;archive&quot;:{&quot;type&quot;:&quot;&quot;,&quot;name&quot;:&quot;&quot;,&quot;data&quot;:[]}},&quot;loop&quot;:{&quot;type&quot;:&quot;&quot;,&quot;name&quot;:&quot;&quot;,&quot;data&quot;:[],&quot;id&quot;:0}}\" data-attributes=\"[]\" data-environment=\"{&quot;current_post_id&quot;:9397,&quot;parent_post_id&quot;:9397,&quot;parent_term_id&quot;:0,&quot;parent_user_id&quot;:0,&quot;archive&quot;:{&quot;type&quot;:&quot;&quot;,&quot;name&quot;:&quot;&quot;,&quot;data&quot;:[]}}\"><input type=\"hidden\" class=\"js-wpv-dps-filter-data js-wpv-filter-data-for-this-form\" data-action=\"\/en\/wp-json\/wp\/v2\/pages\/9397?wpv_view_count=8812\" data-page=\"1\" data-ajax=\"disable\" data-effect=\"fade\" data-maxpages=\"1\" data-ajaxprebefore=\"\" data-ajaxbefore=\"\" data-ajaxafter=\"\" \/><input class=\"wpv_view_count wpv_view_count-8812\" type=\"hidden\" name=\"wpv_view_count\" value=\"8812\" \/>\n\n<\/form><\/div>","protected":false},"excerpt":{"rendered":"","protected":false},"author":1,"featured_media":0,"parent":0,"menu_order":0,"comment_status":"closed","ping_status":"closed","template":"","meta":{"_uag_custom_page_level_css":"","_monsterinsights_skip_tracking":false,"_monsterinsights_sitenote_active":false,"_monsterinsights_sitenote_note":"","_monsterinsights_sitenote_category":0,"site-sidebar-layout":"default","site-content-layout":"","ast-site-content-layout":"default","site-content-style":"default","site-sidebar-style":"default","ast-global-header-display":"","ast-banner-title-visibility":"","ast-main-header-display":"","ast-hfb-above-header-display":"","ast-hfb-below-header-display":"","ast-hfb-mobile-header-display":"","site-post-title":"","ast-breadcrumbs-content":"","ast-featured-img":"","footer-sml-layout":"","theme-transparent-header-meta":"","adv-header-id-meta":"","stick-header-meta":"","header-above-stick-meta":"","header-main-stick-meta":"","header-below-stick-meta":"","astra-migrate-meta-layouts":"","ast-page-background-enabled":"default","ast-page-background-meta":{"desktop":{"background-color":"","background-image":"","background-repeat":"repeat","background-position":"center center","background-size":"auto","background-attachment":"scroll","background-type":"","background-media":"","overlay-type":"","overlay-color":"","overlay-gradient":""},"tablet":{"background-color":"","background-image":"","background-repeat":"repeat","background-position":"center center","background-size":"auto","background-attachment":"scroll","background-type":"","background-media":"","overlay-type":"","overlay-color":"","overlay-gradient":""},"mobile":{"background-color":"","background-image":"","background-repeat":"repeat","background-position":"center center","background-size":"auto","background-attachment":"scroll","background-type":"","background-media":"","overlay-type":"","overlay-color":"","overlay-gradient":""}},"ast-content-background-meta":{"desktop":{"background-color":"var(--ast-global-color-5)","background-image":"","background-repeat":"repeat","background-position":"center center","background-size":"auto","background-attachment":"scroll","background-type":"","background-media":"","overlay-type":"","overlay-color":"","overlay-gradient":""},"tablet":{"background-color":"var(--ast-global-color-5)","background-image":"","background-repeat":"repeat","background-position":"center center","background-size":"auto","background-attachment":"scroll","background-type":"","background-media":"","overlay-type":"","overlay-color":"","overlay-gradient":""},"mobile":{"background-color":"var(--ast-global-color-5)","background-image":"","background-repeat":"repeat","background-position":"center center","background-size":"auto","background-attachment":"scroll","background-type":"","background-media":"","overlay-type":"","overlay-color":"","overlay-gradient":""}},"footnotes":""},"class_list":["post-9397","page","type-page","status-publish","hentry"],"aioseo_notices":[],"uagb_featured_image_src":{"full":false,"thumbnail":false,"medium":false,"medium_large":false,"large":false,"1536x1536":false,"2048x2048":false},"uagb_author_info":{"display_name":"ADMIN","author_link":"https:\/\/lnak.net\/en\/author\/admin\/"},"uagb_comment_info":0,"uagb_excerpt":null,"_links":{"self":[{"href":"https:\/\/lnak.net\/en\/wp-json\/wp\/v2\/pages\/9397","targetHints":{"allow":["GET"]}}],"collection":[{"href":"https:\/\/lnak.net\/en\/wp-json\/wp\/v2\/pages"}],"about":[{"href":"https:\/\/lnak.net\/en\/wp-json\/wp\/v2\/types\/page"}],"author":[{"embeddable":true,"href":"https:\/\/lnak.net\/en\/wp-json\/wp\/v2\/users\/1"}],"replies":[{"embeddable":true,"href":"https:\/\/lnak.net\/en\/wp-json\/wp\/v2\/comments?post=9397"}],"version-history":[{"count":5,"href":"https:\/\/lnak.net\/en\/wp-json\/wp\/v2\/pages\/9397\/revisions"}],"predecessor-version":[{"id":10959,"href":"https:\/\/lnak.net\/en\/wp-json\/wp\/v2\/pages\/9397\/revisions\/10959"}],"wp:attachment":[{"href":"https:\/\/lnak.net\/en\/wp-json\/wp\/v2\/media?parent=9397"}],"curies":[{"name":"wp","href":"https:\/\/api.w.org\/{rel}","templated":true}]}}