{"id":9375,"date":"2024-10-02T00:31:43","date_gmt":"2024-10-02T04:31:43","guid":{"rendered":"https:\/\/lnak.net\/vocabulary\/"},"modified":"2024-11-23T18:13:27","modified_gmt":"2024-11-23T23:13:27","slug":"vocabulary","status":"publish","type":"page","link":"https:\/\/lnak.net\/en\/vocabulary\/","title":{"rendered":"Vocabulary"},"content":{"rendered":"\n<h3 class=\"wp-block-heading\">Print<\/h3>\n\n\n<div class=\"wpv-view-output\" data-toolset-views-view-editor=\"4be7af437fc09cb703920241d6c1a638\">\n<div class=\"wp-block-toolset-views-view-editor wpv-gutenberg-view-wrapper-9174\"><div class=\"wp-block-toolset-views-view-editor\"><div id=\"wpv-view-layout-9174\" class=\"js-wpv-view-layout js-wpv-layout-responsive js-wpv-view-layout-9174\" data-viewnumber=\"9174\" data-pagination=\"{&quot;id&quot;:9174,&quot;query&quot;:&quot;normal&quot;,&quot;type&quot;:&quot;paged&quot;,&quot;effect&quot;:&quot;fade&quot;,&quot;duration&quot;:500,&quot;speed&quot;:5,&quot;pause_on_hover&quot;:&quot;disabled&quot;,&quot;stop_rollover&quot;:&quot;false&quot;,&quot;cache_pages&quot;:&quot;enabled&quot;,&quot;preload_images&quot;:&quot;enabled&quot;,&quot;preload_pages&quot;:&quot;enabled&quot;,&quot;preload_reach&quot;:1,&quot;spinner&quot;:&quot;builtin&quot;,&quot;spinner_image&quot;:&quot;https:\/\/lnak.net\/wp-content\/plugins\/toolset-blocks\/embedded\/res\/img\/ajax-loader.svg&quot;,&quot;callback_next&quot;:&quot;&quot;,&quot;manage_history&quot;:&quot;enabled&quot;,&quot;has_controls_in_form&quot;:&quot;disabled&quot;,&quot;infinite_tolerance&quot;:&quot;0&quot;,&quot;max_pages&quot;:1,&quot;page&quot;:1,&quot;base_permalink&quot;:&quot;\/en\/wp-json\/wp\/v2\/pages\/9375?wpv_view_count=9174&amp;wpv_paged=WPV_PAGE_NUM&quot;,&quot;loop&quot;:{&quot;type&quot;:&quot;&quot;,&quot;name&quot;:&quot;&quot;,&quot;data&quot;:[],&quot;id&quot;:0}}\" data-permalink=\"\/en\/wp-json\/wp\/v2\/pages\/9375?wpv_view_count=9174\">\n<div class=\"js-wpv-loop-wrapper\"><div class=\"tb-grid\"><div class=\"tb-grid-column\">\n<div class=\"wp-block-toolset-views-view-template-block wpv-block-loop-item php-to-be-replaced-with-shortcode\" data-toolset-views-view-template-block=\"fe5fcee2d6f2f32cc4d10b4642e1cb6a\">\n<figure class=\"wp-block-image tb-image tb-image-dynamic tb-image-frame-none\" data-toolset-blocks-image=\"0f9767f900dcc90967af9ac4f39eb729\"><img decoding=\"async\" width=\"200\" height=\"300\" loading=\"lazy\" src=\"https:\/\/lnak.net\/wp-content\/uploads\/2024\/10\/2024-10-08-Learn-Latvian-200x300.jpg\" alt=\"\" class=\"wp-image-9129\" srcset=\"https:\/\/lnak.net\/wp-content\/uploads\/2024\/10\/2024-10-08-Learn-Latvian-200x300.jpg 200w, https:\/\/lnak.net\/wp-content\/uploads\/2024\/10\/2024-10-08-Learn-Latvian.jpg 348w\" sizes=\"auto, (max-width: 200px) 100vw, 200px\" \/><\/figure>\n\n\n\n<div class=\"tb-field\" data-toolset-blocks-field=\"cb00e801e1d3f6ddc3d6222b972a6e29\" data-last-update=\"1.4\"><a href='https:\/\/lnak.net\/en\/tag\/pamata\/'>Pamata l\u012bmenis<\/a>, <a href='https:\/\/lnak.net\/en\/tag\/videjais\/'>Vid\u0113jais l\u012bmenis<\/a><\/div>\n\n\n\n<h3 class=\"tb-heading\" data-toolset-blocks-heading=\"560b054361e92d800666b609d4604cd1\" data-last-update=\"1.4\"><a href=\"https:\/\/lnak.net\/en\/latvian-for-adults\/learn-latvian-quick-easy-efficient-2000-key-vocabularies\/\">Learn Latvian &#8211; Quick\/Easy\/Efficient: 2000 Key Vocabularies<\/a><\/h3>\n\n\n\n<div class=\"tb-field\" data-toolset-blocks-field=\"9b72644b08d8127ca5d8a8f8517c342b\" data-last-update=\"1.4\">PB\/Ebook<\/div>\n<\/div>\n<\/div><div class=\"tb-grid-column\">\n<div class=\"wp-block-toolset-views-view-template-block wpv-block-loop-item php-to-be-replaced-with-shortcode\" data-toolset-views-view-template-block=\"fe5fcee2d6f2f32cc4d10b4642e1cb6a\">\n<figure class=\"wp-block-image tb-image tb-image-dynamic tb-image-frame-none\" data-toolset-blocks-image=\"0f9767f900dcc90967af9ac4f39eb729\"><img decoding=\"async\" width=\"201\" height=\"300\" loading=\"lazy\" src=\"https:\/\/lnak.net\/wp-content\/uploads\/2024\/09\/LJIL-Learn-Latvian-in-52-Weeks-201x300.jpg\" alt=\"\" class=\"wp-image-8946\" srcset=\"https:\/\/lnak.net\/wp-content\/uploads\/2024\/09\/LJIL-Learn-Latvian-in-52-Weeks-201x300.jpg 201w, https:\/\/lnak.net\/wp-content\/uploads\/2024\/09\/LJIL-Learn-Latvian-in-52-Weeks.jpg 350w\" sizes=\"auto, (max-width: 201px) 100vw, 201px\" \/><\/figure>\n\n\n\n<div class=\"tb-field\" data-toolset-blocks-field=\"cb00e801e1d3f6ddc3d6222b972a6e29\" data-last-update=\"1.4\"><a href='https:\/\/lnak.net\/en\/tag\/pamata\/'>Pamata l\u012bmenis<\/a>, <a href='https:\/\/lnak.net\/en\/tag\/videjais\/'>Vid\u0113jais l\u012bmenis<\/a><\/div>\n\n\n\n<h3 class=\"tb-heading\" data-toolset-blocks-heading=\"560b054361e92d800666b609d4604cd1\" data-last-update=\"1.4\"><a href=\"https:\/\/lnak.net\/en\/latvian-for-adults\/learn-latvian-in-52-weeks-2500-sentences-360-pages-52-tests\/\">Learn Latvian in 52 Weeks: 2,500 Sentences, 360 Pages, 52 Tests<\/a><\/h3>\n\n\n\n<div class=\"tb-field\" data-toolset-blocks-field=\"9b72644b08d8127ca5d8a8f8517c342b\" data-last-update=\"1.4\">A somewhat unique premise, studying a number of sentences (7 in Week 1) each day<\/div>\n<\/div>\n<\/div><div class=\"tb-grid-column\">\n<div class=\"wp-block-toolset-views-view-template-block wpv-block-loop-item php-to-be-replaced-with-shortcode\" data-toolset-views-view-template-block=\"fe5fcee2d6f2f32cc4d10b4642e1cb6a\">\n<figure class=\"wp-block-image tb-image tb-image-dynamic tb-image-frame-none\" data-toolset-blocks-image=\"0f9767f900dcc90967af9ac4f39eb729\"><img decoding=\"async\" width=\"232\" height=\"300\" loading=\"lazy\" src=\"https:\/\/lnak.net\/wp-content\/uploads\/2024\/10\/2024-10-08-Learn-Latvian-while-having-fun-232x300.jpg\" alt=\"\" class=\"wp-image-9188\" srcset=\"https:\/\/lnak.net\/wp-content\/uploads\/2024\/10\/2024-10-08-Learn-Latvian-while-having-fun-232x300.jpg 232w, https:\/\/lnak.net\/wp-content\/uploads\/2024\/10\/2024-10-08-Learn-Latvian-while-having-fun.jpg 403w\" sizes=\"auto, (max-width: 232px) 100vw, 232px\" \/><\/figure>\n\n\n\n<div class=\"tb-field\" data-toolset-blocks-field=\"cb00e801e1d3f6ddc3d6222b972a6e29\" data-last-update=\"1.4\"><a href='https:\/\/lnak.net\/en\/tag\/pamata\/'>Pamata l\u012bmenis<\/a>, <a href='https:\/\/lnak.net\/en\/tag\/videjais\/'>Vid\u0113jais l\u012bmenis<\/a><\/div>\n\n\n\n<h3 class=\"tb-heading\" data-toolset-blocks-heading=\"560b054361e92d800666b609d4604cd1\" data-last-update=\"1.4\"><a href=\"https:\/\/lnak.net\/en\/latvian-for-adults\/learn-latvian-while-having-fun-study-100-essential-thematics-with-word-search-puzzles\/\">Learn Latvian While Having Fun: Study 100 Essential Thematics with Word Search Puzzles<\/a><\/h3>\n\n\n\n<div class=\"tb-field\" data-toolset-blocks-field=\"9b72644b08d8127ca5d8a8f8517c342b\" data-last-update=\"1.4\">PB<\/div>\n<\/div>\n<\/div><div class=\"tb-grid-column\">\n<div class=\"wp-block-toolset-views-view-template-block wpv-block-loop-item php-to-be-replaced-with-shortcode\" data-toolset-views-view-template-block=\"fe5fcee2d6f2f32cc4d10b4642e1cb6a\">\n<figure class=\"wp-block-image tb-image tb-image-dynamic tb-image-frame-none\" data-toolset-blocks-image=\"0f9767f900dcc90967af9ac4f39eb729\"><img decoding=\"async\" width=\"194\" height=\"300\" loading=\"lazy\" src=\"https:\/\/lnak.net\/wp-content\/uploads\/2024\/10\/2024-10-10-Learn-Latvian-with-Word-Search-Puzzles-194x300.jpg\" alt=\"\" class=\"wp-image-9191\" srcset=\"https:\/\/lnak.net\/wp-content\/uploads\/2024\/10\/2024-10-10-Learn-Latvian-with-Word-Search-Puzzles-194x300.jpg 194w, https:\/\/lnak.net\/wp-content\/uploads\/2024\/10\/2024-10-10-Learn-Latvian-with-Word-Search-Puzzles-663x1024.jpg 663w, https:\/\/lnak.net\/wp-content\/uploads\/2024\/10\/2024-10-10-Learn-Latvian-with-Word-Search-Puzzles-768x1187.jpg 768w, https:\/\/lnak.net\/wp-content\/uploads\/2024\/10\/2024-10-10-Learn-Latvian-with-Word-Search-Puzzles.jpg 880w\" sizes=\"auto, (max-width: 194px) 100vw, 194px\" \/><\/figure>\n\n\n\n<div class=\"tb-field\" data-toolset-blocks-field=\"cb00e801e1d3f6ddc3d6222b972a6e29\" data-last-update=\"1.4\"><a href='https:\/\/lnak.net\/en\/tag\/visi-limeni\/'>Visi l\u012bme\u0146i<\/a><\/div>\n\n\n\n<h3 class=\"tb-heading\" data-toolset-blocks-heading=\"560b054361e92d800666b609d4604cd1\" data-last-update=\"1.4\"><a href=\"https:\/\/lnak.net\/en\/latvian-for-adults\/learn-latvian-with-word-search-puzzles\/\">Learn Latvian with Word Search Puzzles<\/a><\/h3>\n\n\n\n<div class=\"tb-field\" data-toolset-blocks-field=\"9b72644b08d8127ca5d8a8f8517c342b\" data-last-update=\"1.4\">PB<\/div>\n<\/div>\n<\/div><\/div><\/div>\n\n\n<div class=\"wpv-pagination-nav-links\" data-toolset-views-view-pagination-block=\"cdfd4c4737b2898eba4443dd59a1bf50\"><\/div>\n<\/div><\/div><form autocomplete=\"off\" name=\"wpv-filter-9174\" action=\"\/en\/wp-json\/wp\/v2\/pages\/9375?wpv_view_count=9174\" method=\"get\" class=\"wpv-filter-form js-wpv-filter-form js-wpv-filter-form-9174 js-wpv-form-full\" data-viewnumber=\"9174\" data-viewid=\"9174\" data-viewhash=\"eyJuYW1lIjoibGppbC12b2NhYnVsYXJ5LXByaW50In0=\" data-viewwidgetid=\"0\" data-orderby=\"\" data-order=\"\" data-orderbyas=\"\" data-orderbysecond=\"\" data-ordersecond=\"\" data-parametric=\"{&quot;query&quot;:&quot;normal&quot;,&quot;id&quot;:9174,&quot;view_id&quot;:9174,&quot;widget_id&quot;:0,&quot;view_hash&quot;:&quot;9174&quot;,&quot;action&quot;:&quot;\\\/en\\\/wp-json\\\/wp\\\/v2\\\/pages\\\/9375?wpv_view_count=9174&quot;,&quot;sort&quot;:{&quot;orderby&quot;:&quot;&quot;,&quot;order&quot;:&quot;&quot;,&quot;orderby_as&quot;:&quot;&quot;,&quot;orderby_second&quot;:&quot;&quot;,&quot;order_second&quot;:&quot;&quot;},&quot;orderby&quot;:&quot;&quot;,&quot;order&quot;:&quot;&quot;,&quot;orderby_as&quot;:&quot;&quot;,&quot;orderby_second&quot;:&quot;&quot;,&quot;order_second&quot;:&quot;&quot;,&quot;ajax_form&quot;:&quot;&quot;,&quot;ajax_results&quot;:&quot;&quot;,&quot;effect&quot;:&quot;fade&quot;,&quot;prebefore&quot;:&quot;&quot;,&quot;before&quot;:&quot;&quot;,&quot;after&quot;:&quot;&quot;,&quot;attributes&quot;:[],&quot;environment&quot;:{&quot;current_post_id&quot;:9375,&quot;parent_post_id&quot;:9375,&quot;parent_term_id&quot;:0,&quot;parent_user_id&quot;:0,&quot;archive&quot;:{&quot;type&quot;:&quot;&quot;,&quot;name&quot;:&quot;&quot;,&quot;data&quot;:[]}},&quot;loop&quot;:{&quot;type&quot;:&quot;&quot;,&quot;name&quot;:&quot;&quot;,&quot;data&quot;:[],&quot;id&quot;:0}}\" data-attributes=\"[]\" data-environment=\"{&quot;current_post_id&quot;:9375,&quot;parent_post_id&quot;:9375,&quot;parent_term_id&quot;:0,&quot;parent_user_id&quot;:0,&quot;archive&quot;:{&quot;type&quot;:&quot;&quot;,&quot;name&quot;:&quot;&quot;,&quot;data&quot;:[]}}\"><input type=\"hidden\" class=\"js-wpv-dps-filter-data js-wpv-filter-data-for-this-form\" data-action=\"\/en\/wp-json\/wp\/v2\/pages\/9375?wpv_view_count=9174\" data-page=\"1\" data-ajax=\"disable\" data-effect=\"fade\" data-maxpages=\"1\" data-ajaxprebefore=\"\" data-ajaxbefore=\"\" data-ajaxafter=\"\" \/><input class=\"wpv_view_count wpv_view_count-9174\" type=\"hidden\" name=\"wpv_view_count\" value=\"9174\" \/>\n\n<\/form><\/div>\n<\/div>\n\n\n<hr class=\"wp-block-separator has-alpha-channel-opacity is-style-wide\"\/>\n\n\n\n<p><\/p>\n\n\n\n<h3 class=\"wp-block-heading\">Apps<\/h3>\n\n\n<div class=\"wpv-view-output\" data-toolset-views-view-editor=\"2967a28ed737246f3c353b83e604855d\"><div class=\"wp-block-toolset-views-view-editor\"><div id=\"wpv-view-layout-9240\" class=\"js-wpv-view-layout js-wpv-layout-responsive js-wpv-view-layout-9240\" data-viewnumber=\"9240\" data-pagination=\"{&quot;id&quot;:9240,&quot;query&quot;:&quot;normal&quot;,&quot;type&quot;:&quot;paged&quot;,&quot;effect&quot;:&quot;fade&quot;,&quot;duration&quot;:500,&quot;speed&quot;:5,&quot;pause_on_hover&quot;:&quot;disabled&quot;,&quot;stop_rollover&quot;:&quot;false&quot;,&quot;cache_pages&quot;:&quot;enabled&quot;,&quot;preload_images&quot;:&quot;enabled&quot;,&quot;preload_pages&quot;:&quot;enabled&quot;,&quot;preload_reach&quot;:1,&quot;spinner&quot;:&quot;builtin&quot;,&quot;spinner_image&quot;:&quot;https:\/\/lnak.net\/wp-content\/plugins\/toolset-blocks\/embedded\/res\/img\/ajax-loader.svg&quot;,&quot;callback_next&quot;:&quot;&quot;,&quot;manage_history&quot;:&quot;enabled&quot;,&quot;has_controls_in_form&quot;:&quot;disabled&quot;,&quot;infinite_tolerance&quot;:&quot;0&quot;,&quot;max_pages&quot;:1,&quot;page&quot;:1,&quot;base_permalink&quot;:&quot;\/en\/wp-json\/wp\/v2\/pages\/9375?wpv_view_count=9240&amp;wpv_paged=WPV_PAGE_NUM&quot;,&quot;loop&quot;:{&quot;type&quot;:&quot;&quot;,&quot;name&quot;:&quot;&quot;,&quot;data&quot;:[],&quot;id&quot;:0}}\" data-permalink=\"\/en\/wp-json\/wp\/v2\/pages\/9375?wpv_view_count=9240\">\n\n<div class=\"js-wpv-loop-wrapper\"><div class=\"tb-grid\"><div class=\"tb-grid-column\">\n\n<div class=\"wp-block-toolset-views-view-template-block wpv-block-loop-item php-to-be-replaced-with-shortcode\" data-toolset-views-view-template-block=\"fe5fcee2d6f2f32cc4d10b4642e1cb6a\">\n<figure class=\"wp-block-image tb-image tb-image-dynamic tb-image-frame-none\" data-toolset-blocks-image=\"e54eb78a3321d0dd3784d6c63130b22b\"><img decoding=\"async\" width=\"300\" height=\"228\" loading=\"lazy\" src=\"https:\/\/lnak.net\/wp-content\/uploads\/2024\/11\/Latvian-Apps-Portfolio-Images-Locins-300x228.jpg\" alt=\"\" class=\"wp-image-10506\" srcset=\"https:\/\/lnak.net\/wp-content\/uploads\/2024\/11\/Latvian-Apps-Portfolio-Images-Locins-300x228.jpg 300w, https:\/\/lnak.net\/wp-content\/uploads\/2024\/11\/Latvian-Apps-Portfolio-Images-Locins-1024x778.jpg 1024w, https:\/\/lnak.net\/wp-content\/uploads\/2024\/11\/Latvian-Apps-Portfolio-Images-Locins-150x114.jpg 150w, https:\/\/lnak.net\/wp-content\/uploads\/2024\/11\/Latvian-Apps-Portfolio-Images-Locins-768x584.jpg 768w, https:\/\/lnak.net\/wp-content\/uploads\/2024\/11\/Latvian-Apps-Portfolio-Images-Locins.jpg 1250w\" sizes=\"auto, (max-width: 300px) 100vw, 300px\" \/><\/figure>\n\n\n\n<div class=\"tb-field\" data-toolset-blocks-field=\"23c98b4422f54a94fdc4ebc6d0cd0f91\" data-last-update=\"1.4\"><\/div>\n\n\n\n<h3 class=\"tb-heading\" data-toolset-blocks-heading=\"560b054361e92d800666b609d4604cd1\" data-last-update=\"1.4\"><a href=\"https:\/\/lnak.net\/en\/latvian-for-adults\/deksoft-apps\/\">Deksoft Apps<\/a><\/h3>\n\n\n\n<div class=\"tb-field\" data-toolset-blocks-field=\"9b72644b08d8127ca5d8a8f8517c342b\" data-last-update=\"1.4\">loci\u0146\u0161, m\u0101c\u012bt iet and upe m\u012b\u013c\u0161<\/div>\n<\/div>\n\n<\/div><\/div><\/div>\n\n\n<div class=\"wpv-pagination-nav-links\" data-toolset-views-view-pagination-block=\"cdfd4c4737b2898eba4443dd59a1bf50\"><\/div>\n\n<\/div><\/div><form autocomplete=\"off\" name=\"wpv-filter-9240\" action=\"\/en\/wp-json\/wp\/v2\/pages\/9375?wpv_view_count=9240\" method=\"get\" class=\"wpv-filter-form js-wpv-filter-form js-wpv-filter-form-9240 js-wpv-form-full\" data-viewnumber=\"9240\" data-viewid=\"9240\" data-viewhash=\"eyJuYW1lIjoibGppbC12b2NhYnVsYXJ5LXByaW50LWNvcHktMTcyODUzNjQ1OSJ9\" data-viewwidgetid=\"0\" data-orderby=\"\" data-order=\"\" data-orderbyas=\"\" data-orderbysecond=\"\" data-ordersecond=\"\" data-parametric=\"{&quot;query&quot;:&quot;normal&quot;,&quot;id&quot;:9240,&quot;view_id&quot;:9240,&quot;widget_id&quot;:0,&quot;view_hash&quot;:&quot;9240&quot;,&quot;action&quot;:&quot;\\\/en\\\/wp-json\\\/wp\\\/v2\\\/pages\\\/9375?wpv_view_count=9240&quot;,&quot;sort&quot;:{&quot;orderby&quot;:&quot;&quot;,&quot;order&quot;:&quot;&quot;,&quot;orderby_as&quot;:&quot;&quot;,&quot;orderby_second&quot;:&quot;&quot;,&quot;order_second&quot;:&quot;&quot;},&quot;orderby&quot;:&quot;&quot;,&quot;order&quot;:&quot;&quot;,&quot;orderby_as&quot;:&quot;&quot;,&quot;orderby_second&quot;:&quot;&quot;,&quot;order_second&quot;:&quot;&quot;,&quot;ajax_form&quot;:&quot;&quot;,&quot;ajax_results&quot;:&quot;&quot;,&quot;effect&quot;:&quot;fade&quot;,&quot;prebefore&quot;:&quot;&quot;,&quot;before&quot;:&quot;&quot;,&quot;after&quot;:&quot;&quot;,&quot;attributes&quot;:[],&quot;environment&quot;:{&quot;current_post_id&quot;:9375,&quot;parent_post_id&quot;:9375,&quot;parent_term_id&quot;:0,&quot;parent_user_id&quot;:0,&quot;archive&quot;:{&quot;type&quot;:&quot;&quot;,&quot;name&quot;:&quot;&quot;,&quot;data&quot;:[]}},&quot;loop&quot;:{&quot;type&quot;:&quot;&quot;,&quot;name&quot;:&quot;&quot;,&quot;data&quot;:[],&quot;id&quot;:0}}\" data-attributes=\"[]\" data-environment=\"{&quot;current_post_id&quot;:9375,&quot;parent_post_id&quot;:9375,&quot;parent_term_id&quot;:0,&quot;parent_user_id&quot;:0,&quot;archive&quot;:{&quot;type&quot;:&quot;&quot;,&quot;name&quot;:&quot;&quot;,&quot;data&quot;:[]}}\"><input type=\"hidden\" class=\"js-wpv-dps-filter-data js-wpv-filter-data-for-this-form\" data-action=\"\/en\/wp-json\/wp\/v2\/pages\/9375?wpv_view_count=9240\" data-page=\"1\" data-ajax=\"disable\" data-effect=\"fade\" data-maxpages=\"1\" data-ajaxprebefore=\"\" data-ajaxbefore=\"\" data-ajaxafter=\"\" \/><input class=\"wpv_view_count wpv_view_count-9240\" type=\"hidden\" name=\"wpv_view_count\" value=\"9240\" \/>\n\n<\/form><\/div>\n\n\n<hr class=\"wp-block-separator has-alpha-channel-opacity is-style-wide\"\/>\n\n\n\n<h3 class=\"wp-block-heading\">Websites<\/h3>\n\n\n<div class=\"wpv-view-output\" data-toolset-views-view-editor=\"b3784fa6da882ef0ccbb2135d1a78188\"><div class=\"wp-block-toolset-views-view-editor\"><div id=\"wpv-view-layout-9258\" class=\"js-wpv-view-layout js-wpv-layout-responsive js-wpv-view-layout-9258\" data-viewnumber=\"9258\" data-pagination=\"{&quot;id&quot;:9258,&quot;query&quot;:&quot;normal&quot;,&quot;type&quot;:&quot;paged&quot;,&quot;effect&quot;:&quot;fade&quot;,&quot;duration&quot;:500,&quot;speed&quot;:5,&quot;pause_on_hover&quot;:&quot;disabled&quot;,&quot;stop_rollover&quot;:&quot;false&quot;,&quot;cache_pages&quot;:&quot;enabled&quot;,&quot;preload_images&quot;:&quot;enabled&quot;,&quot;preload_pages&quot;:&quot;enabled&quot;,&quot;preload_reach&quot;:1,&quot;spinner&quot;:&quot;builtin&quot;,&quot;spinner_image&quot;:&quot;https:\/\/lnak.net\/wp-content\/plugins\/toolset-blocks\/embedded\/res\/img\/ajax-loader.svg&quot;,&quot;callback_next&quot;:&quot;&quot;,&quot;manage_history&quot;:&quot;enabled&quot;,&quot;has_controls_in_form&quot;:&quot;disabled&quot;,&quot;infinite_tolerance&quot;:&quot;0&quot;,&quot;max_pages&quot;:1,&quot;page&quot;:1,&quot;base_permalink&quot;:&quot;\/en\/wp-json\/wp\/v2\/pages\/9375?wpv_view_count=9258&amp;wpv_paged=WPV_PAGE_NUM&quot;,&quot;loop&quot;:{&quot;type&quot;:&quot;&quot;,&quot;name&quot;:&quot;&quot;,&quot;data&quot;:[],&quot;id&quot;:0}}\" data-permalink=\"\/en\/wp-json\/wp\/v2\/pages\/9375?wpv_view_count=9258\">\n\n<div class=\"js-wpv-loop-wrapper\"><div class=\"tb-grid\"><div class=\"tb-grid-column\">\n\n<div class=\"wp-block-toolset-views-view-template-block wpv-block-loop-item php-to-be-replaced-with-shortcode\" data-toolset-views-view-template-block=\"fe5fcee2d6f2f32cc4d10b4642e1cb6a\">\n<figure class=\"wp-block-image tb-image tb-image-dynamic tb-image-frame-none\" data-toolset-blocks-image=\"29de0507b934480414a5727aee6225a1\"><img decoding=\"async\" width=\"300\" height=\"112\" loading=\"lazy\" src=\"https:\/\/lnak.net\/wp-content\/uploads\/2024\/10\/2024-10-10-Irregular-300x112.png\" alt=\"\" class=\"wp-image-9264\" srcset=\"https:\/\/lnak.net\/wp-content\/uploads\/2024\/10\/2024-10-10-Irregular-300x112.png 300w, https:\/\/lnak.net\/wp-content\/uploads\/2024\/10\/2024-10-10-Irregular.png 669w\" sizes=\"auto, (max-width: 300px) 100vw, 300px\" \/><\/figure>\n\n\n\n<div class=\"tb-field\" data-toolset-blocks-field=\"23c98b4422f54a94fdc4ebc6d0cd0f91\" data-last-update=\"1.4\"><\/div>\n\n\n\n<h3 class=\"tb-heading\" data-toolset-blocks-heading=\"560b054361e92d800666b609d4604cd1\" data-last-update=\"1.4\"><a href=\"https:\/\/lnak.net\/en\/latvian-for-adults\/irregular-latvian\/\">irregular Latvian<\/a><\/h3>\n\n\n\n<div class=\"tb-field\" data-toolset-blocks-field=\"9b72644b08d8127ca5d8a8f8517c342b\" data-last-update=\"1.4\">Highly entertaining channel that introduces Latvian vocabulary within a cultural context. www.youtube.com\/@irregularLatvian<\/div>\n<\/div>\n\n<\/div><\/div><\/div>\n\n\n<div class=\"wpv-pagination-nav-links\" data-toolset-views-view-pagination-block=\"cdfd4c4737b2898eba4443dd59a1bf50\"><\/div>\n\n<\/div><\/div><form autocomplete=\"off\" name=\"wpv-filter-9258\" action=\"\/en\/wp-json\/wp\/v2\/pages\/9375?wpv_view_count=9258\" method=\"get\" class=\"wpv-filter-form js-wpv-filter-form js-wpv-filter-form-9258 js-wpv-form-full\" data-viewnumber=\"9258\" data-viewid=\"9258\" data-viewhash=\"eyJuYW1lIjoibGppbC12b2NhYnVsYXJ5LWFwcHMtY29weS0xNzI4NTM4NDY2In0=\" data-viewwidgetid=\"0\" data-orderby=\"\" data-order=\"\" data-orderbyas=\"\" data-orderbysecond=\"\" data-ordersecond=\"\" data-parametric=\"{&quot;query&quot;:&quot;normal&quot;,&quot;id&quot;:9258,&quot;view_id&quot;:9258,&quot;widget_id&quot;:0,&quot;view_hash&quot;:&quot;9258&quot;,&quot;action&quot;:&quot;\\\/en\\\/wp-json\\\/wp\\\/v2\\\/pages\\\/9375?wpv_view_count=9258&quot;,&quot;sort&quot;:{&quot;orderby&quot;:&quot;&quot;,&quot;order&quot;:&quot;&quot;,&quot;orderby_as&quot;:&quot;&quot;,&quot;orderby_second&quot;:&quot;&quot;,&quot;order_second&quot;:&quot;&quot;},&quot;orderby&quot;:&quot;&quot;,&quot;order&quot;:&quot;&quot;,&quot;orderby_as&quot;:&quot;&quot;,&quot;orderby_second&quot;:&quot;&quot;,&quot;order_second&quot;:&quot;&quot;,&quot;ajax_form&quot;:&quot;&quot;,&quot;ajax_results&quot;:&quot;&quot;,&quot;effect&quot;:&quot;fade&quot;,&quot;prebefore&quot;:&quot;&quot;,&quot;before&quot;:&quot;&quot;,&quot;after&quot;:&quot;&quot;,&quot;attributes&quot;:[],&quot;environment&quot;:{&quot;current_post_id&quot;:9375,&quot;parent_post_id&quot;:9375,&quot;parent_term_id&quot;:0,&quot;parent_user_id&quot;:0,&quot;archive&quot;:{&quot;type&quot;:&quot;&quot;,&quot;name&quot;:&quot;&quot;,&quot;data&quot;:[]}},&quot;loop&quot;:{&quot;type&quot;:&quot;&quot;,&quot;name&quot;:&quot;&quot;,&quot;data&quot;:[],&quot;id&quot;:0}}\" data-attributes=\"[]\" data-environment=\"{&quot;current_post_id&quot;:9375,&quot;parent_post_id&quot;:9375,&quot;parent_term_id&quot;:0,&quot;parent_user_id&quot;:0,&quot;archive&quot;:{&quot;type&quot;:&quot;&quot;,&quot;name&quot;:&quot;&quot;,&quot;data&quot;:[]}}\"><input type=\"hidden\" class=\"js-wpv-dps-filter-data js-wpv-filter-data-for-this-form\" data-action=\"\/en\/wp-json\/wp\/v2\/pages\/9375?wpv_view_count=9258\" data-page=\"1\" data-ajax=\"disable\" data-effect=\"fade\" data-maxpages=\"1\" data-ajaxprebefore=\"\" data-ajaxbefore=\"\" data-ajaxafter=\"\" \/><input class=\"wpv_view_count wpv_view_count-9258\" type=\"hidden\" name=\"wpv_view_count\" value=\"9258\" \/>\n\n<\/form><\/div>","protected":false},"excerpt":{"rendered":"<p>Print Apps Websites<\/p>\n","protected":false},"author":1,"featured_media":0,"parent":0,"menu_order":0,"comment_status":"closed","ping_status":"closed","template":"","meta":{"_uag_custom_page_level_css":"","_monsterinsights_skip_tracking":false,"_monsterinsights_sitenote_active":false,"_monsterinsights_sitenote_note":"","_monsterinsights_sitenote_category":0,"site-sidebar-layout":"default","site-content-layout":"","ast-site-content-layout":"default","site-content-style":"default","site-sidebar-style":"default","ast-global-header-display":"","ast-banner-title-visibility":"","ast-main-header-display":"","ast-hfb-above-header-display":"","ast-hfb-below-header-display":"","ast-hfb-mobile-header-display":"","site-post-title":"","ast-breadcrumbs-content":"","ast-featured-img":"","footer-sml-layout":"","theme-transparent-header-meta":"","adv-header-id-meta":"","stick-header-meta":"","header-above-stick-meta":"","header-main-stick-meta":"","header-below-stick-meta":"","astra-migrate-meta-layouts":"set","ast-page-background-enabled":"default","ast-page-background-meta":{"desktop":{"background-color":"","background-image":"","background-repeat":"repeat","background-position":"center center","background-size":"auto","background-attachment":"scroll","background-type":"","background-media":"","overlay-type":"","overlay-color":"","overlay-gradient":""},"tablet":{"background-color":"","background-image":"","background-repeat":"repeat","background-position":"center center","background-size":"auto","background-attachment":"scroll","background-type":"","background-media":"","overlay-type":"","overlay-color":"","overlay-gradient":""},"mobile":{"background-color":"","background-image":"","background-repeat":"repeat","background-position":"center center","background-size":"auto","background-attachment":"scroll","background-type":"","background-media":"","overlay-type":"","overlay-color":"","overlay-gradient":""}},"ast-content-background-meta":{"desktop":{"background-color":"var(--ast-global-color-5)","background-image":"","background-repeat":"repeat","background-position":"center center","background-size":"auto","background-attachment":"scroll","background-type":"","background-media":"","overlay-type":"","overlay-color":"","overlay-gradient":""},"tablet":{"background-color":"var(--ast-global-color-5)","background-image":"","background-repeat":"repeat","background-position":"center center","background-size":"auto","background-attachment":"scroll","background-type":"","background-media":"","overlay-type":"","overlay-color":"","overlay-gradient":""},"mobile":{"background-color":"var(--ast-global-color-5)","background-image":"","background-repeat":"repeat","background-position":"center center","background-size":"auto","background-attachment":"scroll","background-type":"","background-media":"","overlay-type":"","overlay-color":"","overlay-gradient":""}},"footnotes":""},"class_list":["post-9375","page","type-page","status-publish","hentry"],"aioseo_notices":[],"uagb_featured_image_src":{"full":false,"thumbnail":false,"medium":false,"medium_large":false,"large":false,"1536x1536":false,"2048x2048":false},"uagb_author_info":{"display_name":"ADMIN","author_link":"https:\/\/lnak.net\/en\/author\/admin\/"},"uagb_comment_info":0,"uagb_excerpt":"Print Apps Websites","_links":{"self":[{"href":"https:\/\/lnak.net\/en\/wp-json\/wp\/v2\/pages\/9375","targetHints":{"allow":["GET"]}}],"collection":[{"href":"https:\/\/lnak.net\/en\/wp-json\/wp\/v2\/pages"}],"about":[{"href":"https:\/\/lnak.net\/en\/wp-json\/wp\/v2\/types\/page"}],"author":[{"embeddable":true,"href":"https:\/\/lnak.net\/en\/wp-json\/wp\/v2\/users\/1"}],"replies":[{"embeddable":true,"href":"https:\/\/lnak.net\/en\/wp-json\/wp\/v2\/comments?post=9375"}],"version-history":[{"count":5,"href":"https:\/\/lnak.net\/en\/wp-json\/wp\/v2\/pages\/9375\/revisions"}],"predecessor-version":[{"id":10783,"href":"https:\/\/lnak.net\/en\/wp-json\/wp\/v2\/pages\/9375\/revisions\/10783"}],"wp:attachment":[{"href":"https:\/\/lnak.net\/en\/wp-json\/wp\/v2\/media?parent=9375"}],"curies":[{"name":"wp","href":"https:\/\/api.w.org\/{rel}","templated":true}]}}