{"id":7928,"date":"2024-09-06T15:03:32","date_gmt":"2024-09-06T19:03:32","guid":{"rendered":"https:\/\/lnak.net\/finger-games\/"},"modified":"2024-11-18T23:23:47","modified_gmt":"2024-11-19T04:23:47","slug":"finger-games","status":"publish","type":"page","link":"https:\/\/lnak.net\/en\/finger-games\/","title":{"rendered":"Finger Games"},"content":{"rendered":"\n<p><\/p>\n<div class=\"wpv-view-output\" data-toolset-views-view-editor=\"1b620f13114fcbae4a25981e872809df\"><div class=\"wp-block-toolset-views-view-editor\"><div id=\"wpv-view-layout-7907\" class=\"js-wpv-view-layout js-wpv-layout-responsive js-wpv-view-layout-7907\" data-viewnumber=\"7907\" data-pagination=\"{&quot;id&quot;:7907,&quot;query&quot;:&quot;normal&quot;,&quot;type&quot;:&quot;paged&quot;,&quot;effect&quot;:&quot;fade&quot;,&quot;duration&quot;:500,&quot;speed&quot;:5,&quot;pause_on_hover&quot;:&quot;disabled&quot;,&quot;stop_rollover&quot;:&quot;false&quot;,&quot;cache_pages&quot;:&quot;enabled&quot;,&quot;preload_images&quot;:&quot;enabled&quot;,&quot;preload_pages&quot;:&quot;enabled&quot;,&quot;preload_reach&quot;:1,&quot;spinner&quot;:&quot;builtin&quot;,&quot;spinner_image&quot;:&quot;https:\/\/lnak.net\/wp-content\/plugins\/toolset-blocks\/embedded\/res\/img\/ajax-loader.svg&quot;,&quot;callback_next&quot;:&quot;&quot;,&quot;manage_history&quot;:&quot;enabled&quot;,&quot;has_controls_in_form&quot;:&quot;disabled&quot;,&quot;infinite_tolerance&quot;:&quot;0&quot;,&quot;max_pages&quot;:1,&quot;page&quot;:1,&quot;base_permalink&quot;:&quot;\/en\/wp-json\/wp\/v2\/pages\/7928?wpv_view_count=7907&amp;wpv_paged=WPV_PAGE_NUM&quot;,&quot;loop&quot;:{&quot;type&quot;:&quot;&quot;,&quot;name&quot;:&quot;&quot;,&quot;data&quot;:[],&quot;id&quot;:0}}\" data-permalink=\"\/en\/wp-json\/wp\/v2\/pages\/7928?wpv_view_count=7907\">\n\n<div class=\"js-wpv-loop-wrapper\"><div class=\"tb-grid\"><div class=\"tb-grid-column\">\n\n<div class=\"wp-block-toolset-views-view-template-block wpv-block-loop-item php-to-be-replaced-with-shortcode\" data-toolset-views-view-template-block=\"8ff74a9d2667a87e7f3a61e3e393b76c\"><div class=\"tb-fields-and-text\" data-toolset-blocks-fields-and-text=\"360284519b991feb492b582c7d84725f\"><\/div>\n\n\n\n<div class=\"tb-field\" data-toolset-blocks-field=\"7c49f895a1e654765fe15550e98ae86f\" data-last-update=\"1.4\"><\/div>\n\n\n\n<div class=\"tb-field\" data-toolset-blocks-field=\"010f26802b9438dee08a145c899d5cdd\" data-last-update=\"1.4\"><a href=\"https:\/\/lnak.net\/en\/resource-item\/why-finger-games\/\">Why fingerplays?<\/a><\/div>\n\n\n\n<div class=\"tb-field\" data-toolset-blocks-field=\"fab6101fd9dceb5c3982b2e1f430cb4c\" data-last-update=\"1.4\">Fingerplays are texts that an adult recites and are accompanied by movement - playing with a child's fingers, hands, feet, tickling and stroking, rocking a child on their knees or feet. Usually, the recitation of the verses starts in the second half of the first year, when the child begins to understand the meaning of...<\/div>\n<\/div>\n\n<\/div><div class=\"tb-grid-column\">\n\n<div class=\"wp-block-toolset-views-view-template-block wpv-block-loop-item php-to-be-replaced-with-shortcode\" data-toolset-views-view-template-block=\"8ff74a9d2667a87e7f3a61e3e393b76c\"><div class=\"tb-fields-and-text\" data-toolset-blocks-fields-and-text=\"360284519b991feb492b582c7d84725f\"><br>\n<div class=\"ast-oembed-container\" style=\"height: 100%;\"><iframe loading=\"lazy\" title=\"V\u0101ru v\u0101ru putri\u0146u\" width=\"450\" height=\"253\" src=\"https:\/\/www.youtube.com\/embed\/b2QZBGs8jh8?feature=oembed\" frameborder=\"0\" allow=\"accelerometer; autoplay; clipboard-write; encrypted-media; gyroscope; picture-in-picture; web-share\" referrerpolicy=\"strict-origin-when-cross-origin\" allowfullscreen><\/iframe><\/div><br>\n<\/div>\n\n\n\n<div class=\"tb-field\" data-toolset-blocks-field=\"7c49f895a1e654765fe15550e98ae86f\" data-last-update=\"1.4\"><a href='https:\/\/lnak.net\/en\/tag\/basic-language\/'>basic language<\/a>, <a href='https:\/\/lnak.net\/en\/tag\/infants\/'>infants<\/a><\/div>\n\n\n\n<div class=\"tb-field\" data-toolset-blocks-field=\"010f26802b9438dee08a145c899d5cdd\" data-last-update=\"1.4\"><a href=\"https:\/\/lnak.net\/en\/resource-item\/varu-varu-putrinu-boil-boil-porridge\/\">V\u0101ru, v\u0101ru putri\u0146u (Boil, boil porridge)<\/a><\/div>\n\n\n\n<div class=\"tb-field\" data-toolset-blocks-field=\"fab6101fd9dceb5c3982b2e1f430cb4c\" data-last-update=\"1.4\"><\/div>\n<\/div>\n\n<\/div><div class=\"tb-grid-column\">\n\n<div class=\"wp-block-toolset-views-view-template-block wpv-block-loop-item php-to-be-replaced-with-shortcode\" data-toolset-views-view-template-block=\"8ff74a9d2667a87e7f3a61e3e393b76c\"><div class=\"tb-fields-and-text\" data-toolset-blocks-fields-and-text=\"360284519b991feb492b582c7d84725f\"><br>\n<div class=\"ast-oembed-container\" style=\"height: 100%;\"><iframe loading=\"lazy\" title=\"T\u0101 j\u0101j kungi\" width=\"450\" height=\"253\" src=\"https:\/\/www.youtube.com\/embed\/GIODM9Nco6k?feature=oembed\" frameborder=\"0\" allow=\"accelerometer; autoplay; clipboard-write; encrypted-media; gyroscope; picture-in-picture; web-share\" referrerpolicy=\"strict-origin-when-cross-origin\" allowfullscreen><\/iframe><\/div><br>\n<\/div>\n\n\n\n<div class=\"tb-field\" data-toolset-blocks-field=\"7c49f895a1e654765fe15550e98ae86f\" data-last-update=\"1.4\"><a href='https:\/\/lnak.net\/en\/tag\/basic-language\/'>basic language<\/a>, <a href='https:\/\/lnak.net\/en\/tag\/infants\/'>infants<\/a><\/div>\n\n\n\n<div class=\"tb-field\" data-toolset-blocks-field=\"010f26802b9438dee08a145c899d5cdd\" data-last-update=\"1.4\"><a href=\"https:\/\/lnak.net\/en\/resource-item\/ta-jaj-kungi-so-ride-gentlemen\/\">T\u0101 j\u0101j kungi (So ride gentlemen)<\/a><\/div>\n\n\n\n<div class=\"tb-field\" data-toolset-blocks-field=\"fab6101fd9dceb5c3982b2e1f430cb4c\" data-last-update=\"1.4\"><\/div>\n<\/div>\n\n<\/div><div class=\"tb-grid-column\">\n\n<div class=\"wp-block-toolset-views-view-template-block wpv-block-loop-item php-to-be-replaced-with-shortcode\" data-toolset-views-view-template-block=\"8ff74a9d2667a87e7f3a61e3e393b76c\"><div class=\"tb-fields-and-text\" data-toolset-blocks-fields-and-text=\"360284519b991feb492b582c7d84725f\"><br>\n<div class=\"ast-oembed-container\" style=\"height: 100%;\"><iframe loading=\"lazy\" title=\"Cepu cepu kukul\u012bti\" width=\"450\" height=\"253\" src=\"https:\/\/www.youtube.com\/embed\/1Grb4QeWJ3k?feature=oembed\" frameborder=\"0\" allow=\"accelerometer; autoplay; clipboard-write; encrypted-media; gyroscope; picture-in-picture; web-share\" referrerpolicy=\"strict-origin-when-cross-origin\" allowfullscreen><\/iframe><\/div><br>\n<\/div>\n\n\n\n<div class=\"tb-field\" data-toolset-blocks-field=\"7c49f895a1e654765fe15550e98ae86f\" data-last-update=\"1.4\"><a href='https:\/\/lnak.net\/en\/tag\/basic-language\/'>basic language<\/a>, <a href='https:\/\/lnak.net\/en\/tag\/infants\/'>infants<\/a><\/div>\n\n\n\n<div class=\"tb-field\" data-toolset-blocks-field=\"010f26802b9438dee08a145c899d5cdd\" data-last-update=\"1.4\"><a href=\"https:\/\/lnak.net\/en\/resource-item\/cepu-cepu-kukuliti-pat-a-cake\/\">Cepu, cepu kukul\u012bti (Pat-a-cake)<\/a><\/div>\n\n\n\n<div class=\"tb-field\" data-toolset-blocks-field=\"fab6101fd9dceb5c3982b2e1f430cb4c\" data-last-update=\"1.4\"><\/div>\n<\/div>\n\n<\/div><div class=\"tb-grid-column\">\n\n<div class=\"wp-block-toolset-views-view-template-block wpv-block-loop-item php-to-be-replaced-with-shortcode\" data-toolset-views-view-template-block=\"8ff74a9d2667a87e7f3a61e3e393b76c\"><div class=\"tb-fields-and-text\" data-toolset-blocks-fields-and-text=\"360284519b991feb492b582c7d84725f\"><br>\n<div class=\"ast-oembed-container\" style=\"height: 100%;\"><iframe loading=\"lazy\" title=\"C\u012b c\u012b ruku ruku\" width=\"450\" height=\"253\" src=\"https:\/\/www.youtube.com\/embed\/GGXEcrWXbf0?feature=oembed\" frameborder=\"0\" allow=\"accelerometer; autoplay; clipboard-write; encrypted-media; gyroscope; picture-in-picture; web-share\" referrerpolicy=\"strict-origin-when-cross-origin\" allowfullscreen><\/iframe><\/div><br>\n<\/div>\n\n\n\n<div class=\"tb-field\" data-toolset-blocks-field=\"7c49f895a1e654765fe15550e98ae86f\" data-last-update=\"1.4\"><a href='https:\/\/lnak.net\/en\/tag\/basic-language\/'>basic language<\/a>, <a href='https:\/\/lnak.net\/en\/tag\/infants\/'>infants<\/a><\/div>\n\n\n\n<div class=\"tb-field\" data-toolset-blocks-field=\"010f26802b9438dee08a145c899d5cdd\" data-last-update=\"1.4\"><a href=\"https:\/\/lnak.net\/en\/resource-item\/ci-ci-ruku-ruku\/\">C\u012b, c\u012b, ruku, ruku<\/a><\/div>\n\n\n\n<div class=\"tb-field\" data-toolset-blocks-field=\"fab6101fd9dceb5c3982b2e1f430cb4c\" data-last-update=\"1.4\"><\/div>\n<\/div>\n\n<\/div><div class=\"tb-grid-column\">\n\n<div class=\"wp-block-toolset-views-view-template-block wpv-block-loop-item php-to-be-replaced-with-shortcode\" data-toolset-views-view-template-block=\"8ff74a9d2667a87e7f3a61e3e393b76c\"><div class=\"tb-fields-and-text\" data-toolset-blocks-fields-and-text=\"360284519b991feb492b582c7d84725f\"><br>\n<div class=\"ast-oembed-container\" style=\"height: 100%;\"><iframe loading=\"lazy\" title=\"\u0160is pirksti\u0146\u0161\" width=\"450\" height=\"253\" src=\"https:\/\/www.youtube.com\/embed\/mZU11-qqBC0?feature=oembed\" frameborder=\"0\" allow=\"accelerometer; autoplay; clipboard-write; encrypted-media; gyroscope; picture-in-picture; web-share\" referrerpolicy=\"strict-origin-when-cross-origin\" allowfullscreen><\/iframe><\/div><br>\n<\/div>\n\n\n\n<div class=\"tb-field\" data-toolset-blocks-field=\"7c49f895a1e654765fe15550e98ae86f\" data-last-update=\"1.4\"><a href='https:\/\/lnak.net\/en\/tag\/basic-language\/'>basic language<\/a>, <a href='https:\/\/lnak.net\/en\/tag\/infants\/'>infants<\/a><\/div>\n\n\n\n<div class=\"tb-field\" data-toolset-blocks-field=\"010f26802b9438dee08a145c899d5cdd\" data-last-update=\"1.4\"><a href=\"https:\/\/lnak.net\/en\/resource-item\/this-little-finger\/\">This little finger<\/a><\/div>\n\n\n\n<div class=\"tb-field\" data-toolset-blocks-field=\"fab6101fd9dceb5c3982b2e1f430cb4c\" data-last-update=\"1.4\"><\/div>\n<\/div>\n\n<\/div><\/div><\/div>\n\n\n<div class=\"wpv-pagination-nav-links\" data-toolset-views-view-pagination-block=\"cdfd4c4737b2898eba4443dd59a1bf50\"><\/div>\n\n<\/div><\/div><form autocomplete=\"off\" name=\"wpv-filter-7907\" action=\"\/en\/wp-json\/wp\/v2\/pages\/7928?wpv_view_count=7907\" method=\"get\" class=\"wpv-filter-form js-wpv-filter-form js-wpv-filter-form-7907 js-wpv-form-full\" data-viewnumber=\"7907\" data-viewid=\"7907\" data-viewhash=\"eyJuYW1lIjoicGlya3N0aW51c3BlbGVzIn0=\" data-viewwidgetid=\"0\" data-orderby=\"\" data-order=\"\" data-orderbyas=\"\" data-orderbysecond=\"\" data-ordersecond=\"\" data-parametric=\"{&quot;query&quot;:&quot;normal&quot;,&quot;id&quot;:7907,&quot;view_id&quot;:7907,&quot;widget_id&quot;:0,&quot;view_hash&quot;:&quot;7907&quot;,&quot;action&quot;:&quot;\\\/en\\\/wp-json\\\/wp\\\/v2\\\/pages\\\/7928?wpv_view_count=7907&quot;,&quot;sort&quot;:{&quot;orderby&quot;:&quot;&quot;,&quot;order&quot;:&quot;&quot;,&quot;orderby_as&quot;:&quot;&quot;,&quot;orderby_second&quot;:&quot;&quot;,&quot;order_second&quot;:&quot;&quot;},&quot;orderby&quot;:&quot;&quot;,&quot;order&quot;:&quot;&quot;,&quot;orderby_as&quot;:&quot;&quot;,&quot;orderby_second&quot;:&quot;&quot;,&quot;order_second&quot;:&quot;&quot;,&quot;ajax_form&quot;:&quot;&quot;,&quot;ajax_results&quot;:&quot;&quot;,&quot;effect&quot;:&quot;fade&quot;,&quot;prebefore&quot;:&quot;&quot;,&quot;before&quot;:&quot;&quot;,&quot;after&quot;:&quot;&quot;,&quot;attributes&quot;:[],&quot;environment&quot;:{&quot;current_post_id&quot;:7928,&quot;parent_post_id&quot;:7928,&quot;parent_term_id&quot;:0,&quot;parent_user_id&quot;:0,&quot;archive&quot;:{&quot;type&quot;:&quot;&quot;,&quot;name&quot;:&quot;&quot;,&quot;data&quot;:[]}},&quot;loop&quot;:{&quot;type&quot;:&quot;&quot;,&quot;name&quot;:&quot;&quot;,&quot;data&quot;:[],&quot;id&quot;:0}}\" data-attributes=\"[]\" data-environment=\"{&quot;current_post_id&quot;:7928,&quot;parent_post_id&quot;:7928,&quot;parent_term_id&quot;:0,&quot;parent_user_id&quot;:0,&quot;archive&quot;:{&quot;type&quot;:&quot;&quot;,&quot;name&quot;:&quot;&quot;,&quot;data&quot;:[]}}\"><input type=\"hidden\" class=\"js-wpv-dps-filter-data js-wpv-filter-data-for-this-form\" data-action=\"\/en\/wp-json\/wp\/v2\/pages\/7928?wpv_view_count=7907\" data-page=\"1\" data-ajax=\"disable\" data-effect=\"fade\" data-maxpages=\"1\" data-ajaxprebefore=\"\" data-ajaxbefore=\"\" data-ajaxafter=\"\" \/><input class=\"wpv_view_count wpv_view_count-7907\" type=\"hidden\" name=\"wpv_view_count\" value=\"7907\" \/>\n\n<\/form><\/div>\n<p><\/p>\n","protected":false},"excerpt":{"rendered":"","protected":false},"author":1,"featured_media":0,"parent":0,"menu_order":0,"comment_status":"closed","ping_status":"closed","template":"","meta":{"_uag_custom_page_level_css":"","_monsterinsights_skip_tracking":false,"_monsterinsights_sitenote_active":false,"_monsterinsights_sitenote_note":"","_monsterinsights_sitenote_category":0,"site-sidebar-layout":"default","site-content-layout":"","ast-site-content-layout":"default","site-content-style":"default","site-sidebar-style":"default","ast-global-header-display":"","ast-banner-title-visibility":"","ast-main-header-display":"","ast-hfb-above-header-display":"","ast-hfb-below-header-display":"","ast-hfb-mobile-header-display":"","site-post-title":"","ast-breadcrumbs-content":"","ast-featured-img":"","footer-sml-layout":"","theme-transparent-header-meta":"","adv-header-id-meta":"","stick-header-meta":"","header-above-stick-meta":"","header-main-stick-meta":"","header-below-stick-meta":"","astra-migrate-meta-layouts":"","ast-page-background-enabled":"default","ast-page-background-meta":{"desktop":{"background-color":"","background-image":"","background-repeat":"repeat","background-position":"center center","background-size":"auto","background-attachment":"scroll","background-type":"","background-media":"","overlay-type":"","overlay-color":"","overlay-gradient":""},"tablet":{"background-color":"","background-image":"","background-repeat":"repeat","background-position":"center center","background-size":"auto","background-attachment":"scroll","background-type":"","background-media":"","overlay-type":"","overlay-color":"","overlay-gradient":""},"mobile":{"background-color":"","background-image":"","background-repeat":"repeat","background-position":"center center","background-size":"auto","background-attachment":"scroll","background-type":"","background-media":"","overlay-type":"","overlay-color":"","overlay-gradient":""}},"ast-content-background-meta":{"desktop":{"background-color":"var(--ast-global-color-5)","background-image":"","background-repeat":"repeat","background-position":"center center","background-size":"auto","background-attachment":"scroll","background-type":"","background-media":"","overlay-type":"","overlay-color":"","overlay-gradient":""},"tablet":{"background-color":"var(--ast-global-color-5)","background-image":"","background-repeat":"repeat","background-position":"center center","background-size":"auto","background-attachment":"scroll","background-type":"","background-media":"","overlay-type":"","overlay-color":"","overlay-gradient":""},"mobile":{"background-color":"var(--ast-global-color-5)","background-image":"","background-repeat":"repeat","background-position":"center center","background-size":"auto","background-attachment":"scroll","background-type":"","background-media":"","overlay-type":"","overlay-color":"","overlay-gradient":""}},"footnotes":""},"class_list":["post-7928","page","type-page","status-publish","hentry"],"aioseo_notices":[],"uagb_featured_image_src":{"full":false,"thumbnail":false,"medium":false,"medium_large":false,"large":false,"1536x1536":false,"2048x2048":false},"uagb_author_info":{"display_name":"ADMIN","author_link":"https:\/\/lnak.net\/en\/author\/admin\/"},"uagb_comment_info":0,"uagb_excerpt":null,"_links":{"self":[{"href":"https:\/\/lnak.net\/en\/wp-json\/wp\/v2\/pages\/7928","targetHints":{"allow":["GET"]}}],"collection":[{"href":"https:\/\/lnak.net\/en\/wp-json\/wp\/v2\/pages"}],"about":[{"href":"https:\/\/lnak.net\/en\/wp-json\/wp\/v2\/types\/page"}],"author":[{"embeddable":true,"href":"https:\/\/lnak.net\/en\/wp-json\/wp\/v2\/users\/1"}],"replies":[{"embeddable":true,"href":"https:\/\/lnak.net\/en\/wp-json\/wp\/v2\/comments?post=7928"}],"version-history":[{"count":7,"href":"https:\/\/lnak.net\/en\/wp-json\/wp\/v2\/pages\/7928\/revisions"}],"predecessor-version":[{"id":10483,"href":"https:\/\/lnak.net\/en\/wp-json\/wp\/v2\/pages\/7928\/revisions\/10483"}],"wp:attachment":[{"href":"https:\/\/lnak.net\/en\/wp-json\/wp\/v2\/media?parent=7928"}],"curies":[{"name":"wp","href":"https:\/\/api.w.org\/{rel}","templated":true}]}}