{"id":6133,"date":"2024-04-25T01:15:47","date_gmt":"2024-04-25T05:15:47","guid":{"rendered":"https:\/\/lnak.net\/?page_id=6133"},"modified":"2024-04-25T01:26:33","modified_gmt":"2024-04-25T05:26:33","slug":"pieteiksanas-lnak-izglitibas-kulturas-fonda-vasaras-stipendijai","status":"publish","type":"page","link":"https:\/\/lnak.net\/en\/pieteiksanas-lnak-izglitibas-kulturas-fonda-vasaras-stipendijai\/","title":{"rendered":"PIETEIK\u0160AN\u0100S LNAK IZGL\u012aT\u012aBAS &amp; KULT\u016aRAS FONDA VASARAS STIPENDIJAI"},"content":{"rendered":"\n<p>L\u016bdzu lejupl\u0101d\u0113t sekojo\u0161o formu. Izpild\u012bto formu kop\u0101 ar atbalsta v\u0113stul\u0113m nos\u016bt\u012bt uz lnak@lnak.org l\u012bdz 31. maijam.<\/p>\n\n\n\n<div class=\"wp-block-file\"><a id=\"wp-block-file--media-763a0e3b-8459-4270-b986-a240e62d8bb7\" href=\"https:\/\/lnak.net\/wp-content\/uploads\/2024\/04\/Vasaras-stipendijas-pieteiksanas-anketa.docx\">Vasaras-stipendijas-pieteiksanas-anketa<\/a><a href=\"https:\/\/lnak.net\/wp-content\/uploads\/2024\/04\/Vasaras-stipendijas-pieteiksanas-anketa.docx\" class=\"wp-block-file__button wp-element-button\" download aria-describedby=\"wp-block-file--media-763a0e3b-8459-4270-b986-a240e62d8bb7\">LEJUPL\u0101D\u0112T \/ Download<\/a><\/div>\n","protected":false},"excerpt":{"rendered":"<p>L\u016bdzu lejupl\u0101d\u0113t sekojo\u0161o formu. Izpild\u012bto formu kop\u0101 ar atbalsta v\u0113stul\u0113m nos\u016bt\u012bt uz lnak@lnak.org l\u012bdz 31. maijam.<\/p>\n","protected":false},"author":1,"featured_media":0,"parent":0,"menu_order":0,"comment_status":"closed","ping_status":"closed","template":"","meta":{"_uag_custom_page_level_css":"","_monsterinsights_skip_tracking":false,"_monsterinsights_sitenote_active":false,"_monsterinsights_sitenote_note":"","_monsterinsights_sitenote_category":0,"site-sidebar-layout":"default","site-content-layout":"","ast-site-content-layout":"default","site-content-style":"default","site-sidebar-style":"default","ast-global-header-display":"","ast-banner-title-visibility":"","ast-main-header-display":"","ast-hfb-above-header-display":"","ast-hfb-below-header-display":"","ast-hfb-mobile-header-display":"","site-post-title":"","ast-breadcrumbs-content":"","ast-featured-img":"","footer-sml-layout":"","theme-transparent-header-meta":"","adv-header-id-meta":"","stick-header-meta":"","header-above-stick-meta":"","header-main-stick-meta":"","header-below-stick-meta":"","astra-migrate-meta-layouts":"set","ast-page-background-enabled":"default","ast-page-background-meta":{"desktop":{"background-color":"","background-image":"","background-repeat":"repeat","background-position":"center center","background-size":"auto","background-attachment":"scroll","background-type":"","background-media":"","overlay-type":"","overlay-color":"","overlay-gradient":""},"tablet":{"background-color":"","background-image":"","background-repeat":"repeat","background-position":"center center","background-size":"auto","background-attachment":"scroll","background-type":"","background-media":"","overlay-type":"","overlay-color":"","overlay-gradient":""},"mobile":{"background-color":"","background-image":"","background-repeat":"repeat","background-position":"center center","background-size":"auto","background-attachment":"scroll","background-type":"","background-media":"","overlay-type":"","overlay-color":"","overlay-gradient":""}},"ast-content-background-meta":{"desktop":{"background-color":"var(--ast-global-color-5)","background-image":"","background-repeat":"repeat","background-position":"center center","background-size":"auto","background-attachment":"scroll","background-type":"","background-media":"","overlay-type":"","overlay-color":"","overlay-gradient":""},"tablet":{"background-color":"var(--ast-global-color-5)","background-image":"","background-repeat":"repeat","background-position":"center center","background-size":"auto","background-attachment":"scroll","background-type":"","background-media":"","overlay-type":"","overlay-color":"","overlay-gradient":""},"mobile":{"background-color":"var(--ast-global-color-5)","background-image":"","background-repeat":"repeat","background-position":"center center","background-size":"auto","background-attachment":"scroll","background-type":"","background-media":"","overlay-type":"","overlay-color":"","overlay-gradient":""}},"footnotes":""},"class_list":["post-6133","page","type-page","status-publish","hentry"],"aioseo_notices":[],"uagb_featured_image_src":{"full":false,"thumbnail":false,"medium":false,"medium_large":false,"large":false,"1536x1536":false,"2048x2048":false},"uagb_author_info":{"display_name":"ADMIN","author_link":"https:\/\/lnak.net\/en\/author\/admin\/"},"uagb_comment_info":0,"uagb_excerpt":"L\u016bdzu lejupl\u0101d\u0113t sekojo\u0161o formu. Izpild\u012bto formu kop\u0101 ar atbalsta v\u0113stul\u0113m nos\u016bt\u012bt uz lnak@lnak.org l\u012bdz 31. maijam.","_links":{"self":[{"href":"https:\/\/lnak.net\/en\/wp-json\/wp\/v2\/pages\/6133","targetHints":{"allow":["GET"]}}],"collection":[{"href":"https:\/\/lnak.net\/en\/wp-json\/wp\/v2\/pages"}],"about":[{"href":"https:\/\/lnak.net\/en\/wp-json\/wp\/v2\/types\/page"}],"author":[{"embeddable":true,"href":"https:\/\/lnak.net\/en\/wp-json\/wp\/v2\/users\/1"}],"replies":[{"embeddable":true,"href":"https:\/\/lnak.net\/en\/wp-json\/wp\/v2\/comments?post=6133"}],"version-history":[{"count":3,"href":"https:\/\/lnak.net\/en\/wp-json\/wp\/v2\/pages\/6133\/revisions"}],"predecessor-version":[{"id":6142,"href":"https:\/\/lnak.net\/en\/wp-json\/wp\/v2\/pages\/6133\/revisions\/6142"}],"wp:attachment":[{"href":"https:\/\/lnak.net\/en\/wp-json\/wp\/v2\/media?parent=6133"}],"curies":[{"name":"wp","href":"https:\/\/api.w.org\/{rel}","templated":true}]}}