{"id":5432,"date":"2024-02-13T22:39:32","date_gmt":"2024-02-14T03:39:32","guid":{"rendered":"https:\/\/lnak.net\/?page_id=5432"},"modified":"2026-04-02T01:13:07","modified_gmt":"2026-04-02T05:13:07","slug":"izglitibas-nozare","status":"publish","type":"page","link":"https:\/\/lnak.net\/en\/izglitibas-nozare\/","title":{"rendered":"Izgl\u012bt\u012bbas nozare"},"content":{"rendered":"\n<p>LNAK Izgl\u012bt\u012bbas nozare r\u016bpejas par latvisko izgl\u012bt\u012bbu Kanad\u0101 dz\u012bvojo\u0161iem latvie\u0161iem, atbalstot latvie\u0161u skolas Kanad\u0101. Kanadas Izgl\u012bt\u012bba nozare cie\u0161i sadarbojas ar Amerikas Latvie\u0161u Apvien\u012bbas (ALAs) Izgl\u012bt\u012bbas nozari, Pasaules Br\u012bvo Latvie\u0161u Apvien\u012bbas (PBLA) Izgl\u012bt\u012bbas padomi un Latvie\u0161u valodas a\u011fenturu, lai veidotu m\u0101c\u012bbu materi\u0101lus un programmas. Nozare ar\u012b r\u012bko skolot\u0101ju semin\u0101rus un uztura kontaktu ar vis\u0101m latvie\u0161u skol\u0101m, inform\u0113jot t\u0101s par jaun\u0101kiem m\u0101c\u012bbu materi\u0101liem, un dod padomus skol\u0101m.<\/p>\n\n\n\n<hr>\n\n\n\n<h2 class=\"wp-block-heading\">Latvie\u0161u skolas Kan\u0101d\u0101<\/h2>\n\n\n\n<p>Ja v\u0113laties pierakst\u012bt savus b\u0113rnus vai mazb\u0113rnus k\u0101d\u0101 no latvie\u0161u skol\u0101m Kan\u0101d\u0101, l\u016bdzu st\u0101jaties sakaros ar skolas p\u0101rzin\u0113m\/direktoriem.<\/p>\n\n\n\n<p><strong>Edmontonas skola<\/strong>: Zane Vendelina (<a href=\"mailto:zanegara@gmail.com\">zanegara@gmail.com<\/a>)<\/p>\n\n\n\n<p><strong>Hamiltonas skola<\/strong>: Linda Lakats (<a href=\"lindalakats@gmail.com\" title=\"\">lindalakats@gmail.com<\/a>) 437-998-4378<\/p>\n\n\n\n<p><strong>Otavas skola<\/strong>: Evisa \u0100boli\u0146a (<a href=\"mailto:evisa.abolina@gmail.com\" title=\"\">evisa.abolina@gmail.com<\/a>)<\/p>\n\n\n\n<p><strong>Montrealas skola<\/strong>: Baiba Bumbiere (<a href=\"mailto:baiba.bumbiere@gmail.com\">baiba.bumbiere@gmail.com<\/a>)<\/p>\n\n\n\n<p><strong>Toronto biedribas sestdienas skola<\/strong>: Ilze Maksina (<a href=\"mailto:ilzemaksina@gmail.com\">ilzemaksina@gmail.com<\/a>)<br>2024.\/2025. m\u0101c\u012bbas gad\u0101 47 skol\u0113ni vecum\u0101 no b\u0113rnud\u0101rza l\u012bdz 8. klasei<\/p>\n\n\n\n<p><strong>Toronto St\u0101stu st\u016br\u012btis<\/strong> mazu\u013ciem, kuri v\u0113l par jaunu b\u0113rnd\u0101rzam: Kaiva Sukse (<a href=\"mailto:kaiva.sukse@gmail.com\">kaivasukse@gmail.com<\/a>)<\/p>\n\n\n\n<p><strong>Toronto \u011fimn\u0101zija<\/strong>: Edgars Kir\u0161s (<a href=\"mailto:kirss@sympatico.ca\">kirss@sympatico.ca<\/a>)<br>Toronto \u0123imn\u0101zija pied\u0101v\u0101 semin\u0101ra veid\u0101 tie\u0161saistes programmu vidusskolas vecuma jaunie\u0161iem, ko vada t\u0101s ilggad\u0113jie pedagogi Pauls Legdzi\u0146\u0161 un Edgars Kir\u0161s.<\/p>\n\n\n\n<p>Programma ietver latvie\u0161u valodu, v\u0113sturi un folkloru, par m\u0101c\u012bbu modeli lietojot integr\u0113tu pieeju un akt\u012bvu jaunie\u0161u iesaist\u012b\u0161anu. Nav lekciju, ko skol\u0113ni pas\u012bvi klaus\u012btos, bet gan diskusijas, debates un \u2018uzdevumu\u2019 risin\u0101\u0161ana grup\u0101s vai visiem kop\u0101. V\u0113stures t\u0113m\u0101m ir uzsvars ar v\u0113sturisko notikumu saist\u012bbu ar m\u016bsdienu politiskajiem notikumiem Latvij\u0101, Eirop\u0101 un pasaul\u0113.<\/p>\n\n\n\n<p>Jaunie\u0161i tiekas piektdienas vakaros, plkst. 7:00pm uz 1.5 \u2013 2 stund\u0101m, kur skolot\u0101ju vad\u012bb\u0101 un diskusiju form\u0101t\u0101 turpina nostiprin\u0101t latvie\u0161u valodu un ieg\u016bst dzi\u013c\u0101ku izpratni par Latvijas kult\u016bru &amp; v\u0113sturi m\u016bsdienu notikumu skat\u012bjum\u0101. Skol\u0113niem NAV m\u0101jas darbu.<\/p>\n\n\n\n<p>Pirmais vakars 2024. g. 20. septembr\u012b plkst. 7:00pm.<\/p>\n\n\n\n<hr>\n\n\n\n<h2 class=\"wp-block-heading\">Latvie\u0161u skolu Kan\u0101d\u0101 v\u0113sture<\/h2>\n\n\n\n<h3 class=\"wp-block-heading\">Pag\u0101tn\u0113, tagadn\u0113 un n\u0101kotn\u0113<\/h3>\n\n\n\n<p>P\u0113c Otro pasaules ka\u0157a emigr\u0101cija uz Kan\u0101du s\u0101k\u0101s 1947. gad\u0101. Kan\u0101dai vajadz\u0113ja darba sp\u0113ku, it \u012bpa\u0161i raktuv\u0113s, me\u017ea darbos un b\u016bvdarbos. Iebrauc\u0113ji bija saist\u012bti ar noteiktu darba l\u012bgumu un bija j\u0101nostr\u0101d\u0101 zin\u0101mu laiku noteikt\u0101 viet\u0101. Pirmie latvie\u0161u iebrauc\u0113ji galveno k\u0101rt bija vieninieki vai v\u012bri bez \u0123imen\u0113m. Kad \u0123imenes pievienoj\u0101s v\u012briem, tad pils\u0113t\u0101s kur\u0101s bija sabrauku\u0161i vair\u0101ki latvie\u0161i, tika dibin\u0101tas latvie\u0161u skolas, lai b\u0113rniem b\u016btu iesp\u0113ja turpin\u0101t m\u0101c\u012bties latvie\u0161u valodu, Latvijas v\u0113sturi un \u0123eografiju, tautas dejas un tautas dziesmas, ka ar\u012b piekopt latvie\u0161u tautas tradicijas. Latvie\u0161iem bija t\u0101 priek\u0161roc\u012bba, ka starp iebrauc\u0113jiem bija daudz skolot\u0101ju un cilv\u0113ku ar augst\u0101ko izgl\u012bt\u012bbu. Vi\u0146i var\u0113ja pal\u012bdz\u0113t nodibin\u0101t latvie\u0161u skolas un iesaist\u012bties k\u0101 p\u0101rzi\u0146i vai skolot\u0101ji skol\u0101s. Daudzas skolas tika dibin\u0101tas pie draudz\u0113m, k\u0101 piem\u0113ram Edmonton\u0101, Kirkland Lake un Vinipeg\u0101.<\/p>\n\n\n\n<p>Viss kop\u0101 Kanad\u0101 tika dibin\u0101tas 21 pamatskola un tr\u012bs \u0123imnazijas. \u0122imnazijas Hamilton\u0101 un Montreal\u0101 bija da\u013cas no Latvie\u0161u Hamiltonas skolas un Montre\u0101las skolas. \u0160odien past\u0101v tikai piecas pamatskolas: \u201cAusekl\u012btis\u201d Halifaks\u0101, Edmonton\u0101, Hamilton\u0101, Otav\u0101 un Toronto un divas \u0123imazijas \u2013Hamilton\u0101 un Toronto. Ceram ka var\u0113s uzs\u0101kt pamatskolu Vankuver\u0101. Vissvec\u0101k\u0101 skola ir Latvie\u0161u Skola Hamilton\u0101 kuru dibin\u0101ja Elza Gulbis 1948. gad\u0101.<\/p>\n\n\n\n<p>Jau 1950. gad\u0101 Kan\u0101d\u0101 past\u0101v\u0113ja 9 latvie\u0161u pamatskolas ar 224 skolniekiem: Brampton\u0101 (24), Hamilton\u0101 (32), London\u0101 (23), Norland\u0113 (20), Port Arthur\/Fort Williams(12), Toronto (60), Vinipeg\u0101 (34), Timmins (10) un Vird\u017einiatoun\u0101 (Virginia Town) (9).<\/p>\n\n\n\n<p>Vissliel\u0101kais latvie\u0161u skolu skaits bija 1952.\/53.m.g kad bija 21 skola.<\/p>\n\n\n\n<p>1955.gad\u0101 Kan\u0101d\u0101 past\u0101v\u0113ja 18 skolas ar 622 skolniekiem. Tika dibin\u0101tas skolas Edmonton\u0101, Ki\u010dener\/Vaterl\u016b, Niag\u0101r\u0101, Montre\u0101l\u0101, Otav\u0101, Sv. Katr\u012bn\u0101s, Sadberij\u0101, Vank\u016bvera, \u0123imnazija Toronto un Nekl\u0101tienes skola. P\u0113c l\u012bguma notec\u0113\u0161anas latvie\u0161i s\u0101ka atst\u0101t darbus raktuv\u0113s un s\u0101ka p\u0101rcelties uz liel\u0101kiem latvie\u0161u centriem. Starp 1950. gadu un 1955. gadu, latvie\u0161u skolas izbeidza darb\u012bbu Timmins (1950 \u2013 52), Vird\u017einiatown (1950-52), Kikland Lake (1951-53), Red Deer (1951-54).<\/p>\n\n\n\n<p>1959.\/1960.m\u0101c\u012bbu gad\u0101 Kan\u0101d\u0101 past\u0101v\u0113ja 14 skolas ar 733 skolniekiem. Bramptonas, Norlandes un Otavas otr\u0101 skola bija izbeigu\u0161as darb\u012bbu.<\/p>\n\n\n\n<p>Vissliel\u0101kais skol\u0113nu skaits bija 1964.\/65.m\u0101c\u012bbu gad\u0101 ar 892 skolniekiem m\u0101coties 15 skol\u0101s.<\/p>\n\n\n\n<p>Desmit gadus v\u0113l\u0101k, 1974.\/75. m\u0101c\u012bbu gad\u0101, skol\u0113nu skaits jau bija nosl\u012bd\u0113jis uz 504 skolniekiem m\u0101coties 10 skol\u0101s.<\/p>\n\n\n\n<p>Sal\u012bdzin\u0101jum\u0101 1984.\/85. m.g. 337 skolnieki m\u0101c\u012bj\u0101s 8 skol\u0101s; 1994.\/95. m.g. 287 skolnieki m\u0101c\u012bj\u0101s 6 skol\u0101s; 2004.\/2005. m.g. 206 skolnieki m\u0101c\u012bj\u0101s 6 skol\u0101s (Hamiltonas, Montrealas, Otavas, TLBSS, Valodi\u0146as) un TLTA \u0122imnazij\u0101.<\/p>\n\n\n\n<p>2016.\/17. m.g. 107 skolnieki m\u0101c\u0101s 6 skol\u0101s ar 30 skolot\u0101jiem.<\/p>\n\n\n\n<p>Kopsumm\u0101, sekojo\u0161\u0101 latvie\u0161u skolas tika dibin\u0101tas Kan\u0101d\u0101 (dibin\u0101\u0161anas datums \u2013 beig\u0161anas datums):<\/p>\n\n\n\n<ol class=\"wp-block-list\">\n<li>\u201cAusekl\u012btis\u201d Halifaks\u0101, Jaunskotij\u0101 (2016-<\/li>\n\n\n\n<li>Bramptonas Latvie\u0161u Sestdienas skola (1952-1959)<\/li>\n\n\n\n<li>Edmontonas Sv. J\u0101\u0146a Latvie\u0161u ev.lut. Draudze skola (1951-1955)<\/li>\n\n\n\n<li>Edmontonas Latvie\u0161u Sestdienas skola (1957-1961) \u2013 atjaunota 2015. gad\u0101<\/li>\n\n\n\n<li>Latvie\u0161u Skola Hamilton\u0101 (1948 &#8211;&nbsp;&nbsp;&nbsp;&nbsp; )<\/li>\n\n\n\n<li>Kalgerijas Latviesu Biedr\u012bbas \u201cDaugava\u201d Latvie\u0161u Sestdienas skola (1962-1974)<\/li>\n\n\n\n<li>Ki\u010deneras\/Vaterl\u016b Latvie\u0161u skola (1953- 1972)<\/li>\n\n\n\n<li>Kirklandes Sv. P\u0101vila Latvie\u0161u ev.lut. Draudzes skola (1951-1953)<\/li>\n\n\n\n<li>Londonas Latvie\u0161u Sestdienas skola (1949- 1975)<\/li>\n\n\n\n<li>Niagaras Latvie\u0161u skola (1951-1965)<\/li>\n\n\n\n<li>Norlandes Latvie\u0161u Sestdienas skola (1950-1959)<\/li>\n\n\n\n<li>Montrealas Latvie\u0161u skola (1951- ) (ar p\u0101rtraukumu b\u0113rnu tr\u016bkumu d\u0113\u013c)<\/li>\n\n\n\n<li>Nekl\u0101tienes skola (1952- nav sl\u0113gta bet beidzamais skolnieks bija 1975. g.)<\/li>\n\n\n\n<li>Otavas Latvie\u0161u skola I (1952- )<\/li>\n\n\n\n<li>Otavas Latvie\u0161u skola II (1953-1956)<\/li>\n\n\n\n<li>Port Arthur\/Fort Williams Latvie\u0161u Draudzes skola (1950-1970)<\/li>\n\n\n\n<li>Sv. Katr\u012bnas Latvie\u0161u skola (1950-1975)<\/li>\n\n\n\n<li>Sadberijas Latvie\u0161u skola (1952-1969)<\/li>\n\n\n\n<li>Toronto Latvie\u0161u Biedr\u012bbas Sestdienas Skola (1950- )<\/li>\n\n\n\n<li>Valodi\u0146a (1977- 2015)<\/li>\n\n\n\n<li>Vank\u016bveras ev. lut. Latviesu Draudzes Sestdienas skola (1951-1975)<\/li>\n\n\n\n<li>Vinipegas Latvie\u0161u ev.lut. Sv. Krusta Draudzes Sestdienas skola (1950-1973)<\/li>\n\n\n\n<li>Toronto Latvie\u0161u Augstskolas \u0122imnazija (1953 &#8211; )<\/li>\n<\/ol>\n\n\n\n<p>Skolniekiem s\u0101kuma gados bija laba latvie\u0161u valodu. Skolot\u0101jiem nebija j\u0101c\u012bn\u0101s ar latvie\u0161u valodas neprat\u0113jiem, bet bija probl\u0113ma ar m\u0101cibu vielu tr\u016bkumu un nepiemerot\u0101m telp\u0101m. Ar laiku LNAK Izgl\u012bt\u012bbas Nozare kop\u0101 ar ALA Izgl\u012bt\u012bbas Nozari izstr\u0101d\u0101ja skolas programmu, k\u0101 ar\u012b izdeva lasam\u0101s gr\u0101matas, preizrakst\u012bbas gr\u0101matas, liec\u012bbas, utt. Tika r\u012bkoti kursi un konferences.<\/p>\n\n\n\n<p>Skolnieku skaits ir sarucis. Skolniekiem latvie\u0161u valoda paliek par sve\u0161valodu un sakar\u0101 ar to, m\u0101c\u012b\u0161anas metodes ir main\u012bju\u0161\u0101s. Pag\u0101tn\u0113, skolnieki bija visi ar lab\u0101m latvie\u0161u valodu zin\u0101\u0161an\u0101m un skolot\u0101jiem bija Latvij\u0101 ieg\u016bta paidego\u0123iska izgl\u012bt\u012bba. Ar laiku skolnieku latvie\u0161u valodas zin\u0101\u0161ana samazin\u0101j\u0101s, un skolot\u0101ju sast\u0101vs ar\u012b main\u012bj\u0101s. Skol\u0101m bija j\u0101piem\u0113rojas pie tiem skolniekiem kuri maz vai nemaz nerun\u0101ja latvie\u0161u valodu. T\u0101 tika nodibin\u0101tas MML klases (Mes M\u0101camies Latviski). Par latvie\u0161u valodas stundas laiku, \u0161ie skolnieki m\u0101c\u012bj\u0101s pie citas skolot\u0101jas.<\/p>\n\n\n\n<p>\u0160odien skolot\u0101tiji latvie\u0161u skol\u0101 ir ar viet\u0113jo paidego\u0123ijas izgl\u012bt\u012bbu, vai vec\u0101ki un citi kuriem interes\u0113 lai b\u0113rni turpin\u0101tu savas latvie\u0161u valodas zin\u0101\u0161anas un justies k\u0101 da\u013ca no latvie\u0161u sabiedr\u012bbas. Skolot\u0101jiem j\u0101p\u0101rstr\u0101d\u0101 m\u0101c\u012bbu vielu lai t\u0101 b\u016btu piem\u0113rota skolnieku sp\u0113j\u0101m. Klas\u0113 ir skolnieki ar labu latvie\u0161u valodu un citi ar v\u0101ju latvie\u0161u valodu. It ari skolnieki, kas cen\u0161as un citi, kas necen\u0161\u0101. TLBS skolas skolot\u0101js Pauls Legdzi\u0146\u0161 ir izsr\u0101d\u0101jis latvie\u0161u valodas m\u0101c\u012bbu vielu s\u0101kot ar 3. klasei l\u012bdz 8. klasei.<\/p>\n\n\n\n<p>Mums j\u0101pateicas, ka ir v\u0113l personas, kas ir ar mieru n\u0101kt un m\u0101c\u012bt latvie\u0161u skol\u0101. Da\u017ereiz vi\u0146iem j\u0101b\u016bt k\u0101 burvju m\u0101ksliniekiem, lai uzburtu v\u0113l\u0113\u0161anos skolniekiem run\u0101t latviski un m\u0101c\u012bties par no Latvijas, k\u0101 ar\u012b skolnieku skaits tiek palielin\u0101ts no Latvijas iebrauc\u0113ja b\u0113rniem. Vec\u0101kiem ar\u012b j\u0101n\u0101k talk\u0101 \u2013 m\u0101j\u0101s run\u0101jot latviski un pal\u012bdz\u0113t skolniekiem ar m\u0101jas darbiem.<\/p>\n\n\n\n<p>Tagad ir daudz b\u0113rnu no jaukt\u0101m laul\u012bb\u0101m, kur \u0123imen\u0113s nerun\u0101 latviski, bet \u0123imene tomer grib uztur\u0113t saites ar latviet\u012bbu. Skolas var\u0113tu nodibin\u0101t grupu, k\u0101 to ir izdar\u012bjusi Otavas latvie\u0161u skola pied\u0101v\u0101jot \u201cM\u0113s M\u0101camies par Latviju\u201d programmu. B\u0113rni kop\u0101 ar vec\u0101kiem un vev-vec\u0101kiem m\u0101c\u0101s par Latviju un latvie\u0161u trad\u012bc\u012bj\u0101m ang\u013cu valod\u0101. Visi iet rota\u013c\u0101s un dzied latvie\u0161u valod\u0101.<\/p>\n\n\n\n<p>LNAK Izgl\u012btibas nozare sastr\u0101d\u0101j\u0101s ar ALA Izgl\u012btibas nozari, Latvie\u0161u valodas agent\u016bru un PBLA Izgl\u012btibas nozare lai piem\u0113rotu valodas m\u0101c\u012b\u0161anas programmas skol\u0113niem, kas m\u0101c\u0101s latvie\u0161u valodu k\u0101 otro valodu. Tiek ar\u012b piestr\u0101d\u0101ts pie t\u0101lm\u0101cibas programmu, lai tie b\u0113rni, kas dz\u012bvo t\u0101lu no latvie\u0161u centriem, varetu m\u0101c\u012bties latvie\u0161u valodu ar t\u012bmek\u013cu pal\u012bdz\u012bbu.<\/p>\n","protected":false},"excerpt":{"rendered":"<p>LNAK Izgl\u012bt\u012bbas nozare r\u016bpejas par latvisko izgl\u012bt\u012bbu Kanad\u0101 dz\u012bvojo\u0161iem latvie\u0161iem, atbalstot latvie\u0161u skolas Kanad\u0101. Kanadas Izgl\u012bt\u012bba nozare cie\u0161i sadarbojas ar Amerikas Latvie\u0161u Apvien\u012bbas (ALAs) Izgl\u012bt\u012bbas nozari, Pasaules Br\u012bvo Latvie\u0161u Apvien\u012bbas (PBLA) Izgl\u012bt\u012bbas padomi un Latvie\u0161u valodas a\u011fenturu, lai veidotu m\u0101c\u012bbu materi\u0101lus un programmas. Nozare ar\u012b r\u012bko skolot\u0101ju semin\u0101rus un uztura kontaktu ar vis\u0101m latvie\u0161u skol\u0101m, &hellip;<\/p>\n<p class=\"read-more\"> <a class=\"\" href=\"https:\/\/lnak.net\/en\/izglitibas-nozare\/\"> <span class=\"screen-reader-text\">Izgl\u012bt\u012bbas nozare<\/span> Read More &raquo;<\/a><\/p>\n","protected":false},"author":1,"featured_media":0,"parent":0,"menu_order":0,"comment_status":"closed","ping_status":"closed","template":"","meta":{"_uag_custom_page_level_css":"","_monsterinsights_skip_tracking":false,"_monsterinsights_sitenote_active":false,"_monsterinsights_sitenote_note":"","_monsterinsights_sitenote_category":0,"site-sidebar-layout":"default","site-content-layout":"","ast-site-content-layout":"default","site-content-style":"default","site-sidebar-style":"default","ast-global-header-display":"","ast-banner-title-visibility":"","ast-main-header-display":"","ast-hfb-above-header-display":"","ast-hfb-below-header-display":"","ast-hfb-mobile-header-display":"","site-post-title":"","ast-breadcrumbs-content":"","ast-featured-img":"","footer-sml-layout":"","theme-transparent-header-meta":"","adv-header-id-meta":"","stick-header-meta":"","header-above-stick-meta":"","header-main-stick-meta":"","header-below-stick-meta":"","astra-migrate-meta-layouts":"set","ast-page-background-enabled":"default","ast-page-background-meta":{"desktop":{"background-color":"","background-image":"","background-repeat":"repeat","background-position":"center center","background-size":"auto","background-attachment":"scroll","background-type":"","background-media":"","overlay-type":"","overlay-color":"","overlay-gradient":""},"tablet":{"background-color":"","background-image":"","background-repeat":"repeat","background-position":"center center","background-size":"auto","background-attachment":"scroll","background-type":"","background-media":"","overlay-type":"","overlay-color":"","overlay-gradient":""},"mobile":{"background-color":"","background-image":"","background-repeat":"repeat","background-position":"center center","background-size":"auto","background-attachment":"scroll","background-type":"","background-media":"","overlay-type":"","overlay-color":"","overlay-gradient":""}},"ast-content-background-meta":{"desktop":{"background-color":"var(--ast-global-color-5)","background-image":"","background-repeat":"repeat","background-position":"center center","background-size":"auto","background-attachment":"scroll","background-type":"","background-media":"","overlay-type":"","overlay-color":"","overlay-gradient":""},"tablet":{"background-color":"var(--ast-global-color-5)","background-image":"","background-repeat":"repeat","background-position":"center center","background-size":"auto","background-attachment":"scroll","background-type":"","background-media":"","overlay-type":"","overlay-color":"","overlay-gradient":""},"mobile":{"background-color":"var(--ast-global-color-5)","background-image":"","background-repeat":"repeat","background-position":"center center","background-size":"auto","background-attachment":"scroll","background-type":"","background-media":"","overlay-type":"","overlay-color":"","overlay-gradient":""}},"footnotes":""},"class_list":["post-5432","page","type-page","status-publish","hentry"],"aioseo_notices":[],"uagb_featured_image_src":{"full":false,"thumbnail":false,"medium":false,"medium_large":false,"large":false,"1536x1536":false,"2048x2048":false},"uagb_author_info":{"display_name":"ADMIN","author_link":"https:\/\/lnak.net\/en\/author\/admin\/"},"uagb_comment_info":0,"uagb_excerpt":"LNAK Izgl\u012bt\u012bbas nozare r\u016bpejas par latvisko izgl\u012bt\u012bbu Kanad\u0101 dz\u012bvojo\u0161iem latvie\u0161iem, atbalstot latvie\u0161u skolas Kanad\u0101. Kanadas Izgl\u012bt\u012bba nozare cie\u0161i sadarbojas ar Amerikas Latvie\u0161u Apvien\u012bbas (ALAs) Izgl\u012bt\u012bbas nozari, Pasaules Br\u012bvo Latvie\u0161u Apvien\u012bbas (PBLA) Izgl\u012bt\u012bbas padomi un Latvie\u0161u valodas a\u011fenturu, lai veidotu m\u0101c\u012bbu materi\u0101lus un programmas. Nozare ar\u012b r\u012bko skolot\u0101ju semin\u0101rus un uztura kontaktu ar vis\u0101m latvie\u0161u skol\u0101m,&hellip;","_links":{"self":[{"href":"https:\/\/lnak.net\/en\/wp-json\/wp\/v2\/pages\/5432","targetHints":{"allow":["GET"]}}],"collection":[{"href":"https:\/\/lnak.net\/en\/wp-json\/wp\/v2\/pages"}],"about":[{"href":"https:\/\/lnak.net\/en\/wp-json\/wp\/v2\/types\/page"}],"author":[{"embeddable":true,"href":"https:\/\/lnak.net\/en\/wp-json\/wp\/v2\/users\/1"}],"replies":[{"embeddable":true,"href":"https:\/\/lnak.net\/en\/wp-json\/wp\/v2\/comments?post=5432"}],"version-history":[{"count":18,"href":"https:\/\/lnak.net\/en\/wp-json\/wp\/v2\/pages\/5432\/revisions"}],"predecessor-version":[{"id":16207,"href":"https:\/\/lnak.net\/en\/wp-json\/wp\/v2\/pages\/5432\/revisions\/16207"}],"wp:attachment":[{"href":"https:\/\/lnak.net\/en\/wp-json\/wp\/v2\/media?parent=5432"}],"curies":[{"name":"wp","href":"https:\/\/api.w.org\/{rel}","templated":true}]}}