{"id":5055,"date":"2023-09-05T11:56:57","date_gmt":"2023-09-05T15:56:57","guid":{"rendered":"https:\/\/lnak.net\/youth\/"},"modified":"2024-01-29T02:40:11","modified_gmt":"2024-01-29T07:40:11","slug":"youth","status":"publish","type":"page","link":"https:\/\/lnak.net\/en\/youth\/","title":{"rendered":"Youth"},"content":{"rendered":"\n<p><\/p>\n\n<div class=\"wp-block-columns are-vertically-aligned-top is-layout-flex wp-container-core-columns-is-layout-da63cf8f wp-block-columns-is-layout-flex\" style=\"padding-right:var(--wp--preset--spacing--70);padding-left:var(--wp--preset--spacing--70)\">\n<div class=\"wp-block-column is-vertically-aligned-top is-layout-flow wp-block-column-is-layout-flow\">\n<p>We encourage Latvian Canadian young people to take advantage of the opportunities available to them to cultivate their Latvian heritage, study, form new friendships, and strengthen their ties to Latvia and youth in Latvia. Here are some of the opportunities available to Latvian Canadian youth in Latvia, including internships, 2&#215;2 youth seminars and educational opportunities.<\/p>\n<\/div>\n\n\n\n<div class=\"wp-block-column is-vertically-aligned-top is-layout-flow wp-block-column-is-layout-flow\">\n<p>There are also wonderful opportunities in Latvia for youth who do not speak Latvian, whether or not they be of Latvian descent. For instance, there are various courses, from short-term summer courses to full-time university studies, that are conducted in English.<\/p>\n<\/div>\n<\/div>\n<div class=\"wpv-view-output\" data-toolset-views-view-editor=\"af0f13664b7967b7e51182126b7e6e02\"><div class=\"wp-block-toolset-views-view-editor\">\n<div class=\"wp-block-columns is-layout-flex wp-container-core-columns-is-layout-28f84493 wp-block-columns-is-layout-flex\">\n<div class=\"wp-block-column is-layout-flow wp-block-column-is-layout-flow\">\n<div class=\"wp-block-columns is-layout-flex wp-container-core-columns-is-layout-28f84493 wp-block-columns-is-layout-flex\"><\/div>\n<\/div>\n\n\n\n<div class=\"wp-block-column is-layout-flow wp-block-column-is-layout-flow\"><\/div>\n<\/div>\n\n\n\n<div class=\"wp-block-toolset-views-custom-search-container\"><form autocomplete=\"off\" name=\"wpv-filter-5044\" action=\"\/en\/wp-json\/wp\/v2\/pages\/5055?wpv_view_count=5044\" method=\"get\" class=\"wpv-filter-form js-wpv-filter-form js-wpv-filter-form-5044 js-wpv-form-full\" data-viewnumber=\"5044\" data-viewid=\"5044\" data-viewhash=\"eyJuYW1lIjoiemluYXMtdHdvLXBvc3QtdHlwZXMtY29weS0xNzA2MjQzMTA4In0=\" data-viewwidgetid=\"0\" data-orderby=\"\" data-order=\"\" data-orderbyas=\"\" data-orderbysecond=\"\" data-ordersecond=\"\" data-parametric=\"{&quot;query&quot;:&quot;normal&quot;,&quot;id&quot;:5044,&quot;view_id&quot;:5044,&quot;widget_id&quot;:0,&quot;view_hash&quot;:&quot;5044&quot;,&quot;action&quot;:&quot;\\\/en\\\/wp-json\\\/wp\\\/v2\\\/pages\\\/5055?wpv_view_count=5044&quot;,&quot;sort&quot;:{&quot;orderby&quot;:&quot;&quot;,&quot;order&quot;:&quot;&quot;,&quot;orderby_as&quot;:&quot;&quot;,&quot;orderby_second&quot;:&quot;&quot;,&quot;order_second&quot;:&quot;&quot;},&quot;orderby&quot;:&quot;&quot;,&quot;order&quot;:&quot;&quot;,&quot;orderby_as&quot;:&quot;&quot;,&quot;orderby_second&quot;:&quot;&quot;,&quot;order_second&quot;:&quot;&quot;,&quot;ajax_form&quot;:&quot;&quot;,&quot;ajax_results&quot;:&quot;&quot;,&quot;effect&quot;:&quot;fade&quot;,&quot;prebefore&quot;:&quot;&quot;,&quot;before&quot;:&quot;&quot;,&quot;after&quot;:&quot;&quot;,&quot;attributes&quot;:[],&quot;environment&quot;:{&quot;current_post_id&quot;:5055,&quot;parent_post_id&quot;:5055,&quot;parent_term_id&quot;:0,&quot;parent_user_id&quot;:0,&quot;archive&quot;:{&quot;type&quot;:&quot;&quot;,&quot;name&quot;:&quot;&quot;,&quot;data&quot;:[]}},&quot;loop&quot;:{&quot;type&quot;:&quot;&quot;,&quot;name&quot;:&quot;&quot;,&quot;data&quot;:[],&quot;id&quot;:0}}\" data-attributes=\"[]\" data-environment=\"{&quot;current_post_id&quot;:5055,&quot;parent_post_id&quot;:5055,&quot;parent_term_id&quot;:0,&quot;parent_user_id&quot;:0,&quot;archive&quot;:{&quot;type&quot;:&quot;&quot;,&quot;name&quot;:&quot;&quot;,&quot;data&quot;:[]}}\"><input type=\"hidden\" class=\"js-wpv-dps-filter-data js-wpv-filter-data-for-this-form\" data-action=\"\/en\/wp-json\/wp\/v2\/pages\/5055?wpv_view_count=5044\" data-page=\"1\" data-ajax=\"disable\" data-effect=\"fade\" data-maxpages=\"1\" data-ajaxprebefore=\"\" data-ajaxbefore=\"\" data-ajaxafter=\"\" \/><input class=\"wpv_view_count wpv_view_count-5044\" type=\"hidden\" name=\"wpv_view_count\" value=\"5044\" \/> <div><\/div> <\/form><\/div>\n\n\n<div id=\"wpv-view-layout-5044\" class=\"js-wpv-view-layout js-wpv-layout-responsive js-wpv-view-layout-5044\" data-viewnumber=\"5044\" data-pagination=\"{&quot;id&quot;:5044,&quot;query&quot;:&quot;normal&quot;,&quot;type&quot;:&quot;paged&quot;,&quot;effect&quot;:&quot;fade&quot;,&quot;duration&quot;:500,&quot;speed&quot;:5,&quot;pause_on_hover&quot;:&quot;disabled&quot;,&quot;stop_rollover&quot;:&quot;false&quot;,&quot;cache_pages&quot;:&quot;enabled&quot;,&quot;preload_images&quot;:&quot;enabled&quot;,&quot;preload_pages&quot;:&quot;enabled&quot;,&quot;preload_reach&quot;:1,&quot;spinner&quot;:&quot;builtin&quot;,&quot;spinner_image&quot;:&quot;https:\/\/lnak.net\/wp-content\/plugins\/toolset-blocks\/embedded\/res\/img\/ajax-loader.svg&quot;,&quot;callback_next&quot;:&quot;&quot;,&quot;manage_history&quot;:&quot;enabled&quot;,&quot;has_controls_in_form&quot;:&quot;disabled&quot;,&quot;infinite_tolerance&quot;:&quot;0&quot;,&quot;max_pages&quot;:1,&quot;page&quot;:1,&quot;base_permalink&quot;:&quot;\/en\/wp-json\/wp\/v2\/pages\/5055?wpv_view_count=5044&amp;wpv_paged=WPV_PAGE_NUM&quot;,&quot;loop&quot;:{&quot;type&quot;:&quot;&quot;,&quot;name&quot;:&quot;&quot;,&quot;data&quot;:[],&quot;id&quot;:0}}\" data-permalink=\"\/en\/wp-json\/wp\/v2\/pages\/5055?wpv_view_count=5044\">\n\n<div class=\"js-wpv-loop-wrapper\"><div class=\"tb-grid\"><div class=\"tb-grid-column\">\n\n<div class=\"wp-block-toolset-views-view-template-block wpv-block-loop-item php-to-be-replaced-with-shortcode\" data-toolset-views-view-template-block=\"e5bade896db8fa8053a99649cb6a8dea\">\n<div class=\"tb-field\" data-toolset-blocks-field=\"7f9af7181194587c88921491db7376a9\" data-last-update=\"1.4\"><a href='https:\/\/lnak.net\/en\/category\/in-latvia\/'>In Latvia<\/a>-<a href='https:\/\/lnak.net\/en\/category\/youth\/'>Youth<\/a><\/div>\n\n\n\n<figure class=\"wp-block-image is-resized\"><img decoding=\"async\" src=\"https:\/\/lnak.net\/wp-content\/uploads\/2025\/01\/2025-01-24-Sveika-Latvija-2025.jpg\" alt=\"\" class=\"wp-image-5033\" style=\"object-fit:cover;width:300px;height:232px\"><\/figure>\n\n\n\n<div class=\"tb-field\" data-toolset-blocks-field=\"d4bacddfae98b9ad95be50cfe8431c71\" data-last-update=\"1.4\"><a href='https:\/\/lnak.net\/en\/tag\/ala-en\/'>ALA<\/a>-<a href='https:\/\/lnak.net\/en\/tag\/sveika-latvija-en\/'>Sveika Latvija<\/a>-<a href='https:\/\/lnak.net\/en\/tag\/youth\/'>youth<\/a><\/div>\n\n\n\n<h4 class=\"wp-block-heading has-ast-global-color-3-color has-text-color has-link-color has-medium-font-size wp-elements-27753c3c366a3b275147a5c4b3e4c8f4\" style=\"font-style:normal;font-weight:800\"><a href=\"https:\/\/lnak.net\/en\/general-news\/registration-is-open-for-ala-educational-travel-programmes\/\">Registration is Open for ALA Educational Travel Programmes<\/a><\/h4>\n\n\n\n<div class=\"tb-field\" data-toolset-blocks-field=\"45b5124f1981a199a42617d9278361f3\" data-last-update=\"1.4\">Do you want to improve your Latvian or travel around Latvia with your family? Here is a unique opportunity for an unforgettable summer, where everything is carefully thought out and...<\/div>\n\n\n\n<div class=\"tb-field\" data-toolset-blocks-field=\"8362701b141be7d78fbc967b284091c9\" data-last-update=\"1.4\">2025-01-24<\/div>\n\n\n\n<div class=\"tb-field\" data-toolset-blocks-field=\"0e0f9c314f88d0bc2d9cbc42bfd15090\" data-last-update=\"1.4\"><\/div>\n<\/div>\n\n<\/div><div class=\"tb-grid-column\">\n\n<div class=\"wp-block-toolset-views-view-template-block wpv-block-loop-item php-to-be-replaced-with-shortcode\" data-toolset-views-view-template-block=\"e5bade896db8fa8053a99649cb6a8dea\">\n<div class=\"tb-field\" data-toolset-blocks-field=\"7f9af7181194587c88921491db7376a9\" data-last-update=\"1.4\"><a href='https:\/\/lnak.net\/en\/category\/in-latvia\/'>In Latvia<\/a>-<a href='https:\/\/lnak.net\/en\/category\/internships\/'>Internships<\/a>-<a href='https:\/\/lnak.net\/en\/category\/youth\/'>Youth<\/a><\/div>\n\n\n\n<figure class=\"wp-block-image is-resized\"><img loading=\"lazy\" decoding=\"async\" width=\"254\" height=\"243\" src=\"https:\/\/lnak.net\/wp-content\/uploads\/2024\/01\/2024-01-25-Prakses-programma-ALA-e1706239083866.png\" alt=\"\" class=\"wp-image-5033\" style=\"object-fit:cover;width:300px;height:232px\"><\/figure>\n\n\n\n<div class=\"tb-field\" data-toolset-blocks-field=\"d4bacddfae98b9ad95be50cfe8431c71\" data-last-update=\"1.4\"><a href='https:\/\/lnak.net\/en\/tag\/internships\/'>Internships<\/a>-<a href='https:\/\/lnak.net\/en\/tag\/latvia\/'>Latvia<\/a>-<a href='https:\/\/lnak.net\/en\/tag\/youth-en\/'>Youth<\/a><\/div>\n\n\n\n<h4 class=\"wp-block-heading has-ast-global-color-3-color has-text-color has-link-color has-medium-font-size wp-elements-27753c3c366a3b275147a5c4b3e4c8f4\" style=\"font-style:normal;font-weight:800\"><a href=\"https:\/\/lnak.net\/en\/organizaciju-zina\/time-to-register-for-internship-opportunities-for-usa-and-canadian-young-people-of-latvian-heritage\/\">Time to Register for Internship Opportunities for USA and Canadian Young People of Latvian Heritage<\/a><\/h4>\n\n\n\n<div class=\"tb-field\" data-toolset-blocks-field=\"45b5124f1981a199a42617d9278361f3\" data-last-update=\"1.4\">Since 2015 the American Latvian Association (ALA) has offered internship opportunities in Latvia for Latvian youth from the USA and Canada. Internships allow a targeted work experience valuable for future...<\/div>\n\n\n\n<div class=\"tb-field\" data-toolset-blocks-field=\"8362701b141be7d78fbc967b284091c9\" data-last-update=\"1.4\">2024-01-25<\/div>\n\n\n\n<div class=\"tb-field\" data-toolset-blocks-field=\"0e0f9c314f88d0bc2d9cbc42bfd15090\" data-last-update=\"1.4\">Latvie\u0161u Nacion\u0101l\u0101 Apvien\u012bba Kanad\u0101 (LNAK)<\/div>\n<\/div>\n\n<\/div><div class=\"tb-grid-column\">\n\n<div class=\"wp-block-toolset-views-view-template-block wpv-block-loop-item php-to-be-replaced-with-shortcode\" data-toolset-views-view-template-block=\"e5bade896db8fa8053a99649cb6a8dea\">\n<div class=\"tb-field\" data-toolset-blocks-field=\"7f9af7181194587c88921491db7376a9\" data-last-update=\"1.4\"><a href='https:\/\/lnak.net\/en\/category\/education\/'>Education<\/a>-<a href='https:\/\/lnak.net\/en\/category\/in-latvia\/'>In Latvia<\/a>-<a href='https:\/\/lnak.net\/en\/category\/youth\/'>Youth<\/a><\/div>\n\n\n\n<figure class=\"wp-block-image is-resized\"><img decoding=\"async\" src=\"https:\/\/lnak.net\/wp-content\/uploads\/2024\/01\/2024-01-25-Sveika-Latvija-Heritage-Latvia-e1706238363632.png\" alt=\"\" class=\"wp-image-5033\" style=\"object-fit:cover;width:300px;height:232px\"><\/figure>\n\n\n\n<div class=\"tb-field\" data-toolset-blocks-field=\"d4bacddfae98b9ad95be50cfe8431c71\" data-last-update=\"1.4\"><a href='https:\/\/lnak.net\/en\/tag\/heritage-latvia-en\/'>Heritage Latvia<\/a>-<a href='https:\/\/lnak.net\/en\/tag\/youth-en\/'>Youth<\/a><\/div>\n\n\n\n<h4 class=\"wp-block-heading has-ast-global-color-3-color has-text-color has-link-color has-medium-font-size wp-elements-27753c3c366a3b275147a5c4b3e4c8f4\" style=\"font-style:normal;font-weight:800\"><a href=\"https:\/\/lnak.net\/en\/organizaciju-zina\/its-time-to-register-for-ala-educational-trips-for-young-people-of-latvian-heritage-ages-13-15\/\">It&#8217;s time to register for ALA Educational Trips for Young People of Latvian Heritage (ages 13-15)<\/a><\/h4>\n\n\n\n<div class=\"tb-field\" data-toolset-blocks-field=\"45b5124f1981a199a42617d9278361f3\" data-last-update=\"1.4\">The organizer of the trips, the American Latvian Association (ALA), graciously welcomes participants from Canada. The \u201cSveika, Latvija!\u201d trip language will be Latvian. Participants must understand conversational Latvian and be...<\/div>\n\n\n\n<div class=\"tb-field\" data-toolset-blocks-field=\"8362701b141be7d78fbc967b284091c9\" data-last-update=\"1.4\">2024-01-25<\/div>\n\n\n\n<div class=\"tb-field\" data-toolset-blocks-field=\"0e0f9c314f88d0bc2d9cbc42bfd15090\" data-last-update=\"1.4\">Latvie\u0161u Nacion\u0101l\u0101 Apvien\u012bba Kanad\u0101 (LNAK)<\/div>\n<\/div>\n\n<\/div><div class=\"tb-grid-column\">\n\n<div class=\"wp-block-toolset-views-view-template-block wpv-block-loop-item php-to-be-replaced-with-shortcode\" data-toolset-views-view-template-block=\"e5bade896db8fa8053a99649cb6a8dea\">\n<div class=\"tb-field\" data-toolset-blocks-field=\"7f9af7181194587c88921491db7376a9\" data-last-update=\"1.4\"><a href='https:\/\/lnak.net\/en\/category\/education\/'>Education<\/a>-<a href='https:\/\/lnak.net\/en\/category\/latvija\/'>Latvij\u0101<\/a>-<a href='https:\/\/lnak.net\/en\/category\/youth\/'>Youth<\/a><\/div>\n\n\n\n<figure class=\"wp-block-image is-resized\"><img decoding=\"async\" src=\"https:\/\/lnak.net\/wp-content\/uploads\/2024\/01\/2024-01-12-RTU-vasaras-skola-e1705043624213.webp\" alt=\"\" class=\"wp-image-5033\" style=\"object-fit:cover;width:300px;height:232px\"><\/figure>\n\n\n\n<div class=\"tb-field\" data-toolset-blocks-field=\"d4bacddfae98b9ad95be50cfe8431c71\" data-last-update=\"1.4\"><a href='https:\/\/lnak.net\/en\/tag\/summer\/'>summer<\/a>-<a href='https:\/\/lnak.net\/en\/tag\/youth\/'>youth<\/a><\/div>\n\n\n\n<h4 class=\"wp-block-heading has-ast-global-color-3-color has-text-color has-link-color has-medium-font-size wp-elements-27753c3c366a3b275147a5c4b3e4c8f4\" style=\"font-style:normal;font-weight:800\"><a href=\"https:\/\/lnak.net\/en\/organizaciju-zina\/riga-technical-university-rtu-offers-summer-schools\/\">Riga Technical University (RTU) offers 1-2 week Summer School Courses<\/a><\/h4>\n\n\n\n<div class=\"tb-field\" data-toolset-blocks-field=\"45b5124f1981a199a42617d9278361f3\" data-last-update=\"1.4\">Europe and Latvia beckon! RTU has more than 20 years of experience in organising specialised courses and summer\/winter schools. Every year RTU is increasingly updating its portfolio, developing its academic...<\/div>\n\n\n\n<div class=\"tb-field\" data-toolset-blocks-field=\"8362701b141be7d78fbc967b284091c9\" data-last-update=\"1.4\">2024-01-12<\/div>\n\n\n\n<div class=\"tb-field\" data-toolset-blocks-field=\"0e0f9c314f88d0bc2d9cbc42bfd15090\" data-last-update=\"1.4\">Latvie\u0161u Nacion\u0101l\u0101 Apvien\u012bba Kanad\u0101 (LNAK)<\/div>\n<\/div>\n\n<\/div><\/div><\/div>\n\n\n<div class=\"wpv-pagination-nav-links\" data-toolset-views-view-pagination-block=\"cdfd4c4737b2898eba4443dd59a1bf50\"><\/div>\n\n<\/div><\/div><\/div>","protected":false},"excerpt":{"rendered":"<p>We encourage Latvian Canadian young people to take advantage of the opportunities available to them to cultivate their Latvian heritage, study, form new friendships, and strengthen their ties to Latvia and youth in Latvia. Here are some of the opportunities available to Latvian Canadian youth in Latvia, including internships, 2&#215;2 youth seminars and educational opportunities. &hellip;<\/p>\n<p class=\"read-more\"> <a class=\"\" href=\"https:\/\/lnak.net\/en\/youth\/\"> <span class=\"screen-reader-text\">Youth<\/span> Read More &raquo;<\/a><\/p>\n","protected":false},"author":1,"featured_media":0,"parent":0,"menu_order":0,"comment_status":"closed","ping_status":"closed","template":"","meta":{"_uag_custom_page_level_css":"","_monsterinsights_skip_tracking":false,"_monsterinsights_sitenote_active":false,"_monsterinsights_sitenote_note":"","_monsterinsights_sitenote_category":0,"site-sidebar-layout":"default","site-content-layout":"","ast-site-content-layout":"","site-content-style":"default","site-sidebar-style":"default","ast-global-header-display":"","ast-banner-title-visibility":"","ast-main-header-display":"","ast-hfb-above-header-display":"","ast-hfb-below-header-display":"","ast-hfb-mobile-header-display":"","site-post-title":"","ast-breadcrumbs-content":"","ast-featured-img":"","footer-sml-layout":"","theme-transparent-header-meta":"","adv-header-id-meta":"","stick-header-meta":"","header-above-stick-meta":"","header-main-stick-meta":"","header-below-stick-meta":"","astra-migrate-meta-layouts":"","ast-page-background-enabled":"default","ast-page-background-meta":{"desktop":{"background-color":"","background-image":"","background-repeat":"repeat","background-position":"center center","background-size":"auto","background-attachment":"scroll","background-type":"","background-media":"","overlay-type":"","overlay-color":"","overlay-gradient":""},"tablet":{"background-color":"","background-image":"","background-repeat":"repeat","background-position":"center center","background-size":"auto","background-attachment":"scroll","background-type":"","background-media":"","overlay-type":"","overlay-color":"","overlay-gradient":""},"mobile":{"background-color":"","background-image":"","background-repeat":"repeat","background-position":"center center","background-size":"auto","background-attachment":"scroll","background-type":"","background-media":"","overlay-type":"","overlay-color":"","overlay-gradient":""}},"ast-content-background-meta":{"desktop":{"background-color":"var(--ast-global-color-5)","background-image":"","background-repeat":"repeat","background-position":"center center","background-size":"auto","background-attachment":"scroll","background-type":"","background-media":"","overlay-type":"","overlay-color":"","overlay-gradient":""},"tablet":{"background-color":"var(--ast-global-color-5)","background-image":"","background-repeat":"repeat","background-position":"center center","background-size":"auto","background-attachment":"scroll","background-type":"","background-media":"","overlay-type":"","overlay-color":"","overlay-gradient":""},"mobile":{"background-color":"var(--ast-global-color-5)","background-image":"","background-repeat":"repeat","background-position":"center center","background-size":"auto","background-attachment":"scroll","background-type":"","background-media":"","overlay-type":"","overlay-color":"","overlay-gradient":""}},"footnotes":""},"class_list":["post-5055","page","type-page","status-publish","hentry"],"aioseo_notices":[],"uagb_featured_image_src":{"full":false,"thumbnail":false,"medium":false,"medium_large":false,"large":false,"1536x1536":false,"2048x2048":false},"uagb_author_info":{"display_name":"ADMIN","author_link":"https:\/\/lnak.net\/en\/author\/admin\/"},"uagb_comment_info":0,"uagb_excerpt":"We encourage Latvian Canadian young people to take advantage of the opportunities available to them to cultivate their Latvian heritage, study, form new friendships, and strengthen their ties to Latvia and youth in Latvia. Here are some of the opportunities available to Latvian Canadian youth in Latvia, including internships, 2&#215;2 youth seminars and educational opportunities.&hellip;","_links":{"self":[{"href":"https:\/\/lnak.net\/en\/wp-json\/wp\/v2\/pages\/5055","targetHints":{"allow":["GET"]}}],"collection":[{"href":"https:\/\/lnak.net\/en\/wp-json\/wp\/v2\/pages"}],"about":[{"href":"https:\/\/lnak.net\/en\/wp-json\/wp\/v2\/types\/page"}],"author":[{"embeddable":true,"href":"https:\/\/lnak.net\/en\/wp-json\/wp\/v2\/users\/1"}],"replies":[{"embeddable":true,"href":"https:\/\/lnak.net\/en\/wp-json\/wp\/v2\/comments?post=5055"}],"version-history":[{"count":5,"href":"https:\/\/lnak.net\/en\/wp-json\/wp\/v2\/pages\/5055\/revisions"}],"predecessor-version":[{"id":5133,"href":"https:\/\/lnak.net\/en\/wp-json\/wp\/v2\/pages\/5055\/revisions\/5133"}],"wp:attachment":[{"href":"https:\/\/lnak.net\/en\/wp-json\/wp\/v2\/media?parent=5055"}],"curies":[{"name":"wp","href":"https:\/\/api.w.org\/{rel}","templated":true}]}}