{"id":4932,"date":"2023-09-06T00:05:15","date_gmt":"2023-09-06T04:05:15","guid":{"rendered":"https:\/\/lnak.net\/add-content\/"},"modified":"2024-01-21T12:43:24","modified_gmt":"2024-01-21T17:43:24","slug":"add-content","status":"publish","type":"page","link":"https:\/\/lnak.net\/en\/add-content\/","title":{"rendered":"Add content"},"content":{"rendered":"\n<p>This is where you can add an article that is not associated with a specific organization.<\/p>\n\n<div class=\"wp-block-toolset-cred-form\"><form enctype=\"multipart\/form-data\" id=\"cred_form_2793_1_1\" class=\"cred-form cred-keep-original\" action=\"\/en\/wp-json\/wp\/v2\/pages\/4932?_tt=1775460580\" data-form=\"{&quot;form_id&quot;:&quot;cred_form_2793_1_1&quot;,&quot;use_ajax&quot;:&quot;0&quot;,&quot;wpv_page&quot;:1}\" data-conditionals=\"[]\" method=\"post\">\r\n\t<div class=\"form-group\">\r\n\t\t<label for=\"cred_form_2793_1_1_general-news-author-name\">Raksta iesniedz\u0113ja v\u0101rds un uzv\u0101rds\/ Name and surname of the article's author<\/label>\r\n\t\t<div class=\"js-wpt-field-items js-wpt-repetitive wpt-repetitive\" data-initial-conditional=\"\" data-item_name=\"textfield-wpcf-general-news-author-name\">\r\n<input type=\"text\" id=\"cred_form_2793_1_1_general-news-author-name\" name=\"wpcf-general-news-author-name\" value=\"\" class=\"form-control wpt-form-textfield form-textfield textfield\" output=\"bootstrap\" preset_value=\"\" urlparam=\"\" preview=\"\" previewsize=\"\" select_label=\"\" edit_label=\"\" value_escape=\"\" make_readonly=\"\" placeholder=\"\" select_text=\"\" data-wpt-validate=\"{&quot;required&quot;:{&quot;args&quot;:{&quot;1&quot;:true},&quot;message&quot;:&quot;This field is required.&quot;}}\" data-wpt-field-title=\"General News Author name\" data-parsley-required=\"true\" data-parsley-required-message=\"This field is required.\" data-parsley-credfilesize=\"1610612736\" data-wpt-type=\"textfield\" data-wpt-id=\"cred_form_2793_1_1_cred_form_2793_1_1_general-news-author-name\" data-wpt-name=\"wpcf-general-news-author-name\" \/>\r\n<\/div>\r\n\t<\/div>\r\n\t<div class=\"form-group\">\r\n\t\t<label for=\"cred_form_2793_1_1_general-news-author-email-address\">Autora epasta adrese\/Author's email address<\/label>\r\n\t\t<div class=\"js-wpt-field-items js-wpt-repetitive wpt-repetitive\" data-initial-conditional=\"\" data-item_name=\"email-wpcf-general-news-author-email-address\">\r\n<input type=\"text\" id=\"cred_form_2793_1_1_general-news-author-email-address\" name=\"wpcf-general-news-author-email-address\" value=\"\" class=\"form-control wpt-form-textfield form-textfield textfield\" output=\"bootstrap\" preset_value=\"\" urlparam=\"\" preview=\"\" previewsize=\"\" select_label=\"\" edit_label=\"\" value_escape=\"\" make_readonly=\"\" placeholder=\"\" select_text=\"\" data-wpt-validate=\"{&quot;required&quot;:{&quot;args&quot;:{&quot;1&quot;:true},&quot;message&quot;:&quot;This field is required.&quot;}}\" data-wpt-field-title=\"General News author email address\" data-parsley-required=\"true\" data-parsley-required-message=\"This field is required.\" data-parsley-credfilesize=\"1610612736\" data-wpt-type=\"textfield\" data-wpt-id=\"cred_form_2793_1_1_cred_form_2793_1_1_general-news-author-email-address\" data-wpt-name=\"wpcf-general-news-author-email-address\" \/>\r\n<\/div>\r\n\t<\/div>\r\n\t<div class=\"form-group\">\r\n\t\t<label for=\"cred_form_2793_1_1_post_title\">Raksta virsraksts\/Article Title<\/label>\r\n\t\t<div class=\"js-wpt-field-items js-wpt-repetitive wpt-repetitive\" data-initial-conditional=\"\" data-item_name=\"textfield-post_title\">\r\n<input type=\"text\" id=\"cred_form_2793_1_1_post_title\" name=\"post_title\" value=\"\" class=\"form-control wpt-form-textfield form-textfield textfield\" output=\"bootstrap\" preset_value=\"\" urlparam=\"\" value_escape=\"\" make_readonly=\"\" placeholder=\"\" select_text=\"\" data-wpt-validate=\"{&quot;required&quot;:{&quot;args&quot;:{&quot;1&quot;:true},&quot;message&quot;:&quot;This field is required&quot;}}\" data-wpt-field-title=\"General News Item Title\" data-parsley-required=\"true\" data-parsley-required-message=\"This field is required\" data-parsley-credfilesize=\"1610612736\" data-wpt-type=\"textfield\" data-wpt-id=\"cred_form_2793_1_1_cred_form_2793_1_1_post_title\" data-wpt-name=\"post_title\" \/>\r\n<\/div>\r\n\t<\/div>\r\n\t<div class=\"form-group\">\r\n\t\t<label for=\"cred_form_2793_1_1__featured_image\">Foto\/Featured Image; PLEASE INCLUDE AN IMAGE<\/label>\r\n\t\t<div class=\"js-wpt-field-items js-wpt-repetitive wpt-repetitive\" data-initial-conditional=\"\" data-item_name=\"credimage-_featured_image\">\r\n\r\n<input type=\"file\" id=\"cred_form_2793_1_1__featured_image\" name=\"_featured_image\" class=\"wpt-credfile-upload-file js-wpt-credfile-upload-file js-toolset-media-input-file-upload  wpt-form-file form-file file\" alt=\"\" res=\"\" style=\"\" data-wpt-validate=\"{&quot;mime_type&quot;:{&quot;args&quot;:[&quot;image\\\/jpeg|image\\\/gif|image\\\/png|image\\\/bmp|image\\\/tiff|image\\\/webp|image\\\/avif|image\\\/x-icon|image\\\/heic|image\\\/heif|image\\\/heic-sequence|image\\\/heif-sequence&quot;],&quot;message&quot;:&quot;You can only upload an image file&quot;},&quot;extension&quot;:{&quot;args&quot;:[&quot;jpg|jpeg|jpe|gif|png|bmp|tiff|tif|webp|avif|ico|heic|heif|heics|heifs&quot;],&quot;message&quot;:&quot;You can only upload an image file&quot;},&quot;credfilesize&quot;:{&quot;args&quot;:[1610612736],&quot;message&quot;:&quot;You cannot upload a file of this size&quot;},&quot;credfiletype&quot;:{&quot;args&quot;:[&quot;image&quot;],&quot;message&quot;:&quot;You can only upload an image file&quot;}}\" data-wpt-field-title=\"Featured Image\" data-parsley-extension=\"jpg|jpeg|jpe|gif|png|bmp|tiff|tif|webp|avif|ico|heic|heif|heics|heifs\" data-parsley-credfilesize=\"1610612736\" data-parsley-credfiletype=\"image\" data-wpt-type=\"file\" data-wpt-id=\"cred_form_2793_1_1_cred_form_2793_1_1__featured_image\" data-wpt-name=\"_featured_image\" \/>\r\n<input type=\"hidden\" id=\"cred_form_2793_1_1__featured_image_hidden\" name=\"_featured_image\" value=\"\" class=\"js-wpv-credfile-hidden wpt-form-hidden form-hidden\" data-wpt-type=\"file\" data-wpt-id=\"cred_form_2793_1_1_cred_form_2793_1_1__featured_image_hidden\" data-wpt-name=\"_featured_image\" \/><span class=\"wpt-credfile-preview js-wpt-credfile-preview js-toolset-media-field-preview\" style=\"margin-bottom:10px;display:none;\"><span class=\"wpt-credfile-preview-item js-wpt-credfile-preview-item js-toolset-media-field-preview-item\"><\/span><\/span><div class=\"wpt-credfile-action js-wpt-credfile-action js-toolset-media-field-action\"><span role=\"button\" data-action=\"delete\" class=\"dashicons-before dashicons-no wpt-credfile-delete js-wpt-credfile-delete js-toolset-media-basic-field-delete\" title=\"Clear value\" style=\"display:none;\"><\/span><\/div><\/div>\r\n\t<\/div>\r\n\t<div class=\"form-group\">\r\n\t\t<label for=\"cred_form_2793_1_1_post_content\">Raksta saturs\/Content<\/label>\r\n\t\t<div class=\"js-wpt-field-items js-wpt-repetitive wpt-repetitive\" data-initial-conditional=\"\" data-item_name=\"wysiwyg-post_content\"><div id=\"wp-cred_form_2793_1_1_post_content-wrap\" class=\"wp-core-ui wp-editor-wrap tmce-active\"><div id=\"wp-cred_form_2793_1_1_post_content-editor-tools\" class=\"wp-editor-tools hide-if-no-js\"><div class=\"wp-editor-tabs\"><button type=\"button\" id=\"cred_form_2793_1_1_post_content-tmce\" aria-pressed=\"true\" class=\"wp-switch-editor switch-tmce\" data-wp-editor-id=\"cred_form_2793_1_1_post_content\">Visual<\/button>\n<button type=\"button\" id=\"cred_form_2793_1_1_post_content-html\" class=\"wp-switch-editor switch-html\" data-wp-editor-id=\"cred_form_2793_1_1_post_content\">Code<\/button>\n<\/div>\n<\/div>\n<div id=\"wp-cred_form_2793_1_1_post_content-editor-container\" class=\"wp-editor-container\"><div id=\"qt_cred_form_2793_1_1_post_content_toolbar\" class=\"quicktags-toolbar hide-if-no-js\"><\/div><textarea data-submitanyway  class=\"wpt-wysiwyg js-toolset-wysiwyg-skip-media js-toolset-wysiwyg-skip-toolset wp-editor-area\" rows=\"10\" autocomplete=\"off\" cols=\"40\" name=\"post_content\" id=\"cred_form_2793_1_1_post_content\"><\/textarea><\/div>\n<\/div>\n\n\n\n<\/div>\r\n\t<\/div>\r\n\t<div class=\"form-group\">\r\n\t\t<label for=\"cred_form_2793_1_1_general-news-photo-gallery0\">Ja v\u0113laties, varat pievienot fotografijas un izveidot fotogaleriju<\/label>\r\n\t\t<div class=\"js-wpt-field-items js-wpt-repetitive wpt-repetitive\" data-initial-conditional=\"\" data-item_name=\"credimage-wpcf-general-news-photo-gallery\"><div class=\"wpt-repctl wpt-repctl-flex\"><div class=\"wpt-repetitive-controls\"><span role=\"button\" class=\"js-wpt-repdrag wpt-repdrag dashicons dashicons-move\"><\/span><span role=\"button\" class=\"js-wpt-repdelete wpt-repdelete dashicons-before dashicons-trash\" title=\"Remove General News photo gallery repetition\"><\/span><\/div><div class=\"wpt-repetitive-field\">\r\n\r\n<input type=\"file\" id=\"cred_form_2793_1_1_general-news-photo-gallery\" name=\"wpcf-general-news-photo-gallery[0]\" class=\"wpt-credfile-upload-file js-wpt-credfile-upload-file js-toolset-media-input-file-upload form-control wpt-form-file form-file file\" alt=\"\" res=\"\" style=\"\" data-wpt-validate=\"{&quot;mime_type&quot;:{&quot;args&quot;:[&quot;image\\\/jpeg|image\\\/gif|image\\\/png|image\\\/bmp|image\\\/tiff|image\\\/webp|image\\\/avif|image\\\/x-icon|image\\\/heic|image\\\/heif|image\\\/heic-sequence|image\\\/heif-sequence&quot;],&quot;message&quot;:&quot;You can only upload an image file&quot;},&quot;extension&quot;:{&quot;args&quot;:[&quot;jpg|jpeg|jpe|gif|png|bmp|tiff|tif|webp|avif|ico|heic|heif|heics|heifs&quot;],&quot;message&quot;:&quot;You can only upload an image file&quot;},&quot;credfilesize&quot;:{&quot;args&quot;:[1610612736],&quot;message&quot;:&quot;You cannot upload a file of this size&quot;},&quot;credfiletype&quot;:{&quot;args&quot;:[&quot;image&quot;],&quot;message&quot;:&quot;You can only upload an image file&quot;}}\" data-wpt-field-title=\"General News photo gallery\" data-parsley-extension=\"jpg|jpeg|jpe|gif|png|bmp|tiff|tif|webp|avif|ico|heic|heif|heics|heifs\" data-parsley-credfilesize=\"1610612736\" data-parsley-credfiletype=\"image\" data-wpt-type=\"file\" data-wpt-id=\"cred_form_2793_1_1_cred_form_2793_1_1_general-news-photo-gallery\" data-wpt-name=\"wpcf-general-news-photo-gallery\" \/>\r\n<input type=\"hidden\" id=\"cred_form_2793_1_1_general-news-photo-gallery_hidden\" name=\"wpcf-general-news-photo-gallery[0]\" value=\"\" class=\"js-wpv-credfile-hidden wpt-form-hidden form-hidden\" data-wpt-type=\"file\" data-wpt-id=\"cred_form_2793_1_1_cred_form_2793_1_1_general-news-photo-gallery_hidden\" data-wpt-name=\"wpcf-general-news-photo-gallery[0]\" \/><span class=\"wpt-credfile-preview js-wpt-credfile-preview js-toolset-media-field-preview\" style=\"margin-bottom:10px;display:none;\"><span class=\"wpt-credfile-preview-item js-wpt-credfile-preview-item js-toolset-media-field-preview-item\"><\/span><\/span><div class=\"wpt-credfile-action js-wpt-credfile-action js-toolset-media-field-action\"><span role=\"button\" data-action=\"delete\" class=\"dashicons-before dashicons-no wpt-credfile-delete js-wpt-credfile-delete js-toolset-media-basic-field-delete\" title=\"Clear value\" style=\"display:none;\"><\/span><\/div><\/div><\/div><a role=\"button\" class=\"js-wpt-repadd wpt-repadd dashicons-before dashicons-plus-alt\" data-wpt-type=\"credimage\" data-wpt-id=\"cred_form_2793_1_1_wpcf-general-news-photo-gallery\">Add new<\/a><\/div>\r\n\t<\/div>\r\n\t<div class=\"form-group\">\r\n\t\t<label for=\"cred_form_2793_1_1_post_tag\">Tags<\/label>\r\n\t\t<div class=\"js-wpt-field-items js-wpt-repetitive wpt-repetitive\" data-initial-conditional=\"\" data-item_name=\"taxonomy-post_tag\"><input type=\"hidden\" id=\"cred_form_2793_1_1_post_tag\" name=\"post_tag\" value=\"\" data-output=\"bootstrap\" data-initial=\"{&quot;values&quot;:&quot;&quot;,&quot;name&quot;:&quot;post_tag&quot;}\" class=\"wpt-form-hidden form-hidden\" data-wpt-id=\"cred_form_2793_1_1_cred_form_2793_1_1_post_tag\" data-wpt-name=\"post_tag\" \/><div class=\"tagchecklist tagchecklist-post_tag\"><\/div>\r\n\r\n<input type=\"text\" id=\"cred_form_2793_1_1_tmp_post_tag\" name=\"tmp_post_tag\" value=\"\" data-taxonomy=\"post_tag\" data-taxtype=\"flat\" class=\"wpt-new-taxonomy-title js-wpt-new-taxonomy-title form-control wpt-form-textfield form-textfield textfield\" data-wpt-type=\"textfield\" data-wpt-id=\"cred_form_2793_1_1_cred_form_2793_1_1_tmp_post_tag\" data-wpt-name=\"tmp_post_tag\" \/>\r\n\r\n<input type=\"button\" id=\"cred_form_2793_1_1_new_tax_button_post_tag\" name=\"new_tax_button_post_tag\" value=\"Add\" class=\"wpt-taxonomy-add-new js-wpt-taxonomy-add-new btn btn-primary wpt-form-button form-button button\" data-taxonomy=\"post_tag\" \/><div class=\"shmpt-post_tag wpt-taxonomy-show-popular-list js-show-popular-after well well-default\" style=\"display:none\"><a href=\"#\" class=\"wpt-taxonomy-popular-add js-wpt-taxonomy-popular-add tax-basic-language taxonomy-post_tag-619\" data-slug=\"basic-language\" data-name=\"basic language\" data-taxonomy=\"post_tag\" style=\"font-size:1.730000em;\">basic language<\/a> <a href=\"#\" class=\"wpt-taxonomy-popular-add js-wpt-taxonomy-popular-add tax-infants taxonomy-post_tag-617\" data-slug=\"infants\" data-name=\"infants\" data-taxonomy=\"post_tag\" style=\"font-size:1.800000em;\">infants<\/a> <a href=\"#\" class=\"wpt-taxonomy-popular-add js-wpt-taxonomy-popular-add tax-preschoolers taxonomy-post_tag-618\" data-slug=\"preschoolers\" data-name=\"preschoolers\" data-taxonomy=\"post_tag\" style=\"font-size:1.730000em;\">preschoolers<\/a> <a href=\"#\" class=\"wpt-taxonomy-popular-add js-wpt-taxonomy-popular-add tax-language-development taxonomy-post_tag-620\" data-slug=\"language-development\" data-name=\"language development\" data-taxonomy=\"post_tag\" style=\"font-size:1.700000em;\">language development<\/a> <a href=\"#\" class=\"wpt-taxonomy-popular-add js-wpt-taxonomy-popular-add tax-ukraine taxonomy-post_tag-101\" data-slug=\"ukraine\" data-name=\"Ukraine\" data-taxonomy=\"post_tag\" style=\"font-size:1.010000em;\">Ukraine<\/a> <a href=\"#\" class=\"wpt-taxonomy-popular-add js-wpt-taxonomy-popular-add tax-in-latvian taxonomy-post_tag-406\" data-slug=\"in-latvian\" data-name=\"In Latvian\" data-taxonomy=\"post_tag\" style=\"font-size:0.930000em;\">In Latvian<\/a> <a href=\"#\" class=\"wpt-taxonomy-popular-add js-wpt-taxonomy-popular-add tax-lnak-en taxonomy-post_tag-259\" data-slug=\"lnak-en\" data-name=\"LNAK\" data-taxonomy=\"post_tag\" style=\"font-size:1.710000em;\">LNAK<\/a> <a href=\"#\" class=\"wpt-taxonomy-popular-add js-wpt-taxonomy-popular-add tax-contest taxonomy-post_tag-215\" data-slug=\"contest\" data-name=\"contest\" data-taxonomy=\"post_tag\" style=\"font-size:0.830000em;\">contest<\/a> <a href=\"#\" class=\"wpt-taxonomy-popular-add js-wpt-taxonomy-popular-add tax-toronto-en taxonomy-post_tag-261\" data-slug=\"toronto-en\" data-name=\"Toronto\" data-taxonomy=\"post_tag\" style=\"font-size:0.870000em;\">Toronto<\/a> <a href=\"#\" class=\"wpt-taxonomy-popular-add js-wpt-taxonomy-popular-add tax-children-en taxonomy-post_tag-598\" data-slug=\"children-en\" data-name=\"children\" data-taxonomy=\"post_tag\" style=\"font-size:0.800000em;\">children<\/a> <\/div>\r\n<a\n\t\t\t\tstyle='display:none;'\n\t\t\t\tdata-taxonomy='post_tag'\n\t\t\t\tdata-after-selector='js-show-popular-after'\n\t\t\t\tdata-show-popular-text='Show Popular'\n\t\t\t\tdata-hide-popular-text='Hide Popular'\n\t\t\t\tclass = 'popular wpt-taxonomy-popular-show-hide js-wpt-taxonomy-popular-show-hide dashicons-before dashicons-plus-alt'\n\t\t\t\tdata-output = 'bootstrap'\n\t\t\t\trole = 'button'\n\t\t\t\tname = 'sh_post_tag'\n            >Show Popular<\/a>\r\n<input type=\"button\" id=\"cred_form_2793_1_1_sh_post_tag\" name=\"sh_post_tag\" value=\"Show Popular\" class=\"popular wpt-taxonomy-popular-show-hide js-wpt-taxonomy-popular-show-hide btn btn-primary wpt-form-button form-button button\" data-taxonomy=\"post_tag\" data-show-popular-text=\"Show Popular\" data-hide-popular-text=\"Hide Popular\" data-after-selector=\"js-show-popular-after\" style=\"display:none;\" data-output=\"bootstrap\" \/><\/div>\r\n<div class=\"btn btn-secondary js-taxonomy-button-placeholder\" data-taxonomy=\"post_tag\" data-label=\"\" style=\"display:none\"><\/div>\r\n\t<\/div>\r\n\tJaunums: varat pievienot vienu vai vair\u0101kus videos no Youtube. \r\nYou may add one more videos to your post.  Please copy and paste the link from the Youtube video.\r\n\t<div class=\"form-group\">\r\n\t\t<label for=\"cred_form_2793_1_1_general-news-item-video0\">General News Item Video<\/label>\r\n\t\t<div class=\"js-wpt-field-items js-wpt-repetitive wpt-repetitive\" data-initial-conditional=\"\" data-item_name=\"embed-wpcf-general-news-item-video\"><div class=\"wpt-repctl wpt-repctl-flex\"><div class=\"wpt-repetitive-controls\"><span role=\"button\" class=\"js-wpt-repdrag wpt-repdrag dashicons dashicons-move\"><\/span><span role=\"button\" class=\"js-wpt-repdelete wpt-repdelete dashicons-before dashicons-trash\" title=\"Remove General News Item Video repetition\"><\/span><\/div><div class=\"wpt-repetitive-field\">\r\n<input type=\"text\" id=\"cred_form_2793_1_1_general-news-item-video0\" name=\"wpcf-general-news-item-video[0]\" value=\"\" class=\"form-control wpt-form-textfield form-textfield textfield\" output=\"bootstrap\" preset_value=\"\" urlparam=\"\" preview=\"\" previewsize=\"\" select_label=\"\" edit_label=\"\" value_escape=\"\" make_readonly=\"\" placeholder=\"\" select_text=\"\" data-wpt-validate=\"{&quot;url&quot;:{&quot;args&quot;:{&quot;1&quot;:true},&quot;message&quot;:&quot;Please enter a valid URL address.&quot;}}\" data-wpt-field-title=\"General News Item Video\" data-parsley-type=\"url\" data-parsley-error-message=\"Please enter a valid URL address.\" data-wpt-type=\"textfield\" data-wpt-id=\"cred_form_2793_1_1_cred_form_2793_1_1_general-news-item-video0\" data-wpt-name=\"wpcf-general-news-item-video\" \/>\r\n<\/div><\/div><a role=\"button\" class=\"js-wpt-repadd wpt-repadd dashicons-before dashicons-plus-alt\" data-wpt-type=\"embed\" data-wpt-id=\"cred_form_2793_1_1_wpcf-general-news-item-video\">Add new<\/a><\/div>\r\n\t<\/div>\r\n\t<input type=\"submit\" id=\"cred_form_2793_1_1_form_submit_1\" name=\"form_submit_1\" value=\"Submitit\" class=\"btn btn-primary btn-lg wpt-form-submit form-submit submit\" \/>\r\n<input type=\"hidden\" id=\"cred_form_2793_1_1__cred_cred_prefix_post_id\" name=\"_cred_cred_prefix_post_id\" value=\"16322\" class=\"wpt-form-hidden form-hidden\" data-wpt-id=\"cred_form_2793_1_1_cred_form_2793_1_1__cred_cred_prefix_post_id\" data-wpt-name=\"_cred_cred_prefix_post_id\" \/><input type=\"hidden\" id=\"cred_form_2793_1_1__cred_cred_prefix_cred_container_id\" name=\"_cred_cred_prefix_cred_container_id\" value=\"4932\" class=\"wpt-form-hidden form-hidden\" data-wpt-id=\"cred_form_2793_1_1_cred_form_2793_1_1__cred_cred_prefix_cred_container_id\" data-wpt-name=\"_cred_cred_prefix_cred_container_id\" \/><input type=\"hidden\" id=\"cred_form_2793_1_1__cred_cred_prefix_form_id\" name=\"_cred_cred_prefix_form_id\" value=\"2793\" class=\"wpt-form-hidden form-hidden\" data-wpt-id=\"cred_form_2793_1_1_cred_form_2793_1_1__cred_cred_prefix_form_id\" data-wpt-name=\"_cred_cred_prefix_form_id\" \/><input type=\"hidden\" id=\"cred_form_2793_1_1__cred_cred_prefix_form_count\" name=\"_cred_cred_prefix_form_count\" value=\"1\" class=\"wpt-form-hidden form-hidden\" data-wpt-id=\"cred_form_2793_1_1_cred_form_2793_1_1__cred_cred_prefix_form_count\" data-wpt-name=\"_cred_cred_prefix_form_count\" \/><\/form><\/div>\n","protected":false},"excerpt":{"rendered":"<p>This is where you can add an article that is not associated with a specific organization.<\/p>\n","protected":false},"author":1,"featured_media":0,"parent":0,"menu_order":0,"comment_status":"closed","ping_status":"closed","template":"","meta":{"_uag_custom_page_level_css":"","_monsterinsights_skip_tracking":false,"_monsterinsights_sitenote_active":false,"_monsterinsights_sitenote_note":"","_monsterinsights_sitenote_category":0,"site-sidebar-layout":"default","site-content-layout":"","ast-site-content-layout":"","site-content-style":"default","site-sidebar-style":"default","ast-global-header-display":"","ast-banner-title-visibility":"","ast-main-header-display":"","ast-hfb-above-header-display":"","ast-hfb-below-header-display":"","ast-hfb-mobile-header-display":"","site-post-title":"","ast-breadcrumbs-content":"","ast-featured-img":"","footer-sml-layout":"","theme-transparent-header-meta":"","adv-header-id-meta":"","stick-header-meta":"","header-above-stick-meta":"","header-main-stick-meta":"","header-below-stick-meta":"","astra-migrate-meta-layouts":"","ast-page-background-enabled":"default","ast-page-background-meta":{"desktop":{"background-color":"","background-image":"","background-repeat":"repeat","background-position":"center center","background-size":"auto","background-attachment":"scroll","background-type":"","background-media":"","overlay-type":"","overlay-color":"","overlay-gradient":""},"tablet":{"background-color":"","background-image":"","background-repeat":"repeat","background-position":"center center","background-size":"auto","background-attachment":"scroll","background-type":"","background-media":"","overlay-type":"","overlay-color":"","overlay-gradient":""},"mobile":{"background-color":"","background-image":"","background-repeat":"repeat","background-position":"center center","background-size":"auto","background-attachment":"scroll","background-type":"","background-media":"","overlay-type":"","overlay-color":"","overlay-gradient":""}},"ast-content-background-meta":{"desktop":{"background-color":"var(--ast-global-color-5)","background-image":"","background-repeat":"repeat","background-position":"center center","background-size":"auto","background-attachment":"scroll","background-type":"","background-media":"","overlay-type":"","overlay-color":"","overlay-gradient":""},"tablet":{"background-color":"var(--ast-global-color-5)","background-image":"","background-repeat":"repeat","background-position":"center center","background-size":"auto","background-attachment":"scroll","background-type":"","background-media":"","overlay-type":"","overlay-color":"","overlay-gradient":""},"mobile":{"background-color":"var(--ast-global-color-5)","background-image":"","background-repeat":"repeat","background-position":"center center","background-size":"auto","background-attachment":"scroll","background-type":"","background-media":"","overlay-type":"","overlay-color":"","overlay-gradient":""}},"footnotes":""},"class_list":["post-4932","page","type-page","status-publish","hentry"],"aioseo_notices":[],"uagb_featured_image_src":{"full":false,"thumbnail":false,"medium":false,"medium_large":false,"large":false,"1536x1536":false,"2048x2048":false},"uagb_author_info":{"display_name":"ADMIN","author_link":"https:\/\/lnak.net\/en\/author\/admin\/"},"uagb_comment_info":0,"uagb_excerpt":"This is where you can add an article that is not associated with a specific organization.","_links":{"self":[{"href":"https:\/\/lnak.net\/en\/wp-json\/wp\/v2\/pages\/4932","targetHints":{"allow":["GET"]}}],"collection":[{"href":"https:\/\/lnak.net\/en\/wp-json\/wp\/v2\/pages"}],"about":[{"href":"https:\/\/lnak.net\/en\/wp-json\/wp\/v2\/types\/page"}],"author":[{"embeddable":true,"href":"https:\/\/lnak.net\/en\/wp-json\/wp\/v2\/users\/1"}],"replies":[{"embeddable":true,"href":"https:\/\/lnak.net\/en\/wp-json\/wp\/v2\/comments?post=4932"}],"version-history":[{"count":0,"href":"https:\/\/lnak.net\/en\/wp-json\/wp\/v2\/pages\/4932\/revisions"}],"wp:attachment":[{"href":"https:\/\/lnak.net\/en\/wp-json\/wp\/v2\/media?parent=4932"}],"curies":[{"name":"wp","href":"https:\/\/api.w.org\/{rel}","templated":true}]}}