{"id":4534,"date":"2023-12-08T22:45:53","date_gmt":"2023-12-09T03:45:53","guid":{"rendered":"https:\/\/lnak.net\/?page_id=4534"},"modified":"2023-12-08T22:48:15","modified_gmt":"2023-12-09T03:48:15","slug":"ikf-lidzeklu-pieprasijuma-veidlapa","status":"publish","type":"page","link":"https:\/\/lnak.net\/en\/ikf-lidzeklu-pieprasijuma-veidlapa\/","title":{"rendered":"IKF l\u012bdzek\u013cu piepras\u012bjuma veidlapa"},"content":{"rendered":"\n<script type=\"text\/javascript\" src=\"https:\/\/northernvillage.formstack.com\/forms\/js.php\/lidzeklu_pieprasijuma_veidlapa\"><\/script><noscript><a href=\"https:\/\/northernvillage.formstack.com\/forms\/lidzeklu_pieprasijuma_veidlapa\" title=\"Online Form\">Online Form &#8211; L\u012bdzek\u013cu piepras\u012bjuma veidlapa<\/a><\/noscript><div style=\"text-align:right; font-size:x-small;\"><a href=\"http:\/\/www.formstack.com?utm_source=jsembed&#038;utm_medium=product&#038;utm_campaign=product+branding&#038;fa=h,2791078\" title=\"HTML Form Creator\">HTML Form Creator<\/a><\/div>\n","protected":false},"excerpt":{"rendered":"<p>Online Form &#8211; L\u012bdzek\u013cu piepras\u012bjuma veidlapa HTML Form Creator<\/p>\n","protected":false},"author":1,"featured_media":0,"parent":0,"menu_order":0,"comment_status":"closed","ping_status":"closed","template":"","meta":{"_uag_custom_page_level_css":"","_monsterinsights_skip_tracking":false,"_monsterinsights_sitenote_active":false,"_monsterinsights_sitenote_note":"","_monsterinsights_sitenote_category":0,"site-sidebar-layout":"default","site-content-layout":"","ast-site-content-layout":"default","site-content-style":"default","site-sidebar-style":"default","ast-global-header-display":"","ast-banner-title-visibility":"","ast-main-header-display":"","ast-hfb-above-header-display":"","ast-hfb-below-header-display":"","ast-hfb-mobile-header-display":"","site-post-title":"","ast-breadcrumbs-content":"","ast-featured-img":"","footer-sml-layout":"","theme-transparent-header-meta":"","adv-header-id-meta":"","stick-header-meta":"","header-above-stick-meta":"","header-main-stick-meta":"","header-below-stick-meta":"","astra-migrate-meta-layouts":"set","ast-page-background-enabled":"default","ast-page-background-meta":{"desktop":{"background-color":"","background-image":"","background-repeat":"repeat","background-position":"center center","background-size":"auto","background-attachment":"scroll","background-type":"","background-media":"","overlay-type":"","overlay-color":"","overlay-gradient":""},"tablet":{"background-color":"","background-image":"","background-repeat":"repeat","background-position":"center center","background-size":"auto","background-attachment":"scroll","background-type":"","background-media":"","overlay-type":"","overlay-color":"","overlay-gradient":""},"mobile":{"background-color":"","background-image":"","background-repeat":"repeat","background-position":"center center","background-size":"auto","background-attachment":"scroll","background-type":"","background-media":"","overlay-type":"","overlay-color":"","overlay-gradient":""}},"ast-content-background-meta":{"desktop":{"background-color":"var(--ast-global-color-5)","background-image":"","background-repeat":"repeat","background-position":"center center","background-size":"auto","background-attachment":"scroll","background-type":"","background-media":"","overlay-type":"","overlay-color":"","overlay-gradient":""},"tablet":{"background-color":"var(--ast-global-color-5)","background-image":"","background-repeat":"repeat","background-position":"center center","background-size":"auto","background-attachment":"scroll","background-type":"","background-media":"","overlay-type":"","overlay-color":"","overlay-gradient":""},"mobile":{"background-color":"var(--ast-global-color-5)","background-image":"","background-repeat":"repeat","background-position":"center center","background-size":"auto","background-attachment":"scroll","background-type":"","background-media":"","overlay-type":"","overlay-color":"","overlay-gradient":""}},"footnotes":""},"class_list":["post-4534","page","type-page","status-publish","hentry"],"aioseo_notices":[],"uagb_featured_image_src":{"full":false,"thumbnail":false,"medium":false,"medium_large":false,"large":false,"1536x1536":false,"2048x2048":false},"uagb_author_info":{"display_name":"ADMIN","author_link":"https:\/\/lnak.net\/en\/author\/admin\/"},"uagb_comment_info":0,"uagb_excerpt":"Online Form &#8211; L\u012bdzek\u013cu piepras\u012bjuma veidlapa HTML Form Creator","_links":{"self":[{"href":"https:\/\/lnak.net\/en\/wp-json\/wp\/v2\/pages\/4534","targetHints":{"allow":["GET"]}}],"collection":[{"href":"https:\/\/lnak.net\/en\/wp-json\/wp\/v2\/pages"}],"about":[{"href":"https:\/\/lnak.net\/en\/wp-json\/wp\/v2\/types\/page"}],"author":[{"embeddable":true,"href":"https:\/\/lnak.net\/en\/wp-json\/wp\/v2\/users\/1"}],"replies":[{"embeddable":true,"href":"https:\/\/lnak.net\/en\/wp-json\/wp\/v2\/comments?post=4534"}],"version-history":[{"count":2,"href":"https:\/\/lnak.net\/en\/wp-json\/wp\/v2\/pages\/4534\/revisions"}],"predecessor-version":[{"id":4536,"href":"https:\/\/lnak.net\/en\/wp-json\/wp\/v2\/pages\/4534\/revisions\/4536"}],"wp:attachment":[{"href":"https:\/\/lnak.net\/en\/wp-json\/wp\/v2\/media?parent=4534"}],"curies":[{"name":"wp","href":"https:\/\/api.w.org\/{rel}","templated":true}]}}