{"id":452,"date":"2023-09-19T14:27:59","date_gmt":"2023-09-19T18:27:59","guid":{"rendered":"https:\/\/lnak.net\/?page_id=452"},"modified":"2023-10-18T02:21:13","modified_gmt":"2023-10-18T06:21:13","slug":"registrejiet-organizaciju-register-your-organization","status":"publish","type":"page","link":"https:\/\/lnak.net\/en\/registrejiet-organizaciju-register-your-organization\/","title":{"rendered":"Re\u0123istr\u0113jiet organiz\u0101ciju\/Register Your Organization"},"content":{"rendered":"\n<p>L\u016bdzam re\u0123istr\u0113t organiz\u0101ciju, izv\u0113loties lietot\u0101ja v\u0101rdu un paroli. N\u0101kamais solis ir ielogoties un izpild\u012bt &#8220;Pievieno savu organiz\u0101ciju&#8221; formu ar pamatinform\u0101ciju par organiz\u0101ciju.  P\u0113c tam var\u0113sit pievienot J\u016bsu organiz\u0101cijas jaun\u0101k\u0101s zi\u0146as, lietojot &#8220;Pievienojiet organiz\u0101cijas zi\u0146u&#8221; formu.<\/p>\n\n\n\n<p>We invite you to add your organization to the LNAK website, by registering as a user with a user name and password.  Once you have done so, please log in and fill in the &#8220;Register your organization&#8221; form, where you are able to give particulars about your organization.  After that, you may post news items about your organization, using the appropriate form. <\/p>\n\n\n\n<div class=\"wp-block-toolset-cred-form\"><form  id=\"cred_user_form_450_1_1\" class=\"cred-user-form cred-keep-original\" action=\"\/en\/wp-json\/wp\/v2\/pages\/452?_tt=1775460541\" data-form=\"{&quot;form_id&quot;:&quot;cred_user_form_450_1_1&quot;,&quot;use_ajax&quot;:&quot;0&quot;,&quot;wpv_page&quot;:1}\" data-conditionals=\"[]\" method=\"post\">\r\n\t<div class=\"form-group\">\r\n\t\t<label for=\"cred_user_form_450_1_1_user_login\">Lietot\u0101ja v\u0101rds\/Choose a user name - you may wish to use your organization's name<\/label>\r\n\t\t<div class=\"js-wpt-field-items js-wpt-repetitive wpt-repetitive\" data-initial-conditional=\"\" data-item_name=\"textfield-user_login\">\r\n<input type=\"text\" id=\"cred_user_form_450_1_1_user_login\" name=\"user_login\" value=\"\" preset_value=\"\" urlparam=\"\" make_readonly=\"\" max_width=\"\" max_height=\"\" class=\"form-control wpt-form-textfield form-textfield textfield\" output=\"bootstrap\" placeholder=\"\" data-wpt-validate=\"{&quot;username&quot;:{&quot;args&quot;:{&quot;1&quot;:true},&quot;message&quot;:&quot;The username can only contain alphanumeric characters, spaces, -, _, . or @&quot;},&quot;required&quot;:{&quot;args&quot;:{&quot;1&quot;:true},&quot;message&quot;:&quot;This field is required&quot;}}\" data-wpt-field-title=\"Username\" data-parsley-required=\"true\" data-parsley-required-message=\"This field is required\" data-parsley-credfilesize=\"1610612736\" data-wpt-type=\"textfield\" data-wpt-id=\"cred_user_form_450_1_1_cred_user_form_450_1_1_user_login\" data-wpt-name=\"user_login\" \/>\r\n<\/div>\r\n\t<\/div>\r\n\t<div class=\"form-group\">\r\n\t\t<label for=\"cred_user_form_450_1_1_nickname\">Organization's nickname<\/label>\r\n\t\t<div class=\"js-wpt-field-items js-wpt-repetitive wpt-repetitive\" data-initial-conditional=\"\" data-item_name=\"textfield-nickname\">\r\n<input type=\"text\" id=\"cred_user_form_450_1_1_nickname\" name=\"nickname\" value=\"\" preset_value=\"\" urlparam=\"\" make_readonly=\"\" max_width=\"\" max_height=\"\" class=\"form-control wpt-form-textfield form-textfield textfield\" output=\"bootstrap\" placeholder=\"\" data-wpt-type=\"textfield\" data-wpt-id=\"cred_user_form_450_1_1_cred_user_form_450_1_1_nickname\" data-wpt-name=\"nickname\" \/>\r\n<\/div>\r\n\t<\/div>\r\n\t<div class=\"form-group\">\r\n\t\t<label for=\"cred_user_form_450_1_1_user_pass\">Parole\/Password<\/label>\r\n\t\t<div class=\"js-wpt-field-items js-wpt-repetitive wpt-repetitive\" data-initial-conditional=\"\" data-item_name=\"password-user_pass\">\r\n<input type=\"password\" id=\"cred_user_form_450_1_1_user_pass\" name=\"user_pass\" value=\"\" preset_value=\"\" urlparam=\"\" make_readonly=\"\" max_width=\"\" max_height=\"\" class=\"form-control wpt-form-password form-password password\" output=\"bootstrap\" placeholder=\"\" data-wpt-validate=\"{&quot;required&quot;:{&quot;args&quot;:{&quot;1&quot;:true},&quot;message&quot;:&quot;This field is required&quot;}}\" data-wpt-field-title=\"Password\" data-parsley-required=\"true\" data-parsley-required-message=\"This field is required\" data-parsley-credfilesize=\"1610612736\" data-wpt-type=\"password\" data-wpt-id=\"cred_user_form_450_1_1_cred_user_form_450_1_1_user_pass\" data-wpt-name=\"user_pass\" \/>\r\n<\/div>\r\n<label for=\"cred_user_form_450_1_1_user_pass2\">Repeat Password<\/label><div class=\"js-wpt-field-items js-wpt-repetitive wpt-repetitive\" data-initial-conditional=\"\" data-item_name=\"password-user_pass2\">\r\n<input type=\"password\" id=\"cred_user_form_450_1_1_user_pass2\" name=\"user_pass2\" value=\"\" preset_value=\"\" urlparam=\"\" make_readonly=\"\" max_width=\"\" max_height=\"\" class=\"form-control wpt-form-password form-password password\" output=\"bootstrap\" placeholder=\"\" data-wpt-validate=\"{&quot;equalto&quot;:{&quot;args&quot;:{&quot;1&quot;:&quot;user_pass&quot;},&quot;message&quot;:&quot;Passwords do not match&quot;}}\" data-wpt-field-title=\"Repeat Password\" data-wpt-type=\"password\" data-wpt-id=\"cred_user_form_450_1_1_cred_user_form_450_1_1_user_pass2\" data-wpt-name=\"user_pass2\" \/>\r\n<\/div>\r\n\t<\/div>\r\n\t<div class=\"form-group\">\r\n\t\t<label for=\"cred_user_form_450_1_1_user_email\">E-pasta adrese\/Email address<\/label>\r\n\t\t<div class=\"js-wpt-field-items js-wpt-repetitive wpt-repetitive\" data-initial-conditional=\"\" data-item_name=\"email-user_email\">\r\n<input type=\"text\" id=\"cred_user_form_450_1_1_user_email\" name=\"user_email\" value=\"\" preset_value=\"\" urlparam=\"\" make_readonly=\"\" max_width=\"\" max_height=\"\" class=\"form-control wpt-form-textfield form-textfield textfield\" output=\"bootstrap\" placeholder=\"\" data-wpt-validate=\"{&quot;email&quot;:{&quot;args&quot;:{&quot;1&quot;:true},&quot;message&quot;:&quot;Please enter a valid email address&quot;},&quot;required&quot;:{&quot;args&quot;:{&quot;1&quot;:true},&quot;message&quot;:&quot;This field is required&quot;}}\" data-wpt-field-title=\"Email\" data-parsley-type=\"email\" data-parsley-error-message=\"Please enter a valid email address\" data-parsley-required=\"true\" data-parsley-required-message=\"This field is required\" data-parsley-credfilesize=\"1610612736\" data-wpt-type=\"textfield\" data-wpt-id=\"cred_user_form_450_1_1_cred_user_form_450_1_1_user_email\" data-wpt-name=\"user_email\" \/>\r\n<\/div>\r\n\t<\/div>\r\n\t<div class=\"form-group\">\r\n\t\t<label for=\"cred_user_form_450_1_1_first_name\">First name<\/label>\r\n\t\t<div class=\"js-wpt-field-items js-wpt-repetitive wpt-repetitive\" data-initial-conditional=\"\" data-item_name=\"textfield-first_name\">\r\n<input type=\"text\" id=\"cred_user_form_450_1_1_first_name\" name=\"first_name\" value=\"\" class=\"form-control wpt-form-textfield form-textfield textfield\" output=\"bootstrap\" preset_value=\"\" urlparam=\"\" preview=\"\" previewsize=\"\" select_label=\"\" edit_label=\"\" value_escape=\"\" make_readonly=\"\" placeholder=\"\" select_text=\"\" data-wpt-type=\"textfield\" data-wpt-id=\"cred_user_form_450_1_1_cred_user_form_450_1_1_first_name\" data-wpt-name=\"first_name\" \/>\r\n<\/div>\r\n\t<\/div>\r\n\t<div class=\"form-group\">\r\n\t\t<label for=\"cred_user_form_450_1_1_last_name\">Last name<\/label>\r\n\t\t<div class=\"js-wpt-field-items js-wpt-repetitive wpt-repetitive\" data-initial-conditional=\"\" data-item_name=\"textfield-last_name\">\r\n<input type=\"text\" id=\"cred_user_form_450_1_1_last_name\" name=\"last_name\" value=\"\" class=\"form-control wpt-form-textfield form-textfield textfield\" output=\"bootstrap\" preset_value=\"\" urlparam=\"\" preview=\"\" previewsize=\"\" select_label=\"\" edit_label=\"\" value_escape=\"\" make_readonly=\"\" placeholder=\"\" select_text=\"\" data-wpt-type=\"textfield\" data-wpt-id=\"cred_user_form_450_1_1_cred_user_form_450_1_1_last_name\" data-wpt-name=\"last_name\" \/>\r\n<\/div>\r\n\t<\/div>\r\n\t<div id=\"wpt-form-message-450\"\n\t\t\t              data-message-single=\"The user was not saved because of the following problem:\"\n\t\t\t              data-message-plural=\"The user was not saved because of the following %NN problems:\"\n\t\t\t              style=\"display:none;\" class=\"wpt-top-form-error wpt-form-error wpt-form-error-wrapper alert alert-danger alert alert-warning\"><\/div>\r\n\t<div class=\"form-group\">\r\n\t\t<label for=\"cred_user_form_450_1_1_description\">Your position in the organization<\/label>\r\n\t\t<div class=\"js-wpt-field-items js-wpt-repetitive wpt-repetitive\" data-initial-conditional=\"\" data-item_name=\"wysiwyg-description\"><div id=\"wp-cred_user_form_450_1_1_description-wrap\" class=\"wp-core-ui wp-editor-wrap tmce-active\"><div id=\"wp-cred_user_form_450_1_1_description-editor-tools\" class=\"wp-editor-tools hide-if-no-js\"><div class=\"wp-editor-tabs\"><button type=\"button\" id=\"cred_user_form_450_1_1_description-tmce\" aria-pressed=\"true\" class=\"wp-switch-editor switch-tmce\" data-wp-editor-id=\"cred_user_form_450_1_1_description\">Visual<\/button>\n<button type=\"button\" id=\"cred_user_form_450_1_1_description-html\" class=\"wp-switch-editor switch-html\" data-wp-editor-id=\"cred_user_form_450_1_1_description\">Code<\/button>\n<\/div>\n<\/div>\n<div id=\"wp-cred_user_form_450_1_1_description-editor-container\" class=\"wp-editor-container\"><div id=\"qt_cred_user_form_450_1_1_description_toolbar\" class=\"quicktags-toolbar hide-if-no-js\"><\/div><textarea data-submitanyway  class=\"wpt-wysiwyg js-toolset-wysiwyg-skip-media js-toolset-wysiwyg-skip-toolset wp-editor-area\" rows=\"10\" autocomplete=\"off\" cols=\"40\" name=\"description\" id=\"cred_user_form_450_1_1_description\"><\/textarea><\/div>\n<\/div>\n\n\n\n<\/div>\r\n\t<\/div>\r\n\t<div class=\"js-wpt-field-items js-wpt-repetitive wpt-repetitive\" data-initial-conditional=\"\" data-item_name=\"recaptcha-recaptcha\"><div id=\"recaptcha_cred_user_form_450_1_1_recaptcha\" class=\"g-recaptcha\" data-sitekey=\"6Ld28-kpAAAAAEdyco3fFAWFpVwPcMKLOQQwTHkv\"><\/div><div class=\"recaptcha_error\" style=\"color:#aa0000;display:none;\">Please validate reCAPTCHA<\/div>\r\n\r\n<input type=\"text\" id=\"cred_user_form_450_1_1__recaptcha\" name=\"_recaptcha\" value=\"\" style=\"display:none;\" class=\"wpt-form-textfield form-textfield textfield\" data-wpt-type=\"textfield\" data-wpt-id=\"cred_user_form_450_1_1_cred_user_form_450_1_1__recaptcha\" data-wpt-name=\"_recaptcha\" \/>\r\n<\/div>\r\n\t<input type=\"submit\" id=\"cred_user_form_450_1_1_form_submit_1\" name=\"form_submit_1\" value=\"Submit\" class=\"btn btn-primary btn-lg wpt-form-submit form-submit submit\" \/>\r\n<input type=\"hidden\" id=\"cred_user_form_450_1_1__cred_cred_prefix_cred_container_id\" name=\"_cred_cred_prefix_cred_container_id\" value=\"452\" class=\"wpt-form-hidden form-hidden\" data-wpt-id=\"cred_user_form_450_1_1_cred_user_form_450_1_1__cred_cred_prefix_cred_container_id\" data-wpt-name=\"_cred_cred_prefix_cred_container_id\" \/><input type=\"hidden\" id=\"cred_user_form_450_1_1__cred_cred_prefix_form_id\" name=\"_cred_cred_prefix_form_id\" value=\"450\" class=\"wpt-form-hidden form-hidden\" data-wpt-id=\"cred_user_form_450_1_1_cred_user_form_450_1_1__cred_cred_prefix_form_id\" data-wpt-name=\"_cred_cred_prefix_form_id\" \/><input type=\"hidden\" id=\"cred_user_form_450_1_1__cred_cred_prefix_form_count\" name=\"_cred_cred_prefix_form_count\" value=\"1\" class=\"wpt-form-hidden form-hidden\" data-wpt-id=\"cred_user_form_450_1_1_cred_user_form_450_1_1__cred_cred_prefix_form_count\" data-wpt-name=\"_cred_cred_prefix_form_count\" \/><\/form><\/div>\n","protected":false},"excerpt":{"rendered":"<p>L\u016bdzam re\u0123istr\u0113t organiz\u0101ciju, izv\u0113loties lietot\u0101ja v\u0101rdu un paroli. N\u0101kamais solis ir ielogoties un izpild\u012bt &#8220;Pievieno savu organiz\u0101ciju&#8221; formu ar pamatinform\u0101ciju par organiz\u0101ciju. P\u0113c tam var\u0113sit pievienot J\u016bsu organiz\u0101cijas jaun\u0101k\u0101s zi\u0146as, lietojot &#8220;Pievienojiet organiz\u0101cijas zi\u0146u&#8221; formu. We invite you to add your organization to the LNAK website, by registering as a user with a user name &hellip;<\/p>\n<p class=\"read-more\"> <a class=\"\" href=\"https:\/\/lnak.net\/en\/registrejiet-organizaciju-register-your-organization\/\"> <span class=\"screen-reader-text\">Re\u0123istr\u0113jiet organiz\u0101ciju\/Register Your Organization<\/span> Read More &raquo;<\/a><\/p>\n","protected":false},"author":1,"featured_media":0,"parent":0,"menu_order":0,"comment_status":"closed","ping_status":"closed","template":"","meta":{"_uag_custom_page_level_css":"","_monsterinsights_skip_tracking":false,"_monsterinsights_sitenote_active":false,"_monsterinsights_sitenote_note":"","_monsterinsights_sitenote_category":0,"site-sidebar-layout":"default","site-content-layout":"","ast-site-content-layout":"default","site-content-style":"default","site-sidebar-style":"default","ast-global-header-display":"","ast-banner-title-visibility":"","ast-main-header-display":"","ast-hfb-above-header-display":"","ast-hfb-below-header-display":"","ast-hfb-mobile-header-display":"","site-post-title":"","ast-breadcrumbs-content":"","ast-featured-img":"","footer-sml-layout":"","theme-transparent-header-meta":"","adv-header-id-meta":"","stick-header-meta":"","header-above-stick-meta":"","header-main-stick-meta":"","header-below-stick-meta":"","astra-migrate-meta-layouts":"set","ast-page-background-enabled":"default","ast-page-background-meta":{"desktop":{"background-color":"","background-image":"","background-repeat":"repeat","background-position":"center center","background-size":"auto","background-attachment":"scroll","background-type":"","background-media":"","overlay-type":"","overlay-color":"","overlay-gradient":""},"tablet":{"background-color":"","background-image":"","background-repeat":"repeat","background-position":"center center","background-size":"auto","background-attachment":"scroll","background-type":"","background-media":"","overlay-type":"","overlay-color":"","overlay-gradient":""},"mobile":{"background-color":"","background-image":"","background-repeat":"repeat","background-position":"center center","background-size":"auto","background-attachment":"scroll","background-type":"","background-media":"","overlay-type":"","overlay-color":"","overlay-gradient":""}},"ast-content-background-meta":{"desktop":{"background-color":"var(--ast-global-color-5)","background-image":"","background-repeat":"repeat","background-position":"center center","background-size":"auto","background-attachment":"scroll","background-type":"","background-media":"","overlay-type":"","overlay-color":"","overlay-gradient":""},"tablet":{"background-color":"var(--ast-global-color-5)","background-image":"","background-repeat":"repeat","background-position":"center center","background-size":"auto","background-attachment":"scroll","background-type":"","background-media":"","overlay-type":"","overlay-color":"","overlay-gradient":""},"mobile":{"background-color":"var(--ast-global-color-5)","background-image":"","background-repeat":"repeat","background-position":"center center","background-size":"auto","background-attachment":"scroll","background-type":"","background-media":"","overlay-type":"","overlay-color":"","overlay-gradient":""}},"footnotes":""},"class_list":["post-452","page","type-page","status-publish","hentry"],"aioseo_notices":[],"uagb_featured_image_src":{"full":false,"thumbnail":false,"medium":false,"medium_large":false,"large":false,"1536x1536":false,"2048x2048":false},"uagb_author_info":{"display_name":"ADMIN","author_link":"https:\/\/lnak.net\/en\/author\/admin\/"},"uagb_comment_info":0,"uagb_excerpt":"L\u016bdzam re\u0123istr\u0113t organiz\u0101ciju, izv\u0113loties lietot\u0101ja v\u0101rdu un paroli. N\u0101kamais solis ir ielogoties un izpild\u012bt &#8220;Pievieno savu organiz\u0101ciju&#8221; formu ar pamatinform\u0101ciju par organiz\u0101ciju. P\u0113c tam var\u0113sit pievienot J\u016bsu organiz\u0101cijas jaun\u0101k\u0101s zi\u0146as, lietojot &#8220;Pievienojiet organiz\u0101cijas zi\u0146u&#8221; formu. We invite you to add your organization to the LNAK website, by registering as a user with a user name&hellip;","_links":{"self":[{"href":"https:\/\/lnak.net\/en\/wp-json\/wp\/v2\/pages\/452","targetHints":{"allow":["GET"]}}],"collection":[{"href":"https:\/\/lnak.net\/en\/wp-json\/wp\/v2\/pages"}],"about":[{"href":"https:\/\/lnak.net\/en\/wp-json\/wp\/v2\/types\/page"}],"author":[{"embeddable":true,"href":"https:\/\/lnak.net\/en\/wp-json\/wp\/v2\/users\/1"}],"replies":[{"embeddable":true,"href":"https:\/\/lnak.net\/en\/wp-json\/wp\/v2\/comments?post=452"}],"version-history":[{"count":0,"href":"https:\/\/lnak.net\/en\/wp-json\/wp\/v2\/pages\/452\/revisions"}],"wp:attachment":[{"href":"https:\/\/lnak.net\/en\/wp-json\/wp\/v2\/media?parent=452"}],"curies":[{"name":"wp","href":"https:\/\/api.w.org\/{rel}","templated":true}]}}