{"id":4221,"date":"2023-11-17T16:41:58","date_gmt":"2023-11-17T21:41:58","guid":{"rendered":"https:\/\/lnak.net\/?page_id=4221"},"modified":"2023-11-17T16:45:14","modified_gmt":"2023-11-17T21:45:14","slug":"lrdf","status":"publish","type":"page","link":"https:\/\/lnak.net\/en\/lrdf\/","title":{"rendered":"LRDF"},"content":{"rendered":"\n<h2 class=\"wp-block-heading\">Latvia Relief and Development Fund<\/h2>\n\n\n\n<h3 class=\"wp-block-heading\">Pal\u012bdz\u012bbas un Att\u012bst\u012bbas fonds Latvijai<\/h3>\n\n\n\n<p>LRDF tika dibin\u0101ta 1990. gada decembr\u012b un inkorpor\u0113ta k\u0101 re\u0123istr\u0113ta bezpe\u013c\u0146as, labdar\u012bbas organiz\u0101cija Kanad\u0101.<\/p>\n\n\n\n<p>Fonds dod visiem iesp\u0113ju ziedot naudu, lai atbalst\u012btu vair\u0101kus projektus Latvij\u0101 . LRDF vada valde, kas tiek iev\u0113l\u0113ta gadsk\u0101rt\u0113j\u0101 pilnsapulc\u0113. Pa\u0161reiz\u0113jais priek\u0161nieks ir Dr. J\u0101nis L\u016bsis .<\/p>\n\n\n\n<p><strong>LRDF un t\u0101s a\u0123enti:<\/strong><\/p>\n\n\n\n<ol class=\"wp-block-list\">\n<li>veic programmas, lai atbalst\u012bt tr\u016bkumciet\u0113jus Latvij\u0101 un sniegt hum\u0101nit\u0101ro pal\u012bdz\u012bbu<\/li>\n\n\n\n<li>veic programmas veciem \u013caud\u012bm un inval\u012bdiem<\/li>\n\n\n\n<li>veic izgl\u012bt\u012bbas programmas, ar uzsvaru uz jaunatni<\/li>\n<\/ol>\n\n\n\n<p>Kop\u0161 1990. g., LRDF ir pal\u012bdz\u0113jusi finans\u0113t piecpadsmit atsevi\u0161\u0137us projektus. P\u0113d\u0113jos se\u0161os gados, LRDF ir atbalst\u012bjusi projektus $800,000 (Kan) apm\u0113r\u0101! No \u0161iem piecpadsmit projektiem, \u010detri joproj\u0101m darbojas, un kuriem ir nepiecie\u0161ams atbalsts:<\/p>\n\n\n\n<ol class=\"wp-block-list\">\n<li>\u201cPasaka\u201d \u2013 vasaras nometne b\u0101re\u0146iem<\/li>\n\n\n\n<li>Universit\u0101tes stipendijas caur \u201cV\u012btolu Fondu\u201d<\/li>\n\n\n\n<li>Okup\u0101cijas muzejs<\/li>\n\n\n\n<li>Atbalsts ciet\u0113jiem \u201dZolit\u016bdes\u201d tra\u0123\u0113dij\u0101 \u2013 kop\u0101 ar LNAK ( l\u012bdz 2014. g. febru\u0101rim)<\/li>\n<\/ol>\n\n\n\n<p><strong>\u0160iem projektiem ir vajadz\u012bgs J\u016bsu atbalsts!<\/strong><\/p>\n\n\n\n<p>\u010cekus var izrakst\u012bt uz \u201eLRDF\u201d vai \u201eLatvia Relief and Development Fund\u201d v\u0101rd\u0101. Ja J\u016bs v\u0113laties noz\u012bm\u0113t \u012bpa\u0161u projektu, tad to ierakstiet uz J\u016bsu \u010deku, apak\u0161\u0113j\u0101 st\u016br\u012b. Individu\u0101lie ziedot\u0101ji sa\u0146ems kv\u012bti ien\u0101kuma nodok\u013ciem.<\/p>\n\n\n\n<p><strong>Adrese:<\/strong>&nbsp;\u201cLRDF\u201d, 4 Credit Union Drive, Ontario, M4A 2N8, Kanada<\/p>\n","protected":false},"excerpt":{"rendered":"<p>Latvia Relief and Development Fund Pal\u012bdz\u012bbas un Att\u012bst\u012bbas fonds Latvijai LRDF tika dibin\u0101ta 1990. gada decembr\u012b un inkorpor\u0113ta k\u0101 re\u0123istr\u0113ta bezpe\u013c\u0146as, labdar\u012bbas organiz\u0101cija Kanad\u0101. Fonds dod visiem iesp\u0113ju ziedot naudu, lai atbalst\u012btu vair\u0101kus projektus Latvij\u0101 . LRDF vada valde, kas tiek iev\u0113l\u0113ta gadsk\u0101rt\u0113j\u0101 pilnsapulc\u0113. Pa\u0161reiz\u0113jais priek\u0161nieks ir Dr. J\u0101nis L\u016bsis . LRDF un t\u0101s a\u0123enti: &hellip;<\/p>\n<p class=\"read-more\"> <a class=\"\" href=\"https:\/\/lnak.net\/en\/lrdf\/\"> <span class=\"screen-reader-text\">LRDF<\/span> Read More &raquo;<\/a><\/p>\n","protected":false},"author":1,"featured_media":0,"parent":0,"menu_order":0,"comment_status":"closed","ping_status":"closed","template":"","meta":{"_uag_custom_page_level_css":"","_monsterinsights_skip_tracking":false,"_monsterinsights_sitenote_active":false,"_monsterinsights_sitenote_note":"","_monsterinsights_sitenote_category":0,"site-sidebar-layout":"default","site-content-layout":"","ast-site-content-layout":"default","site-content-style":"default","site-sidebar-style":"default","ast-global-header-display":"","ast-banner-title-visibility":"","ast-main-header-display":"","ast-hfb-above-header-display":"","ast-hfb-below-header-display":"","ast-hfb-mobile-header-display":"","site-post-title":"","ast-breadcrumbs-content":"","ast-featured-img":"","footer-sml-layout":"","theme-transparent-header-meta":"","adv-header-id-meta":"","stick-header-meta":"","header-above-stick-meta":"","header-main-stick-meta":"","header-below-stick-meta":"","astra-migrate-meta-layouts":"set","ast-page-background-enabled":"default","ast-page-background-meta":{"desktop":{"background-color":"","background-image":"","background-repeat":"repeat","background-position":"center center","background-size":"auto","background-attachment":"scroll","background-type":"","background-media":"","overlay-type":"","overlay-color":"","overlay-gradient":""},"tablet":{"background-color":"","background-image":"","background-repeat":"repeat","background-position":"center center","background-size":"auto","background-attachment":"scroll","background-type":"","background-media":"","overlay-type":"","overlay-color":"","overlay-gradient":""},"mobile":{"background-color":"","background-image":"","background-repeat":"repeat","background-position":"center center","background-size":"auto","background-attachment":"scroll","background-type":"","background-media":"","overlay-type":"","overlay-color":"","overlay-gradient":""}},"ast-content-background-meta":{"desktop":{"background-color":"var(--ast-global-color-5)","background-image":"","background-repeat":"repeat","background-position":"center center","background-size":"auto","background-attachment":"scroll","background-type":"","background-media":"","overlay-type":"","overlay-color":"","overlay-gradient":""},"tablet":{"background-color":"var(--ast-global-color-5)","background-image":"","background-repeat":"repeat","background-position":"center center","background-size":"auto","background-attachment":"scroll","background-type":"","background-media":"","overlay-type":"","overlay-color":"","overlay-gradient":""},"mobile":{"background-color":"var(--ast-global-color-5)","background-image":"","background-repeat":"repeat","background-position":"center center","background-size":"auto","background-attachment":"scroll","background-type":"","background-media":"","overlay-type":"","overlay-color":"","overlay-gradient":""}},"footnotes":""},"class_list":["post-4221","page","type-page","status-publish","hentry"],"aioseo_notices":[],"uagb_featured_image_src":{"full":false,"thumbnail":false,"medium":false,"medium_large":false,"large":false,"1536x1536":false,"2048x2048":false},"uagb_author_info":{"display_name":"ADMIN","author_link":"https:\/\/lnak.net\/en\/author\/admin\/"},"uagb_comment_info":0,"uagb_excerpt":"Latvia Relief and Development Fund Pal\u012bdz\u012bbas un Att\u012bst\u012bbas fonds Latvijai LRDF tika dibin\u0101ta 1990. gada decembr\u012b un inkorpor\u0113ta k\u0101 re\u0123istr\u0113ta bezpe\u013c\u0146as, labdar\u012bbas organiz\u0101cija Kanad\u0101. Fonds dod visiem iesp\u0113ju ziedot naudu, lai atbalst\u012btu vair\u0101kus projektus Latvij\u0101 . LRDF vada valde, kas tiek iev\u0113l\u0113ta gadsk\u0101rt\u0113j\u0101 pilnsapulc\u0113. Pa\u0161reiz\u0113jais priek\u0161nieks ir Dr. J\u0101nis L\u016bsis . LRDF un t\u0101s a\u0123enti:&hellip;","_links":{"self":[{"href":"https:\/\/lnak.net\/en\/wp-json\/wp\/v2\/pages\/4221","targetHints":{"allow":["GET"]}}],"collection":[{"href":"https:\/\/lnak.net\/en\/wp-json\/wp\/v2\/pages"}],"about":[{"href":"https:\/\/lnak.net\/en\/wp-json\/wp\/v2\/types\/page"}],"author":[{"embeddable":true,"href":"https:\/\/lnak.net\/en\/wp-json\/wp\/v2\/users\/1"}],"replies":[{"embeddable":true,"href":"https:\/\/lnak.net\/en\/wp-json\/wp\/v2\/comments?post=4221"}],"version-history":[{"count":2,"href":"https:\/\/lnak.net\/en\/wp-json\/wp\/v2\/pages\/4221\/revisions"}],"predecessor-version":[{"id":4224,"href":"https:\/\/lnak.net\/en\/wp-json\/wp\/v2\/pages\/4221\/revisions\/4224"}],"wp:attachment":[{"href":"https:\/\/lnak.net\/en\/wp-json\/wp\/v2\/media?parent=4221"}],"curies":[{"name":"wp","href":"https:\/\/api.w.org\/{rel}","templated":true}]}}