{"id":156,"date":"2023-03-15T22:02:33","date_gmt":"2023-03-16T02:02:33","guid":{"rendered":"https:\/\/lnak.net\/?page_id=156"},"modified":"2023-08-21T14:37:30","modified_gmt":"2023-08-21T18:37:30","slug":"pievienojiet-organizacijas-zinu","status":"publish","type":"page","link":"https:\/\/lnak.net\/en\/pievienojiet-organizacijas-zinu\/","title":{"rendered":"Pievienojiet organiz\u0101cijas zi\u0146u"},"content":{"rendered":"\n<p>L\u016bdzu izpildiet \u0161o formu, lai pievienotu organiz\u0101cijas zi\u0146u.  Ja J\u016bsu organiz\u0101cija nepar\u0101d\u0101s sarakst\u0101, tad l\u016bdzu vispirms pievienojiet savu organiz\u0101ciju.<\/p>\n\n\n\n<div class=\"wp-block-toolset-cred-form\"><\/div>\n","protected":false},"excerpt":{"rendered":"<p>L\u016bdzu izpildiet \u0161o formu, lai pievienotu organiz\u0101cijas zi\u0146u. Ja J\u016bsu organiz\u0101cija nepar\u0101d\u0101s sarakst\u0101, tad l\u016bdzu vispirms pievienojiet savu organiz\u0101ciju.<\/p>\n","protected":false},"author":1,"featured_media":0,"parent":0,"menu_order":0,"comment_status":"closed","ping_status":"closed","template":"","meta":{"_uag_custom_page_level_css":"","_monsterinsights_skip_tracking":false,"_monsterinsights_sitenote_active":false,"_monsterinsights_sitenote_note":"","_monsterinsights_sitenote_category":0,"site-sidebar-layout":"default","site-content-layout":"","ast-site-content-layout":"","site-content-style":"default","site-sidebar-style":"default","ast-global-header-display":"","ast-banner-title-visibility":"","ast-main-header-display":"","ast-hfb-above-header-display":"","ast-hfb-below-header-display":"","ast-hfb-mobile-header-display":"","site-post-title":"","ast-breadcrumbs-content":"","ast-featured-img":"","footer-sml-layout":"","theme-transparent-header-meta":"","adv-header-id-meta":"","stick-header-meta":"","header-above-stick-meta":"","header-main-stick-meta":"","header-below-stick-meta":"","astra-migrate-meta-layouts":"","ast-page-background-enabled":"default","ast-page-background-meta":{"desktop":{"background-color":"","background-image":"","background-repeat":"repeat","background-position":"center center","background-size":"auto","background-attachment":"scroll","background-type":"","background-media":"","overlay-type":"","overlay-color":"","overlay-gradient":""},"tablet":{"background-color":"","background-image":"","background-repeat":"repeat","background-position":"center center","background-size":"auto","background-attachment":"scroll","background-type":"","background-media":"","overlay-type":"","overlay-color":"","overlay-gradient":""},"mobile":{"background-color":"","background-image":"","background-repeat":"repeat","background-position":"center center","background-size":"auto","background-attachment":"scroll","background-type":"","background-media":"","overlay-type":"","overlay-color":"","overlay-gradient":""}},"ast-content-background-meta":{"desktop":{"background-color":"var(--ast-global-color-5)","background-image":"","background-repeat":"repeat","background-position":"center center","background-size":"auto","background-attachment":"scroll","background-type":"","background-media":"","overlay-type":"","overlay-color":"","overlay-gradient":""},"tablet":{"background-color":"var(--ast-global-color-5)","background-image":"","background-repeat":"repeat","background-position":"center center","background-size":"auto","background-attachment":"scroll","background-type":"","background-media":"","overlay-type":"","overlay-color":"","overlay-gradient":""},"mobile":{"background-color":"var(--ast-global-color-5)","background-image":"","background-repeat":"repeat","background-position":"center center","background-size":"auto","background-attachment":"scroll","background-type":"","background-media":"","overlay-type":"","overlay-color":"","overlay-gradient":""}},"footnotes":""},"class_list":["post-156","page","type-page","status-publish","hentry"],"aioseo_notices":[],"uagb_featured_image_src":{"full":false,"thumbnail":false,"medium":false,"medium_large":false,"large":false,"1536x1536":false,"2048x2048":false},"uagb_author_info":{"display_name":"ADMIN","author_link":"https:\/\/lnak.net\/en\/author\/admin\/"},"uagb_comment_info":0,"uagb_excerpt":"L\u016bdzu izpildiet \u0161o formu, lai pievienotu organiz\u0101cijas zi\u0146u. Ja J\u016bsu organiz\u0101cija nepar\u0101d\u0101s sarakst\u0101, tad l\u016bdzu vispirms pievienojiet savu organiz\u0101ciju.","_links":{"self":[{"href":"https:\/\/lnak.net\/en\/wp-json\/wp\/v2\/pages\/156","targetHints":{"allow":["GET"]}}],"collection":[{"href":"https:\/\/lnak.net\/en\/wp-json\/wp\/v2\/pages"}],"about":[{"href":"https:\/\/lnak.net\/en\/wp-json\/wp\/v2\/types\/page"}],"author":[{"embeddable":true,"href":"https:\/\/lnak.net\/en\/wp-json\/wp\/v2\/users\/1"}],"replies":[{"embeddable":true,"href":"https:\/\/lnak.net\/en\/wp-json\/wp\/v2\/comments?post=156"}],"version-history":[{"count":0,"href":"https:\/\/lnak.net\/en\/wp-json\/wp\/v2\/pages\/156\/revisions"}],"wp:attachment":[{"href":"https:\/\/lnak.net\/en\/wp-json\/wp\/v2\/media?parent=156"}],"curies":[{"name":"wp","href":"https:\/\/api.w.org\/{rel}","templated":true}]}}