{"id":1343,"date":"2023-09-05T12:56:58","date_gmt":"2023-09-05T16:56:58","guid":{"rendered":"https:\/\/lnak.net\/?page_id=1343"},"modified":"2023-12-05T23:00:55","modified_gmt":"2023-12-06T04:00:55","slug":"atbalstiet","status":"publish","type":"page","link":"https:\/\/lnak.net\/en\/atbalstiet\/","title":{"rendered":"Atbalstiet LNAK"},"content":{"rendered":"\n<div class=\"wp-block-toolset-blocks-grid tb-grid\" data-toolset-blocks-grid=\"3d9c399fe625e1b972f817a0680229f6\">\n<div class=\"wp-block-toolset-blocks-grid-column tb-grid-column tb-grid-align-top\" data-toolset-blocks-grid-column=\"3034fbe886c11054e95b46b09d3e4112\">\n<p>Katrs J\u016bsu ziedojums pal\u012bdz nodro\u0161in\u0101t Kan\u0101das latvie\u0161u sabiedr\u012bbas n\u0101kotni! LNAK pateicas par katru ziedojumu, maz\u0101ku vai liel\u0101ku.<\/p>\n\n\n\n<p><em>Latvie\u0161u Nacion\u0101l\u0101 Apvien\u012bba Kanad\u0101 (LNAK) ir latvie\u0161u centr\u0101l\u0101 bezpel\u0146as organiz\u0101cija kura ir inkorpor\u0113ta p\u0113c feder\u0101l\u0101s valsts noteikumiem ar m\u0113r\u0137i atbalst\u012bt latvie\u0161u sabiedr\u012bbu Kanad\u0101 un Latvij\u0101.<\/em><\/p>\n\n\n\n<p>L\u016bdzu atbalstiet LNAK ziedojot&nbsp;<strong>bez<\/strong>&nbsp;nodok\u013cu kv\u012btes. Ziedojums iet&nbsp;<strong>tie\u0161i visp\u0101r\u0113jai glob\u0101lai LNAK darb\u012bbai.<\/strong>&nbsp;\u010ceki rakst\u0101mi uz \u201cLNAK\u201d vai ar\u012b varat noziedot LNAK kont\u0101 Northern Birch kreditsabiedr\u012bb\u0101. Pa\u0161laik visp\u0101r\u0113j\u0101 darb\u012bba skait\u0101s bezpel\u0146as bet ne labv\u0113l\u012bbas (charity) aktivit\u0101te.<\/p>\n\n\n\n<p>Ja v\u0113laties ziedot tie\u0161i kult\u016brai un izgl\u012bt\u012bbai, l\u016bdzam <a href=\"https:\/\/lnak.net\/ziedojiet-izglitibas-un-kulturas-fondam\/\">ziedot&nbsp;<strong>LNAK Izgl\u012bt\u012bbas un Kult\u016bras Fondam (LNFC Educational and Cultural Fund<\/strong>).<\/a> IKF ir labv\u0113l\u012bbas (charitable) statuss bet patreiz\u0113jais mand\u0101ts nesedz LNAK visp\u0101r\u0113jo darb\u012bbu.<\/p>\n\n\n\n<p>Tuv\u0101ku paskaidrojumu varat sa\u0146emt kontakt\u0113joties ar LNAK biroju.<\/p>\n<\/div>\n\n\n\n<div class=\"wp-block-toolset-blocks-grid-column tb-grid-column tb-grid-align-top\" data-toolset-blocks-grid-column=\"3034fbe886c11054e95b46b09d3e4112\">\n<h3 class=\"wp-block-heading\">Atst\u0101j testament\u0101ru nov\u0113l\u0113jumu LNAK<\/h3>\n\n\n\n<p>Lai turpin\u0101tu stiprin\u0101t Latvijas neatkar\u012bbu, atbalst\u012btu Latvijas intereses un veicin\u0101tu latvie\u0161u sabiedr\u012bbu, aicin\u0101m atbalst\u012bt LNAK ar testament\u0101ru nov\u0113l\u0113jumu!<\/p>\n\n\n\n<p>Kad esat atcer\u0113ju\u0161i savus tuviniekus, l\u016bdzu, apsveriet iesp\u0113ju sav\u0101 testament\u0101 da\u013cu nov\u0113l\u0113t LNAK (Latvie\u0161u Nacion\u0101l\u0101 Apvien\u012bba Kanad\u0101).<\/p>\n\n\n\n<p>Kop\u0161 dibin\u0101\u0161anas 1948. g. LNAK m\u0113r\u0137is ir c\u012bn\u012bties par Latvijas neatkar\u012bbas atjauno\u0161anu un uztur\u0113\u0161anu un ar\u012b latvie\u0161u kult\u016bras saglab\u0101\u0161anu. Visas LNAK darb\u012bbas jomas &#8211; pol\u012btika, kult\u016bra, izgl\u012bt\u012bba, sports, apr\u016bpe un citas ir ie\u0146\u0113mu\u0161as noz\u012bm\u012bgas lomas latvie\u0161u sabiedr\u012bb\u0101 pag\u0101tn\u0113. Ir j\u0101dara viss lai LNAK ar\u012b b\u016btu tik pat gai\u0161a n\u0101kotne.<\/p>\n\n\n\n<p>Atst\u0101t\u0101 da\u013ca testament\u0101 LNAK ir palieko\u0161s atg\u0101din\u0101jums par J\u016bsu latvisko mantojumu.<\/p>\n\n\n\n<p>Lai uzzin\u0101tu vair\u0101k par to, k\u0101 atst\u0101t ieguld\u012bjumu LNAK n\u0101kotn\u0113, izmantojot d\u0101vanu sav\u0101 testament\u0101, sazinieties ar savu advok\u0101tu.<\/p>\n\n\n\n<p><em><strong>Latvie\u0161u Nacion\u0101l\u0101 Apvien\u012bba Kan\u0101d\u0101 &#8211; visiem latvie\u0161iem no krasta l\u012bdz krastam.<\/strong><\/em><\/p>\n<\/div>\n<\/div>\n","protected":false},"excerpt":{"rendered":"","protected":false},"author":1,"featured_media":0,"parent":0,"menu_order":0,"comment_status":"closed","ping_status":"closed","template":"","meta":{"_uag_custom_page_level_css":"","_monsterinsights_skip_tracking":false,"_monsterinsights_sitenote_active":false,"_monsterinsights_sitenote_note":"","_monsterinsights_sitenote_category":0,"site-sidebar-layout":"default","site-content-layout":"","ast-site-content-layout":"default","site-content-style":"default","site-sidebar-style":"default","ast-global-header-display":"","ast-banner-title-visibility":"","ast-main-header-display":"","ast-hfb-above-header-display":"","ast-hfb-below-header-display":"","ast-hfb-mobile-header-display":"","site-post-title":"","ast-breadcrumbs-content":"","ast-featured-img":"","footer-sml-layout":"","theme-transparent-header-meta":"","adv-header-id-meta":"","stick-header-meta":"","header-above-stick-meta":"","header-main-stick-meta":"","header-below-stick-meta":"","astra-migrate-meta-layouts":"set","ast-page-background-enabled":"default","ast-page-background-meta":{"desktop":{"background-color":"","background-image":"","background-repeat":"repeat","background-position":"center center","background-size":"auto","background-attachment":"scroll","background-type":"","background-media":"","overlay-type":"","overlay-color":"","overlay-gradient":""},"tablet":{"background-color":"","background-image":"","background-repeat":"repeat","background-position":"center center","background-size":"auto","background-attachment":"scroll","background-type":"","background-media":"","overlay-type":"","overlay-color":"","overlay-gradient":""},"mobile":{"background-color":"","background-image":"","background-repeat":"repeat","background-position":"center center","background-size":"auto","background-attachment":"scroll","background-type":"","background-media":"","overlay-type":"","overlay-color":"","overlay-gradient":""}},"ast-content-background-meta":{"desktop":{"background-color":"var(--ast-global-color-5)","background-image":"","background-repeat":"repeat","background-position":"center center","background-size":"auto","background-attachment":"scroll","background-type":"","background-media":"","overlay-type":"","overlay-color":"","overlay-gradient":""},"tablet":{"background-color":"var(--ast-global-color-5)","background-image":"","background-repeat":"repeat","background-position":"center center","background-size":"auto","background-attachment":"scroll","background-type":"","background-media":"","overlay-type":"","overlay-color":"","overlay-gradient":""},"mobile":{"background-color":"var(--ast-global-color-5)","background-image":"","background-repeat":"repeat","background-position":"center center","background-size":"auto","background-attachment":"scroll","background-type":"","background-media":"","overlay-type":"","overlay-color":"","overlay-gradient":""}},"footnotes":""},"class_list":["post-1343","page","type-page","status-publish","hentry"],"aioseo_notices":[],"uagb_featured_image_src":{"full":false,"thumbnail":false,"medium":false,"medium_large":false,"large":false,"1536x1536":false,"2048x2048":false},"uagb_author_info":{"display_name":"ADMIN","author_link":"https:\/\/lnak.net\/en\/author\/admin\/"},"uagb_comment_info":0,"uagb_excerpt":null,"_links":{"self":[{"href":"https:\/\/lnak.net\/en\/wp-json\/wp\/v2\/pages\/1343","targetHints":{"allow":["GET"]}}],"collection":[{"href":"https:\/\/lnak.net\/en\/wp-json\/wp\/v2\/pages"}],"about":[{"href":"https:\/\/lnak.net\/en\/wp-json\/wp\/v2\/types\/page"}],"author":[{"embeddable":true,"href":"https:\/\/lnak.net\/en\/wp-json\/wp\/v2\/users\/1"}],"replies":[{"embeddable":true,"href":"https:\/\/lnak.net\/en\/wp-json\/wp\/v2\/comments?post=1343"}],"version-history":[{"count":7,"href":"https:\/\/lnak.net\/en\/wp-json\/wp\/v2\/pages\/1343\/revisions"}],"predecessor-version":[{"id":4456,"href":"https:\/\/lnak.net\/en\/wp-json\/wp\/v2\/pages\/1343\/revisions\/4456"}],"wp:attachment":[{"href":"https:\/\/lnak.net\/en\/wp-json\/wp\/v2\/media?parent=1343"}],"curies":[{"name":"wp","href":"https:\/\/api.w.org\/{rel}","templated":true}]}}