{"id":1329,"date":"2023-09-05T12:06:25","date_gmt":"2023-09-05T16:06:25","guid":{"rendered":"https:\/\/lnak.net\/?page_id=1329"},"modified":"2024-01-17T22:04:49","modified_gmt":"2024-01-18T03:04:49","slug":"darba-iespejas-latvija","status":"publish","type":"page","link":"https:\/\/lnak.net\/en\/darba-iespejas-latvija\/","title":{"rendered":"Darba iesp\u0113jas Latvij\u0101"},"content":{"rendered":"\n<div class=\"wp-block-columns is-layout-flex wp-container-core-columns-is-layout-28f84493 wp-block-columns-is-layout-flex\">\n<div class=\"wp-block-column is-layout-flow wp-block-column-is-layout-flow\">\n<figure class=\"wp-block-image size-full\"><img loading=\"lazy\" decoding=\"async\" width=\"286\" height=\"96\" src=\"https:\/\/lnak.net\/wp-content\/uploads\/2024\/01\/Nodarbinatibas-valsts-agentura.png\" alt=\"\" class=\"wp-image-4887\"\/><\/figure>\n<\/div>\n\n\n\n<div class=\"wp-block-column is-layout-flow wp-block-column-is-layout-flow\">\n<p>Latvijas Nodarbin\u0101t\u012bbas valsts a\u0123ent\u016bra (NVA) sniedz Latvijas valsts pieder\u012bgajiem, kuri dz\u012bvo \u0101rvalst\u012bs, bet v\u0113las atgriezties Latvij\u0101, detaliz\u0113tu inform\u0101ciju par situ\u0101ciju darba tirg\u016b un nodarbin\u0101t\u012bbas iesp\u0113j\u0101m Latvij\u0101, par atbalstu un pakalpojumiem, ko pied\u0101v\u0101 NVA un Eiropas nodarbin\u0101t\u012bbas dienestu t\u012bkls (EURES), un par form\u0101lit\u0101t\u0113m, kas j\u0101k\u0101rto \u0101rvalst\u012b, pirms atgrie\u017eas Latvij\u0101.<\/p>\n\n\n<a class=\"wp-block-read-more\" href=\"https:\/\/lnak.net\/en\/darba-iespejas-latvija\/\" target=\"_self\">www.nva.gov.lv<span class=\"screen-reader-text\">: Darba iesp\u0113jas Latvij\u0101<\/span><\/a>\n\n\n<p><\/p>\n<\/div>\n<\/div>\n","protected":false},"excerpt":{"rendered":"<p>Latvijas Nodarbin\u0101t\u012bbas valsts a\u0123ent\u016bra (NVA) sniedz Latvijas valsts pieder\u012bgajiem, kuri dz\u012bvo \u0101rvalst\u012bs, bet v\u0113las atgriezties Latvij\u0101, detaliz\u0113tu inform\u0101ciju par situ\u0101ciju darba tirg\u016b un nodarbin\u0101t\u012bbas iesp\u0113j\u0101m Latvij\u0101, par atbalstu un pakalpojumiem, ko pied\u0101v\u0101 NVA un Eiropas nodarbin\u0101t\u012bbas dienestu t\u012bkls (EURES), un par form\u0101lit\u0101t\u0113m, kas j\u0101k\u0101rto \u0101rvalst\u012b, pirms atgrie\u017eas Latvij\u0101.<\/p>\n","protected":false},"author":1,"featured_media":0,"parent":0,"menu_order":0,"comment_status":"closed","ping_status":"closed","template":"","meta":{"_uag_custom_page_level_css":"","_monsterinsights_skip_tracking":false,"_monsterinsights_sitenote_active":false,"_monsterinsights_sitenote_note":"","_monsterinsights_sitenote_category":0,"site-sidebar-layout":"default","site-content-layout":"","ast-site-content-layout":"default","site-content-style":"default","site-sidebar-style":"default","ast-global-header-display":"","ast-banner-title-visibility":"","ast-main-header-display":"","ast-hfb-above-header-display":"","ast-hfb-below-header-display":"","ast-hfb-mobile-header-display":"","site-post-title":"","ast-breadcrumbs-content":"","ast-featured-img":"","footer-sml-layout":"","theme-transparent-header-meta":"","adv-header-id-meta":"","stick-header-meta":"","header-above-stick-meta":"","header-main-stick-meta":"","header-below-stick-meta":"","astra-migrate-meta-layouts":"set","ast-page-background-enabled":"default","ast-page-background-meta":{"desktop":{"background-color":"","background-image":"","background-repeat":"repeat","background-position":"center center","background-size":"auto","background-attachment":"scroll","background-type":"","background-media":"","overlay-type":"","overlay-color":"","overlay-gradient":""},"tablet":{"background-color":"","background-image":"","background-repeat":"repeat","background-position":"center center","background-size":"auto","background-attachment":"scroll","background-type":"","background-media":"","overlay-type":"","overlay-color":"","overlay-gradient":""},"mobile":{"background-color":"","background-image":"","background-repeat":"repeat","background-position":"center center","background-size":"auto","background-attachment":"scroll","background-type":"","background-media":"","overlay-type":"","overlay-color":"","overlay-gradient":""}},"ast-content-background-meta":{"desktop":{"background-color":"var(--ast-global-color-5)","background-image":"","background-repeat":"repeat","background-position":"center center","background-size":"auto","background-attachment":"scroll","background-type":"","background-media":"","overlay-type":"","overlay-color":"","overlay-gradient":""},"tablet":{"background-color":"var(--ast-global-color-5)","background-image":"","background-repeat":"repeat","background-position":"center center","background-size":"auto","background-attachment":"scroll","background-type":"","background-media":"","overlay-type":"","overlay-color":"","overlay-gradient":""},"mobile":{"background-color":"var(--ast-global-color-5)","background-image":"","background-repeat":"repeat","background-position":"center center","background-size":"auto","background-attachment":"scroll","background-type":"","background-media":"","overlay-type":"","overlay-color":"","overlay-gradient":""}},"footnotes":""},"class_list":["post-1329","page","type-page","status-publish","hentry"],"aioseo_notices":[],"uagb_featured_image_src":{"full":false,"thumbnail":false,"medium":false,"medium_large":false,"large":false,"1536x1536":false,"2048x2048":false},"uagb_author_info":{"display_name":"ADMIN","author_link":"https:\/\/lnak.net\/en\/author\/admin\/"},"uagb_comment_info":0,"uagb_excerpt":"Latvijas Nodarbin\u0101t\u012bbas valsts a\u0123ent\u016bra (NVA) sniedz Latvijas valsts pieder\u012bgajiem, kuri dz\u012bvo \u0101rvalst\u012bs, bet v\u0113las atgriezties Latvij\u0101, detaliz\u0113tu inform\u0101ciju par situ\u0101ciju darba tirg\u016b un nodarbin\u0101t\u012bbas iesp\u0113j\u0101m Latvij\u0101, par atbalstu un pakalpojumiem, ko pied\u0101v\u0101 NVA un Eiropas nodarbin\u0101t\u012bbas dienestu t\u012bkls (EURES), un par form\u0101lit\u0101t\u0113m, kas j\u0101k\u0101rto \u0101rvalst\u012b, pirms atgrie\u017eas Latvij\u0101.","_links":{"self":[{"href":"https:\/\/lnak.net\/en\/wp-json\/wp\/v2\/pages\/1329","targetHints":{"allow":["GET"]}}],"collection":[{"href":"https:\/\/lnak.net\/en\/wp-json\/wp\/v2\/pages"}],"about":[{"href":"https:\/\/lnak.net\/en\/wp-json\/wp\/v2\/types\/page"}],"author":[{"embeddable":true,"href":"https:\/\/lnak.net\/en\/wp-json\/wp\/v2\/users\/1"}],"replies":[{"embeddable":true,"href":"https:\/\/lnak.net\/en\/wp-json\/wp\/v2\/comments?post=1329"}],"version-history":[{"count":4,"href":"https:\/\/lnak.net\/en\/wp-json\/wp\/v2\/pages\/1329\/revisions"}],"predecessor-version":[{"id":4892,"href":"https:\/\/lnak.net\/en\/wp-json\/wp\/v2\/pages\/1329\/revisions\/4892"}],"wp:attachment":[{"href":"https:\/\/lnak.net\/en\/wp-json\/wp\/v2\/media?parent=1329"}],"curies":[{"name":"wp","href":"https:\/\/api.w.org\/{rel}","templated":true}]}}