{"id":1316,"date":"2023-09-05T11:21:09","date_gmt":"2023-09-05T15:21:09","guid":{"rendered":"https:\/\/lnak.net\/?page_id=1316"},"modified":"2023-09-05T11:21:12","modified_gmt":"2023-09-05T15:21:12","slug":"pilsoniba-un-dubultpilsoniba","status":"publish","type":"page","link":"https:\/\/lnak.net\/en\/pilsoniba-un-dubultpilsoniba\/","title":{"rendered":"Pilson\u012bba un dubultpilson\u012bba"},"content":{"rendered":"\n<p><strong>TRIMDAS LATVIE\u0160I \u2013 iesp\u0113ja ieg\u016bt Latvijas pilson\u012bbu<\/strong><\/p>\n\n\n\n<p><strong>LATVIJAS PILSO\u0145I \u2013 iesp\u0113ja saglab\u0101t Latvijas pilson\u012bbu<\/strong><\/p>\n\n\n\n<p><strong>Pla\u0161\u0101ka inform\u0101cija:<\/strong><\/p>\n\n\n\n<p><a href=\"http:\/\/www.pmlp.gov.lv\/lv\/sakums\/pakalpojumi\/pilsoniba\/\">http:\/\/www.pmlp.gov.lv\/lv\/sakums\/pakalpojumi\/pilsoniba\/<\/a><\/p>\n\n\n<div class=\"wp-block-uagb-faq uagb-faq__outer-wrap uagb-block-e38c1922 uagb-faq-icon-row uagb-faq-layout-accordion uagb-faq-expand-first-true uagb-faq-inactive-other-true uagb-faq__wrap uagb-buttons-layout-wrap uagb-faq-equal-height     \" data-faqtoggle=\"true\" role=\"tablist\"><div class=\"wp-block-uagb-faq-child uagb-faq-child__outer-wrap uagb-faq-item uagb-block-c92727ad \" role=\"tab\" tabindex=\"0\"><div class=\"uagb-faq-questions-button uagb-faq-questions\">\t\t\t<span class=\"uagb-icon uagb-faq-icon-wrap\">\n\t\t\t\t\t\t\t\t<svg xmlns=\"https:\/\/www.w3.org\/2000\/svg\" viewBox= \"0 0 448 512\"><path d=\"M432 256c0 17.69-14.33 32.01-32 32.01H256v144c0 17.69-14.33 31.99-32 31.99s-32-14.3-32-31.99v-144H48c-17.67 0-32-14.32-32-32.01s14.33-31.99 32-31.99H192v-144c0-17.69 14.33-32.01 32-32.01s32 14.32 32 32.01v144h144C417.7 224 432 238.3 432 256z\"><\/path><\/svg>\n\t\t\t\t\t\t\t<\/span>\n\t\t\t\t\t\t<span class=\"uagb-icon-active uagb-faq-icon-wrap\">\n\t\t\t\t\t\t\t\t<svg xmlns=\"https:\/\/www.w3.org\/2000\/svg\" viewBox= \"0 0 448 512\"><path d=\"M400 288h-352c-17.69 0-32-14.32-32-32.01s14.31-31.99 32-31.99h352c17.69 0 32 14.3 32 31.99S417.7 288 400 288z\"><\/path><\/svg>\n\t\t\t\t\t\t\t<\/span>\n\t\t\t<span class=\"uagb-question\">Vai trimdinieku mazb\u0113rns var re\u0123istr\u0113t pilson\u012bbu, ja vi\u0146a vec\u0101ki vai vecvec\u0101ki nav re\u0123istr\u0113ju\u0161i pilson\u012bbu?<\/span><\/div><div class=\"uagb-faq-content\"><p>J\u0101, var.<\/p><\/div><\/div><div class=\"wp-block-uagb-faq-child uagb-faq-child__outer-wrap uagb-faq-item uagb-block-0f4a799b \" role=\"tab\" tabindex=\"0\"><div class=\"uagb-faq-questions-button uagb-faq-questions\">\t\t\t<span class=\"uagb-icon uagb-faq-icon-wrap\">\n\t\t\t\t\t\t\t\t<svg xmlns=\"https:\/\/www.w3.org\/2000\/svg\" viewBox= \"0 0 448 512\"><path d=\"M432 256c0 17.69-14.33 32.01-32 32.01H256v144c0 17.69-14.33 31.99-32 31.99s-32-14.3-32-31.99v-144H48c-17.67 0-32-14.32-32-32.01s14.33-31.99 32-31.99H192v-144c0-17.69 14.33-32.01 32-32.01s32 14.32 32 32.01v144h144C417.7 224 432 238.3 432 256z\"><\/path><\/svg>\n\t\t\t\t\t\t\t<\/span>\n\t\t\t\t\t\t<span class=\"uagb-icon-active uagb-faq-icon-wrap\">\n\t\t\t\t\t\t\t\t<svg xmlns=\"https:\/\/www.w3.org\/2000\/svg\" viewBox= \"0 0 448 512\"><path d=\"M400 288h-352c-17.69 0-32-14.32-32-32.01s14.31-31.99 32-31.99h352c17.69 0 32 14.3 32 31.99S417.7 288 400 288z\"><\/path><\/svg>\n\t\t\t\t\t\t\t<\/span>\n\t\t\t<span class=\"uagb-question\">Vai trimdinieku \u0123imenei j\u0101re\u0123istr\u0113 Latvijas pilson\u012bba vienlaic\u012bgi?<\/span><\/div><div class=\"uagb-faq-content\"><p>N\u0113, nav. Nav nek\u0101das noz\u012bmes, kur\u0161 no \u0123imenes locek\u013ciem (vect\u0113vs, t\u0113vs vai d\u0113ls utt.) vispirms re\u0123istr\u0113 pilson\u012bbu.<\/p><\/div><\/div><div class=\"wp-block-uagb-faq-child uagb-faq-child__outer-wrap uagb-faq-item uagb-block-3064fcbc \" role=\"tab\" tabindex=\"0\"><div class=\"uagb-faq-questions-button uagb-faq-questions\">\t\t\t<span class=\"uagb-icon uagb-faq-icon-wrap\">\n\t\t\t\t\t\t\t\t<svg xmlns=\"https:\/\/www.w3.org\/2000\/svg\" viewBox= \"0 0 448 512\"><path d=\"M432 256c0 17.69-14.33 32.01-32 32.01H256v144c0 17.69-14.33 31.99-32 31.99s-32-14.3-32-31.99v-144H48c-17.67 0-32-14.32-32-32.01s14.33-31.99 32-31.99H192v-144c0-17.69 14.33-32.01 32-32.01s32 14.32 32 32.01v144h144C417.7 224 432 238.3 432 256z\"><\/path><\/svg>\n\t\t\t\t\t\t\t<\/span>\n\t\t\t\t\t\t<span class=\"uagb-icon-active uagb-faq-icon-wrap\">\n\t\t\t\t\t\t\t\t<svg xmlns=\"https:\/\/www.w3.org\/2000\/svg\" viewBox= \"0 0 448 512\"><path d=\"M400 288h-352c-17.69 0-32-14.32-32-32.01s14.31-31.99 32-31.99h352c17.69 0 32 14.3 32 31.99S417.7 288 400 288z\"><\/path><\/svg>\n\t\t\t\t\t\t\t<\/span>\n\t\t\t<span class=\"uagb-question\">Ja iesniedz vair\u0101ki \u0123imenes locek\u013ci, vai pilson\u012bbu un radniec\u012bbu pier\u0101do\u0161ie dokumenti, piem\u0113ram, vect\u0113va un t\u0113va dzim\u0161anas apliec\u012bbas, j\u0101sagatavo vair\u0101kos eksempl\u0101ros katram \u0123imenes loceklim?<\/span><\/div><div class=\"uagb-faq-content\"><p>N\u0113, nav, jo vienas \u0123imenes lieta tiek skat\u012bta un glab\u0101ta vienkopus.<\/p><\/div><\/div><div class=\"wp-block-uagb-faq-child uagb-faq-child__outer-wrap uagb-faq-item uagb-block-f6a66a38 \" role=\"tab\" tabindex=\"0\"><div class=\"uagb-faq-questions-button uagb-faq-questions\">\t\t\t<span class=\"uagb-icon uagb-faq-icon-wrap\">\n\t\t\t\t\t\t\t\t<svg xmlns=\"https:\/\/www.w3.org\/2000\/svg\" viewBox= \"0 0 448 512\"><path d=\"M432 256c0 17.69-14.33 32.01-32 32.01H256v144c0 17.69-14.33 31.99-32 31.99s-32-14.3-32-31.99v-144H48c-17.67 0-32-14.32-32-32.01s14.33-31.99 32-31.99H192v-144c0-17.69 14.33-32.01 32-32.01s32 14.32 32 32.01v144h144C417.7 224 432 238.3 432 256z\"><\/path><\/svg>\n\t\t\t\t\t\t\t<\/span>\n\t\t\t\t\t\t<span class=\"uagb-icon-active uagb-faq-icon-wrap\">\n\t\t\t\t\t\t\t\t<svg xmlns=\"https:\/\/www.w3.org\/2000\/svg\" viewBox= \"0 0 448 512\"><path d=\"M400 288h-352c-17.69 0-32-14.32-32-32.01s14.31-31.99 32-31.99h352c17.69 0 32 14.3 32 31.99S417.7 288 400 288z\"><\/path><\/svg>\n\t\t\t\t\t\t\t<\/span>\n\t\t\t<span class=\"uagb-question\">Ja k\u0101ds no \u0123imenes locek\u013ciem re\u0123istr\u0113 pilson\u012bbu v\u0113l\u0101k, vai vi\u0146am v\u0113lreiz j\u0101iesniedz visi pilson\u012bbu un radniec\u012bbu pier\u0101do\u0161ie dokumenti (piem\u0113ram, vect\u0113va Latvijas pilso\u0146a pase utt .)?<\/span><\/div><div class=\"uagb-faq-content\"><p>N\u0113, nav, ta\u010du iesniegum\u0101 vajag nor\u0101d\u012bt, kur\u0161 no \u0123imenes locek\u013ciem un k\u0101dus dokumentus jau ir iesniedzis.<\/p><\/div><\/div><div class=\"wp-block-uagb-faq-child uagb-faq-child__outer-wrap uagb-faq-item uagb-block-64e4568a \" role=\"tab\" tabindex=\"0\"><div class=\"uagb-faq-questions-button uagb-faq-questions\">\t\t\t<span class=\"uagb-icon uagb-faq-icon-wrap\">\n\t\t\t\t\t\t\t\t<svg xmlns=\"https:\/\/www.w3.org\/2000\/svg\" viewBox= \"0 0 448 512\"><path d=\"M432 256c0 17.69-14.33 32.01-32 32.01H256v144c0 17.69-14.33 31.99-32 31.99s-32-14.3-32-31.99v-144H48c-17.67 0-32-14.32-32-32.01s14.33-31.99 32-31.99H192v-144c0-17.69 14.33-32.01 32-32.01s32 14.32 32 32.01v144h144C417.7 224 432 238.3 432 256z\"><\/path><\/svg>\n\t\t\t\t\t\t\t<\/span>\n\t\t\t\t\t\t<span class=\"uagb-icon-active uagb-faq-icon-wrap\">\n\t\t\t\t\t\t\t\t<svg xmlns=\"https:\/\/www.w3.org\/2000\/svg\" viewBox= \"0 0 448 512\"><path d=\"M400 288h-352c-17.69 0-32-14.32-32-32.01s14.31-31.99 32-31.99h352c17.69 0 32 14.3 32 31.99S417.7 288 400 288z\"><\/path><\/svg>\n\t\t\t\t\t\t\t<\/span>\n\t\t\t<span class=\"uagb-question\">Vai man ir j\u0101iesniedz Kan\u0101das pilso\u0146a pase un cik ilgi t\u0101 tiks patur\u0113ta?<\/span><\/div><div class=\"uagb-faq-content\"><p>Eso\u0161\u0101 pase nav j\u0101nodod v\u0113stniec\u012bb\u0101 vai j\u0101s\u016bta pa pastu, bet ir j\u0101pievieno t\u0101s kopija, turkl\u0101t to nevajag notari\u0101li apliecin\u0101t un legaliz\u0113t.<\/p><\/div><\/div><div class=\"wp-block-uagb-faq-child uagb-faq-child__outer-wrap uagb-faq-item uagb-block-f2c340fa \" role=\"tab\" tabindex=\"0\"><div class=\"uagb-faq-questions-button uagb-faq-questions\">\t\t\t<span class=\"uagb-icon uagb-faq-icon-wrap\">\n\t\t\t\t\t\t\t\t<svg xmlns=\"https:\/\/www.w3.org\/2000\/svg\" viewBox= \"0 0 448 512\"><path d=\"M432 256c0 17.69-14.33 32.01-32 32.01H256v144c0 17.69-14.33 31.99-32 31.99s-32-14.3-32-31.99v-144H48c-17.67 0-32-14.32-32-32.01s14.33-31.99 32-31.99H192v-144c0-17.69 14.33-32.01 32-32.01s32 14.32 32 32.01v144h144C417.7 224 432 238.3 432 256z\"><\/path><\/svg>\n\t\t\t\t\t\t\t<\/span>\n\t\t\t\t\t\t<span class=\"uagb-icon-active uagb-faq-icon-wrap\">\n\t\t\t\t\t\t\t\t<svg xmlns=\"https:\/\/www.w3.org\/2000\/svg\" viewBox= \"0 0 448 512\"><path d=\"M400 288h-352c-17.69 0-32-14.32-32-32.01s14.31-31.99 32-31.99h352c17.69 0 32 14.3 32 31.99S417.7 288 400 288z\"><\/path><\/svg>\n\t\t\t\t\t\t\t<\/span>\n\t\t\t<span class=\"uagb-question\">Vai ir noteikts termi\u0146\u0161, k\u0101d\u0101 trimdiniekiem j\u0101re\u0123istr\u0113 Latvijas pilson\u012bba?<\/span><\/div><div class=\"uagb-faq-content\"><p>N\u0113, nav . Persona, kura atz\u012bstama par trimdinieku, Latvijas pilson\u012bbu var re\u0123istr\u0113t neierobe\u017eot\u0101 termi\u0146\u0101.<\/p><\/div><\/div><div class=\"wp-block-uagb-faq-child uagb-faq-child__outer-wrap uagb-faq-item uagb-block-23787146 \" role=\"tab\" tabindex=\"0\"><div class=\"uagb-faq-questions-button uagb-faq-questions\">\t\t\t<span class=\"uagb-icon uagb-faq-icon-wrap\">\n\t\t\t\t\t\t\t\t<svg xmlns=\"https:\/\/www.w3.org\/2000\/svg\" viewBox= \"0 0 448 512\"><path d=\"M432 256c0 17.69-14.33 32.01-32 32.01H256v144c0 17.69-14.33 31.99-32 31.99s-32-14.3-32-31.99v-144H48c-17.67 0-32-14.32-32-32.01s14.33-31.99 32-31.99H192v-144c0-17.69 14.33-32.01 32-32.01s32 14.32 32 32.01v144h144C417.7 224 432 238.3 432 256z\"><\/path><\/svg>\n\t\t\t\t\t\t\t<\/span>\n\t\t\t\t\t\t<span class=\"uagb-icon-active uagb-faq-icon-wrap\">\n\t\t\t\t\t\t\t\t<svg xmlns=\"https:\/\/www.w3.org\/2000\/svg\" viewBox= \"0 0 448 512\"><path d=\"M400 288h-352c-17.69 0-32-14.32-32-32.01s14.31-31.99 32-31.99h352c17.69 0 32 14.3 32 31.99S417.7 288 400 288z\"><\/path><\/svg>\n\t\t\t\t\t\t\t<\/span>\n\t\t\t<span class=\"uagb-question\">Ko noz\u012bm\u0113 \u0101rpus Latvijas izdotu dokumentu legaliz\u0113\u0161ana?<\/span><\/div><div class=\"uagb-faq-content\"><p>Dokumentu \u012bstuma apliecin\u0101\u0161ana (legaliz\u0101cija) noz\u012bm\u0113 amatpersonas paraksta un z\u012bmoga \u012bstuma apliecin\u0101\u0161anu, lai vien\u0101 valst\u012b sast\u0101d\u012bti publiski dokumenti ieg\u016btu juridisku sp\u0113ku cit\u0101 valst\u012b. Tradicion\u0101li \u0161o funkciju veic \u0101rlietu dienesti un diplom\u0101tisko p\u0101rst\u0101vniec\u012bbu konsul\u0101r\u0101s amatpersonas.<br>T\u0101 k\u0101 Kan\u0101da nav pievienojusies H\u0101gas konvencijai par legaliz\u0101cijas pras\u012bbas atcel\u0161anu, Kan\u0101d\u0101 izdotiem dokumentiem j\u0101but legaliz\u0113tiem gan Kan\u0101das Department of Foreign Affairs and International Trade Canada, gan Latvijas v\u0113stniec\u012bb\u0101 Kan\u0101d\u0101.<br>Par dokumentu legaliz\u0113\u0161anas k\u0101rt\u012bbu Kan\u0101d\u0101 iesak\u0101m izmantot Latvijas v\u0113stniec\u012bbas sagatavoto inform\u0101ciju:<br>http : \/\/www.mfa.gov.lv\/lv\/ottawa\/konsulara-informacija\/dokumentu-legalizacija\/<\/p><\/div><\/div><div class=\"wp-block-uagb-faq-child uagb-faq-child__outer-wrap uagb-faq-item uagb-block-83d885b8 \" role=\"tab\" tabindex=\"0\"><div class=\"uagb-faq-questions-button uagb-faq-questions\">\t\t\t<span class=\"uagb-icon uagb-faq-icon-wrap\">\n\t\t\t\t\t\t\t\t<svg xmlns=\"https:\/\/www.w3.org\/2000\/svg\" viewBox= \"0 0 448 512\"><path d=\"M432 256c0 17.69-14.33 32.01-32 32.01H256v144c0 17.69-14.33 31.99-32 31.99s-32-14.3-32-31.99v-144H48c-17.67 0-32-14.32-32-32.01s14.33-31.99 32-31.99H192v-144c0-17.69 14.33-32.01 32-32.01s32 14.32 32 32.01v144h144C417.7 224 432 238.3 432 256z\"><\/path><\/svg>\n\t\t\t\t\t\t\t<\/span>\n\t\t\t\t\t\t<span class=\"uagb-icon-active uagb-faq-icon-wrap\">\n\t\t\t\t\t\t\t\t<svg xmlns=\"https:\/\/www.w3.org\/2000\/svg\" viewBox= \"0 0 448 512\"><path d=\"M400 288h-352c-17.69 0-32-14.32-32-32.01s14.31-31.99 32-31.99h352c17.69 0 32 14.3 32 31.99S417.7 288 400 288z\"><\/path><\/svg>\n\t\t\t\t\t\t\t<\/span>\n\t\t\t<span class=\"uagb-question\">K\u0101dos gad\u012bjumos nepiecie\u0161amas notari\u0101li apliecin\u0101tas dokumentu kopijas?<\/span><\/div><div class=\"uagb-faq-content\"><p>Dokumentu kopiju notari\u0101la apstriprin\u0101\u0161ana ir nepiecie\u0161ama taj\u0101 gad\u012bjum\u0101, ja persona s\u016bta dokumentus pa pastu un neuzr\u0101da (kl\u0101tien\u0113 vai nos\u016btot pa pastu) v\u0113stniec\u012bbas vai PMLP darbiniekam dokumenta ori\u0123in\u0101lu.<br>Ja persona uzr\u0101da dokumenta ori\u0123in\u0101lu, tad nav nepiecie\u0161ams sagatavot notari\u0101li apliecin\u0101tas kopijas.<br>Dokumentu notari\u0101l\u0101m kopij\u0101m ar\u012b ir nepiecie\u0161ama legaliz\u0101cija. Piem\u0113ram, ja persona nev\u0113las s\u016bt\u012bt dokumenta ori\u0123in\u0101lu pa pastu, tad dokumenta kopija ir notari\u0101li j\u0101apliecina un ar\u012b j\u0101legaliz\u0113, Kan\u0101das gad\u012bjum\u0101 abpus\u0113ji.<\/p><\/div><\/div><\/div>","protected":false},"excerpt":{"rendered":"<p>TRIMDAS LATVIE\u0160I \u2013 iesp\u0113ja ieg\u016bt Latvijas pilson\u012bbu LATVIJAS PILSO\u0145I \u2013 iesp\u0113ja saglab\u0101t Latvijas pilson\u012bbu Pla\u0161\u0101ka inform\u0101cija: http:\/\/www.pmlp.gov.lv\/lv\/sakums\/pakalpojumi\/pilsoniba\/<\/p>\n","protected":false},"author":1,"featured_media":0,"parent":0,"menu_order":0,"comment_status":"closed","ping_status":"closed","template":"","meta":{"_uag_custom_page_level_css":"","_monsterinsights_skip_tracking":false,"_monsterinsights_sitenote_active":false,"_monsterinsights_sitenote_note":"","_monsterinsights_sitenote_category":0,"site-sidebar-layout":"default","site-content-layout":"","ast-site-content-layout":"","site-content-style":"default","site-sidebar-style":"default","ast-global-header-display":"","ast-banner-title-visibility":"","ast-main-header-display":"","ast-hfb-above-header-display":"","ast-hfb-below-header-display":"","ast-hfb-mobile-header-display":"","site-post-title":"","ast-breadcrumbs-content":"","ast-featured-img":"","footer-sml-layout":"","theme-transparent-header-meta":"","adv-header-id-meta":"","stick-header-meta":"","header-above-stick-meta":"","header-main-stick-meta":"","header-below-stick-meta":"","astra-migrate-meta-layouts":"","ast-page-background-enabled":"default","ast-page-background-meta":{"desktop":{"background-color":"","background-image":"","background-repeat":"repeat","background-position":"center center","background-size":"auto","background-attachment":"scroll","background-type":"","background-media":"","overlay-type":"","overlay-color":"","overlay-gradient":""},"tablet":{"background-color":"","background-image":"","background-repeat":"repeat","background-position":"center center","background-size":"auto","background-attachment":"scroll","background-type":"","background-media":"","overlay-type":"","overlay-color":"","overlay-gradient":""},"mobile":{"background-color":"","background-image":"","background-repeat":"repeat","background-position":"center center","background-size":"auto","background-attachment":"scroll","background-type":"","background-media":"","overlay-type":"","overlay-color":"","overlay-gradient":""}},"ast-content-background-meta":{"desktop":{"background-color":"var(--ast-global-color-5)","background-image":"","background-repeat":"repeat","background-position":"center center","background-size":"auto","background-attachment":"scroll","background-type":"","background-media":"","overlay-type":"","overlay-color":"","overlay-gradient":""},"tablet":{"background-color":"var(--ast-global-color-5)","background-image":"","background-repeat":"repeat","background-position":"center center","background-size":"auto","background-attachment":"scroll","background-type":"","background-media":"","overlay-type":"","overlay-color":"","overlay-gradient":""},"mobile":{"background-color":"var(--ast-global-color-5)","background-image":"","background-repeat":"repeat","background-position":"center center","background-size":"auto","background-attachment":"scroll","background-type":"","background-media":"","overlay-type":"","overlay-color":"","overlay-gradient":""}},"footnotes":""},"class_list":["post-1316","page","type-page","status-publish","hentry"],"aioseo_notices":[],"uagb_featured_image_src":{"full":false,"thumbnail":false,"medium":false,"medium_large":false,"large":false,"1536x1536":false,"2048x2048":false},"uagb_author_info":{"display_name":"ADMIN","author_link":"https:\/\/lnak.net\/en\/author\/admin\/"},"uagb_comment_info":0,"uagb_excerpt":"TRIMDAS LATVIE\u0160I \u2013 iesp\u0113ja ieg\u016bt Latvijas pilson\u012bbu LATVIJAS PILSO\u0145I \u2013 iesp\u0113ja saglab\u0101t Latvijas pilson\u012bbu Pla\u0161\u0101ka inform\u0101cija: http:\/\/www.pmlp.gov.lv\/lv\/sakums\/pakalpojumi\/pilsoniba\/","_links":{"self":[{"href":"https:\/\/lnak.net\/en\/wp-json\/wp\/v2\/pages\/1316","targetHints":{"allow":["GET"]}}],"collection":[{"href":"https:\/\/lnak.net\/en\/wp-json\/wp\/v2\/pages"}],"about":[{"href":"https:\/\/lnak.net\/en\/wp-json\/wp\/v2\/types\/page"}],"author":[{"embeddable":true,"href":"https:\/\/lnak.net\/en\/wp-json\/wp\/v2\/users\/1"}],"replies":[{"embeddable":true,"href":"https:\/\/lnak.net\/en\/wp-json\/wp\/v2\/comments?post=1316"}],"version-history":[{"count":2,"href":"https:\/\/lnak.net\/en\/wp-json\/wp\/v2\/pages\/1316\/revisions"}],"predecessor-version":[{"id":1318,"href":"https:\/\/lnak.net\/en\/wp-json\/wp\/v2\/pages\/1316\/revisions\/1318"}],"wp:attachment":[{"href":"https:\/\/lnak.net\/en\/wp-json\/wp\/v2\/media?parent=1316"}],"curies":[{"name":"wp","href":"https:\/\/api.w.org\/{rel}","templated":true}]}}