{"id":13142,"date":"2025-05-11T23:29:45","date_gmt":"2025-05-12T03:29:45","guid":{"rendered":"https:\/\/lnak.net\/if-you-own-property-in-latvia-vote-in-latvias-municipal-elections\/"},"modified":"2025-05-19T18:48:41","modified_gmt":"2025-05-19T22:48:41","slug":"if-you-own-property-in-latvia-vote-in-latvias-municipal-elections","status":"publish","type":"page","link":"https:\/\/lnak.net\/en\/if-you-own-property-in-latvia-vote-in-latvias-municipal-elections\/","title":{"rendered":"IF YOU OWN PROPERTY in Latvia &#8211; vote in Latvia&#8217;s municipal elections!"},"content":{"rendered":"\n<h2 class=\"wp-block-heading\">Who can vote:<\/h2>\n\n<p><\/p>\n\n<ul class=\"wp-block-list\">\n<li>Latvian citizens who <strong>own real estate in Latvia<\/strong> or have a registered place of residence in Latvia<\/li>\n\n\n\n<li>and have reached the age of 18<\/li>\n<\/ul>\n\n<h2 class=\"wp-block-heading\">When to vote:<\/h2>\n\n<ul class=\"wp-block-list\">\n<li><strong>send your vote by post to arrive in Latvia by June 7 <\/strong><\/li>\n\n\n\n<li><strong>in view of the possible upcoming postal strike in Canada, MAIL IN YOUR VOTE NOW!<\/strong><\/li>\n<\/ul>\n\n<h2 class=\"wp-block-heading\">What you need to vote:<\/h2>\n\n<div class=\"wp-block-columns is-layout-flex wp-container-core-columns-is-layout-28f84493 wp-block-columns-is-layout-flex\">\n<div class=\"wp-block-column is-layout-flow wp-block-column-is-layout-flow\">\n<ul class=\"wp-block-list\">\n<li>eID card and<em>Smart Card<\/em> reader<\/li>\n\n\n\n<li>and one of the following\n<ul class=\"wp-block-list\">\n<li>eSignature<\/li>\n\n\n\n<li>mobile eSignature<\/li>\n\n\n\n<li>Smart ID  <\/li>\n<\/ul>\n<\/li>\n<\/ul>\n<\/div>\n\n\n\n<div class=\"wp-block-column is-layout-flow wp-block-column-is-layout-flow\">\n<figure class=\"wp-block-image size-full\"><img loading=\"lazy\" decoding=\"async\" width=\"224\" height=\"224\" src=\"https:\/\/lnak.net\/wp-content\/uploads\/2025\/05\/eParaksts.jpeg\" alt=\"\" class=\"wp-image-13050\" srcset=\"https:\/\/lnak.net\/wp-content\/uploads\/2025\/05\/eParaksts.jpeg 224w, https:\/\/lnak.net\/wp-content\/uploads\/2025\/05\/eParaksts-150x150.jpeg 150w\" sizes=\"auto, (max-width: 224px) 100vw, 224px\" \/><\/figure>\n<\/div>\n\n\n\n<div class=\"wp-block-column is-layout-flow wp-block-column-is-layout-flow\">\n<figure class=\"wp-block-image size-full\"><img loading=\"lazy\" decoding=\"async\" width=\"225\" height=\"224\" src=\"https:\/\/lnak.net\/wp-content\/uploads\/2025\/05\/mobile-eParaksts.png\" alt=\"\" class=\"wp-image-13052\" srcset=\"https:\/\/lnak.net\/wp-content\/uploads\/2025\/05\/mobile-eParaksts.png 225w, https:\/\/lnak.net\/wp-content\/uploads\/2025\/05\/mobile-eParaksts-150x150.png 150w\" sizes=\"auto, (max-width: 225px) 100vw, 225px\" \/><\/figure>\n<\/div>\n\n\n\n<div class=\"wp-block-column is-layout-flow wp-block-column-is-layout-flow\">\n<figure class=\"wp-block-image size-full\"><img loading=\"lazy\" decoding=\"async\" width=\"195\" height=\"150\" src=\"https:\/\/lnak.net\/wp-content\/uploads\/2025\/05\/smartid.png\" alt=\"\" class=\"wp-image-13054\" srcset=\"https:\/\/lnak.net\/wp-content\/uploads\/2025\/05\/smartid.png 195w, https:\/\/lnak.net\/wp-content\/uploads\/2025\/05\/smartid-150x115.png 150w\" sizes=\"auto, (max-width: 195px) 100vw, 195px\" \/><\/figure>\n<\/div>\n<\/div>\n\n<h2 class=\"wp-block-heading\">How to apply and vote<\/h2>\n\n<div class=\"wp-block-columns is-layout-flex wp-container-core-columns-is-layout-28f84493 wp-block-columns-is-layout-flex\">\n<div class=\"wp-block-column is-layout-flow wp-block-column-is-layout-flow\" style=\"flex-basis:66.66%\">\n<p>The Central Election Commission has made a video with very clear instructions. Watch the video first.<\/p>\n\n\n\n<p>If you want to follow written instructions, read on.<\/p>\n<\/div>\n\n\n\n<div class=\"wp-block-column is-layout-flow wp-block-column-is-layout-flow\" style=\"flex-basis:33.33%\">\n<figure class=\"wp-block-embed is-type-video is-provider-youtube wp-block-embed-youtube wp-embed-aspect-16-9 wp-has-aspect-ratio\"><div class=\"wp-block-embed__wrapper\">\n<div class=\"ast-oembed-container\" style=\"height: 100%;\"><iframe loading=\"lazy\" title=\"2025.g. Pa\u0161vald\u012bbas v\u0113l\u0113\u0161anas - par pasta balso\u0161anu \u0101rzem\u0113s\" width=\"500\" height=\"281\" src=\"https:\/\/www.youtube.com\/embed\/EF5LVn53YoQ?feature=oembed\" frameborder=\"0\" allow=\"accelerometer; autoplay; clipboard-write; encrypted-media; gyroscope; picture-in-picture; web-share\" referrerpolicy=\"strict-origin-when-cross-origin\" allowfullscreen><\/iframe><\/div>\n<\/div><\/figure>\n<\/div>\n<\/div>\n\n<ul class=\"wp-block-list\">\n<li><\/li>\n<\/ul>\n\n<div class=\"wp-block-columns is-layout-flex wp-container-core-columns-is-layout-28f84493 wp-block-columns-is-layout-flex\">\n<div class=\"wp-block-column is-layout-flow wp-block-column-is-layout-flow\">\n<ul class=\"wp-block-list\">\n<li>Visit <a href=\"http:\/\/www.latvija.gov.lv\" title=\"\">www.latvija.gov.lv<\/a><\/li>\n\n\n\n<li>Click on &#8220;V\u0113l\u0113t\u0101ju datu p\u0101rvald\u012bba&#8221; (Voter data Management)<\/li>\n<\/ul>\n<\/div>\n\n\n\n<div class=\"wp-block-column is-layout-flow wp-block-column-is-layout-flow\">\n<figure class=\"wp-block-image size-large\"><img loading=\"lazy\" decoding=\"async\" width=\"1024\" height=\"549\" src=\"https:\/\/lnak.net\/wp-content\/uploads\/2025\/05\/2025-05-11-velesanas-1-1024x549.png\" alt=\"\" class=\"wp-image-13059\" srcset=\"https:\/\/lnak.net\/wp-content\/uploads\/2025\/05\/2025-05-11-velesanas-1-1024x549.png 1024w, https:\/\/lnak.net\/wp-content\/uploads\/2025\/05\/2025-05-11-velesanas-1-300x161.png 300w, https:\/\/lnak.net\/wp-content\/uploads\/2025\/05\/2025-05-11-velesanas-1-150x80.png 150w, https:\/\/lnak.net\/wp-content\/uploads\/2025\/05\/2025-05-11-velesanas-1-768x412.png 768w, https:\/\/lnak.net\/wp-content\/uploads\/2025\/05\/2025-05-11-velesanas-1-1536x824.png 1536w, https:\/\/lnak.net\/wp-content\/uploads\/2025\/05\/2025-05-11-velesanas-1.png 1920w\" sizes=\"auto, (max-width: 1024px) 100vw, 1024px\" \/><\/figure>\n<\/div>\n<\/div>\n\n<div class=\"wp-block-columns is-layout-flex wp-container-core-columns-is-layout-28f84493 wp-block-columns-is-layout-flex\">\n<div class=\"wp-block-column is-layout-flow wp-block-column-is-layout-flow\">\n<p><\/p>\n\n\n\n<ul class=\"wp-block-list\">\n<li>Click on &#8220;Piepras\u012bt pakalpojumu&#8221; (Request service)<\/li>\n<\/ul>\n<\/div>\n\n\n\n<div class=\"wp-block-column is-layout-flow wp-block-column-is-layout-flow\">\n<figure class=\"wp-block-image size-large\"><img loading=\"lazy\" decoding=\"async\" width=\"1024\" height=\"540\" src=\"https:\/\/lnak.net\/wp-content\/uploads\/2025\/05\/2025-05-11-velesanas-1-and-a-half-1024x540.png\" alt=\"\" class=\"wp-image-13063\" srcset=\"https:\/\/lnak.net\/wp-content\/uploads\/2025\/05\/2025-05-11-velesanas-1-and-a-half-1024x540.png 1024w, https:\/\/lnak.net\/wp-content\/uploads\/2025\/05\/2025-05-11-velesanas-1-and-a-half-300x158.png 300w, https:\/\/lnak.net\/wp-content\/uploads\/2025\/05\/2025-05-11-velesanas-1-and-a-half-150x79.png 150w, https:\/\/lnak.net\/wp-content\/uploads\/2025\/05\/2025-05-11-velesanas-1-and-a-half-768x405.png 768w, https:\/\/lnak.net\/wp-content\/uploads\/2025\/05\/2025-05-11-velesanas-1-and-a-half-1536x810.png 1536w, https:\/\/lnak.net\/wp-content\/uploads\/2025\/05\/2025-05-11-velesanas-1-and-a-half.png 1920w\" sizes=\"auto, (max-width: 1024px) 100vw, 1024px\" \/><\/figure>\n<\/div>\n<\/div>\n\n<div class=\"wp-block-columns is-layout-flex wp-container-core-columns-is-layout-28f84493 wp-block-columns-is-layout-flex\">\n<div class=\"wp-block-column is-layout-flow wp-block-column-is-layout-flow\">\n<p><\/p>\n\n\n\n<ul class=\"wp-block-list\">\n<li>Click on &#8220;I agree&#8230;&#8221; (Confirm)<\/li>\n\n\n\n<li>Click on the authorization method you wish to use&#8230;. eID, eSignature, eSignature mobile, Smart ID, or your Latvian bank account log-in<\/li>\n\n\n\n<li>Follow the instructions to log in (you will need an eID card, a reader, the relevant software, a personal identification number and either a password or PIN and PUK codes)<\/li>\n\n\n\n<li>If you have any difficulties or don&#8217;t quite understand what to do, please contact <a href=\"mailto:admin@lnak.org\">admin@lnak.org<\/a> and we will try to help<\/li>\n<\/ul>\n<\/div>\n\n\n\n<div class=\"wp-block-column is-layout-flow wp-block-column-is-layout-flow\">\n<figure class=\"wp-block-image size-large\"><img loading=\"lazy\" decoding=\"async\" width=\"1024\" height=\"685\" src=\"https:\/\/lnak.net\/wp-content\/uploads\/2025\/05\/2025-05-11-velesanas-1-smart-id-1024x685.png\" alt=\"\" class=\"wp-image-13080\" srcset=\"https:\/\/lnak.net\/wp-content\/uploads\/2025\/05\/2025-05-11-velesanas-1-smart-id-1024x685.png 1024w, https:\/\/lnak.net\/wp-content\/uploads\/2025\/05\/2025-05-11-velesanas-1-smart-id-300x201.png 300w, https:\/\/lnak.net\/wp-content\/uploads\/2025\/05\/2025-05-11-velesanas-1-smart-id-150x100.png 150w, https:\/\/lnak.net\/wp-content\/uploads\/2025\/05\/2025-05-11-velesanas-1-smart-id-768x514.png 768w, https:\/\/lnak.net\/wp-content\/uploads\/2025\/05\/2025-05-11-velesanas-1-smart-id.png 1506w\" sizes=\"auto, (max-width: 1024px) 100vw, 1024px\" \/><\/figure>\n<\/div>\n<\/div>\n\n<div class=\"wp-block-columns is-layout-flex wp-container-core-columns-is-layout-28f84493 wp-block-columns-is-layout-flex\">\n<div class=\"wp-block-column is-layout-flow wp-block-column-is-layout-flow\">\n<ul class=\"wp-block-list\">\n<li>Example if using SmartId:\n<ul class=\"wp-block-list\">\n<li>enter your personal code and click on &#8220;Authenticate&#8221;<\/li>\n<\/ul>\n<\/li>\n<\/ul>\n<\/div>\n\n\n\n<div class=\"wp-block-column is-layout-flow wp-block-column-is-layout-flow\">\n<figure class=\"wp-block-image size-full\"><img loading=\"lazy\" decoding=\"async\" width=\"418\" height=\"408\" src=\"https:\/\/lnak.net\/wp-content\/uploads\/2025\/05\/2025-05-11-velesanas-5-1.png\" alt=\"\" class=\"wp-image-13085\" srcset=\"https:\/\/lnak.net\/wp-content\/uploads\/2025\/05\/2025-05-11-velesanas-5-1.png 418w, https:\/\/lnak.net\/wp-content\/uploads\/2025\/05\/2025-05-11-velesanas-5-1-300x293.png 300w, https:\/\/lnak.net\/wp-content\/uploads\/2025\/05\/2025-05-11-velesanas-5-1-150x146.png 150w\" sizes=\"auto, (max-width: 418px) 100vw, 418px\" \/><\/figure>\n<\/div>\n<\/div>\n\n<div class=\"wp-block-columns is-layout-flex wp-container-core-columns-is-layout-28f84493 wp-block-columns-is-layout-flex\">\n<div class=\"wp-block-column is-layout-flow wp-block-column-is-layout-flow\">\n<ul class=\"wp-block-list\">\n<li>Click &#8220;Iepazinos ar nosac\u012bjumiem&#8221; (I accept the conditions)<\/li>\n\n\n\n<li>Click on &#8220;Turpin\u0101t&#8221; (Continue)<\/li>\n<\/ul>\n<\/div>\n\n\n\n<div class=\"wp-block-column is-layout-flow wp-block-column-is-layout-flow\">\n<figure class=\"wp-block-image size-full\"><img loading=\"lazy\" decoding=\"async\" width=\"787\" height=\"1007\" src=\"https:\/\/lnak.net\/wp-content\/uploads\/2025\/05\/2025-05-11-velesanas-6-1.png\" alt=\"\" class=\"wp-image-13090\" srcset=\"https:\/\/lnak.net\/wp-content\/uploads\/2025\/05\/2025-05-11-velesanas-6-1.png 787w, https:\/\/lnak.net\/wp-content\/uploads\/2025\/05\/2025-05-11-velesanas-6-1-234x300.png 234w, https:\/\/lnak.net\/wp-content\/uploads\/2025\/05\/2025-05-11-velesanas-6-1-117x150.png 117w, https:\/\/lnak.net\/wp-content\/uploads\/2025\/05\/2025-05-11-velesanas-6-1-768x983.png 768w\" sizes=\"auto, (max-width: 787px) 100vw, 787px\" \/><\/figure>\n<\/div>\n<\/div>\n\n<div class=\"wp-block-columns is-layout-flex wp-container-core-columns-is-layout-28f84493 wp-block-columns-is-layout-flex\">\n<div class=\"wp-block-column is-layout-flow wp-block-column-is-layout-flow\">\n<ul class=\"wp-block-list\">\n<li>Click on &#8220;T\u0101l\u0101k&#8221; (Next)<\/li>\n<\/ul>\n<\/div>\n\n\n\n<div class=\"wp-block-column is-layout-flow wp-block-column-is-layout-flow\">\n<figure class=\"wp-block-image size-full\"><img loading=\"lazy\" decoding=\"async\" width=\"757\" height=\"460\" src=\"https:\/\/lnak.net\/wp-content\/uploads\/2025\/05\/2025-05-11-velesanas-7.png\" alt=\"\" class=\"wp-image-13095\" srcset=\"https:\/\/lnak.net\/wp-content\/uploads\/2025\/05\/2025-05-11-velesanas-7.png 757w, https:\/\/lnak.net\/wp-content\/uploads\/2025\/05\/2025-05-11-velesanas-7-300x182.png 300w, https:\/\/lnak.net\/wp-content\/uploads\/2025\/05\/2025-05-11-velesanas-7-150x91.png 150w\" sizes=\"auto, (max-width: 757px) 100vw, 757px\" \/><\/figure>\n<\/div>\n<\/div>\n\n<div class=\"wp-block-columns is-layout-flex wp-container-core-columns-is-layout-28f84493 wp-block-columns-is-layout-flex\">\n<div class=\"wp-block-column is-layout-flow wp-block-column-is-layout-flow\">\n<ul class=\"wp-block-list\">\n<li>Your data will be displayed on the screen, i.e. your person code and name<\/li>\n\n\n\n<li>Click on &#8220;Re\u0123istr\u0113ties&#8221; (Register)<\/li>\n<\/ul>\n<\/div>\n\n\n\n<div class=\"wp-block-column is-layout-flow wp-block-column-is-layout-flow\">\n<figure class=\"wp-block-image size-full\"><img loading=\"lazy\" decoding=\"async\" width=\"725\" height=\"647\" src=\"https:\/\/lnak.net\/wp-content\/uploads\/2025\/05\/2025-05-11-velesanas-9-second-screenshot.png\" alt=\"\" class=\"wp-image-13099\" srcset=\"https:\/\/lnak.net\/wp-content\/uploads\/2025\/05\/2025-05-11-velesanas-9-second-screenshot.png 725w, https:\/\/lnak.net\/wp-content\/uploads\/2025\/05\/2025-05-11-velesanas-9-second-screenshot-300x268.png 300w, https:\/\/lnak.net\/wp-content\/uploads\/2025\/05\/2025-05-11-velesanas-9-second-screenshot-150x134.png 150w\" sizes=\"auto, (max-width: 725px) 100vw, 725px\" \/><\/figure>\n<\/div>\n<\/div>\n\n<div class=\"wp-block-columns is-layout-flex wp-container-core-columns-is-layout-28f84493 wp-block-columns-is-layout-flex\">\n<div class=\"wp-block-column is-layout-flow wp-block-column-is-layout-flow\">\n<ul class=\"wp-block-list\">\n<li>Make note of your &#8220;k\u0101rtas numurs&#8221;<\/li>\n\n\n\n<li>Click on &#8220;Lejupiel\u0101d\u0113t datni&#8221; (Download file)<\/li>\n<\/ul>\n<\/div>\n\n\n\n<div class=\"wp-block-column is-layout-flow wp-block-column-is-layout-flow\">\n<figure class=\"wp-block-image size-full is-resized\"><img loading=\"lazy\" decoding=\"async\" width=\"609\" height=\"820\" src=\"https:\/\/lnak.net\/wp-content\/uploads\/2025\/05\/2025-05-11-velesanas-10-2.png\" alt=\"\" class=\"wp-image-13167\" style=\"width:478px;height:auto\" srcset=\"https:\/\/lnak.net\/wp-content\/uploads\/2025\/05\/2025-05-11-velesanas-10-2.png 609w, https:\/\/lnak.net\/wp-content\/uploads\/2025\/05\/2025-05-11-velesanas-10-2-223x300.png 223w, https:\/\/lnak.net\/wp-content\/uploads\/2025\/05\/2025-05-11-velesanas-10-2-111x150.png 111w\" sizes=\"auto, (max-width: 609px) 100vw, 609px\" \/><\/figure>\n<\/div>\n<\/div>\n\n<div class=\"wp-block-columns is-layout-flex wp-container-core-columns-is-layout-28f84493 wp-block-columns-is-layout-flex\">\n<div class=\"wp-block-column is-layout-flow wp-block-column-is-layout-flow\">\n<ul class=\"wp-block-list\">\n<li>A zip file will land in your &#8220;Download&#8221; folder<\/li>\n\n\n\n<li>Click on the zip file<\/li>\n<\/ul>\n<\/div>\n\n\n\n<div class=\"wp-block-column is-layout-flow wp-block-column-is-layout-flow\">\n<figure class=\"wp-block-image size-large\"><img loading=\"lazy\" decoding=\"async\" width=\"1024\" height=\"626\" src=\"https:\/\/lnak.net\/wp-content\/uploads\/2025\/05\/2025-05-11-velesanas-11-download-1024x626.png\" alt=\"\" class=\"wp-image-13108\" srcset=\"https:\/\/lnak.net\/wp-content\/uploads\/2025\/05\/2025-05-11-velesanas-11-download-1024x626.png 1024w, https:\/\/lnak.net\/wp-content\/uploads\/2025\/05\/2025-05-11-velesanas-11-download-300x184.png 300w, https:\/\/lnak.net\/wp-content\/uploads\/2025\/05\/2025-05-11-velesanas-11-download-150x92.png 150w, https:\/\/lnak.net\/wp-content\/uploads\/2025\/05\/2025-05-11-velesanas-11-download-768x470.png 768w, https:\/\/lnak.net\/wp-content\/uploads\/2025\/05\/2025-05-11-velesanas-11-download.png 1087w\" sizes=\"auto, (max-width: 1024px) 100vw, 1024px\" \/><\/figure>\n<\/div>\n<\/div>\n\n<div class=\"wp-block-columns is-layout-flex wp-container-core-columns-is-layout-28f84493 wp-block-columns-is-layout-flex\">\n<div class=\"wp-block-column is-layout-flow wp-block-column-is-layout-flow\">\n<ul class=\"wp-block-list\">\n<li>There will be four files:\n<ul class=\"wp-block-list\">\n<li>Attestation form &#8211; you need to print it, fill it in and sign it<\/li>\n\n\n\n<li>Envelope &#8211; a sample envelope to send to your local authority<\/li>\n\n\n\n<li>Postal voting guide &#8211; instructions on how to vote<\/li>\n\n\n\n<li>Ballot sheets for each party- print the ballot with the list of candidates you want to vote for<\/li>\n<\/ul>\n<\/li>\n<\/ul>\n<\/div>\n\n\n\n<div class=\"wp-block-column is-layout-flow wp-block-column-is-layout-flow\">\n<figure class=\"wp-block-image size-large\"><img loading=\"lazy\" decoding=\"async\" width=\"1024\" height=\"559\" src=\"https:\/\/lnak.net\/wp-content\/uploads\/2025\/05\/2025-05-11-velesanas-12-1024x559.png\" alt=\"\" class=\"wp-image-13111\" srcset=\"https:\/\/lnak.net\/wp-content\/uploads\/2025\/05\/2025-05-11-velesanas-12-1024x559.png 1024w, https:\/\/lnak.net\/wp-content\/uploads\/2025\/05\/2025-05-11-velesanas-12-300x164.png 300w, https:\/\/lnak.net\/wp-content\/uploads\/2025\/05\/2025-05-11-velesanas-12-150x82.png 150w, https:\/\/lnak.net\/wp-content\/uploads\/2025\/05\/2025-05-11-velesanas-12-768x420.png 768w, https:\/\/lnak.net\/wp-content\/uploads\/2025\/05\/2025-05-11-velesanas-12.png 1459w\" sizes=\"auto, (max-width: 1024px) 100vw, 1024px\" \/><\/figure>\n<\/div>\n<\/div>\n\n<p>Cast your vote. Follow the instructions on the instruction sheet:<\/p>\n\n<div data-wp-interactive=\"core\/file\" class=\"wp-block-file\"><object data-wp-bind--hidden=\"!state.hasPdfPreview\" hidden class=\"wp-block-file__embed\" data=\"https:\/\/lnak.net\/wp-content\/uploads\/2025\/05\/Pasta-balsosanas-pamaciba-2025-1.pdf\" type=\"application\/pdf\" style=\"width:100%;height:600px\" aria-label=\"Embed of Pasta balsosanas pamaciba 2025 (1).\"><\/object><a id=\"wp-block-file--media-a514bd8e-b317-4f89-8524-97ad024bccad\" href=\"https:\/\/lnak.net\/wp-content\/uploads\/2025\/05\/Pasta-balsosanas-pamaciba-2025-1.pdf\">Postal ballot for the 2025 vote (1)<\/a><a href=\"https:\/\/lnak.net\/wp-content\/uploads\/2025\/05\/Pasta-balsosanas-pamaciba-2025-1.pdf\" class=\"wp-block-file__button wp-element-button\" download=\"\" aria-describedby=\"wp-block-file--media-a514bd8e-b317-4f89-8524-97ad024bccad\">Download<\/a><\/div>\n","protected":false},"excerpt":{"rendered":"<p>Who can vote: When to vote: What you need to vote: How to apply and vote The Central Election Commission has made a video with very clear instructions. Watch the video first. If you want to follow written instructions, read on. Cast your vote. Follow the instructions on the instruction sheet:<\/p>\n","protected":false},"author":1,"featured_media":0,"parent":0,"menu_order":0,"comment_status":"closed","ping_status":"closed","template":"","meta":{"_uag_custom_page_level_css":"","_monsterinsights_skip_tracking":false,"_monsterinsights_sitenote_active":false,"_monsterinsights_sitenote_note":"","_monsterinsights_sitenote_category":0,"site-sidebar-layout":"default","site-content-layout":"","ast-site-content-layout":"default","site-content-style":"default","site-sidebar-style":"default","ast-global-header-display":"","ast-banner-title-visibility":"","ast-main-header-display":"","ast-hfb-above-header-display":"","ast-hfb-below-header-display":"","ast-hfb-mobile-header-display":"","site-post-title":"","ast-breadcrumbs-content":"","ast-featured-img":"","footer-sml-layout":"","theme-transparent-header-meta":"","adv-header-id-meta":"","stick-header-meta":"","header-above-stick-meta":"","header-main-stick-meta":"","header-below-stick-meta":"","astra-migrate-meta-layouts":"","ast-page-background-enabled":"default","ast-page-background-meta":{"desktop":{"background-color":"","background-image":"","background-repeat":"repeat","background-position":"center center","background-size":"auto","background-attachment":"scroll","background-type":"","background-media":"","overlay-type":"","overlay-color":"","overlay-gradient":""},"tablet":{"background-color":"","background-image":"","background-repeat":"repeat","background-position":"center center","background-size":"auto","background-attachment":"scroll","background-type":"","background-media":"","overlay-type":"","overlay-color":"","overlay-gradient":""},"mobile":{"background-color":"","background-image":"","background-repeat":"repeat","background-position":"center center","background-size":"auto","background-attachment":"scroll","background-type":"","background-media":"","overlay-type":"","overlay-color":"","overlay-gradient":""}},"ast-content-background-meta":{"desktop":{"background-color":"var(--ast-global-color-5)","background-image":"","background-repeat":"repeat","background-position":"center center","background-size":"auto","background-attachment":"scroll","background-type":"","background-media":"","overlay-type":"","overlay-color":"","overlay-gradient":""},"tablet":{"background-color":"var(--ast-global-color-5)","background-image":"","background-repeat":"repeat","background-position":"center center","background-size":"auto","background-attachment":"scroll","background-type":"","background-media":"","overlay-type":"","overlay-color":"","overlay-gradient":""},"mobile":{"background-color":"var(--ast-global-color-5)","background-image":"","background-repeat":"repeat","background-position":"center center","background-size":"auto","background-attachment":"scroll","background-type":"","background-media":"","overlay-type":"","overlay-color":"","overlay-gradient":""}},"footnotes":""},"class_list":["post-13142","page","type-page","status-publish","hentry"],"aioseo_notices":[],"uagb_featured_image_src":{"full":false,"thumbnail":false,"medium":false,"medium_large":false,"large":false,"1536x1536":false,"2048x2048":false},"uagb_author_info":{"display_name":"ADMIN","author_link":"https:\/\/lnak.net\/en\/author\/admin\/"},"uagb_comment_info":0,"uagb_excerpt":"Who can vote: When to vote: What you need to vote: How to apply and vote The Central Election Commission has made a video with very clear instructions. Watch the video first. If you want to follow written instructions, read on. Cast your vote. Follow the instructions on the instruction sheet:","_links":{"self":[{"href":"https:\/\/lnak.net\/en\/wp-json\/wp\/v2\/pages\/13142","targetHints":{"allow":["GET"]}}],"collection":[{"href":"https:\/\/lnak.net\/en\/wp-json\/wp\/v2\/pages"}],"about":[{"href":"https:\/\/lnak.net\/en\/wp-json\/wp\/v2\/types\/page"}],"author":[{"embeddable":true,"href":"https:\/\/lnak.net\/en\/wp-json\/wp\/v2\/users\/1"}],"replies":[{"embeddable":true,"href":"https:\/\/lnak.net\/en\/wp-json\/wp\/v2\/comments?post=13142"}],"version-history":[{"count":7,"href":"https:\/\/lnak.net\/en\/wp-json\/wp\/v2\/pages\/13142\/revisions"}],"predecessor-version":[{"id":13177,"href":"https:\/\/lnak.net\/en\/wp-json\/wp\/v2\/pages\/13142\/revisions\/13177"}],"wp:attachment":[{"href":"https:\/\/lnak.net\/en\/wp-json\/wp\/v2\/media?parent=13142"}],"curies":[{"name":"wp","href":"https:\/\/api.w.org\/{rel}","templated":true}]}}