{"id":12304,"date":"2025-02-17T17:43:22","date_gmt":"2025-02-17T22:43:22","guid":{"rendered":"https:\/\/lnak.net\/lnak-weekly-news-review\/"},"modified":"2025-03-21T10:58:32","modified_gmt":"2025-03-21T14:58:32","slug":"lnak-weekly-news-review","status":"publish","type":"page","link":"https:\/\/lnak.net\/en\/lnak-weekly-news-review\/","title":{"rendered":"LNAK Weekly News Review"},"content":{"rendered":"<div class=\"wpv-view-output\" data-toolset-views-view-editor=\"1469e8ad91d4a12429712d7a6201c8c0\"><div class=\"wp-block-toolset-views-view-editor\">\n<div class=\"wp-block-toolset-views-custom-search-container\"><form autocomplete=\"off\" name=\"wpv-filter-11778\" action=\"\/en\/wp-json\/wp\/v2\/pages\/12304?wpv_view_count=11778\" method=\"get\" class=\"wpv-filter-form js-wpv-filter-form js-wpv-filter-form-11778 js-wpv-form-full\" data-viewnumber=\"11778\" data-viewid=\"11778\" data-viewhash=\"eyJuYW1lIjoic2FuLWNvcHktMTczOTgzMjExMCJ9\" data-viewwidgetid=\"0\" data-orderby=\"\" data-order=\"\" data-orderbyas=\"\" data-orderbysecond=\"\" data-ordersecond=\"\" data-parametric=\"{&quot;query&quot;:&quot;normal&quot;,&quot;id&quot;:11778,&quot;view_id&quot;:11778,&quot;widget_id&quot;:0,&quot;view_hash&quot;:&quot;11778&quot;,&quot;action&quot;:&quot;\\\/en\\\/wp-json\\\/wp\\\/v2\\\/pages\\\/12304?wpv_view_count=11778&quot;,&quot;sort&quot;:{&quot;orderby&quot;:&quot;&quot;,&quot;order&quot;:&quot;&quot;,&quot;orderby_as&quot;:&quot;&quot;,&quot;orderby_second&quot;:&quot;&quot;,&quot;order_second&quot;:&quot;&quot;},&quot;orderby&quot;:&quot;&quot;,&quot;order&quot;:&quot;&quot;,&quot;orderby_as&quot;:&quot;&quot;,&quot;orderby_second&quot;:&quot;&quot;,&quot;order_second&quot;:&quot;&quot;,&quot;ajax_form&quot;:&quot;&quot;,&quot;ajax_results&quot;:&quot;&quot;,&quot;effect&quot;:&quot;fade&quot;,&quot;prebefore&quot;:&quot;&quot;,&quot;before&quot;:&quot;&quot;,&quot;after&quot;:&quot;&quot;,&quot;attributes&quot;:[],&quot;environment&quot;:{&quot;current_post_id&quot;:12304,&quot;parent_post_id&quot;:12304,&quot;parent_term_id&quot;:0,&quot;parent_user_id&quot;:0,&quot;archive&quot;:{&quot;type&quot;:&quot;&quot;,&quot;name&quot;:&quot;&quot;,&quot;data&quot;:[]}},&quot;loop&quot;:{&quot;type&quot;:&quot;&quot;,&quot;name&quot;:&quot;&quot;,&quot;data&quot;:[],&quot;id&quot;:0}}\" data-attributes=\"[]\" data-environment=\"{&quot;current_post_id&quot;:12304,&quot;parent_post_id&quot;:12304,&quot;parent_term_id&quot;:0,&quot;parent_user_id&quot;:0,&quot;archive&quot;:{&quot;type&quot;:&quot;&quot;,&quot;name&quot;:&quot;&quot;,&quot;data&quot;:[]}}\"><input type=\"hidden\" class=\"js-wpv-dps-filter-data js-wpv-filter-data-for-this-form\" data-action=\"\/en\/wp-json\/wp\/v2\/pages\/12304?wpv_view_count=11778\" data-page=\"1\" data-ajax=\"disable\" data-effect=\"fade\" data-maxpages=\"6\" data-ajaxprebefore=\"\" data-ajaxbefore=\"\" data-ajaxafter=\"\" \/><input class=\"wpv_view_count wpv_view_count-11778\" type=\"hidden\" name=\"wpv_view_count\" value=\"11778\" \/> <div><\/div> <\/form><\/div>\n\n\n<div id=\"wpv-view-layout-11778\" class=\"js-wpv-view-layout js-wpv-layout-responsive js-wpv-view-layout-11778\" data-viewnumber=\"11778\" data-pagination=\"{&quot;id&quot;:11778,&quot;query&quot;:&quot;normal&quot;,&quot;type&quot;:&quot;paged&quot;,&quot;effect&quot;:&quot;fade&quot;,&quot;duration&quot;:500,&quot;speed&quot;:5,&quot;pause_on_hover&quot;:&quot;disabled&quot;,&quot;stop_rollover&quot;:&quot;false&quot;,&quot;cache_pages&quot;:&quot;enabled&quot;,&quot;preload_images&quot;:&quot;enabled&quot;,&quot;preload_pages&quot;:&quot;enabled&quot;,&quot;preload_reach&quot;:1,&quot;spinner&quot;:&quot;builtin&quot;,&quot;spinner_image&quot;:&quot;https:\/\/lnak.net\/wp-content\/plugins\/toolset-blocks\/embedded\/res\/img\/ajax-loader.svg&quot;,&quot;callback_next&quot;:&quot;&quot;,&quot;manage_history&quot;:&quot;enabled&quot;,&quot;has_controls_in_form&quot;:&quot;disabled&quot;,&quot;infinite_tolerance&quot;:&quot;0&quot;,&quot;max_pages&quot;:6,&quot;page&quot;:1,&quot;base_permalink&quot;:&quot;\/en\/wp-json\/wp\/v2\/pages\/12304?wpv_view_count=11778&amp;wpv_paged=WPV_PAGE_NUM&quot;,&quot;loop&quot;:{&quot;type&quot;:&quot;&quot;,&quot;name&quot;:&quot;&quot;,&quot;data&quot;:[],&quot;id&quot;:0}}\" data-permalink=\"\/en\/wp-json\/wp\/v2\/pages\/12304?wpv_view_count=11778\">\n\n<div class=\"wpv-sorting-block wpv-sorting-block-label-before wpv-sorting-block-align-left\" data-toolset-views-sorting=\"79ab870ebcbb3c956bef742b52dc7da1\"><div class=\"wpv-sorting-block-item wpv-sorting-block-label\">Sort by<\/div><div class=\"wpv-sorting-block-item wpv-sorting-block-orderby\"><select name=\"wpv_sort_orderby\" class=\"wpv-sort-control-select wpv-sort-control-orderby js-wpv-sort-control-orderby js-wpv-sort-control-force-apply-reload\" data-viewnumber=\"11778\" autocomplete=\"off\"><option value=\"\"  data-orderbyas=\"string\" data-forceorder=\"desc\"><\/option><option value=\"post_date\"  selected='selected' data-orderbyas=\"string\" data-forceorder=\"desc\">Post date<\/option><\/select><\/div><\/div>\n\n<div class=\"js-wpv-loop-wrapper\"><div class=\"tb-grid\"><div class=\"tb-grid-column\">\n\n<div class=\"wp-block-toolset-views-view-template-block wpv-block-loop-item php-to-be-replaced-with-shortcode\" data-toolset-views-view-template-block=\"9c670ee78d28a511a5dad7c6471d96df\">\n<figure class=\"wp-block-image tb-image tb-image-dynamic tb-image-frame-none\" data-toolset-blocks-image=\"3dfae17bf797709cbd6d66ca4f1a83fb\"><img decoding=\"async\" loading=\"lazy\" src=\"https:\/\/lnak.net\/wp-content\/uploads\/2025\/09\/Kanadas-lidmasina-300x312.jpg\" alt=\"\" class=\"wp-image-14290\"><\/figure>\n\n\n\n<div class=\"tb-field\" data-toolset-blocks-field=\"5411d44f1c764f3a6a566ce07b89f475\" data-last-update=\"1.4\"><\/div>\n\n\n\n<div class=\"tb-field\" data-toolset-blocks-field=\"13033068f8c5c5dd7799a358de55669c\" data-last-update=\"1.4\"><a href=\"https:\/\/lnak.net\/en\/organizaciju-zina\/lnak-nedelas-apskats-2026-gada-23-30-marts\/\">LNAK Ned\u0113\u013cas apskats 2026. gada 23.-30. marts<\/a><\/div>\n\n\n\n<div class=\"tb-field\" data-toolset-blocks-field=\"a99dc6656fabdab9d0ae2eff00e471b8\" data-last-update=\"1.4\">Kan\u0101d\u0101 un ASV \u25cf Kan\u0101das feder\u0101lajai partijai NDP ir jauns l\u012bderis. Lewis seko sava vect\u0113va David Lewis p\u0113d\u0101s, kur\u0161 vad\u012bja partiju 70. gados (1971. l\u012bdz 1975. gadam). Jauniev\u0113l\u0113tais NDP l\u012bderis...<\/div>\n<\/div>\n\n<\/div><div class=\"tb-grid-column\">\n\n<div class=\"wp-block-toolset-views-view-template-block wpv-block-loop-item php-to-be-replaced-with-shortcode\" data-toolset-views-view-template-block=\"9c670ee78d28a511a5dad7c6471d96df\">\n<figure class=\"wp-block-image tb-image tb-image-dynamic tb-image-frame-none\" data-toolset-blocks-image=\"3dfae17bf797709cbd6d66ca4f1a83fb\"><img decoding=\"async\" loading=\"lazy\" src=\"https:\/\/lnak.net\/wp-content\/uploads\/2026\/03\/canadian-hockey-flag-300x312.jpg\" alt=\"\" class=\"wp-image-16086\"><\/figure>\n\n\n\n<div class=\"tb-field\" data-toolset-blocks-field=\"5411d44f1c764f3a6a566ce07b89f475\" data-last-update=\"1.4\"><\/div>\n\n\n\n<div class=\"tb-field\" data-toolset-blocks-field=\"13033068f8c5c5dd7799a358de55669c\" data-last-update=\"1.4\"><a href=\"https:\/\/lnak.net\/en\/organizaciju-zina\/lnak-nedelas-apskats-2026-gada-16-23-marts\/\">LNAK Ned\u0113\u013cas apskats 2026. gada 16.-23. marts<\/a><\/div>\n\n\n\n<div class=\"tb-field\" data-toolset-blocks-field=\"a99dc6656fabdab9d0ae2eff00e471b8\" data-last-update=\"1.4\">Kan\u0101d\u0101 un ASV Kan\u0101da ir pievienojusies kop\u012bgai septi\u0146u valstu l\u012bderu pazi\u0146ojumam, kas public\u0113ts 19. mart\u0101, aicinot Ir\u0101nu nekav\u0113joties p\u0101rtraukt visus m\u0113\u0123in\u0101jumus blo\u0137\u0113t Hormuza \u0161aurumu komerci\u0101laj\u0101m ku\u0123niec\u012bb\u0101m un izsakot gatav\u012bbu piedal\u012bties...<\/div>\n<\/div>\n\n<\/div><div class=\"tb-grid-column\">\n\n<div class=\"wp-block-toolset-views-view-template-block wpv-block-loop-item php-to-be-replaced-with-shortcode\" data-toolset-views-view-template-block=\"9c670ee78d28a511a5dad7c6471d96df\">\n<figure class=\"wp-block-image tb-image tb-image-dynamic tb-image-frame-none\" data-toolset-blocks-image=\"3dfae17bf797709cbd6d66ca4f1a83fb\"><img decoding=\"async\" loading=\"lazy\" src=\"https:\/\/lnak.net\/wp-content\/uploads\/2026\/03\/premjers-kanada-300x312.jpg\" alt=\"\" class=\"wp-image-16065\"><\/figure>\n\n\n\n<div class=\"tb-field\" data-toolset-blocks-field=\"5411d44f1c764f3a6a566ce07b89f475\" data-last-update=\"1.4\"><\/div>\n\n\n\n<div class=\"tb-field\" data-toolset-blocks-field=\"13033068f8c5c5dd7799a358de55669c\" data-last-update=\"1.4\"><a href=\"https:\/\/lnak.net\/en\/organizaciju-zina\/lnak-nedelas-apskats-2026-gada-9-16-marts\/\">LNAK ned\u0113\u013cas apskats 2026. gada 9.-16.marts<\/a><\/div>\n\n\n\n<div class=\"tb-field\" data-toolset-blocks-field=\"a99dc6656fabdab9d0ae2eff00e471b8\" data-last-update=\"1.4\">Kan\u0101d\u0101 un ASV 16. mart\u0101 Carney\u00a0\u00a0un\u00a0Starmer\u00a0tiekas London\u0101 Tuvo Austrumu kr\u012bzes laik\u0101. Pieaugo\u0161\u0101s ener\u0123ijas cenas rada lielas ba\u017eas abiem l\u012bderiem.\u00a0Carney\u00a0\u00a0biroja ofici\u0101laj\u0101 pazi\u0146ojum\u0101 p\u0113c tik\u0161an\u0101s teikts, ka gan Kan\u0101da, gan Apvienot\u0101 Karaliste...<\/div>\n<\/div>\n\n<\/div><div class=\"tb-grid-column\">\n\n<div class=\"wp-block-toolset-views-view-template-block wpv-block-loop-item php-to-be-replaced-with-shortcode\" data-toolset-views-view-template-block=\"9c670ee78d28a511a5dad7c6471d96df\">\n<figure class=\"wp-block-image tb-image tb-image-dynamic tb-image-frame-none\" data-toolset-blocks-image=\"3dfae17bf797709cbd6d66ca4f1a83fb\"><img decoding=\"async\" loading=\"lazy\" src=\"https:\/\/lnak.net\/wp-content\/uploads\/2026\/03\/C-japana-300x312.jpg\" alt=\"\" class=\"wp-image-15945\"><\/figure>\n\n\n\n<div class=\"tb-field\" data-toolset-blocks-field=\"5411d44f1c764f3a6a566ce07b89f475\" data-last-update=\"1.4\"><\/div>\n\n\n\n<div class=\"tb-field\" data-toolset-blocks-field=\"13033068f8c5c5dd7799a358de55669c\" data-last-update=\"1.4\"><a href=\"https:\/\/lnak.net\/en\/organizaciju-zina\/lnak-nedelas-apskats-2026-gada-2-9-marts\/\">LNAK Ned\u0113\u013cas apskats 2026. gada 2.-9. marts<\/a><\/div>\n\n\n\n<div class=\"tb-field\" data-toolset-blocks-field=\"a99dc6656fabdab9d0ae2eff00e471b8\" data-last-update=\"1.4\">Kan\u0101d\u0101 un ASV Kan\u0101das premjerministrs\u00a0Carney\u00a0\u00a0apmekl\u0113ja Jap\u0101nu. Tokij\u0101\u00a0Carney\u00a0\u00a0parakst\u012bja vieno\u0161anos ar Jap\u0101nas kol\u0113\u0123i par tirdzniec\u012bbas un aizsardz\u012bbas sai\u0161u papla\u0161in\u0101\u0161anu. Premjerministrs tik\u0101s ar\u012b ar jap\u0101nas autora\u017eot\u0101jiem. Kan\u0101da ir ar\u012b piekritusi atbalst\u012bt Jap\u0101nas autora\u017eot\u0101ju...<\/div>\n<\/div>\n\n<\/div><div class=\"tb-grid-column\">\n\n<div class=\"wp-block-toolset-views-view-template-block wpv-block-loop-item php-to-be-replaced-with-shortcode\" data-toolset-views-view-template-block=\"9c670ee78d28a511a5dad7c6471d96df\">\n<figure class=\"wp-block-image tb-image tb-image-dynamic tb-image-frame-none\" data-toolset-blocks-image=\"3dfae17bf797709cbd6d66ca4f1a83fb\"><img decoding=\"async\" loading=\"lazy\" src=\"https:\/\/lnak.net\/wp-content\/uploads\/2026\/03\/kanadas-ekonomika-300x312.jpg\" alt=\"\" class=\"wp-image-15916\"><\/figure>\n\n\n\n<div class=\"tb-field\" data-toolset-blocks-field=\"5411d44f1c764f3a6a566ce07b89f475\" data-last-update=\"1.4\"><\/div>\n\n\n\n<div class=\"tb-field\" data-toolset-blocks-field=\"13033068f8c5c5dd7799a358de55669c\" data-last-update=\"1.4\"><a href=\"https:\/\/lnak.net\/en\/organizaciju-zina\/lnak-nedelas-apskats-2026-gada-23-februaris-2-marts\/\">LNAK Ned\u0113\u013cas apskats 2026. gada 23. febru\u0101ris-2. marts<\/a><\/div>\n\n\n\n<div class=\"tb-field\" data-toolset-blocks-field=\"a99dc6656fabdab9d0ae2eff00e471b8\" data-last-update=\"1.4\">Kan\u0101d\u0101 un ASV Kan\u0101das ener\u0123\u0113tikas ministrs\u00a0Hodgson\u00a0saka, ka valsts ir gatava k\u013c\u016bt par vienu no pasaules liel\u0101kajiem sa\u0161\u0137idrin\u0101t\u0101s dabasg\u0101zes pieg\u0101d\u0101t\u0101jiem, eksport\u0113jot l\u012bdz pat 100 miljoniem tonnu gad\u0101.\u00a0Tim Hodgson\u00a0pav\u0113st\u012bja \u0161o optimistisko skatu...<\/div>\n<\/div>\n\n<\/div><div class=\"tb-grid-column\">\n\n<div class=\"wp-block-toolset-views-view-template-block wpv-block-loop-item php-to-be-replaced-with-shortcode\" data-toolset-views-view-template-block=\"9c670ee78d28a511a5dad7c6471d96df\">\n<figure class=\"wp-block-image tb-image tb-image-dynamic tb-image-frame-none\" data-toolset-blocks-image=\"3dfae17bf797709cbd6d66ca4f1a83fb\"><img decoding=\"async\" loading=\"lazy\" src=\"https:\/\/lnak.net\/wp-content\/uploads\/2026\/02\/atbalsts-ukrainai-300x312.jpg\" alt=\"\" class=\"wp-image-15670\"><\/figure>\n\n\n\n<div class=\"tb-field\" data-toolset-blocks-field=\"5411d44f1c764f3a6a566ce07b89f475\" data-last-update=\"1.4\"><\/div>\n\n\n\n<div class=\"tb-field\" data-toolset-blocks-field=\"13033068f8c5c5dd7799a358de55669c\" data-last-update=\"1.4\"><a href=\"https:\/\/lnak.net\/en\/organizaciju-zina\/lnak-nedelas-apskats-2026-gada-2-9-februaris\/\">LNAK Ned\u0113\u013cas apskats 2026. gada 2.-9. febru\u0101ris<\/a><\/div>\n\n\n\n<div class=\"tb-field\" data-toolset-blocks-field=\"a99dc6656fabdab9d0ae2eff00e471b8\" data-last-update=\"1.4\">Kan\u0101d\u0101 un ASV Kan\u0101das ekonomik\u0101 janv\u0101r\u012b zaud\u0113ja 25 000 darba vietu, tom\u0113r bezdarba l\u012bmenis nedaudz samazin\u0101j\u0101s l\u012bdz 6,5%. Zi\u0146ojums atspogu\u013co ekonomiku, kas vienlaikus piel\u0101gojas trim liel\u0101m izmai\u0146\u0101m: ASV tarifi, kas...<\/div>\n<\/div>\n\n<\/div><div class=\"tb-grid-column\">\n\n<div class=\"wp-block-toolset-views-view-template-block wpv-block-loop-item php-to-be-replaced-with-shortcode\" data-toolset-views-view-template-block=\"9c670ee78d28a511a5dad7c6471d96df\">\n<figure class=\"wp-block-image tb-image tb-image-dynamic tb-image-frame-none\" data-toolset-blocks-image=\"3dfae17bf797709cbd6d66ca4f1a83fb\"><img decoding=\"async\" loading=\"lazy\" src=\"https:\/\/lnak.net\/wp-content\/uploads\/2026\/01\/uzlidojumi-ukr-300x312.jpg\" alt=\"\" class=\"wp-image-15640\"><\/figure>\n\n\n\n<div class=\"tb-field\" data-toolset-blocks-field=\"5411d44f1c764f3a6a566ce07b89f475\" data-last-update=\"1.4\"><\/div>\n\n\n\n<div class=\"tb-field\" data-toolset-blocks-field=\"13033068f8c5c5dd7799a358de55669c\" data-last-update=\"1.4\"><a href=\"https:\/\/lnak.net\/en\/organizaciju-zina\/lnak-nedelas-apskats-2026-gada-26-janvaris-2-februaris\/\">LNAK Ned\u0113\u013cas apskats 2026. gada 26. janv\u0101ris-2. febru\u0101ris<\/a><\/div>\n\n\n\n<div class=\"tb-field\" data-toolset-blocks-field=\"a99dc6656fabdab9d0ae2eff00e471b8\" data-last-update=\"1.4\">Kan\u0101da un ASV Kan\u0101das premjerministrs\u00a0Carney\u00a0pazi\u0146oja par virkni pas\u0101kumu, kas, vi\u0146apr\u0101t, pal\u012bdz\u0113s Kan\u0101das \u0123imen\u0113m, kuras c\u012bn\u0101s ar pieaugo\u0161aj\u0101m dz\u012bves d\u0101rdz\u012bbas izmaks\u0101m. Pazi\u0146ot\u0101 galvenais uzsvars ir Kan\u0101das p\u0101rtikas un pirm\u0101s nepiecie\u0161am\u012bbas pre\u010du...<\/div>\n<\/div>\n\n<\/div><div class=\"tb-grid-column\">\n\n<div class=\"wp-block-toolset-views-view-template-block wpv-block-loop-item php-to-be-replaced-with-shortcode\" data-toolset-views-view-template-block=\"9c670ee78d28a511a5dad7c6471d96df\">\n<figure class=\"wp-block-image tb-image tb-image-dynamic tb-image-frame-none\" data-toolset-blocks-image=\"3dfae17bf797709cbd6d66ca4f1a83fb\"><img decoding=\"async\" loading=\"lazy\" src=\"https:\/\/lnak.net\/wp-content\/uploads\/2026\/01\/carney-speach-scaled-300x312.avif\" alt=\"\" class=\"wp-image-15552\"><\/figure>\n\n\n\n<div class=\"tb-field\" data-toolset-blocks-field=\"5411d44f1c764f3a6a566ce07b89f475\" data-last-update=\"1.4\"><\/div>\n\n\n\n<div class=\"tb-field\" data-toolset-blocks-field=\"13033068f8c5c5dd7799a358de55669c\" data-last-update=\"1.4\"><a href=\"https:\/\/lnak.net\/en\/organizaciju-zina\/lnak-nedelas-apskats-2026-gada-19-26-janvaris\/\">LNAK Ned\u0113\u013cas apskats 2026. gada 19.-26. janv\u0101ris<\/a><\/div>\n\n\n\n<div class=\"tb-field\" data-toolset-blocks-field=\"a99dc6656fabdab9d0ae2eff00e471b8\" data-last-update=\"1.4\">Kan\u0101d\u0101, ASV un Davosa Kan\u0101das premjerministra\u00a0Carney\u00a0runa Pasaules ekonomikas forum\u0101 Davos\u0101 \u0161\u012bs ned\u0113\u013cas s\u0101kum\u0101 tiek slav\u0113ta par t\u0101s drosm\u012bgo raksturu, kur \u0161obr\u012bd atrodas pasaule un kurp t\u0101 virz\u0101s. Nenosaucot ASV prezidentu...<\/div>\n<\/div>\n\n<\/div><div class=\"tb-grid-column\">\n\n<div class=\"wp-block-toolset-views-view-template-block wpv-block-loop-item php-to-be-replaced-with-shortcode\" data-toolset-views-view-template-block=\"9c670ee78d28a511a5dad7c6471d96df\">\n<figure class=\"wp-block-image tb-image tb-image-dynamic tb-image-frame-none\" data-toolset-blocks-image=\"3dfae17bf797709cbd6d66ca4f1a83fb\"><img decoding=\"async\" loading=\"lazy\" src=\"https:\/\/lnak.net\/wp-content\/uploads\/2026\/01\/Prime-Minister-Mark-Carney-Davos-300x312.webp\" alt=\"\" class=\"wp-image-15520\"><\/figure>\n\n\n\n<div class=\"tb-field\" data-toolset-blocks-field=\"5411d44f1c764f3a6a566ce07b89f475\" data-last-update=\"1.4\"><\/div>\n\n\n\n<div class=\"tb-field\" data-toolset-blocks-field=\"13033068f8c5c5dd7799a358de55669c\" data-last-update=\"1.4\"><a href=\"https:\/\/lnak.net\/en\/organizaciju-zina\/lnak-nedelas-apskats-2026-gada-12-19-janvaris\/\">LNAK Ned\u0113\u013cas apskats 2026. gada 12.-19. janv\u0101ris<\/a><\/div>\n\n\n\n<div class=\"tb-field\" data-toolset-blocks-field=\"a99dc6656fabdab9d0ae2eff00e471b8\" data-last-update=\"1.4\">Kan\u0101d\u0101 un ASV Kan\u0101das premjerministrs\u00a0Carney\u00a019. janv\u0101r\u012b ierad\u0101s \u0160veic\u0113, lai pievienotos pasaules varas elitei Pasaules Ekonomikas forum\u0101 sl\u0113po\u0161anas k\u016brorta pils\u0113t\u0101 Davos\u0101, kur vi\u0146\u0161 cer piesaist\u012bt ieguld\u012bjumus (investment) no cit\u0101m valst\u012bm un...<\/div>\n<\/div>\n\n<\/div><\/div><\/div>\n\n\n<div class=\"wpv-pagination-nav-links\" data-toolset-views-view-pagination-block=\"cdfd4c4737b2898eba4443dd59a1bf50\"><ul class=\"wpv-pagination-nav-links-container js-wpv-pagination-nav-links-container pagination\"><li class=\"wpv-pagination-nav-links-item js-wpv-pagination-nav-links-item page-item wpv-page-link-11778-1 js-wpv-page-link-11778-1 wpv_page_current wpv-pagination-nav-links-item-current active\"><span class=\"wpv-filter-pagination-link page-link\">1<\/span><\/li><li class=\"wpv-pagination-nav-links-item js-wpv-pagination-nav-links-item page-item wpv-page-link-11778-2 js-wpv-page-link-11778-2\"><a class=\"wpv-filter-pagination-link js-wpv-pagination-link page-link\" title=\"2\" href=\"\/en\/wp-json\/wp\/v2\/pages\/12304?wpv_view_count=11778&#038;wpv_paged=2\" data-viewnumber=\"11778\" data-page=\"2\">2<\/a><\/li><li class=\"wpv-pagination-nav-links-item js-wpv-pagination-nav-links-item page-item wpv-page-link-11778-3 js-wpv-page-link-11778-3\"><a class=\"wpv-filter-pagination-link js-wpv-pagination-link page-link\" title=\"3\" href=\"\/en\/wp-json\/wp\/v2\/pages\/12304?wpv_view_count=11778&#038;wpv_paged=3\" data-viewnumber=\"11778\" data-page=\"3\">3<\/a><\/li><li class=\"wpv-pagination-nav-links-item js-wpv-pagination-nav-links-item page-item wpv-page-link-11778-4 js-wpv-page-link-11778-4\"><a class=\"wpv-filter-pagination-link js-wpv-pagination-link page-link\" title=\"4\" href=\"\/en\/wp-json\/wp\/v2\/pages\/12304?wpv_view_count=11778&#038;wpv_paged=4\" data-viewnumber=\"11778\" data-page=\"4\">4<\/a><\/li><li class=\"wpv-pagination-nav-links-item js-wpv-pagination-nav-links-item page-item wpv-page-link-11778-5 js-wpv-page-link-11778-5\"><a class=\"wpv-filter-pagination-link js-wpv-pagination-link page-link\" title=\"5\" href=\"\/en\/wp-json\/wp\/v2\/pages\/12304?wpv_view_count=11778&#038;wpv_paged=5\" data-viewnumber=\"11778\" data-page=\"5\">5<\/a><\/li><li class=\"wpv-pagination-nav-links-item js-wpv-pagination-nav-links-item page-item wpv-page-link-11778-6 js-wpv-page-link-11778-6\"><a class=\"wpv-filter-pagination-link js-wpv-pagination-link page-link\" title=\"6\" href=\"\/en\/wp-json\/wp\/v2\/pages\/12304?wpv_view_count=11778&#038;wpv_paged=6\" data-viewnumber=\"11778\" data-page=\"6\">6<\/a><\/li><\/ul><\/div>\n\n<\/div><\/div><\/div>","protected":false},"excerpt":{"rendered":"","protected":false},"author":1,"featured_media":0,"parent":0,"menu_order":0,"comment_status":"closed","ping_status":"closed","template":"","meta":{"_uag_custom_page_level_css":"","_monsterinsights_skip_tracking":false,"_monsterinsights_sitenote_active":false,"_monsterinsights_sitenote_note":"","_monsterinsights_sitenote_category":0,"site-sidebar-layout":"default","site-content-layout":"","ast-site-content-layout":"default","site-content-style":"default","site-sidebar-style":"default","ast-global-header-display":"","ast-banner-title-visibility":"","ast-main-header-display":"","ast-hfb-above-header-display":"","ast-hfb-below-header-display":"","ast-hfb-mobile-header-display":"","site-post-title":"","ast-breadcrumbs-content":"","ast-featured-img":"","footer-sml-layout":"","theme-transparent-header-meta":"","adv-header-id-meta":"","stick-header-meta":"","header-above-stick-meta":"","header-main-stick-meta":"","header-below-stick-meta":"","astra-migrate-meta-layouts":"","ast-page-background-enabled":"default","ast-page-background-meta":{"desktop":{"background-color":"","background-image":"","background-repeat":"repeat","background-position":"center center","background-size":"auto","background-attachment":"scroll","background-type":"","background-media":"","overlay-type":"","overlay-color":"","overlay-gradient":""},"tablet":{"background-color":"","background-image":"","background-repeat":"repeat","background-position":"center center","background-size":"auto","background-attachment":"scroll","background-type":"","background-media":"","overlay-type":"","overlay-color":"","overlay-gradient":""},"mobile":{"background-color":"","background-image":"","background-repeat":"repeat","background-position":"center center","background-size":"auto","background-attachment":"scroll","background-type":"","background-media":"","overlay-type":"","overlay-color":"","overlay-gradient":""}},"ast-content-background-meta":{"desktop":{"background-color":"var(--ast-global-color-5)","background-image":"","background-repeat":"repeat","background-position":"center center","background-size":"auto","background-attachment":"scroll","background-type":"","background-media":"","overlay-type":"","overlay-color":"","overlay-gradient":""},"tablet":{"background-color":"var(--ast-global-color-5)","background-image":"","background-repeat":"repeat","background-position":"center center","background-size":"auto","background-attachment":"scroll","background-type":"","background-media":"","overlay-type":"","overlay-color":"","overlay-gradient":""},"mobile":{"background-color":"var(--ast-global-color-5)","background-image":"","background-repeat":"repeat","background-position":"center center","background-size":"auto","background-attachment":"scroll","background-type":"","background-media":"","overlay-type":"","overlay-color":"","overlay-gradient":""}},"footnotes":""},"class_list":["post-12304","page","type-page","status-publish","hentry"],"aioseo_notices":[],"uagb_featured_image_src":{"full":false,"thumbnail":false,"medium":false,"medium_large":false,"large":false,"1536x1536":false,"2048x2048":false},"uagb_author_info":{"display_name":"ADMIN","author_link":"https:\/\/lnak.net\/en\/author\/admin\/"},"uagb_comment_info":0,"uagb_excerpt":null,"_links":{"self":[{"href":"https:\/\/lnak.net\/en\/wp-json\/wp\/v2\/pages\/12304","targetHints":{"allow":["GET"]}}],"collection":[{"href":"https:\/\/lnak.net\/en\/wp-json\/wp\/v2\/pages"}],"about":[{"href":"https:\/\/lnak.net\/en\/wp-json\/wp\/v2\/types\/page"}],"author":[{"embeddable":true,"href":"https:\/\/lnak.net\/en\/wp-json\/wp\/v2\/users\/1"}],"replies":[{"embeddable":true,"href":"https:\/\/lnak.net\/en\/wp-json\/wp\/v2\/comments?post=12304"}],"version-history":[{"count":1,"href":"https:\/\/lnak.net\/en\/wp-json\/wp\/v2\/pages\/12304\/revisions"}],"predecessor-version":[{"id":12305,"href":"https:\/\/lnak.net\/en\/wp-json\/wp\/v2\/pages\/12304\/revisions\/12305"}],"wp:attachment":[{"href":"https:\/\/lnak.net\/en\/wp-json\/wp\/v2\/media?parent=12304"}],"curies":[{"name":"wp","href":"https:\/\/api.w.org\/{rel}","templated":true}]}}