{"id":1173,"date":"2023-08-29T22:41:55","date_gmt":"2023-08-30T02:41:55","guid":{"rendered":"https:\/\/lnak.net\/?page_id=1173"},"modified":"2023-08-29T22:42:19","modified_gmt":"2023-08-30T02:42:19","slug":"atbalstiet-klam","status":"publish","type":"page","link":"https:\/\/lnak.net\/en\/atbalstiet-klam\/","title":{"rendered":"Atbalstiet KLAM"},"content":{"rendered":"\n<p>Kanadas Latvie\u0161u Arch\u012bvs un Muzeja m\u0113r\u0137is ir uzkr\u0101t un, p\u0113c iesp\u0113jas, novietot zem vie\u00adna jumta trimdas latvie\u0161u da\u00ad\u017e\u0101\u00addus dokumentus, kas ietvertu ne tikai latvie\u0161u dz\u012bvi Kanad\u0101 jau no 18.-19. g.s., bet ar\u012b to lat\u00advie\u0161u dz\u012bvi, kas \u0161eit ierad\u0101s p\u0113c II Pasaules ka\u0157a, l\u012bdz pat \u0161o\u00addienai. Saglab\u0101tie dokumenti b\u016b\u00adtu v\u0113sturisks pier\u0101d\u012bjums par lat\u00advie\u0161u dz\u012bvi \u0161aj\u0101 laika posm\u0101. KLAM tiek uzglab\u0101ti k\u0101 or\u00adga\u00adni\u00adz\u0101ciju, t\u0101 person\u012bgi do\u00adku\u00admen\u00adti. Tiek uzglab\u0101ti gan akt\u012bvo or\u00adga\u00adniz\u0101ciju dokumenti, gan ar\u012b to, kas savu darb\u012bbu jau iz\u00adbei\u00adgu\u00ad\u0161as. L\u016bdzu ziedojiet KLAM caur LNAK Izgl\u012bt\u012bbas un Kult\u016bras Fondu uzr\u0101dot m\u0113r\u0137i kop\u0101 ar ziedojumu.<\/p>\n\n\n\n<script id=\"ch_cdn_embed\" type=\"text\/javascript\" data-page-id=\"32027\" data-cfasync=\"false\" src=\"https:\/\/www.canadahelps.org\/services\/wa\/js\/apps\/donatenow\/embed.min.js\"><\/script>\n","protected":false},"excerpt":{"rendered":"<p>Kanadas Latvie\u0161u Arch\u012bvs un Muzeja m\u0113r\u0137is ir uzkr\u0101t un, p\u0113c iesp\u0113jas, novietot zem vie\u00adna jumta trimdas latvie\u0161u da\u00ad\u017e\u0101\u00addus dokumentus, kas ietvertu ne tikai latvie\u0161u dz\u012bvi Kanad\u0101 jau no 18.-19. g.s., bet ar\u012b to lat\u00advie\u0161u dz\u012bvi, kas \u0161eit ierad\u0101s p\u0113c II Pasaules ka\u0157a, l\u012bdz pat \u0161o\u00addienai. Saglab\u0101tie dokumenti b\u016b\u00adtu v\u0113sturisks pier\u0101d\u012bjums par lat\u00advie\u0161u dz\u012bvi \u0161aj\u0101 laika &hellip;<\/p>\n<p class=\"read-more\"> <a class=\"\" href=\"https:\/\/lnak.net\/en\/atbalstiet-klam\/\"> <span class=\"screen-reader-text\">Atbalstiet KLAM<\/span> Read More &raquo;<\/a><\/p>\n","protected":false},"author":1,"featured_media":0,"parent":0,"menu_order":0,"comment_status":"closed","ping_status":"closed","template":"","meta":{"_uag_custom_page_level_css":"","_monsterinsights_skip_tracking":false,"_monsterinsights_sitenote_active":false,"_monsterinsights_sitenote_note":"","_monsterinsights_sitenote_category":0,"site-sidebar-layout":"default","site-content-layout":"","ast-site-content-layout":"","site-content-style":"default","site-sidebar-style":"default","ast-global-header-display":"","ast-banner-title-visibility":"","ast-main-header-display":"","ast-hfb-above-header-display":"","ast-hfb-below-header-display":"","ast-hfb-mobile-header-display":"","site-post-title":"","ast-breadcrumbs-content":"","ast-featured-img":"","footer-sml-layout":"","theme-transparent-header-meta":"","adv-header-id-meta":"","stick-header-meta":"","header-above-stick-meta":"","header-main-stick-meta":"","header-below-stick-meta":"","astra-migrate-meta-layouts":"","ast-page-background-enabled":"default","ast-page-background-meta":{"desktop":{"background-color":"","background-image":"","background-repeat":"repeat","background-position":"center center","background-size":"auto","background-attachment":"scroll","background-type":"","background-media":"","overlay-type":"","overlay-color":"","overlay-gradient":""},"tablet":{"background-color":"","background-image":"","background-repeat":"repeat","background-position":"center center","background-size":"auto","background-attachment":"scroll","background-type":"","background-media":"","overlay-type":"","overlay-color":"","overlay-gradient":""},"mobile":{"background-color":"","background-image":"","background-repeat":"repeat","background-position":"center center","background-size":"auto","background-attachment":"scroll","background-type":"","background-media":"","overlay-type":"","overlay-color":"","overlay-gradient":""}},"ast-content-background-meta":{"desktop":{"background-color":"var(--ast-global-color-5)","background-image":"","background-repeat":"repeat","background-position":"center center","background-size":"auto","background-attachment":"scroll","background-type":"","background-media":"","overlay-type":"","overlay-color":"","overlay-gradient":""},"tablet":{"background-color":"var(--ast-global-color-5)","background-image":"","background-repeat":"repeat","background-position":"center center","background-size":"auto","background-attachment":"scroll","background-type":"","background-media":"","overlay-type":"","overlay-color":"","overlay-gradient":""},"mobile":{"background-color":"var(--ast-global-color-5)","background-image":"","background-repeat":"repeat","background-position":"center center","background-size":"auto","background-attachment":"scroll","background-type":"","background-media":"","overlay-type":"","overlay-color":"","overlay-gradient":""}},"footnotes":""},"class_list":["post-1173","page","type-page","status-publish","hentry"],"aioseo_notices":[],"uagb_featured_image_src":{"full":false,"thumbnail":false,"medium":false,"medium_large":false,"large":false,"1536x1536":false,"2048x2048":false},"uagb_author_info":{"display_name":"ADMIN","author_link":"https:\/\/lnak.net\/en\/author\/admin\/"},"uagb_comment_info":0,"uagb_excerpt":"Kanadas Latvie\u0161u Arch\u012bvs un Muzeja m\u0113r\u0137is ir uzkr\u0101t un, p\u0113c iesp\u0113jas, novietot zem vie\u00adna jumta trimdas latvie\u0161u da\u00ad\u017e\u0101\u00addus dokumentus, kas ietvertu ne tikai latvie\u0161u dz\u012bvi Kanad\u0101 jau no 18.-19. g.s., bet ar\u012b to lat\u00advie\u0161u dz\u012bvi, kas \u0161eit ierad\u0101s p\u0113c II Pasaules ka\u0157a, l\u012bdz pat \u0161o\u00addienai. Saglab\u0101tie dokumenti b\u016b\u00adtu v\u0113sturisks pier\u0101d\u012bjums par lat\u00advie\u0161u dz\u012bvi \u0161aj\u0101 laika&hellip;","_links":{"self":[{"href":"https:\/\/lnak.net\/en\/wp-json\/wp\/v2\/pages\/1173","targetHints":{"allow":["GET"]}}],"collection":[{"href":"https:\/\/lnak.net\/en\/wp-json\/wp\/v2\/pages"}],"about":[{"href":"https:\/\/lnak.net\/en\/wp-json\/wp\/v2\/types\/page"}],"author":[{"embeddable":true,"href":"https:\/\/lnak.net\/en\/wp-json\/wp\/v2\/users\/1"}],"replies":[{"embeddable":true,"href":"https:\/\/lnak.net\/en\/wp-json\/wp\/v2\/comments?post=1173"}],"version-history":[{"count":1,"href":"https:\/\/lnak.net\/en\/wp-json\/wp\/v2\/pages\/1173\/revisions"}],"predecessor-version":[{"id":1175,"href":"https:\/\/lnak.net\/en\/wp-json\/wp\/v2\/pages\/1173\/revisions\/1175"}],"wp:attachment":[{"href":"https:\/\/lnak.net\/en\/wp-json\/wp\/v2\/media?parent=1173"}],"curies":[{"name":"wp","href":"https:\/\/api.w.org\/{rel}","templated":true}]}}