{"id":11487,"date":"2023-08-30T01:31:09","date_gmt":"2023-08-30T05:31:09","guid":{"rendered":"https:\/\/lnak.net\/donate-to-the-lnak-educational-and-cultural-foundation-2\/"},"modified":"2025-01-26T13:12:50","modified_gmt":"2025-01-26T18:12:50","slug":"donate-to-the-lnak-educational-and-cultural-foundation-2","status":"publish","type":"page","link":"https:\/\/lnak.net\/en\/donate-to-the-lnak-educational-and-cultural-foundation-2\/","title":{"rendered":"Donate to the LNAK Educational and Cultural Foundation"},"content":{"rendered":"\n<p>Dear friends!<\/p>\n\n<p>The Latvian National Federation in Canada Educational and Cultural Foundation (LNAK ECF) invites you to join this year\u2019s annual fundraising \u201cDraudz\u012bgais aicin\u0101jums\u201d drive which was begun by Latvia\u2019s president K\u0101rlis Ulmanis 90 years ago.  We invite you to support the IKF with a donation, so that IKF can continue to support Latvian culture and education in Canada. Thanks to your donations, IKF has been doing this since 1982. <\/p>\n\n<p>The Foundation grants scholarships to students with a Latvian heritage, to attend university and Latvian summer school, supports Latvian schools in Canada, teachers&#8217; seminars, 2&#215;2 and 3&#215;3 camps, the &#8220;Hello Latvia&#8221; program, LNAK operations, and other cultural projects and events. Even during the pandemic, our Latvian schools continued to operate, youth continued to study, and cultural events continued, for example the &#8220;Ba\u0146uta&#8221; opera reimagined as a movie. The J\u0101\u0146a and Ainas V\u012btolu testamentary donation that funded scholarships for university students will soon be exhausted. We need your donations, so that we can continue to support Latvian culture and education in Canada.<\/p>\n\n<p>Thank-you to all whose donations have helped the IKF through the years. We hope for and count on your continued support. We encourage our donors to ensure that their good works and initiatives will continue by making a testamentary donation to the <strong>LNAK Education and Cultural Foundation<\/strong>. <strong> <\/strong><\/p>\n\n<p>Sincerely,<\/p>\n\n<p>Elizabete (Elita) P\u0113tersone <br\/>President <\/p>\n\n<script id=\"ch_cdn_embed\" type=\"text\/javascript\" data-page-id=\"31933\" data-cfasync=\"false\" src=\"https:\/\/www.canadahelps.org\/services\/wa\/js\/apps\/donatenow\/embed.min.js\"><\/script>\n","protected":false},"excerpt":{"rendered":"<p>Dear friends! The Latvian National Federation in Canada Educational and Cultural Foundation (LNAK ECF) invites you to join this year\u2019s annual fundraising \u201cDraudz\u012bgais aicin\u0101jums\u201d drive which was begun by Latvia\u2019s president K\u0101rlis Ulmanis 90 years ago. We invite you to support the IKF with a donation, so that IKF can continue to support Latvian culture &hellip;<\/p>\n<p class=\"read-more\"> <a class=\"\" href=\"https:\/\/lnak.net\/en\/donate-to-the-lnak-educational-and-cultural-foundation-2\/\"> <span class=\"screen-reader-text\">Donate to the LNAK Educational and Cultural Foundation<\/span> Read More &raquo;<\/a><\/p>\n","protected":false},"author":1,"featured_media":0,"parent":0,"menu_order":0,"comment_status":"closed","ping_status":"closed","template":"","meta":{"_uag_custom_page_level_css":"","_monsterinsights_skip_tracking":false,"_monsterinsights_sitenote_active":false,"_monsterinsights_sitenote_note":"","_monsterinsights_sitenote_category":0,"site-sidebar-layout":"default","site-content-layout":"","ast-site-content-layout":"","site-content-style":"default","site-sidebar-style":"default","ast-global-header-display":"","ast-banner-title-visibility":"","ast-main-header-display":"","ast-hfb-above-header-display":"","ast-hfb-below-header-display":"","ast-hfb-mobile-header-display":"","site-post-title":"","ast-breadcrumbs-content":"","ast-featured-img":"","footer-sml-layout":"","theme-transparent-header-meta":"","adv-header-id-meta":"","stick-header-meta":"","header-above-stick-meta":"","header-main-stick-meta":"","header-below-stick-meta":"","astra-migrate-meta-layouts":"","ast-page-background-enabled":"default","ast-page-background-meta":{"desktop":{"background-color":"","background-image":"","background-repeat":"repeat","background-position":"center center","background-size":"auto","background-attachment":"scroll","background-type":"","background-media":"","overlay-type":"","overlay-color":"","overlay-gradient":""},"tablet":{"background-color":"","background-image":"","background-repeat":"repeat","background-position":"center center","background-size":"auto","background-attachment":"scroll","background-type":"","background-media":"","overlay-type":"","overlay-color":"","overlay-gradient":""},"mobile":{"background-color":"","background-image":"","background-repeat":"repeat","background-position":"center center","background-size":"auto","background-attachment":"scroll","background-type":"","background-media":"","overlay-type":"","overlay-color":"","overlay-gradient":""}},"ast-content-background-meta":{"desktop":{"background-color":"var(--ast-global-color-5)","background-image":"","background-repeat":"repeat","background-position":"center center","background-size":"auto","background-attachment":"scroll","background-type":"","background-media":"","overlay-type":"","overlay-color":"","overlay-gradient":""},"tablet":{"background-color":"var(--ast-global-color-5)","background-image":"","background-repeat":"repeat","background-position":"center center","background-size":"auto","background-attachment":"scroll","background-type":"","background-media":"","overlay-type":"","overlay-color":"","overlay-gradient":""},"mobile":{"background-color":"var(--ast-global-color-5)","background-image":"","background-repeat":"repeat","background-position":"center center","background-size":"auto","background-attachment":"scroll","background-type":"","background-media":"","overlay-type":"","overlay-color":"","overlay-gradient":""}},"footnotes":""},"class_list":["post-11487","page","type-page","status-publish","hentry"],"aioseo_notices":[],"uagb_featured_image_src":{"full":false,"thumbnail":false,"medium":false,"medium_large":false,"large":false,"1536x1536":false,"2048x2048":false},"uagb_author_info":{"display_name":"ADMIN","author_link":"https:\/\/lnak.net\/en\/author\/admin\/"},"uagb_comment_info":0,"uagb_excerpt":"Dear friends! The Latvian National Federation in Canada Educational and Cultural Foundation (LNAK ECF) invites you to join this year\u2019s annual fundraising \u201cDraudz\u012bgais aicin\u0101jums\u201d drive which was begun by Latvia\u2019s president K\u0101rlis Ulmanis 90 years ago. We invite you to support the IKF with a donation, so that IKF can continue to support Latvian culture&hellip;","_links":{"self":[{"href":"https:\/\/lnak.net\/en\/wp-json\/wp\/v2\/pages\/11487","targetHints":{"allow":["GET"]}}],"collection":[{"href":"https:\/\/lnak.net\/en\/wp-json\/wp\/v2\/pages"}],"about":[{"href":"https:\/\/lnak.net\/en\/wp-json\/wp\/v2\/types\/page"}],"author":[{"embeddable":true,"href":"https:\/\/lnak.net\/en\/wp-json\/wp\/v2\/users\/1"}],"replies":[{"embeddable":true,"href":"https:\/\/lnak.net\/en\/wp-json\/wp\/v2\/comments?post=11487"}],"version-history":[{"count":1,"href":"https:\/\/lnak.net\/en\/wp-json\/wp\/v2\/pages\/11487\/revisions"}],"predecessor-version":[{"id":11488,"href":"https:\/\/lnak.net\/en\/wp-json\/wp\/v2\/pages\/11487\/revisions\/11488"}],"wp:attachment":[{"href":"https:\/\/lnak.net\/en\/wp-json\/wp\/v2\/media?parent=11487"}],"curies":[{"name":"wp","href":"https:\/\/api.w.org\/{rel}","templated":true}]}}