{"id":10996,"date":"2024-09-21T22:07:10","date_gmt":"2024-09-22T02:07:10","guid":{"rendered":"https:\/\/lnak.net\/sietins-and-other-sites\/"},"modified":"2024-11-27T10:22:05","modified_gmt":"2024-11-27T15:22:05","slug":"sietins-and-other-sites","status":"publish","type":"page","link":"https:\/\/lnak.net\/en\/sietins-and-other-sites\/","title":{"rendered":"&#8220;Sieti\u0146\u0161&#8221; and other sites"},"content":{"rendered":"<div class=\"wpv-view-output\" data-toolset-views-view-editor=\"aab5eb6fa3c9cb6c4397672d190ee2b6\"><div class=\"wp-block-toolset-views-view-editor\"><div id=\"wpv-view-layout-9853\" class=\"js-wpv-view-layout js-wpv-layout-responsive js-wpv-view-layout-9853 wpv-pagination js-wpv-layout-has-pagination wpv-pagination-preload-images js-wpv-layout-preload-images wpv-pagination-preload-pages js-wpv-layout-preload-pages\" style=\"visibility:hidden;\" data-viewnumber=\"9853\" data-pagination=\"{&quot;id&quot;:9853,&quot;query&quot;:&quot;normal&quot;,&quot;type&quot;:&quot;ajaxed&quot;,&quot;effect&quot;:&quot;fade&quot;,&quot;duration&quot;:500,&quot;speed&quot;:5,&quot;pause_on_hover&quot;:&quot;disabled&quot;,&quot;stop_rollover&quot;:&quot;false&quot;,&quot;cache_pages&quot;:&quot;enabled&quot;,&quot;preload_images&quot;:&quot;enabled&quot;,&quot;preload_pages&quot;:&quot;enabled&quot;,&quot;preload_reach&quot;:1,&quot;spinner&quot;:&quot;builtin&quot;,&quot;spinner_image&quot;:&quot;https:\/\/lnak.net\/wp-content\/plugins\/toolset-blocks\/embedded\/res\/img\/ajax-loader.svg&quot;,&quot;callback_next&quot;:&quot;&quot;,&quot;manage_history&quot;:&quot;enabled&quot;,&quot;has_controls_in_form&quot;:&quot;disabled&quot;,&quot;infinite_tolerance&quot;:&quot;0&quot;,&quot;max_pages&quot;:1,&quot;page&quot;:1,&quot;base_permalink&quot;:&quot;\/en\/wp-json\/wp\/v2\/pages\/10996?wpv_view_count=9853&amp;wpv_paged=WPV_PAGE_NUM&quot;,&quot;loop&quot;:{&quot;type&quot;:&quot;&quot;,&quot;name&quot;:&quot;&quot;,&quot;data&quot;:[],&quot;id&quot;:0}}\" data-permalink=\"\/en\/wp-json\/wp\/v2\/pages\/10996?wpv_view_count=9853\">\n\n<div class=\"js-wpv-loop-wrapper\"><div class=\"tb-grid\"><div class=\"tb-grid-column\">\n\n<div class=\"wp-block-toolset-views-view-template-block wpv-block-loop-item php-to-be-replaced-with-shortcode\" data-toolset-views-view-template-block=\"0a1c405844b723b64932251cafae20e5\">\n<figure class=\"wp-block-image tb-image tb-image-dynamic tb-image-frame-none\" data-toolset-blocks-image=\"b3be4227d3bc84cb75b6277d02e9aeb6\"><img decoding=\"async\" width=\"435\" height=\"250\" loading=\"lazy\" src=\"https:\/\/lnak.net\/wp-content\/uploads\/2024\/10\/Screenshot-2024-10-21-at-1.22.13-PM-copy.png\" alt=\"\" class=\"wp-image-9821\" srcset=\"https:\/\/lnak.net\/wp-content\/uploads\/2024\/10\/Screenshot-2024-10-21-at-1.22.13-PM-copy.png 435w, https:\/\/lnak.net\/wp-content\/uploads\/2024\/10\/Screenshot-2024-10-21-at-1.22.13-PM-copy-300x172.png 300w\" sizes=\"auto, (max-width: 435px) 100vw, 435px\" \/><\/figure>\n\n\n\n<div class=\"tb-field\" data-toolset-blocks-field=\"7c49f895a1e654765fe15550e98ae86f\" data-last-update=\"1.4\"><\/div>\n\n\n\n<div class=\"tb-field\" data-toolset-blocks-field=\"48baa102173da28f65b02b496a980ba9\" data-last-update=\"1.4\"><a href=\"https:\/\/lnak.net\/en\/resource-item\/sietins\/\">Sieti\u0146\u0161<\/a><\/div>\n\n\n\n<div class=\"tb-field\" data-toolset-blocks-field=\"d00a899f0807314bccac4c038b2f5566\" data-last-update=\"1.4\">Sieti\u0146\u0161 is a project of the PBLA Education Sector, which provides free of charge easy access to more than 1 000 different learning materials in Latvian, especially suitable for educational...<\/div>\n<\/div>\n\n<\/div><div class=\"tb-grid-column\">\n\n<div class=\"wp-block-toolset-views-view-template-block wpv-block-loop-item php-to-be-replaced-with-shortcode\" data-toolset-views-view-template-block=\"0a1c405844b723b64932251cafae20e5\">\n<figure class=\"wp-block-image tb-image tb-image-dynamic tb-image-frame-none\" data-toolset-blocks-image=\"b3be4227d3bc84cb75b6277d02e9aeb6\"><img decoding=\"async\" width=\"435\" height=\"250\" loading=\"lazy\" src=\"https:\/\/lnak.net\/wp-content\/uploads\/2024\/10\/Screenshot-2024-10-21-at-1.35.55-PM-2.png\" alt=\"\" class=\"wp-image-9824\" srcset=\"https:\/\/lnak.net\/wp-content\/uploads\/2024\/10\/Screenshot-2024-10-21-at-1.35.55-PM-2.png 435w, https:\/\/lnak.net\/wp-content\/uploads\/2024\/10\/Screenshot-2024-10-21-at-1.35.55-PM-2-300x172.png 300w\" sizes=\"auto, (max-width: 435px) 100vw, 435px\" \/><\/figure>\n\n\n\n<div class=\"tb-field\" data-toolset-blocks-field=\"7c49f895a1e654765fe15550e98ae86f\" data-last-update=\"1.4\"><\/div>\n\n\n\n<div class=\"tb-field\" data-toolset-blocks-field=\"48baa102173da28f65b02b496a980ba9\" data-last-update=\"1.4\"><a href=\"https:\/\/lnak.net\/en\/resource-item\/latvian-language-agency\/\">Latvian Language Agency<\/a><\/div>\n\n\n\n<div class=\"tb-field\" data-toolset-blocks-field=\"d00a899f0807314bccac4c038b2f5566\" data-last-update=\"1.4\">The Latvian Language Agency is an organisation that promotes the development and maintenance of the Latvian language in Latvia and the Latvian diaspora. It offers a variety of learning resources,...<\/div>\n<\/div>\n\n<\/div><div class=\"tb-grid-column\">\n\n<div class=\"wp-block-toolset-views-view-template-block wpv-block-loop-item php-to-be-replaced-with-shortcode\" data-toolset-views-view-template-block=\"0a1c405844b723b64932251cafae20e5\">\n<figure class=\"wp-block-image tb-image tb-image-dynamic tb-image-frame-none\" data-toolset-blocks-image=\"b3be4227d3bc84cb75b6277d02e9aeb6\"><img decoding=\"async\" width=\"435\" height=\"251\" loading=\"lazy\" src=\"https:\/\/lnak.net\/wp-content\/uploads\/2024\/10\/Screenshot-2024-10-21-at-1.51.54-PM-copy.png\" alt=\"\" class=\"wp-image-9827\" srcset=\"https:\/\/lnak.net\/wp-content\/uploads\/2024\/10\/Screenshot-2024-10-21-at-1.51.54-PM-copy.png 435w, https:\/\/lnak.net\/wp-content\/uploads\/2024\/10\/Screenshot-2024-10-21-at-1.51.54-PM-copy-300x173.png 300w\" sizes=\"auto, (max-width: 435px) 100vw, 435px\" \/><\/figure>\n\n\n\n<div class=\"tb-field\" data-toolset-blocks-field=\"7c49f895a1e654765fe15550e98ae86f\" data-last-update=\"1.4\"><\/div>\n\n\n\n<div class=\"tb-field\" data-toolset-blocks-field=\"48baa102173da28f65b02b496a980ba9\" data-last-update=\"1.4\"><a href=\"https:\/\/lnak.net\/en\/resource-item\/lsm-nursery\/\">LSM Nursery<\/a><\/div>\n\n\n\n<div class=\"tb-field\" data-toolset-blocks-field=\"d00a899f0807314bccac4c038b2f5566\" data-last-update=\"1.4\">LSM B\u0113rnistaba is a Latvian public media platform that offers children engaging and educational content in Latvian for free. Its website features games, fun activity sheets and more than 200...<\/div>\n<\/div>\n\n<\/div><div class=\"tb-grid-column\">\n\n<div class=\"wp-block-toolset-views-view-template-block wpv-block-loop-item php-to-be-replaced-with-shortcode\" data-toolset-views-view-template-block=\"0a1c405844b723b64932251cafae20e5\">\n<figure class=\"wp-block-image tb-image tb-image-dynamic tb-image-frame-none\" data-toolset-blocks-image=\"b3be4227d3bc84cb75b6277d02e9aeb6\"><img decoding=\"async\" width=\"435\" height=\"250\" loading=\"lazy\" src=\"https:\/\/lnak.net\/wp-content\/uploads\/2024\/10\/Screenshot-2024-10-21-at-1.58.11-PM-copy.png\" alt=\"\" class=\"wp-image-9830\" srcset=\"https:\/\/lnak.net\/wp-content\/uploads\/2024\/10\/Screenshot-2024-10-21-at-1.58.11-PM-copy.png 435w, https:\/\/lnak.net\/wp-content\/uploads\/2024\/10\/Screenshot-2024-10-21-at-1.58.11-PM-copy-300x172.png 300w\" sizes=\"auto, (max-width: 435px) 100vw, 435px\" \/><\/figure>\n\n\n\n<div class=\"tb-field\" data-toolset-blocks-field=\"7c49f895a1e654765fe15550e98ae86f\" data-last-update=\"1.4\"><\/div>\n\n\n\n<div class=\"tb-field\" data-toolset-blocks-field=\"48baa102173da28f65b02b496a980ba9\" data-last-update=\"1.4\"><a href=\"https:\/\/lnak.net\/en\/resource-item\/re-play\/\">RE Play<\/a><\/div>\n\n\n\n<div class=\"tb-field\" data-toolset-blocks-field=\"d00a899f0807314bccac4c038b2f5566\" data-last-update=\"1.4\">Replay is a Latvian public media platform offering free access to a wide range of video and audio content in Latvian, including children's programmes and educational materials. The platform offers...<\/div>\n<\/div>\n\n<\/div><div class=\"tb-grid-column\">\n\n<div class=\"wp-block-toolset-views-view-template-block wpv-block-loop-item php-to-be-replaced-with-shortcode\" data-toolset-views-view-template-block=\"0a1c405844b723b64932251cafae20e5\">\n<figure class=\"wp-block-image tb-image tb-image-dynamic tb-image-frame-none\" data-toolset-blocks-image=\"b3be4227d3bc84cb75b6277d02e9aeb6\"><img decoding=\"async\" width=\"435\" height=\"250\" loading=\"lazy\" src=\"https:\/\/lnak.net\/wp-content\/uploads\/2024\/10\/Screenshot-2024-10-21-at-2.08.09-PM-copy.png\" alt=\"\" class=\"wp-image-9833\" srcset=\"https:\/\/lnak.net\/wp-content\/uploads\/2024\/10\/Screenshot-2024-10-21-at-2.08.09-PM-copy.png 435w, https:\/\/lnak.net\/wp-content\/uploads\/2024\/10\/Screenshot-2024-10-21-at-2.08.09-PM-copy-300x172.png 300w\" sizes=\"auto, (max-width: 435px) 100vw, 435px\" \/><\/figure>\n\n\n\n<div class=\"tb-field\" data-toolset-blocks-field=\"7c49f895a1e654765fe15550e98ae86f\" data-last-update=\"1.4\"><\/div>\n\n\n\n<div class=\"tb-field\" data-toolset-blocks-field=\"48baa102173da28f65b02b496a980ba9\" data-last-update=\"1.4\"><a href=\"https:\/\/lnak.net\/en\/resource-item\/american-latvian-association\/\">American Latvian Association<\/a><\/div>\n\n\n\n<div class=\"tb-field\" data-toolset-blocks-field=\"d00a899f0807314bccac4c038b2f5566\" data-last-update=\"1.4\">The American Latvian Association is an active and united organization that promotes the preservation of Latvian culture, traditions and language skills in the USA. The community has a strong presence...<\/div>\n<\/div>\n\n<\/div><div class=\"tb-grid-column\">\n\n<div class=\"wp-block-toolset-views-view-template-block wpv-block-loop-item php-to-be-replaced-with-shortcode\" data-toolset-views-view-template-block=\"0a1c405844b723b64932251cafae20e5\">\n<figure class=\"wp-block-image tb-image tb-image-dynamic tb-image-frame-none\" data-toolset-blocks-image=\"b3be4227d3bc84cb75b6277d02e9aeb6\"><img decoding=\"async\" width=\"870\" height=\"504\" loading=\"lazy\" src=\"https:\/\/lnak.net\/wp-content\/uploads\/2024\/12\/Screenshot-2024-12-11-at-10.23.59-PM-copy.png\" alt=\"\" class=\"wp-image-11183\" srcset=\"https:\/\/lnak.net\/wp-content\/uploads\/2024\/12\/Screenshot-2024-12-11-at-10.23.59-PM-copy.png 870w, https:\/\/lnak.net\/wp-content\/uploads\/2024\/12\/Screenshot-2024-12-11-at-10.23.59-PM-copy-300x174.png 300w, https:\/\/lnak.net\/wp-content\/uploads\/2024\/12\/Screenshot-2024-12-11-at-10.23.59-PM-copy-150x87.png 150w, https:\/\/lnak.net\/wp-content\/uploads\/2024\/12\/Screenshot-2024-12-11-at-10.23.59-PM-copy-768x445.png 768w\" sizes=\"auto, (max-width: 870px) 100vw, 870px\" \/><\/figure>\n\n\n\n<div class=\"tb-field\" data-toolset-blocks-field=\"7c49f895a1e654765fe15550e98ae86f\" data-last-update=\"1.4\"><\/div>\n\n\n\n<div class=\"tb-field\" data-toolset-blocks-field=\"48baa102173da28f65b02b496a980ba9\" data-last-update=\"1.4\"><a href=\"https:\/\/lnak.net\/en\/resource-item\/materials-recommended-by-the-lva-latvian-language-agency\/\">Materials recommended by the LVA (Latvian Language Agency)<br><br><\/a><\/div>\n\n\n\n<div class=\"tb-field\" data-toolset-blocks-field=\"d00a899f0807314bccac4c038b2f5566\" data-last-update=\"1.4\">For new parents and educators who want to support their babies' language development, there is an online guide \"Quiet Evenings with Babies and Toddlers\". This guide, produced by the Latvian...<\/div>\n<\/div>\n\n<\/div><div class=\"tb-grid-column\">\n\n<div class=\"wp-block-toolset-views-view-template-block wpv-block-loop-item php-to-be-replaced-with-shortcode\" data-toolset-views-view-template-block=\"0a1c405844b723b64932251cafae20e5\">\n<figure class=\"wp-block-image tb-image tb-image-dynamic tb-image-frame-none\" data-toolset-blocks-image=\"b3be4227d3bc84cb75b6277d02e9aeb6\"><img decoding=\"async\" width=\"1024\" height=\"731\" loading=\"lazy\" src=\"https:\/\/lnak.net\/wp-content\/uploads\/2025\/10\/2025-10-07-intervija-ar-Valdi-1024x731.png\" alt=\"\" class=\"wp-image-14369\" srcset=\"https:\/\/lnak.net\/wp-content\/uploads\/2025\/10\/2025-10-07-intervija-ar-Valdi-1024x731.png 1024w, https:\/\/lnak.net\/wp-content\/uploads\/2025\/10\/2025-10-07-intervija-ar-Valdi-300x214.png 300w, https:\/\/lnak.net\/wp-content\/uploads\/2025\/10\/2025-10-07-intervija-ar-Valdi-150x107.png 150w, https:\/\/lnak.net\/wp-content\/uploads\/2025\/10\/2025-10-07-intervija-ar-Valdi-768x548.png 768w, https:\/\/lnak.net\/wp-content\/uploads\/2025\/10\/2025-10-07-intervija-ar-Valdi.png 1060w\" sizes=\"auto, (max-width: 1024px) 100vw, 1024px\" \/><\/figure>\n\n\n\n<div class=\"tb-field\" data-toolset-blocks-field=\"7c49f895a1e654765fe15550e98ae86f\" data-last-update=\"1.4\"><\/div>\n\n\n\n<div class=\"tb-field\" data-toolset-blocks-field=\"48baa102173da28f65b02b496a980ba9\" data-last-update=\"1.4\"><a href=\"https:\/\/lnak.net\/en\/resource-item\/interviju-serija\/\">Interviju s\u0113rija<\/a><\/div>\n\n\n\n<div class=\"tb-field\" data-toolset-blocks-field=\"d00a899f0807314bccac4c038b2f5566\" data-last-update=\"1.4\">LNAK 2025. gada SIF (Sabiedr\u012bbas integr\u0101cijas fonda) projekta ietvaros top interviju s\u0113rija, kur Kan\u0101das latvie\u0161i st\u0101sta par savu pieredzi dz\u012bvojot \u0101rpus Latvijas un m\u0101cot saviem b\u0113rniem latviski. https:\/\/youtu.be\/nSfr8f_JZUk?si=FTvhwbSlvr0GuFrk Intervija ar...<\/div>\n<\/div>\n\n<\/div><div class=\"tb-grid-column\">\n\n<div class=\"wp-block-toolset-views-view-template-block wpv-block-loop-item php-to-be-replaced-with-shortcode\" data-toolset-views-view-template-block=\"0a1c405844b723b64932251cafae20e5\">\n<figure class=\"wp-block-image tb-image tb-image-dynamic tb-image-frame-none\" data-toolset-blocks-image=\"b3be4227d3bc84cb75b6277d02e9aeb6\"><img decoding=\"async\" width=\"870\" height=\"500\" loading=\"lazy\" src=\"https:\/\/lnak.net\/wp-content\/uploads\/2026\/02\/Screenshot-2026-02-18-at-10.42.58-AM-4.png\" alt=\"\" class=\"wp-image-15813\" srcset=\"https:\/\/lnak.net\/wp-content\/uploads\/2026\/02\/Screenshot-2026-02-18-at-10.42.58-AM-4.png 870w, https:\/\/lnak.net\/wp-content\/uploads\/2026\/02\/Screenshot-2026-02-18-at-10.42.58-AM-4-300x172.png 300w, https:\/\/lnak.net\/wp-content\/uploads\/2026\/02\/Screenshot-2026-02-18-at-10.42.58-AM-4-150x86.png 150w, https:\/\/lnak.net\/wp-content\/uploads\/2026\/02\/Screenshot-2026-02-18-at-10.42.58-AM-4-768x441.png 768w\" sizes=\"auto, (max-width: 870px) 100vw, 870px\" \/><\/figure>\n\n\n\n<div class=\"tb-field\" data-toolset-blocks-field=\"7c49f895a1e654765fe15550e98ae86f\" data-last-update=\"1.4\"><a href='https:\/\/lnak.net\/en\/tag\/pirmsskolniekiem\/'>pirmsskolniekiem<\/a>, <a href='https:\/\/lnak.net\/en\/tag\/valodas-pilnveidosana\/'>valodas pilnveido\u0161ana<\/a><\/div>\n\n\n\n<div class=\"tb-field\" data-toolset-blocks-field=\"48baa102173da28f65b02b496a980ba9\" data-last-update=\"1.4\"><a href=\"https:\/\/lnak.net\/en\/resource-item\/latvijas-neredzigo-biblioteka\/\">Latvijas Neredz\u012bgo bibliot\u0113ka<\/a><\/div>\n\n\n\n<div class=\"tb-field\" data-toolset-blocks-field=\"d00a899f0807314bccac4c038b2f5566\" data-last-update=\"1.4\">Pieejamas gr\u0101matas b\u0113rniem viegl\u0101 valod\u0101: https:\/\/neredzigobiblioteka.lv\/beerniem\/<\/div>\n<\/div>\n\n<\/div><\/div><\/div>\n\n\n<div class=\"wpv-pagination-nav-links\" data-toolset-views-view-pagination-block=\"cdfd4c4737b2898eba4443dd59a1bf50\"><\/div>\n\n<\/div><\/div><form autocomplete=\"off\" name=\"wpv-filter-9853\" action=\"\/en\/wp-json\/wp\/v2\/pages\/10996?wpv_view_count=9853\" method=\"get\" class=\"wpv-filter-form js-wpv-filter-form js-wpv-filter-form-9853 js-wpv-form-full\" data-viewnumber=\"9853\" data-viewid=\"9853\" data-viewhash=\"eyJuYW1lIjoiZGF1ZHp2YWxvZGliYXMtYXBndXZlLWNvcHktMTcyOTYyMDU1OSJ9\" data-viewwidgetid=\"0\" data-orderby=\"\" data-order=\"\" data-orderbyas=\"\" data-orderbysecond=\"\" data-ordersecond=\"\" data-parametric=\"{&quot;query&quot;:&quot;normal&quot;,&quot;id&quot;:9853,&quot;view_id&quot;:9853,&quot;widget_id&quot;:0,&quot;view_hash&quot;:&quot;9853&quot;,&quot;action&quot;:&quot;\\\/en\\\/wp-json\\\/wp\\\/v2\\\/pages\\\/10996?wpv_view_count=9853&quot;,&quot;sort&quot;:{&quot;orderby&quot;:&quot;&quot;,&quot;order&quot;:&quot;&quot;,&quot;orderby_as&quot;:&quot;&quot;,&quot;orderby_second&quot;:&quot;&quot;,&quot;order_second&quot;:&quot;&quot;},&quot;orderby&quot;:&quot;&quot;,&quot;order&quot;:&quot;&quot;,&quot;orderby_as&quot;:&quot;&quot;,&quot;orderby_second&quot;:&quot;&quot;,&quot;order_second&quot;:&quot;&quot;,&quot;ajax_form&quot;:&quot;&quot;,&quot;ajax_results&quot;:&quot;&quot;,&quot;effect&quot;:&quot;fade&quot;,&quot;prebefore&quot;:&quot;&quot;,&quot;before&quot;:&quot;&quot;,&quot;after&quot;:&quot;&quot;,&quot;attributes&quot;:[],&quot;environment&quot;:{&quot;current_post_id&quot;:10996,&quot;parent_post_id&quot;:10996,&quot;parent_term_id&quot;:0,&quot;parent_user_id&quot;:0,&quot;archive&quot;:{&quot;type&quot;:&quot;&quot;,&quot;name&quot;:&quot;&quot;,&quot;data&quot;:[]}},&quot;loop&quot;:{&quot;type&quot;:&quot;&quot;,&quot;name&quot;:&quot;&quot;,&quot;data&quot;:[],&quot;id&quot;:0}}\" data-attributes=\"[]\" data-environment=\"{&quot;current_post_id&quot;:10996,&quot;parent_post_id&quot;:10996,&quot;parent_term_id&quot;:0,&quot;parent_user_id&quot;:0,&quot;archive&quot;:{&quot;type&quot;:&quot;&quot;,&quot;name&quot;:&quot;&quot;,&quot;data&quot;:[]}}\"><input type=\"hidden\" class=\"js-wpv-dps-filter-data js-wpv-filter-data-for-this-form\" data-action=\"\/en\/wp-json\/wp\/v2\/pages\/10996?wpv_view_count=9853\" data-page=\"1\" data-ajax=\"disable\" data-effect=\"fade\" data-maxpages=\"1\" data-ajaxprebefore=\"\" data-ajaxbefore=\"\" data-ajaxafter=\"\" \/><input class=\"wpv_view_count wpv_view_count-9853\" type=\"hidden\" name=\"wpv_view_count\" value=\"9853\" \/>\n\n<\/form><\/div>","protected":false},"excerpt":{"rendered":"","protected":false},"author":1,"featured_media":0,"parent":0,"menu_order":0,"comment_status":"closed","ping_status":"closed","template":"","meta":{"_uag_custom_page_level_css":"","_monsterinsights_skip_tracking":false,"_monsterinsights_sitenote_active":false,"_monsterinsights_sitenote_note":"","_monsterinsights_sitenote_category":0,"site-sidebar-layout":"default","site-content-layout":"","ast-site-content-layout":"default","site-content-style":"default","site-sidebar-style":"default","ast-global-header-display":"","ast-banner-title-visibility":"","ast-main-header-display":"","ast-hfb-above-header-display":"","ast-hfb-below-header-display":"","ast-hfb-mobile-header-display":"","site-post-title":"","ast-breadcrumbs-content":"","ast-featured-img":"","footer-sml-layout":"","theme-transparent-header-meta":"","adv-header-id-meta":"","stick-header-meta":"","header-above-stick-meta":"","header-main-stick-meta":"","header-below-stick-meta":"","astra-migrate-meta-layouts":"","ast-page-background-enabled":"default","ast-page-background-meta":{"desktop":{"background-color":"","background-image":"","background-repeat":"repeat","background-position":"center center","background-size":"auto","background-attachment":"scroll","background-type":"","background-media":"","overlay-type":"","overlay-color":"","overlay-gradient":""},"tablet":{"background-color":"","background-image":"","background-repeat":"repeat","background-position":"center center","background-size":"auto","background-attachment":"scroll","background-type":"","background-media":"","overlay-type":"","overlay-color":"","overlay-gradient":""},"mobile":{"background-color":"","background-image":"","background-repeat":"repeat","background-position":"center center","background-size":"auto","background-attachment":"scroll","background-type":"","background-media":"","overlay-type":"","overlay-color":"","overlay-gradient":""}},"ast-content-background-meta":{"desktop":{"background-color":"var(--ast-global-color-5)","background-image":"","background-repeat":"repeat","background-position":"center center","background-size":"auto","background-attachment":"scroll","background-type":"","background-media":"","overlay-type":"","overlay-color":"","overlay-gradient":""},"tablet":{"background-color":"var(--ast-global-color-5)","background-image":"","background-repeat":"repeat","background-position":"center center","background-size":"auto","background-attachment":"scroll","background-type":"","background-media":"","overlay-type":"","overlay-color":"","overlay-gradient":""},"mobile":{"background-color":"var(--ast-global-color-5)","background-image":"","background-repeat":"repeat","background-position":"center center","background-size":"auto","background-attachment":"scroll","background-type":"","background-media":"","overlay-type":"","overlay-color":"","overlay-gradient":""}},"footnotes":""},"class_list":["post-10996","page","type-page","status-publish","hentry"],"aioseo_notices":[],"uagb_featured_image_src":{"full":false,"thumbnail":false,"medium":false,"medium_large":false,"large":false,"1536x1536":false,"2048x2048":false},"uagb_author_info":{"display_name":"ADMIN","author_link":"https:\/\/lnak.net\/en\/author\/admin\/"},"uagb_comment_info":0,"uagb_excerpt":null,"_links":{"self":[{"href":"https:\/\/lnak.net\/en\/wp-json\/wp\/v2\/pages\/10996","targetHints":{"allow":["GET"]}}],"collection":[{"href":"https:\/\/lnak.net\/en\/wp-json\/wp\/v2\/pages"}],"about":[{"href":"https:\/\/lnak.net\/en\/wp-json\/wp\/v2\/types\/page"}],"author":[{"embeddable":true,"href":"https:\/\/lnak.net\/en\/wp-json\/wp\/v2\/users\/1"}],"replies":[{"embeddable":true,"href":"https:\/\/lnak.net\/en\/wp-json\/wp\/v2\/comments?post=10996"}],"version-history":[{"count":1,"href":"https:\/\/lnak.net\/en\/wp-json\/wp\/v2\/pages\/10996\/revisions"}],"predecessor-version":[{"id":10997,"href":"https:\/\/lnak.net\/en\/wp-json\/wp\/v2\/pages\/10996\/revisions\/10997"}],"wp:attachment":[{"href":"https:\/\/lnak.net\/en\/wp-json\/wp\/v2\/media?parent=10996"}],"curies":[{"name":"wp","href":"https:\/\/api.w.org\/{rel}","templated":true}]}}