{"id":10935,"date":"2024-09-30T23:59:50","date_gmt":"2024-10-01T03:59:50","guid":{"rendered":"https:\/\/lnak.net\/folk-songs\/"},"modified":"2024-11-27T10:59:38","modified_gmt":"2024-11-27T15:59:38","slug":"folk-songs","status":"publish","type":"page","link":"https:\/\/lnak.net\/en\/folk-songs\/","title":{"rendered":"Folk songs"},"content":{"rendered":"<div class=\"wpv-view-output\" data-toolset-views-view-editor=\"92873581c46f5b182a6a4c10c466d4a3\"><div class=\"wp-block-toolset-views-view-editor\">\n<div class=\"wp-block-file\"><a id=\"wp-block-file--media-dadc3213-8514-4f89-bc21-2e4b163c0b23\" href=\"https:\/\/lnak.net\/wp-content\/uploads\/2024\/11\/Dziesmu-vardi-Tautas-dziesmas.pdf\">Lyrics (folk songs)<\/a><a href=\"https:\/\/lnak.net\/wp-content\/uploads\/2024\/11\/Dziesmu-vardi-Tautas-dziesmas.pdf\" class=\"wp-block-file__button wp-element-button\" download=\"\" aria-describedby=\"wp-block-file--media-dadc3213-8514-4f89-bc21-2e4b163c0b23\">DOWNLOAD<\/a><\/div>\n\n\n<div id=\"wpv-view-layout-8874\" class=\"js-wpv-view-layout js-wpv-layout-responsive js-wpv-view-layout-8874\" data-viewnumber=\"8874\" data-pagination=\"{&quot;id&quot;:8874,&quot;query&quot;:&quot;normal&quot;,&quot;type&quot;:&quot;paged&quot;,&quot;effect&quot;:&quot;fade&quot;,&quot;duration&quot;:500,&quot;speed&quot;:5,&quot;pause_on_hover&quot;:&quot;disabled&quot;,&quot;stop_rollover&quot;:&quot;false&quot;,&quot;cache_pages&quot;:&quot;enabled&quot;,&quot;preload_images&quot;:&quot;enabled&quot;,&quot;preload_pages&quot;:&quot;enabled&quot;,&quot;preload_reach&quot;:1,&quot;spinner&quot;:&quot;builtin&quot;,&quot;spinner_image&quot;:&quot;https:\/\/lnak.net\/wp-content\/plugins\/toolset-blocks\/embedded\/res\/img\/ajax-loader.svg&quot;,&quot;callback_next&quot;:&quot;&quot;,&quot;manage_history&quot;:&quot;enabled&quot;,&quot;has_controls_in_form&quot;:&quot;disabled&quot;,&quot;infinite_tolerance&quot;:&quot;0&quot;,&quot;max_pages&quot;:1,&quot;page&quot;:1,&quot;base_permalink&quot;:&quot;\/en\/wp-json\/wp\/v2\/pages\/10935?wpv_view_count=8874&amp;wpv_paged=WPV_PAGE_NUM&quot;,&quot;loop&quot;:{&quot;type&quot;:&quot;&quot;,&quot;name&quot;:&quot;&quot;,&quot;data&quot;:[],&quot;id&quot;:0}}\" data-permalink=\"\/en\/wp-json\/wp\/v2\/pages\/10935?wpv_view_count=8874\">\n\n<div class=\"js-wpv-loop-wrapper\"><div class=\"tb-grid\"><div class=\"tb-grid-column\">\n\n<div class=\"wp-block-toolset-views-view-template-block wpv-block-loop-item php-to-be-replaced-with-shortcode\" data-toolset-views-view-template-block=\"8ff74a9d2667a87e7f3a61e3e393b76c\"><div class=\"tb-fields-and-text\" data-toolset-blocks-fields-and-text=\"360284519b991feb492b582c7d84725f\"><br>\n<div class=\"ast-oembed-container\" style=\"height: 100%;\"><iframe loading=\"lazy\" title=\"\u0100z\u012btis\" width=\"450\" height=\"253\" src=\"https:\/\/www.youtube.com\/embed\/Bgdua5s1imU?list=PLIIF5WcVkzDAyHSl15oKO9Q7sPGcIbCe-\" frameborder=\"0\" allow=\"accelerometer; autoplay; clipboard-write; encrypted-media; gyroscope; picture-in-picture; web-share\" referrerpolicy=\"strict-origin-when-cross-origin\" allowfullscreen><\/iframe><\/div><br>\n<\/div>\n\n\n\n<div class=\"tb-field\" data-toolset-blocks-field=\"7c49f895a1e654765fe15550e98ae86f\" data-last-update=\"1.4\"><a href='https:\/\/lnak.net\/en\/tag\/basic-language\/'>basic language<\/a>, <a href='https:\/\/lnak.net\/en\/tag\/infants\/'>infants<\/a>, <a href='https:\/\/lnak.net\/en\/tag\/language-development\/'>language development<\/a>, <a href='https:\/\/lnak.net\/en\/tag\/preschoolers\/'>preschoolers<\/a><\/div>\n\n\n\n<div class=\"tb-field\" data-toolset-blocks-field=\"c52988769cdd80fba9558c73d4194cae\" data-last-update=\"1.4\"><a href=\"https:\/\/lnak.net\/en\/resource-item\/little-goat\/\">\u0100z\u012btis (Little Goat)<\/a><\/div>\n\n\n\n<div class=\"tb-field\" data-toolset-blocks-field=\"fab6101fd9dceb5c3982b2e1f430cb4c\" data-last-update=\"1.4\"><\/div>\n<\/div>\n\n<\/div><div class=\"tb-grid-column\">\n\n<div class=\"wp-block-toolset-views-view-template-block wpv-block-loop-item php-to-be-replaced-with-shortcode\" data-toolset-views-view-template-block=\"8ff74a9d2667a87e7f3a61e3e393b76c\"><div class=\"tb-fields-and-text\" data-toolset-blocks-fields-and-text=\"360284519b991feb492b582c7d84725f\"><br>\n<div class=\"ast-oembed-container\" style=\"height: 100%;\"><iframe loading=\"lazy\" title=\"B\u0113du manu lielu b\u0113du.\" width=\"450\" height=\"253\" src=\"https:\/\/www.youtube.com\/embed\/FZcBaMyQdi4?feature=oembed\" frameborder=\"0\" allow=\"accelerometer; autoplay; clipboard-write; encrypted-media; gyroscope; picture-in-picture; web-share\" referrerpolicy=\"strict-origin-when-cross-origin\" allowfullscreen><\/iframe><\/div><br>\n<\/div>\n\n\n\n<div class=\"tb-field\" data-toolset-blocks-field=\"7c49f895a1e654765fe15550e98ae86f\" data-last-update=\"1.4\"><a href='https:\/\/lnak.net\/en\/tag\/basic-language\/'>basic language<\/a>, <a href='https:\/\/lnak.net\/en\/tag\/infants\/'>infants<\/a>, <a href='https:\/\/lnak.net\/en\/tag\/language-development\/'>language development<\/a>, <a href='https:\/\/lnak.net\/en\/tag\/preschoolers\/'>preschoolers<\/a><\/div>\n\n\n\n<div class=\"tb-field\" data-toolset-blocks-field=\"c52988769cdd80fba9558c73d4194cae\" data-last-update=\"1.4\"><a href=\"https:\/\/lnak.net\/en\/resource-item\/my-great-sorrow\/\">B\u0113du manu lielu b\u0113du (My Sorrow)<\/a><\/div>\n\n\n\n<div class=\"tb-field\" data-toolset-blocks-field=\"fab6101fd9dceb5c3982b2e1f430cb4c\" data-last-update=\"1.4\"><\/div>\n<\/div>\n\n<\/div><div class=\"tb-grid-column\">\n\n<div class=\"wp-block-toolset-views-view-template-block wpv-block-loop-item php-to-be-replaced-with-shortcode\" data-toolset-views-view-template-block=\"8ff74a9d2667a87e7f3a61e3e393b76c\"><div class=\"tb-fields-and-text\" data-toolset-blocks-fields-and-text=\"360284519b991feb492b582c7d84725f\"><br>\n<div class=\"ast-oembed-container\" style=\"height: 100%;\"><iframe loading=\"lazy\" title=\"\u0122\u0113rbies, saule, sudrabota\" width=\"450\" height=\"253\" src=\"https:\/\/www.youtube.com\/embed\/AW5s6DXPuVk?feature=oembed\" frameborder=\"0\" allow=\"accelerometer; autoplay; clipboard-write; encrypted-media; gyroscope; picture-in-picture; web-share\" referrerpolicy=\"strict-origin-when-cross-origin\" allowfullscreen><\/iframe><\/div><br>\n<\/div>\n\n\n\n<div class=\"tb-field\" data-toolset-blocks-field=\"7c49f895a1e654765fe15550e98ae86f\" data-last-update=\"1.4\"><a href='https:\/\/lnak.net\/en\/tag\/basic-language\/'>basic language<\/a>, <a href='https:\/\/lnak.net\/en\/tag\/infants\/'>infants<\/a>, <a href='https:\/\/lnak.net\/en\/tag\/language-development\/'>language development<\/a>, <a href='https:\/\/lnak.net\/en\/tag\/preschoolers\/'>preschoolers<\/a><\/div>\n\n\n\n<div class=\"tb-field\" data-toolset-blocks-field=\"c52988769cdd80fba9558c73d4194cae\" data-last-update=\"1.4\"><a href=\"https:\/\/lnak.net\/en\/resource-item\/dress-yourself-in-silver-dear-sun\/\">\u0122\u0113rbies, saule, sudrabota (Dress yourself in silver , dear sun)<\/a><\/div>\n\n\n\n<div class=\"tb-field\" data-toolset-blocks-field=\"fab6101fd9dceb5c3982b2e1f430cb4c\" data-last-update=\"1.4\"><\/div>\n<\/div>\n\n<\/div><div class=\"tb-grid-column\">\n\n<div class=\"wp-block-toolset-views-view-template-block wpv-block-loop-item php-to-be-replaced-with-shortcode\" data-toolset-views-view-template-block=\"8ff74a9d2667a87e7f3a61e3e393b76c\"><div class=\"tb-fields-and-text\" data-toolset-blocks-fields-and-text=\"360284519b991feb492b582c7d84725f\"><br>\n<div class=\"ast-oembed-container\" style=\"height: 100%;\"><iframe loading=\"lazy\" title=\"J\u016bri\u0146&#039; prasa smalku t\u012bklu\" width=\"450\" height=\"338\" src=\"https:\/\/www.youtube.com\/embed\/Ul4VxU7zaII?feature=oembed\" frameborder=\"0\" allow=\"accelerometer; autoplay; clipboard-write; encrypted-media; gyroscope; picture-in-picture; web-share\" referrerpolicy=\"strict-origin-when-cross-origin\" allowfullscreen><\/iframe><\/div><br>\n<\/div>\n\n\n\n<div class=\"tb-field\" data-toolset-blocks-field=\"7c49f895a1e654765fe15550e98ae86f\" data-last-update=\"1.4\"><a href='https:\/\/lnak.net\/en\/tag\/basic-language\/'>basic language<\/a>, <a href='https:\/\/lnak.net\/en\/tag\/infants\/'>infants<\/a>, <a href='https:\/\/lnak.net\/en\/tag\/language-development\/'>language development<\/a>, <a href='https:\/\/lnak.net\/en\/tag\/preschoolers\/'>preschoolers<\/a><\/div>\n\n\n\n<div class=\"tb-field\" data-toolset-blocks-field=\"c52988769cdd80fba9558c73d4194cae\" data-last-update=\"1.4\"><a href=\"https:\/\/lnak.net\/en\/resource-item\/the-sea-requires-a-fine-net\/\">J\u016bri\u0146&#8217; prasa smalku t\u012bklu (The sea requires a fine net)<\/a><\/div>\n\n\n\n<div class=\"tb-field\" data-toolset-blocks-field=\"fab6101fd9dceb5c3982b2e1f430cb4c\" data-last-update=\"1.4\"><\/div>\n<\/div>\n\n<\/div><div class=\"tb-grid-column\">\n\n<div class=\"wp-block-toolset-views-view-template-block wpv-block-loop-item php-to-be-replaced-with-shortcode\" data-toolset-views-view-template-block=\"8ff74a9d2667a87e7f3a61e3e393b76c\"><div class=\"tb-fields-and-text\" data-toolset-blocks-fields-and-text=\"360284519b991feb492b582c7d84725f\"><br>\n<div class=\"ast-oembed-container\" style=\"height: 100%;\"><iframe loading=\"lazy\" title=\"Kur tu teci, Rudzu Pele?\" width=\"450\" height=\"338\" src=\"https:\/\/www.youtube.com\/embed\/ZH4UGk5OUH4?feature=oembed\" frameborder=\"0\" allow=\"accelerometer; autoplay; clipboard-write; encrypted-media; gyroscope; picture-in-picture; web-share\" referrerpolicy=\"strict-origin-when-cross-origin\" allowfullscreen><\/iframe><\/div><br>\n<\/div>\n\n\n\n<div class=\"tb-field\" data-toolset-blocks-field=\"7c49f895a1e654765fe15550e98ae86f\" data-last-update=\"1.4\"><a href='https:\/\/lnak.net\/en\/tag\/basic-language\/'>basic language<\/a>, <a href='https:\/\/lnak.net\/en\/tag\/infants\/'>infants<\/a>, <a href='https:\/\/lnak.net\/en\/tag\/language-development\/'>language development<\/a>, <a href='https:\/\/lnak.net\/en\/tag\/preschoolers\/'>preschoolers<\/a><\/div>\n\n\n\n<div class=\"tb-field\" data-toolset-blocks-field=\"c52988769cdd80fba9558c73d4194cae\" data-last-update=\"1.4\"><a href=\"https:\/\/lnak.net\/en\/resource-item\/where-are-you-going-ruddy-mouse\/\">Kur tu teci, Rudzu Pele? ( &#8220;where are you going\/what&#8217;s the rush, harvest mouse&#8221;)<\/a><\/div>\n\n\n\n<div class=\"tb-field\" data-toolset-blocks-field=\"fab6101fd9dceb5c3982b2e1f430cb4c\" data-last-update=\"1.4\"><\/div>\n<\/div>\n\n<\/div><div class=\"tb-grid-column\">\n\n<div class=\"wp-block-toolset-views-view-template-block wpv-block-loop-item php-to-be-replaced-with-shortcode\" data-toolset-views-view-template-block=\"8ff74a9d2667a87e7f3a61e3e393b76c\"><div class=\"tb-fields-and-text\" data-toolset-blocks-fields-and-text=\"360284519b991feb492b582c7d84725f\"><br>\n<div class=\"ast-oembed-container\" style=\"height: 100%;\"><iframe loading=\"lazy\" title=\"Sij\u0101 Auzas, Tautu Meita\" width=\"450\" height=\"338\" src=\"https:\/\/www.youtube.com\/embed\/OSQjJoabbg4?list=PLRrpdWvLc3NbimYjOISUjMxJxSk9y0E94\" frameborder=\"0\" allow=\"accelerometer; autoplay; clipboard-write; encrypted-media; gyroscope; picture-in-picture; web-share\" referrerpolicy=\"strict-origin-when-cross-origin\" allowfullscreen><\/iframe><\/div><br>\n<\/div>\n\n\n\n<div class=\"tb-field\" data-toolset-blocks-field=\"7c49f895a1e654765fe15550e98ae86f\" data-last-update=\"1.4\"><a href='https:\/\/lnak.net\/en\/tag\/basic-language\/'>basic language<\/a>, <a href='https:\/\/lnak.net\/en\/tag\/infants\/'>infants<\/a>, <a href='https:\/\/lnak.net\/en\/tag\/language-development\/'>language development<\/a>, <a href='https:\/\/lnak.net\/en\/tag\/preschoolers\/'>preschoolers<\/a><\/div>\n\n\n\n<div class=\"tb-field\" data-toolset-blocks-field=\"c52988769cdd80fba9558c73d4194cae\" data-last-update=\"1.4\"><a href=\"https:\/\/lnak.net\/en\/resource-item\/scatter-the-oats\/\">Sij\u0101 auzas, tautu meita (Winnow the oats, dear girl)<\/a><\/div>\n\n\n\n<div class=\"tb-field\" data-toolset-blocks-field=\"fab6101fd9dceb5c3982b2e1f430cb4c\" data-last-update=\"1.4\"><\/div>\n<\/div>\n\n<\/div><div class=\"tb-grid-column\">\n\n<div class=\"wp-block-toolset-views-view-template-block wpv-block-loop-item php-to-be-replaced-with-shortcode\" data-toolset-views-view-template-block=\"8ff74a9d2667a87e7f3a61e3e393b76c\"><div class=\"tb-fields-and-text\" data-toolset-blocks-fields-and-text=\"360284519b991feb492b582c7d84725f\"><br>\n<div class=\"ast-oembed-container\" style=\"height: 100%;\"><iframe loading=\"lazy\" title=\"Upe nesa ozoli\u0146u\/\u010dukai, \u0146ukai\" width=\"450\" height=\"338\" src=\"https:\/\/www.youtube.com\/embed\/0JZIIUUr9hA?list=OLAK5uy_nBlQmj2L_d0Z2PmLzGfQC5VU6jFcfV2wg\" frameborder=\"0\" allow=\"accelerometer; autoplay; clipboard-write; encrypted-media; gyroscope; picture-in-picture; web-share\" referrerpolicy=\"strict-origin-when-cross-origin\" allowfullscreen><\/iframe><\/div><br>\n<\/div>\n\n\n\n<div class=\"tb-field\" data-toolset-blocks-field=\"7c49f895a1e654765fe15550e98ae86f\" data-last-update=\"1.4\"><a href='https:\/\/lnak.net\/en\/tag\/basic-language\/'>basic language<\/a>, <a href='https:\/\/lnak.net\/en\/tag\/infants\/'>infants<\/a>, <a href='https:\/\/lnak.net\/en\/tag\/language-development\/'>language development<\/a>, <a href='https:\/\/lnak.net\/en\/tag\/preschoolers\/'>preschoolers<\/a><\/div>\n\n\n\n<div class=\"tb-field\" data-toolset-blocks-field=\"c52988769cdd80fba9558c73d4194cae\" data-last-update=\"1.4\"><a href=\"https:\/\/lnak.net\/en\/resource-item\/an-oak-tree-is-floating-down-the-river\/\">Upe nesa ozoli\u0146u (An oak tree is floating down the river)<\/a><\/div>\n\n\n\n<div class=\"tb-field\" data-toolset-blocks-field=\"fab6101fd9dceb5c3982b2e1f430cb4c\" data-last-update=\"1.4\"><\/div>\n<\/div>\n\n<\/div><div class=\"tb-grid-column\">\n\n<div class=\"wp-block-toolset-views-view-template-block wpv-block-loop-item php-to-be-replaced-with-shortcode\" data-toolset-views-view-template-block=\"8ff74a9d2667a87e7f3a61e3e393b76c\"><div class=\"tb-fields-and-text\" data-toolset-blocks-fields-and-text=\"360284519b991feb492b582c7d84725f\"><br>\n<div class=\"ast-oembed-container\" style=\"height: 100%;\"><iframe loading=\"lazy\" title=\"Visi ciema su\u0146i r\u0113ja-\/LTMK\/\" width=\"450\" height=\"253\" src=\"https:\/\/www.youtube.com\/embed\/5D1tUV3UpXQ?feature=oembed\" frameborder=\"0\" allow=\"accelerometer; autoplay; clipboard-write; encrypted-media; gyroscope; picture-in-picture; web-share\" referrerpolicy=\"strict-origin-when-cross-origin\" allowfullscreen><\/iframe><\/div><br>\n<\/div>\n\n\n\n<div class=\"tb-field\" data-toolset-blocks-field=\"7c49f895a1e654765fe15550e98ae86f\" data-last-update=\"1.4\"><a href='https:\/\/lnak.net\/en\/tag\/basic-language\/'>basic language<\/a>, <a href='https:\/\/lnak.net\/en\/tag\/infants\/'>infants<\/a>, <a href='https:\/\/lnak.net\/en\/tag\/language-development\/'>language development<\/a>, <a href='https:\/\/lnak.net\/en\/tag\/preschoolers\/'>preschoolers<\/a><\/div>\n\n\n\n<div class=\"tb-field\" data-toolset-blocks-field=\"c52988769cdd80fba9558c73d4194cae\" data-last-update=\"1.4\"><a href=\"https:\/\/lnak.net\/en\/resource-item\/all-the-village-dogs-barked\/\">Visi ciema su\u0146i r\u0113ja (All the village dogs were barking)<\/a><\/div>\n\n\n\n<div class=\"tb-field\" data-toolset-blocks-field=\"fab6101fd9dceb5c3982b2e1f430cb4c\" data-last-update=\"1.4\"><\/div>\n<\/div>\n\n<\/div><\/div><\/div>\n\n\n<div class=\"wpv-pagination-nav-links\" data-toolset-views-view-pagination-block=\"cdfd4c4737b2898eba4443dd59a1bf50\"><\/div>\n\n<\/div><\/div><form autocomplete=\"off\" name=\"wpv-filter-8874\" action=\"\/en\/wp-json\/wp\/v2\/pages\/10935?wpv_view_count=8874\" method=\"get\" class=\"wpv-filter-form js-wpv-filter-form js-wpv-filter-form-8874 js-wpv-form-full\" data-viewnumber=\"8874\" data-viewid=\"8874\" data-viewhash=\"eyJuYW1lIjoia2FyYW9rZS1jb3B5LTE3Mjc3NTUxNDMifQ==\" data-viewwidgetid=\"0\" data-orderby=\"\" data-order=\"\" data-orderbyas=\"\" data-orderbysecond=\"\" data-ordersecond=\"\" data-parametric=\"{&quot;query&quot;:&quot;normal&quot;,&quot;id&quot;:8874,&quot;view_id&quot;:8874,&quot;widget_id&quot;:0,&quot;view_hash&quot;:&quot;8874&quot;,&quot;action&quot;:&quot;\\\/en\\\/wp-json\\\/wp\\\/v2\\\/pages\\\/10935?wpv_view_count=8874&quot;,&quot;sort&quot;:{&quot;orderby&quot;:&quot;&quot;,&quot;order&quot;:&quot;&quot;,&quot;orderby_as&quot;:&quot;&quot;,&quot;orderby_second&quot;:&quot;&quot;,&quot;order_second&quot;:&quot;&quot;},&quot;orderby&quot;:&quot;&quot;,&quot;order&quot;:&quot;&quot;,&quot;orderby_as&quot;:&quot;&quot;,&quot;orderby_second&quot;:&quot;&quot;,&quot;order_second&quot;:&quot;&quot;,&quot;ajax_form&quot;:&quot;&quot;,&quot;ajax_results&quot;:&quot;&quot;,&quot;effect&quot;:&quot;fade&quot;,&quot;prebefore&quot;:&quot;&quot;,&quot;before&quot;:&quot;&quot;,&quot;after&quot;:&quot;&quot;,&quot;attributes&quot;:[],&quot;environment&quot;:{&quot;current_post_id&quot;:10935,&quot;parent_post_id&quot;:10935,&quot;parent_term_id&quot;:0,&quot;parent_user_id&quot;:0,&quot;archive&quot;:{&quot;type&quot;:&quot;&quot;,&quot;name&quot;:&quot;&quot;,&quot;data&quot;:[]}},&quot;loop&quot;:{&quot;type&quot;:&quot;&quot;,&quot;name&quot;:&quot;&quot;,&quot;data&quot;:[],&quot;id&quot;:0}}\" data-attributes=\"[]\" data-environment=\"{&quot;current_post_id&quot;:10935,&quot;parent_post_id&quot;:10935,&quot;parent_term_id&quot;:0,&quot;parent_user_id&quot;:0,&quot;archive&quot;:{&quot;type&quot;:&quot;&quot;,&quot;name&quot;:&quot;&quot;,&quot;data&quot;:[]}}\"><input type=\"hidden\" class=\"js-wpv-dps-filter-data js-wpv-filter-data-for-this-form\" data-action=\"\/en\/wp-json\/wp\/v2\/pages\/10935?wpv_view_count=8874\" data-page=\"1\" data-ajax=\"disable\" data-effect=\"fade\" data-maxpages=\"1\" data-ajaxprebefore=\"\" data-ajaxbefore=\"\" data-ajaxafter=\"\" \/><input class=\"wpv_view_count wpv_view_count-8874\" type=\"hidden\" name=\"wpv_view_count\" value=\"8874\" \/>\n\n<\/form><\/div>","protected":false},"excerpt":{"rendered":"","protected":false},"author":1,"featured_media":0,"parent":0,"menu_order":0,"comment_status":"closed","ping_status":"closed","template":"","meta":{"_uag_custom_page_level_css":"","_monsterinsights_skip_tracking":false,"_monsterinsights_sitenote_active":false,"_monsterinsights_sitenote_note":"","_monsterinsights_sitenote_category":0,"site-sidebar-layout":"default","site-content-layout":"","ast-site-content-layout":"default","site-content-style":"default","site-sidebar-style":"default","ast-global-header-display":"","ast-banner-title-visibility":"","ast-main-header-display":"","ast-hfb-above-header-display":"","ast-hfb-below-header-display":"","ast-hfb-mobile-header-display":"","site-post-title":"","ast-breadcrumbs-content":"","ast-featured-img":"","footer-sml-layout":"","theme-transparent-header-meta":"","adv-header-id-meta":"","stick-header-meta":"","header-above-stick-meta":"","header-main-stick-meta":"","header-below-stick-meta":"","astra-migrate-meta-layouts":"","ast-page-background-enabled":"default","ast-page-background-meta":{"desktop":{"background-color":"","background-image":"","background-repeat":"repeat","background-position":"center center","background-size":"auto","background-attachment":"scroll","background-type":"","background-media":"","overlay-type":"","overlay-color":"","overlay-gradient":""},"tablet":{"background-color":"","background-image":"","background-repeat":"repeat","background-position":"center center","background-size":"auto","background-attachment":"scroll","background-type":"","background-media":"","overlay-type":"","overlay-color":"","overlay-gradient":""},"mobile":{"background-color":"","background-image":"","background-repeat":"repeat","background-position":"center center","background-size":"auto","background-attachment":"scroll","background-type":"","background-media":"","overlay-type":"","overlay-color":"","overlay-gradient":""}},"ast-content-background-meta":{"desktop":{"background-color":"var(--ast-global-color-5)","background-image":"","background-repeat":"repeat","background-position":"center center","background-size":"auto","background-attachment":"scroll","background-type":"","background-media":"","overlay-type":"","overlay-color":"","overlay-gradient":""},"tablet":{"background-color":"var(--ast-global-color-5)","background-image":"","background-repeat":"repeat","background-position":"center center","background-size":"auto","background-attachment":"scroll","background-type":"","background-media":"","overlay-type":"","overlay-color":"","overlay-gradient":""},"mobile":{"background-color":"var(--ast-global-color-5)","background-image":"","background-repeat":"repeat","background-position":"center center","background-size":"auto","background-attachment":"scroll","background-type":"","background-media":"","overlay-type":"","overlay-color":"","overlay-gradient":""}},"footnotes":""},"class_list":["post-10935","page","type-page","status-publish","hentry"],"aioseo_notices":[],"uagb_featured_image_src":{"full":false,"thumbnail":false,"medium":false,"medium_large":false,"large":false,"1536x1536":false,"2048x2048":false},"uagb_author_info":{"display_name":"ADMIN","author_link":"https:\/\/lnak.net\/en\/author\/admin\/"},"uagb_comment_info":0,"uagb_excerpt":null,"_links":{"self":[{"href":"https:\/\/lnak.net\/en\/wp-json\/wp\/v2\/pages\/10935","targetHints":{"allow":["GET"]}}],"collection":[{"href":"https:\/\/lnak.net\/en\/wp-json\/wp\/v2\/pages"}],"about":[{"href":"https:\/\/lnak.net\/en\/wp-json\/wp\/v2\/types\/page"}],"author":[{"embeddable":true,"href":"https:\/\/lnak.net\/en\/wp-json\/wp\/v2\/users\/1"}],"replies":[{"embeddable":true,"href":"https:\/\/lnak.net\/en\/wp-json\/wp\/v2\/comments?post=10935"}],"version-history":[{"count":2,"href":"https:\/\/lnak.net\/en\/wp-json\/wp\/v2\/pages\/10935\/revisions"}],"predecessor-version":[{"id":11015,"href":"https:\/\/lnak.net\/en\/wp-json\/wp\/v2\/pages\/10935\/revisions\/11015"}],"wp:attachment":[{"href":"https:\/\/lnak.net\/en\/wp-json\/wp\/v2\/media?parent=10935"}],"curies":[{"name":"wp","href":"https:\/\/api.w.org\/{rel}","templated":true}]}}