{"id":10539,"date":"2024-09-06T15:02:11","date_gmt":"2024-09-06T19:02:11","guid":{"rendered":"https:\/\/lnak.net\/stories\/"},"modified":"2024-11-20T11:57:45","modified_gmt":"2024-11-20T16:57:45","slug":"stories","status":"publish","type":"page","link":"https:\/\/lnak.net\/en\/stories\/","title":{"rendered":"Stories"},"content":{"rendered":"<div class=\"wpv-view-output\" data-toolset-views-view-editor=\"5b5f55ae5cf3e8c55e7527c3c35529e8\"><div class=\"wp-block-toolset-views-view-editor\"><div id=\"wpv-view-layout-7839\" class=\"js-wpv-view-layout js-wpv-layout-responsive js-wpv-view-layout-7839\" data-viewnumber=\"7839\" data-pagination=\"{&quot;id&quot;:7839,&quot;query&quot;:&quot;normal&quot;,&quot;type&quot;:&quot;paged&quot;,&quot;effect&quot;:&quot;fade&quot;,&quot;duration&quot;:500,&quot;speed&quot;:5,&quot;pause_on_hover&quot;:&quot;disabled&quot;,&quot;stop_rollover&quot;:&quot;false&quot;,&quot;cache_pages&quot;:&quot;enabled&quot;,&quot;preload_images&quot;:&quot;enabled&quot;,&quot;preload_pages&quot;:&quot;enabled&quot;,&quot;preload_reach&quot;:1,&quot;spinner&quot;:&quot;builtin&quot;,&quot;spinner_image&quot;:&quot;https:\/\/lnak.net\/wp-content\/plugins\/toolset-blocks\/embedded\/res\/img\/ajax-loader.svg&quot;,&quot;callback_next&quot;:&quot;&quot;,&quot;manage_history&quot;:&quot;enabled&quot;,&quot;has_controls_in_form&quot;:&quot;disabled&quot;,&quot;infinite_tolerance&quot;:&quot;0&quot;,&quot;max_pages&quot;:1,&quot;page&quot;:1,&quot;base_permalink&quot;:&quot;\/en\/wp-json\/wp\/v2\/pages\/10539?wpv_view_count=7839&amp;wpv_paged=WPV_PAGE_NUM&quot;,&quot;loop&quot;:{&quot;type&quot;:&quot;&quot;,&quot;name&quot;:&quot;&quot;,&quot;data&quot;:[],&quot;id&quot;:0}}\" data-permalink=\"\/en\/wp-json\/wp\/v2\/pages\/10539?wpv_view_count=7839\">\n\n<div class=\"js-wpv-loop-wrapper\"><div class=\"tb-grid\"><div class=\"tb-grid-column\">\n\n<div class=\"wp-block-toolset-views-view-template-block wpv-block-loop-item php-to-be-replaced-with-shortcode\" data-toolset-views-view-template-block=\"4a0136eaa2aaa38c07d26f66cb8a621e\">\n<figure class=\"wp-block-image tb-image tb-image-dynamic tb-image-frame-none\" data-toolset-blocks-image=\"c66afe5a9f0187eb119efe4844615431\"><img decoding=\"async\" width=\"435\" height=\"250\" loading=\"lazy\" src=\"https:\/\/lnak.net\/wp-content\/uploads\/2024\/09\/Screenshot-2024-09-27-at-10.19.59-AM-copy.png\" alt=\"\" class=\"wp-image-8553\" srcset=\"https:\/\/lnak.net\/wp-content\/uploads\/2024\/09\/Screenshot-2024-09-27-at-10.19.59-AM-copy.png 435w, https:\/\/lnak.net\/wp-content\/uploads\/2024\/09\/Screenshot-2024-09-27-at-10.19.59-AM-copy-300x172.png 300w\" sizes=\"auto, (max-width: 435px) 100vw, 435px\" \/><\/figure>\n\n\n\n<div class=\"tb-field\" data-toolset-blocks-field=\"83c040a90a578f4c622c2b4a81ed2bd6\" data-last-update=\"1.4\"><\/div>\n\n\n\n<div class=\"tb-field\" data-toolset-blocks-field=\"0125751aa2f58af3aff28fb118d70ab9\" data-last-update=\"1.4\"><a href=\"https:\/\/lnak.net\/en\/resource-item\/why-fairy-tales\/\">Why Fairy Tales?<\/a><\/div>\n\n\n\n<div class=\"tb-field\" data-toolset-blocks-field=\"01285a8a92b57af5bbbc8fbf0c96093e\" data-last-update=\"1.4\">Fairy tales usually involve fictional eve...<\/div>\n<\/div>\n\n<\/div><div class=\"tb-grid-column\">\n\n<div class=\"wp-block-toolset-views-view-template-block wpv-block-loop-item php-to-be-replaced-with-shortcode\" data-toolset-views-view-template-block=\"4a0136eaa2aaa38c07d26f66cb8a621e\">\n<figure class=\"wp-block-image tb-image tb-image-dynamic tb-image-frame-none\" data-toolset-blocks-image=\"c66afe5a9f0187eb119efe4844615431\"><img decoding=\"async\" width=\"435\" height=\"250\" loading=\"lazy\" src=\"https:\/\/lnak.net\/wp-content\/uploads\/2024\/09\/Screenshot-2024-09-24-at-3.08.35-PM-copy.png\" alt=\"\" class=\"wp-image-8428\" srcset=\"https:\/\/lnak.net\/wp-content\/uploads\/2024\/09\/Screenshot-2024-09-24-at-3.08.35-PM-copy.png 435w, https:\/\/lnak.net\/wp-content\/uploads\/2024\/09\/Screenshot-2024-09-24-at-3.08.35-PM-copy-300x172.png 300w\" sizes=\"auto, (max-width: 435px) 100vw, 435px\" \/><\/figure>\n\n\n\n<div class=\"tb-field\" data-toolset-blocks-field=\"83c040a90a578f4c622c2b4a81ed2bd6\" data-last-update=\"1.4\">basic language, infants<\/div>\n\n\n\n<div class=\"tb-field\" data-toolset-blocks-field=\"0125751aa2f58af3aff28fb118d70ab9\" data-last-update=\"1.4\"><a href=\"https:\/\/lnak.net\/en\/resource-item\/lets-go-to-the-fairy-tale\/\">Let&#8217;s go to the fairy tale<\/a><\/div>\n\n\n\n<div class=\"tb-field\" data-toolset-blocks-field=\"01285a8a92b57af5bbbc8fbf0c96093e\" data-last-update=\"1.4\">&#13; &#13; Iesim uz pasaku\u00a0youtube\u00a0kan\u0101l...<\/div>\n<\/div>\n\n<\/div><div class=\"tb-grid-column\">\n\n<div class=\"wp-block-toolset-views-view-template-block wpv-block-loop-item php-to-be-replaced-with-shortcode\" data-toolset-views-view-template-block=\"4a0136eaa2aaa38c07d26f66cb8a621e\">\n<figure class=\"wp-block-image tb-image tb-image-dynamic tb-image-frame-none\" data-toolset-blocks-image=\"c66afe5a9f0187eb119efe4844615431\"><img decoding=\"async\" width=\"435\" height=\"250\" loading=\"lazy\" src=\"https:\/\/lnak.net\/wp-content\/uploads\/2024\/09\/Screenshot-2024-09-27-at-10.12.08-AM-copy-2.png\" alt=\"\" class=\"wp-image-8551\" srcset=\"https:\/\/lnak.net\/wp-content\/uploads\/2024\/09\/Screenshot-2024-09-27-at-10.12.08-AM-copy-2.png 435w, https:\/\/lnak.net\/wp-content\/uploads\/2024\/09\/Screenshot-2024-09-27-at-10.12.08-AM-copy-2-300x172.png 300w\" sizes=\"auto, (max-width: 435px) 100vw, 435px\" \/><\/figure>\n\n\n\n<div class=\"tb-field\" data-toolset-blocks-field=\"83c040a90a578f4c622c2b4a81ed2bd6\" data-last-update=\"1.4\">language development, preschoolers<\/div>\n\n\n\n<div class=\"tb-field\" data-toolset-blocks-field=\"0125751aa2f58af3aff28fb118d70ab9\" data-last-update=\"1.4\"><a href=\"https:\/\/lnak.net\/en\/resource-item\/mums-stories\/\">Mum&#8217;s Stories<\/a><\/div>\n\n\n\n<div class=\"tb-field\" data-toolset-blocks-field=\"01285a8a92b57af5bbbc8fbf0c96093e\" data-last-update=\"1.4\">The channel \"Mammas pasakas\" is distingui...<\/div>\n<\/div>\n\n<\/div><div class=\"tb-grid-column\">\n\n<div class=\"wp-block-toolset-views-view-template-block wpv-block-loop-item php-to-be-replaced-with-shortcode\" data-toolset-views-view-template-block=\"4a0136eaa2aaa38c07d26f66cb8a621e\">\n<figure class=\"wp-block-image tb-image tb-image-dynamic tb-image-frame-none\" data-toolset-blocks-image=\"c66afe5a9f0187eb119efe4844615431\"><img decoding=\"async\" width=\"435\" height=\"250\" loading=\"lazy\" src=\"https:\/\/lnak.net\/wp-content\/uploads\/2024\/09\/Screenshot-2024-09-24-at-2.50.43-PM-copy-2.png\" alt=\"\" class=\"wp-image-8426\" srcset=\"https:\/\/lnak.net\/wp-content\/uploads\/2024\/09\/Screenshot-2024-09-24-at-2.50.43-PM-copy-2.png 435w, https:\/\/lnak.net\/wp-content\/uploads\/2024\/09\/Screenshot-2024-09-24-at-2.50.43-PM-copy-2-300x172.png 300w\" sizes=\"auto, (max-width: 435px) 100vw, 435px\" \/><\/figure>\n\n\n\n<div class=\"tb-field\" data-toolset-blocks-field=\"83c040a90a578f4c622c2b4a81ed2bd6\" data-last-update=\"1.4\">pirmsskolniekiem, valodas pilnveido\u0161ana<\/div>\n\n\n\n<div class=\"tb-field\" data-toolset-blocks-field=\"0125751aa2f58af3aff28fb118d70ab9\" data-last-update=\"1.4\"><a href=\"https:\/\/lnak.net\/en\/resource-item\/bernistabas-pasaku-kratuve\/\">B\u0113rnistabas pasaku kr\u0101tuve<\/a><\/div>\n\n\n\n<div class=\"tb-field\" data-toolset-blocks-field=\"01285a8a92b57af5bbbc8fbf0c96093e\" data-last-update=\"1.4\">Vietn\u0113 B\u0113rnistaba pieejams bag\u0101t\u012bgs pasak...<\/div>\n<\/div>\n\n<\/div><div class=\"tb-grid-column\">\n\n<div class=\"wp-block-toolset-views-view-template-block wpv-block-loop-item php-to-be-replaced-with-shortcode\" data-toolset-views-view-template-block=\"4a0136eaa2aaa38c07d26f66cb8a621e\">\n<figure class=\"wp-block-image tb-image tb-image-dynamic tb-image-frame-none\" data-toolset-blocks-image=\"c66afe5a9f0187eb119efe4844615431\"><img decoding=\"async\" width=\"435\" height=\"250\" loading=\"lazy\" src=\"https:\/\/lnak.net\/wp-content\/uploads\/2024\/09\/Screenshot-2024-09-24-at-2.57.58-PM-copy.png\" alt=\"\" class=\"wp-image-8423\" srcset=\"https:\/\/lnak.net\/wp-content\/uploads\/2024\/09\/Screenshot-2024-09-24-at-2.57.58-PM-copy.png 435w, https:\/\/lnak.net\/wp-content\/uploads\/2024\/09\/Screenshot-2024-09-24-at-2.57.58-PM-copy-300x172.png 300w\" sizes=\"auto, (max-width: 435px) 100vw, 435px\" \/><\/figure>\n\n\n\n<div class=\"tb-field\" data-toolset-blocks-field=\"83c040a90a578f4c622c2b4a81ed2bd6\" data-last-update=\"1.4\">language development, preschoolers<\/div>\n\n\n\n<div class=\"tb-field\" data-toolset-blocks-field=\"0125751aa2f58af3aff28fb118d70ab9\" data-last-update=\"1.4\"><a href=\"https:\/\/lnak.net\/en\/resource-item\/zuze-reads-fairy-tales\/\">Zuze reads fairy tales<\/a><\/div>\n\n\n\n<div class=\"tb-field\" data-toolset-blocks-field=\"01285a8a92b57af5bbbc8fbf0c96093e\" data-last-update=\"1.4\">There are about 30 stories, each about 10...<\/div>\n<\/div>\n\n<\/div><div class=\"tb-grid-column\">\n\n<div class=\"wp-block-toolset-views-view-template-block wpv-block-loop-item php-to-be-replaced-with-shortcode\" data-toolset-views-view-template-block=\"4a0136eaa2aaa38c07d26f66cb8a621e\">\n<figure class=\"wp-block-image tb-image tb-image-dynamic tb-image-frame-none\" data-toolset-blocks-image=\"c66afe5a9f0187eb119efe4844615431\"><img decoding=\"async\" width=\"435\" height=\"250\" loading=\"lazy\" src=\"https:\/\/lnak.net\/wp-content\/uploads\/2024\/09\/Screenshot-2024-09-24-at-3.24.28-PM-copy.png\" alt=\"\" class=\"wp-image-8430\" srcset=\"https:\/\/lnak.net\/wp-content\/uploads\/2024\/09\/Screenshot-2024-09-24-at-3.24.28-PM-copy.png 435w, https:\/\/lnak.net\/wp-content\/uploads\/2024\/09\/Screenshot-2024-09-24-at-3.24.28-PM-copy-300x172.png 300w\" sizes=\"auto, (max-width: 435px) 100vw, 435px\" \/><\/figure>\n\n\n\n<div class=\"tb-field\" data-toolset-blocks-field=\"83c040a90a578f4c622c2b4a81ed2bd6\" data-last-update=\"1.4\">basic language, infants<\/div>\n\n\n\n<div class=\"tb-field\" data-toolset-blocks-field=\"0125751aa2f58af3aff28fb118d70ab9\" data-last-update=\"1.4\"><a href=\"https:\/\/lnak.net\/en\/resource-item\/fairy-tales-for-children\/\">Fairy tales for children<\/a><\/div>\n\n\n\n<div class=\"tb-field\" data-toolset-blocks-field=\"01285a8a92b57af5bbbc8fbf0c96093e\" data-last-update=\"1.4\">The YouTube channel Fairy tales for child...<\/div>\n<\/div>\n\n<\/div><div class=\"tb-grid-column\">\n\n<div class=\"wp-block-toolset-views-view-template-block wpv-block-loop-item php-to-be-replaced-with-shortcode\" data-toolset-views-view-template-block=\"4a0136eaa2aaa38c07d26f66cb8a621e\">\n<figure class=\"wp-block-image tb-image tb-image-dynamic tb-image-frame-none\" data-toolset-blocks-image=\"c66afe5a9f0187eb119efe4844615431\"><img decoding=\"async\" width=\"870\" height=\"505\" loading=\"lazy\" src=\"https:\/\/lnak.net\/wp-content\/uploads\/2025\/03\/FREE-2.png\" alt=\"\" class=\"wp-image-12271\" srcset=\"https:\/\/lnak.net\/wp-content\/uploads\/2025\/03\/FREE-2.png 870w, https:\/\/lnak.net\/wp-content\/uploads\/2025\/03\/FREE-2-300x174.png 300w, https:\/\/lnak.net\/wp-content\/uploads\/2025\/03\/FREE-2-150x87.png 150w, https:\/\/lnak.net\/wp-content\/uploads\/2025\/03\/FREE-2-768x446.png 768w\" sizes=\"auto, (max-width: 870px) 100vw, 870px\" \/><\/figure>\n\n\n\n<div class=\"tb-field\" data-toolset-blocks-field=\"83c040a90a578f4c622c2b4a81ed2bd6\" data-last-update=\"1.4\">language development, preschoolers<\/div>\n\n\n\n<div class=\"tb-field\" data-toolset-blocks-field=\"0125751aa2f58af3aff28fb118d70ab9\" data-last-update=\"1.4\"><a href=\"https:\/\/lnak.net\/en\/resource-item\/audiobooks\/\">Audiobooks<\/a><\/div>\n\n\n\n<div class=\"tb-field\" data-toolset-blocks-field=\"01285a8a92b57af5bbbc8fbf0c96093e\" data-last-update=\"1.4\">This YouTube channel offers almost 300 of...<\/div>\n<\/div>\n\n<\/div><div class=\"tb-grid-column\">\n\n<div class=\"wp-block-toolset-views-view-template-block wpv-block-loop-item php-to-be-replaced-with-shortcode\" data-toolset-views-view-template-block=\"4a0136eaa2aaa38c07d26f66cb8a621e\">\n<figure class=\"wp-block-image tb-image tb-image-dynamic tb-image-frame-none\" data-toolset-blocks-image=\"c66afe5a9f0187eb119efe4844615431\"><img decoding=\"async\" width=\"870\" height=\"500\" loading=\"lazy\" src=\"https:\/\/lnak.net\/wp-content\/uploads\/2026\/02\/Screenshot-2026-02-18-at-10.53.43-AM-1.png\" alt=\"\" class=\"wp-image-15811\" srcset=\"https:\/\/lnak.net\/wp-content\/uploads\/2026\/02\/Screenshot-2026-02-18-at-10.53.43-AM-1.png 870w, https:\/\/lnak.net\/wp-content\/uploads\/2026\/02\/Screenshot-2026-02-18-at-10.53.43-AM-1-300x172.png 300w, https:\/\/lnak.net\/wp-content\/uploads\/2026\/02\/Screenshot-2026-02-18-at-10.53.43-AM-1-150x86.png 150w, https:\/\/lnak.net\/wp-content\/uploads\/2026\/02\/Screenshot-2026-02-18-at-10.53.43-AM-1-768x441.png 768w\" sizes=\"auto, (max-width: 870px) 100vw, 870px\" \/><\/figure>\n\n\n\n<div class=\"tb-field\" data-toolset-blocks-field=\"83c040a90a578f4c622c2b4a81ed2bd6\" data-last-update=\"1.4\">mazu\u013ciem, pirmsskolniekiem, valodas pamati, valodas pilnveido\u0161ana<\/div>\n\n\n\n<div class=\"tb-field\" data-toolset-blocks-field=\"0125751aa2f58af3aff28fb118d70ab9\" data-last-update=\"1.4\"><a href=\"https:\/\/lnak.net\/en\/resource-item\/lsm-radioteatris-berniem\/\">LSM Radiote\u0101tris b\u0113rniem<\/a><\/div>\n\n\n\n<div class=\"tb-field\" data-toolset-blocks-field=\"01285a8a92b57af5bbbc8fbf0c96093e\" data-last-update=\"1.4\">Vair\u0101k nek\u0101 100 radiote\u0101tra lugas (audiop...<\/div>\n<\/div>\n\n<\/div><\/div><\/div>\n\n\n<div class=\"wpv-pagination-nav-links\" data-toolset-views-view-pagination-block=\"cdfd4c4737b2898eba4443dd59a1bf50\"><\/div>\n\n<\/div><\/div><form autocomplete=\"off\" name=\"wpv-filter-7839\" action=\"\/en\/wp-json\/wp\/v2\/pages\/10539?wpv_view_count=7839\" method=\"get\" class=\"wpv-filter-form js-wpv-filter-form js-wpv-filter-form-7839 js-wpv-form-full\" data-viewnumber=\"7839\" data-viewid=\"7839\" data-viewhash=\"eyJuYW1lIjoicmVzb3VyY2UtaXRlbSJ9\" data-viewwidgetid=\"0\" data-orderby=\"\" data-order=\"\" data-orderbyas=\"\" data-orderbysecond=\"\" data-ordersecond=\"\" data-parametric=\"{&quot;query&quot;:&quot;normal&quot;,&quot;id&quot;:7839,&quot;view_id&quot;:7839,&quot;widget_id&quot;:0,&quot;view_hash&quot;:&quot;7839&quot;,&quot;action&quot;:&quot;\\\/en\\\/wp-json\\\/wp\\\/v2\\\/pages\\\/10539?wpv_view_count=7839&quot;,&quot;sort&quot;:{&quot;orderby&quot;:&quot;&quot;,&quot;order&quot;:&quot;&quot;,&quot;orderby_as&quot;:&quot;&quot;,&quot;orderby_second&quot;:&quot;&quot;,&quot;order_second&quot;:&quot;&quot;},&quot;orderby&quot;:&quot;&quot;,&quot;order&quot;:&quot;&quot;,&quot;orderby_as&quot;:&quot;&quot;,&quot;orderby_second&quot;:&quot;&quot;,&quot;order_second&quot;:&quot;&quot;,&quot;ajax_form&quot;:&quot;&quot;,&quot;ajax_results&quot;:&quot;&quot;,&quot;effect&quot;:&quot;fade&quot;,&quot;prebefore&quot;:&quot;&quot;,&quot;before&quot;:&quot;&quot;,&quot;after&quot;:&quot;&quot;,&quot;attributes&quot;:[],&quot;environment&quot;:{&quot;current_post_id&quot;:10539,&quot;parent_post_id&quot;:10539,&quot;parent_term_id&quot;:0,&quot;parent_user_id&quot;:0,&quot;archive&quot;:{&quot;type&quot;:&quot;&quot;,&quot;name&quot;:&quot;&quot;,&quot;data&quot;:[]}},&quot;loop&quot;:{&quot;type&quot;:&quot;&quot;,&quot;name&quot;:&quot;&quot;,&quot;data&quot;:[],&quot;id&quot;:0}}\" data-attributes=\"[]\" data-environment=\"{&quot;current_post_id&quot;:10539,&quot;parent_post_id&quot;:10539,&quot;parent_term_id&quot;:0,&quot;parent_user_id&quot;:0,&quot;archive&quot;:{&quot;type&quot;:&quot;&quot;,&quot;name&quot;:&quot;&quot;,&quot;data&quot;:[]}}\"><input type=\"hidden\" class=\"js-wpv-dps-filter-data js-wpv-filter-data-for-this-form\" data-action=\"\/en\/wp-json\/wp\/v2\/pages\/10539?wpv_view_count=7839\" data-page=\"1\" data-ajax=\"disable\" data-effect=\"fade\" data-maxpages=\"1\" data-ajaxprebefore=\"\" data-ajaxbefore=\"\" data-ajaxafter=\"\" \/><input class=\"wpv_view_count wpv_view_count-7839\" type=\"hidden\" name=\"wpv_view_count\" value=\"7839\" \/>\n\n<\/form><\/div>\n<p><\/p>\n","protected":false},"excerpt":{"rendered":"","protected":false},"author":1,"featured_media":0,"parent":0,"menu_order":0,"comment_status":"open","ping_status":"closed","template":"","meta":{"_uag_custom_page_level_css":"","_monsterinsights_skip_tracking":false,"_monsterinsights_sitenote_active":false,"_monsterinsights_sitenote_note":"","_monsterinsights_sitenote_category":0,"site-sidebar-layout":"default","site-content-layout":"","ast-site-content-layout":"default","site-content-style":"default","site-sidebar-style":"default","ast-global-header-display":"","ast-banner-title-visibility":"","ast-main-header-display":"","ast-hfb-above-header-display":"","ast-hfb-below-header-display":"","ast-hfb-mobile-header-display":"","site-post-title":"","ast-breadcrumbs-content":"","ast-featured-img":"","footer-sml-layout":"","theme-transparent-header-meta":"","adv-header-id-meta":"","stick-header-meta":"","header-above-stick-meta":"","header-main-stick-meta":"","header-below-stick-meta":"","astra-migrate-meta-layouts":"","ast-page-background-enabled":"default","ast-page-background-meta":{"desktop":{"background-color":"","background-image":"","background-repeat":"repeat","background-position":"center center","background-size":"auto","background-attachment":"scroll","background-type":"","background-media":"","overlay-type":"","overlay-color":"","overlay-gradient":""},"tablet":{"background-color":"","background-image":"","background-repeat":"repeat","background-position":"center center","background-size":"auto","background-attachment":"scroll","background-type":"","background-media":"","overlay-type":"","overlay-color":"","overlay-gradient":""},"mobile":{"background-color":"","background-image":"","background-repeat":"repeat","background-position":"center center","background-size":"auto","background-attachment":"scroll","background-type":"","background-media":"","overlay-type":"","overlay-color":"","overlay-gradient":""}},"ast-content-background-meta":{"desktop":{"background-color":"var(--ast-global-color-5)","background-image":"","background-repeat":"repeat","background-position":"center center","background-size":"auto","background-attachment":"scroll","background-type":"","background-media":"","overlay-type":"","overlay-color":"","overlay-gradient":""},"tablet":{"background-color":"var(--ast-global-color-5)","background-image":"","background-repeat":"repeat","background-position":"center center","background-size":"auto","background-attachment":"scroll","background-type":"","background-media":"","overlay-type":"","overlay-color":"","overlay-gradient":""},"mobile":{"background-color":"var(--ast-global-color-5)","background-image":"","background-repeat":"repeat","background-position":"center center","background-size":"auto","background-attachment":"scroll","background-type":"","background-media":"","overlay-type":"","overlay-color":"","overlay-gradient":""}},"footnotes":""},"class_list":["post-10539","page","type-page","status-publish","hentry"],"aioseo_notices":[],"uagb_featured_image_src":{"full":false,"thumbnail":false,"medium":false,"medium_large":false,"large":false,"1536x1536":false,"2048x2048":false},"uagb_author_info":{"display_name":"ADMIN","author_link":"https:\/\/lnak.net\/en\/author\/admin\/"},"uagb_comment_info":0,"uagb_excerpt":null,"_links":{"self":[{"href":"https:\/\/lnak.net\/en\/wp-json\/wp\/v2\/pages\/10539","targetHints":{"allow":["GET"]}}],"collection":[{"href":"https:\/\/lnak.net\/en\/wp-json\/wp\/v2\/pages"}],"about":[{"href":"https:\/\/lnak.net\/en\/wp-json\/wp\/v2\/types\/page"}],"author":[{"embeddable":true,"href":"https:\/\/lnak.net\/en\/wp-json\/wp\/v2\/users\/1"}],"replies":[{"embeddable":true,"href":"https:\/\/lnak.net\/en\/wp-json\/wp\/v2\/comments?post=10539"}],"version-history":[{"count":8,"href":"https:\/\/lnak.net\/en\/wp-json\/wp\/v2\/pages\/10539\/revisions"}],"predecessor-version":[{"id":10569,"href":"https:\/\/lnak.net\/en\/wp-json\/wp\/v2\/pages\/10539\/revisions\/10569"}],"wp:attachment":[{"href":"https:\/\/lnak.net\/en\/wp-json\/wp\/v2\/media?parent=10539"}],"curies":[{"name":"wp","href":"https:\/\/api.w.org\/{rel}","templated":true}]}}