{"id":10401,"date":"2024-11-11T01:17:01","date_gmt":"2024-11-11T06:17:01","guid":{"rendered":"https:\/\/lnak.net\/video-gallery\/"},"modified":"2024-11-29T23:23:58","modified_gmt":"2024-11-30T04:23:58","slug":"video-gallery","status":"publish","type":"page","link":"https:\/\/lnak.net\/en\/video-gallery\/","title":{"rendered":"Video gallery"},"content":{"rendered":"\n<div class=\"wp-block-columns is-layout-flex wp-container-core-columns-is-layout-28f84493 wp-block-columns-is-layout-flex\">\n<div class=\"wp-block-column is-layout-flow wp-block-column-is-layout-flow\" style=\"flex-basis:66.66%\">\n<p>Entertainment, education, information!<\/p>\n<\/div>\n\n\n\n<div class=\"wp-block-column is-layout-flow wp-block-column-is-layout-flow\" style=\"flex-basis:33.33%\"><\/div>\n<\/div>\n<div class=\"wpv-view-output\" data-toolset-views-view-editor=\"35f0a254694ac451e474df2a29c3f0cb\"><div class=\"wp-block-toolset-views-view-editor\"><div id=\"wpv-view-layout-10225\" class=\"js-wpv-view-layout js-wpv-layout-responsive js-wpv-view-layout-10225\" data-viewnumber=\"10225\" data-pagination=\"{&quot;id&quot;:10225,&quot;query&quot;:&quot;normal&quot;,&quot;type&quot;:&quot;paged&quot;,&quot;effect&quot;:&quot;fade&quot;,&quot;duration&quot;:500,&quot;speed&quot;:5,&quot;pause_on_hover&quot;:&quot;disabled&quot;,&quot;stop_rollover&quot;:&quot;false&quot;,&quot;cache_pages&quot;:&quot;enabled&quot;,&quot;preload_images&quot;:&quot;enabled&quot;,&quot;preload_pages&quot;:&quot;enabled&quot;,&quot;preload_reach&quot;:1,&quot;spinner&quot;:&quot;builtin&quot;,&quot;spinner_image&quot;:&quot;https:\/\/lnak.net\/wp-content\/plugins\/toolset-blocks\/embedded\/res\/img\/ajax-loader.svg&quot;,&quot;callback_next&quot;:&quot;&quot;,&quot;manage_history&quot;:&quot;enabled&quot;,&quot;has_controls_in_form&quot;:&quot;disabled&quot;,&quot;infinite_tolerance&quot;:&quot;0&quot;,&quot;max_pages&quot;:3,&quot;page&quot;:1,&quot;base_permalink&quot;:&quot;\/en\/wp-json\/wp\/v2\/pages\/10401?wpv_view_count=10225&amp;wpv_paged=WPV_PAGE_NUM&quot;,&quot;loop&quot;:{&quot;type&quot;:&quot;&quot;,&quot;name&quot;:&quot;&quot;,&quot;data&quot;:[],&quot;id&quot;:0}}\" data-permalink=\"\/en\/wp-json\/wp\/v2\/pages\/10401?wpv_view_count=10225\">\n\n<div class=\"js-wpv-loop-wrapper\"><div class=\"tb-grid\"><div class=\"tb-grid-column\">\n\n<div class=\"wp-block-toolset-views-view-template-block wpv-block-loop-item php-to-be-replaced-with-shortcode\" data-toolset-views-view-template-block=\"28a9ba061761217ec5a8670a6f1e8edf\">\n<div class=\"tb-field\" data-toolset-blocks-field=\"3b0615de8b96ed0999bcdfd366082bac\" data-last-update=\"1.4\"><\/div>\n\n\n\n<div class=\"tb-field\" data-toolset-blocks-field=\"f2a23719ff6705a7105c91a35d143071\" data-last-update=\"1.4\"><div class=\"ast-oembed-container\" style=\"height: 100%;\"><iframe loading=\"lazy\" title=\"Austris Grasis un Kristaps Grasis - Zeme, zeme (1988)\" width=\"333\" height=\"250\" src=\"https:\/\/www.youtube.com\/embed\/C-ZWKNNdWBA?feature=oembed\" frameborder=\"0\" allow=\"accelerometer; autoplay; clipboard-write; encrypted-media; gyroscope; picture-in-picture; web-share\" referrerpolicy=\"strict-origin-when-cross-origin\" allowfullscreen><\/iframe><\/div><\/div>\n\n\n\n<div class=\"tb-field\" data-toolset-blocks-field=\"428c898ac5793071531d7e4e9de36aff\" data-last-update=\"1.4\"><\/div>\n\n\n\n<h3 class=\"tb-heading\" data-toolset-blocks-heading=\"7e5d7ad50ef4dcc6616c2788f50a2da8\" data-last-update=\"1.4\"><a href=\"https:\/\/lnak.net\/en\/video\/zeme-zeme-kas-ta-zeme\/\">Zeme, zeme, kas t\u0101 zeme<\/a><\/h3>\n\n\n\n<div class=\"tb-field\" data-toolset-blocks-field=\"a4300e804ad2b8c7621a0576eb3f1052\" data-last-update=\"1.4\">Austris Grasis 1942-2026<\/div>\n<\/div>\n\n<\/div><div class=\"tb-grid-column\">\n\n<div class=\"wp-block-toolset-views-view-template-block wpv-block-loop-item php-to-be-replaced-with-shortcode\" data-toolset-views-view-template-block=\"28a9ba061761217ec5a8670a6f1e8edf\">\n<div class=\"tb-field\" data-toolset-blocks-field=\"3b0615de8b96ed0999bcdfd366082bac\" data-last-update=\"1.4\"><\/div>\n\n\n\n<div class=\"tb-field\" data-toolset-blocks-field=\"f2a23719ff6705a7105c91a35d143071\" data-last-update=\"1.4\"><div class=\"ast-oembed-container\" style=\"height: 100%;\"><iframe loading=\"lazy\" title=\"Intervija ar Aiju Pl\u016bmi\" width=\"435\" height=\"245\" src=\"https:\/\/www.youtube.com\/embed\/hNkNFtHlZUU?feature=oembed\" frameborder=\"0\" allow=\"accelerometer; autoplay; clipboard-write; encrypted-media; gyroscope; picture-in-picture; web-share\" referrerpolicy=\"strict-origin-when-cross-origin\" allowfullscreen><\/iframe><\/div><\/div>\n\n\n\n<div class=\"tb-field\" data-toolset-blocks-field=\"428c898ac5793071531d7e4e9de36aff\" data-last-update=\"1.4\"><\/div>\n\n\n\n<h3 class=\"tb-heading\" data-toolset-blocks-heading=\"7e5d7ad50ef4dcc6616c2788f50a2da8\" data-last-update=\"1.4\"><a href=\"https:\/\/lnak.net\/en\/video\/interview-with-aija-plume\/\">Interview with Aija Pl\u016bme<\/a><\/h3>\n\n\n\n<div class=\"tb-field\" data-toolset-blocks-field=\"a4300e804ad2b8c7621a0576eb3f1052\" data-last-update=\"1.4\">In this conversation, Aija Pl\u016bme from North Bay, Canada, shares how she taught her two sons to speak Latvian while living in a place with no other Latvians around. Aija...<\/div>\n<\/div>\n\n<\/div><div class=\"tb-grid-column\">\n\n<div class=\"wp-block-toolset-views-view-template-block wpv-block-loop-item php-to-be-replaced-with-shortcode\" data-toolset-views-view-template-block=\"28a9ba061761217ec5a8670a6f1e8edf\">\n<div class=\"tb-field\" data-toolset-blocks-field=\"3b0615de8b96ed0999bcdfd366082bac\" data-last-update=\"1.4\"><\/div>\n\n\n\n<div class=\"tb-field\" data-toolset-blocks-field=\"f2a23719ff6705a7105c91a35d143071\" data-last-update=\"1.4\"><div class=\"ast-oembed-container\" style=\"height: 100%;\"><iframe loading=\"lazy\" title=\"Intervija ar Kaivu Suksi par T\u0113rvetes b\u0113rnu nometni\" width=\"435\" height=\"245\" src=\"https:\/\/www.youtube.com\/embed\/wD7tpMUh3ys?feature=oembed\" frameborder=\"0\" allow=\"accelerometer; autoplay; clipboard-write; encrypted-media; gyroscope; picture-in-picture; web-share\" referrerpolicy=\"strict-origin-when-cross-origin\" allowfullscreen><\/iframe><\/div><\/div>\n\n\n\n<div class=\"tb-field\" data-toolset-blocks-field=\"428c898ac5793071531d7e4e9de36aff\" data-last-update=\"1.4\"><a href='https:\/\/lnak.net\/en\/tag\/camp\/'>camp<\/a>, <a href='https:\/\/lnak.net\/en\/tag\/children\/'>children<\/a>, <a href='https:\/\/lnak.net\/en\/tag\/in-latvian\/'>In Latvian<\/a><\/div>\n\n\n\n<h3 class=\"tb-heading\" data-toolset-blocks-heading=\"7e5d7ad50ef4dcc6616c2788f50a2da8\" data-last-update=\"1.4\"><a href=\"https:\/\/lnak.net\/en\/video\/interview-with-kaiva-about-the-tervete-childrens-camp-in-quebec\/\">Interview with Kaiva about the T\u0113rvete Children&#8217;s Camp in Quebec<\/a><\/h3>\n\n\n\n<div class=\"tb-field\" data-toolset-blocks-field=\"a4300e804ad2b8c7621a0576eb3f1052\" data-last-update=\"1.4\">In this heartfelt conversation, Kaiva shares her experience at the T\u0113rvete Children\u2019s Camp in Canada \u2013 a place where summer adventures meet Latvian language and traditions. She speaks about the...<\/div>\n<\/div>\n\n<\/div><div class=\"tb-grid-column\">\n\n<div class=\"wp-block-toolset-views-view-template-block wpv-block-loop-item php-to-be-replaced-with-shortcode\" data-toolset-views-view-template-block=\"28a9ba061761217ec5a8670a6f1e8edf\">\n<div class=\"tb-field\" data-toolset-blocks-field=\"3b0615de8b96ed0999bcdfd366082bac\" data-last-update=\"1.4\"><\/div>\n\n\n\n<div class=\"tb-field\" data-toolset-blocks-field=\"f2a23719ff6705a7105c91a35d143071\" data-last-update=\"1.4\"><div class=\"ast-oembed-container\" style=\"height: 100%;\"><iframe loading=\"lazy\" title=\"Intervija ar Gabriellu\" width=\"435\" height=\"245\" src=\"https:\/\/www.youtube.com\/embed\/0D-EaTn8vK4?feature=oembed\" frameborder=\"0\" allow=\"accelerometer; autoplay; clipboard-write; encrypted-media; gyroscope; picture-in-picture; web-share\" referrerpolicy=\"strict-origin-when-cross-origin\" allowfullscreen><\/iframe><\/div><\/div>\n\n\n\n<div class=\"tb-field\" data-toolset-blocks-field=\"428c898ac5793071531d7e4e9de36aff\" data-last-update=\"1.4\"><a href='https:\/\/lnak.net\/en\/tag\/in-latvian\/'>In Latvian<\/a>, <a href='https:\/\/lnak.net\/en\/tag\/youth\/'>youth<\/a><\/div>\n\n\n\n<h3 class=\"tb-heading\" data-toolset-blocks-heading=\"7e5d7ad50ef4dcc6616c2788f50a2da8\" data-last-update=\"1.4\"><a href=\"https:\/\/lnak.net\/en\/video\/interview-with-gabriella-from-montreal\/\">Interview with Gabriella from Montreal<\/a><\/h3>\n\n\n\n<div class=\"tb-field\" data-toolset-blocks-field=\"a4300e804ad2b8c7621a0576eb3f1052\" data-last-update=\"1.4\">This time we are interviewing Gabriella, who was born in France and later moved to Canada. Gabriella has never lived in Latvia, but grew up in a mixed family with...<\/div>\n<\/div>\n\n<\/div><div class=\"tb-grid-column\">\n\n<div class=\"wp-block-toolset-views-view-template-block wpv-block-loop-item php-to-be-replaced-with-shortcode\" data-toolset-views-view-template-block=\"28a9ba061761217ec5a8670a6f1e8edf\">\n<div class=\"tb-field\" data-toolset-blocks-field=\"3b0615de8b96ed0999bcdfd366082bac\" data-last-update=\"1.4\"><\/div>\n\n\n\n<div class=\"tb-field\" data-toolset-blocks-field=\"f2a23719ff6705a7105c91a35d143071\" data-last-update=\"1.4\"><div class=\"ast-oembed-container\" style=\"height: 100%;\"><iframe loading=\"lazy\" title=\"Intervija ar Baibu Bumbieri: Iatvie\u0161u vaIodas un kuIt\u016bras  sagIab\u0101\u0161ana diaspor\u0101\" width=\"435\" height=\"245\" src=\"https:\/\/www.youtube.com\/embed\/RYeBkVMVMIA?feature=oembed\" frameborder=\"0\" allow=\"accelerometer; autoplay; clipboard-write; encrypted-media; gyroscope; picture-in-picture; web-share\" referrerpolicy=\"strict-origin-when-cross-origin\" allowfullscreen><\/iframe><\/div><\/div>\n\n\n\n<div class=\"tb-field\" data-toolset-blocks-field=\"428c898ac5793071531d7e4e9de36aff\" data-last-update=\"1.4\"><a href='https:\/\/lnak.net\/en\/tag\/children\/'>children<\/a>, <a href='https:\/\/lnak.net\/en\/tag\/education\/'>Education<\/a>, <a href='https:\/\/lnak.net\/en\/tag\/in-latvian\/'>In Latvian<\/a><\/div>\n\n\n\n<h3 class=\"tb-heading\" data-toolset-blocks-heading=\"7e5d7ad50ef4dcc6616c2788f50a2da8\" data-last-update=\"1.4\"><a href=\"https:\/\/lnak.net\/en\/video\/interview-with-baiba-bumbiere-from-montreal-in-latvian\/\">Interview with Baiba Bumbiere from Montreal (in Latvian)<\/a><\/h3>\n\n\n\n<div class=\"tb-field\" data-toolset-blocks-field=\"a4300e804ad2b8c7621a0576eb3f1052\" data-last-update=\"1.4\">Baiba Bumbiere, principal of the Montreal Latvian School and mother of two daughters, shares her insights on preserving the Latvian language and culture in the diaspora. She talks about her...<\/div>\n<\/div>\n\n<\/div><div class=\"tb-grid-column\">\n\n<div class=\"wp-block-toolset-views-view-template-block wpv-block-loop-item php-to-be-replaced-with-shortcode\" data-toolset-views-view-template-block=\"28a9ba061761217ec5a8670a6f1e8edf\">\n<div class=\"tb-field\" data-toolset-blocks-field=\"3b0615de8b96ed0999bcdfd366082bac\" data-last-update=\"1.4\"><a href='https:\/\/lnak.net\/en\/category\/aizsardziba\/'>Aizsardz\u012bba<\/a>, <a href='https:\/\/lnak.net\/en\/category\/saeimas-velesanas\/'>Saeimas v\u0113l\u0113\u0161anas<\/a><\/div>\n\n\n\n<div class=\"tb-field\" data-toolset-blocks-field=\"f2a23719ff6705a7105c91a35d143071\" data-last-update=\"1.4\"><div class=\"ast-oembed-container\" style=\"height: 100%;\"><iframe loading=\"lazy\" title=\"Latvijas diasporas forums 2025\" width=\"435\" height=\"245\" src=\"https:\/\/www.youtube.com\/embed\/cdDW0QWSlas?feature=oembed\" frameborder=\"0\" allow=\"accelerometer; autoplay; clipboard-write; encrypted-media; gyroscope; picture-in-picture; web-share\" referrerpolicy=\"strict-origin-when-cross-origin\" allowfullscreen><\/iframe><\/div><\/div>\n\n\n\n<div class=\"tb-field\" data-toolset-blocks-field=\"428c898ac5793071531d7e4e9de36aff\" data-last-update=\"1.4\"><a href='https:\/\/lnak.net\/en\/tag\/aizsardziba\/'>aizsardz\u012bba<\/a>, <a href='https:\/\/lnak.net\/en\/tag\/saeimas-velesanas\/'>Saeimas v\u0113l\u0113\u0161anas<\/a><\/div>\n\n\n\n<h3 class=\"tb-heading\" data-toolset-blocks-heading=\"7e5d7ad50ef4dcc6616c2788f50a2da8\" data-last-update=\"1.4\"><a href=\"https:\/\/lnak.net\/en\/video\/latviesi-com-diasporas-forums\/\">latviesi.com Diasporas forums<\/a><\/h3>\n\n\n\n<div class=\"tb-field\" data-toolset-blocks-field=\"a4300e804ad2b8c7621a0576eb3f1052\" data-last-update=\"1.4\">Latviesi.com kop\u0101 ar Pasaules Br\u012bvo latvie\u0161u apvien\u012bbu 2025.g. 24. septembr\u012b R\u012bg\u0101, Latvijas Nacion\u0101laj\u0101 bibliot\u0113k\u0101, r\u012bkoja \u201cLatvijas diasporas forumu 2025\u201d, lai mekl\u0113tu praktiskus risin\u0101jumus v\u0113l\u0113\u0161anu l\u012bdzdal\u012bbas palielin\u0101\u0161anai un Latvijas dro\u0161\u012bbas stiprin\u0101\u0161anai.<\/div>\n<\/div>\n\n<\/div><div class=\"tb-grid-column\">\n\n<div class=\"wp-block-toolset-views-view-template-block wpv-block-loop-item php-to-be-replaced-with-shortcode\" data-toolset-views-view-template-block=\"28a9ba061761217ec5a8670a6f1e8edf\">\n<div class=\"tb-field\" data-toolset-blocks-field=\"3b0615de8b96ed0999bcdfd366082bac\" data-last-update=\"1.4\"><\/div>\n\n\n\n<div class=\"tb-field\" data-toolset-blocks-field=\"f2a23719ff6705a7105c91a35d143071\" data-last-update=\"1.4\"><div class=\"ast-oembed-container\" style=\"height: 100%;\"><iframe loading=\"lazy\" title=\"Intervija ar Valdi Jevtejevu no Toronto\/Interview with Valdis Jevtejevs from Toronto\" width=\"435\" height=\"245\" src=\"https:\/\/www.youtube.com\/embed\/nSfr8f_JZUk?feature=oembed\" frameborder=\"0\" allow=\"accelerometer; autoplay; clipboard-write; encrypted-media; gyroscope; picture-in-picture; web-share\" referrerpolicy=\"strict-origin-when-cross-origin\" allowfullscreen><\/iframe><\/div><\/div>\n\n\n\n<div class=\"tb-field\" data-toolset-blocks-field=\"428c898ac5793071531d7e4e9de36aff\" data-last-update=\"1.4\"><a href='https:\/\/lnak.net\/en\/tag\/children\/'>children<\/a>, <a href='https:\/\/lnak.net\/en\/tag\/education\/'>Education<\/a>, <a href='https:\/\/lnak.net\/en\/tag\/in-latvian\/'>In Latvian<\/a><\/div>\n\n\n\n<h3 class=\"tb-heading\" data-toolset-blocks-heading=\"7e5d7ad50ef4dcc6616c2788f50a2da8\" data-last-update=\"1.4\"><a href=\"https:\/\/lnak.net\/en\/video\/interview-with-valdis-jevtejevs-from-toronto\/\">Interview with Valdis Jevtejevs from Toronto<\/a><\/h3>\n\n\n\n<div class=\"tb-field\" data-toolset-blocks-field=\"a4300e804ad2b8c7621a0576eb3f1052\" data-last-update=\"1.4\">In this conversation Valdis shares his experience of moving from Latvia to Canada. He talks about how to balance a career in finance, music and family life. He stresses the...<\/div>\n<\/div>\n\n<\/div><div class=\"tb-grid-column\">\n\n<div class=\"wp-block-toolset-views-view-template-block wpv-block-loop-item php-to-be-replaced-with-shortcode\" data-toolset-views-view-template-block=\"28a9ba061761217ec5a8670a6f1e8edf\">\n<div class=\"tb-field\" data-toolset-blocks-field=\"3b0615de8b96ed0999bcdfd366082bac\" data-last-update=\"1.4\"><\/div>\n\n\n\n<div class=\"tb-field\" data-toolset-blocks-field=\"f2a23719ff6705a7105c91a35d143071\" data-last-update=\"1.4\"><div class=\"ast-oembed-container\" style=\"height: 100%;\"><iframe loading=\"lazy\" title=\"MANA DZIESMA | Nosl\u0113guma koncerts \u201cTe-aust\u201d\" width=\"435\" height=\"245\" src=\"https:\/\/www.youtube.com\/embed\/3WVBSnXCLP8?feature=oembed\" frameborder=\"0\" allow=\"accelerometer; autoplay; clipboard-write; encrypted-media; gyroscope; picture-in-picture; web-share\" referrerpolicy=\"strict-origin-when-cross-origin\" allowfullscreen><\/iframe><\/div><\/div>\n\n\n\n<div class=\"tb-field\" data-toolset-blocks-field=\"428c898ac5793071531d7e4e9de36aff\" data-last-update=\"1.4\"><\/div>\n\n\n\n<h3 class=\"tb-heading\" data-toolset-blocks-heading=\"7e5d7ad50ef4dcc6616c2788f50a2da8\" data-last-update=\"1.4\"><a href=\"https:\/\/lnak.net\/en\/video\/my-song-te-aust-closing-concert\/\">&#8220;My Song&#8221; Te-aust Closing Concert<\/a><\/h3>\n\n\n\n<div class=\"tb-field\" data-toolset-blocks-field=\"a4300e804ad2b8c7621a0576eb3f1052\" data-last-update=\"1.4\">July 13, 2025 13. XIII Latvian School Youth Song and Dance Festival Ren\u0101rs Kaupers \/ Inga Cipe. Arrangement by Valts P\u016bce. Conducted by Eduards Gr\u0101v\u012btis. Performed by the choir.<\/div>\n<\/div>\n\n<\/div><div class=\"tb-grid-column\">\n\n<div class=\"wp-block-toolset-views-view-template-block wpv-block-loop-item php-to-be-replaced-with-shortcode\" data-toolset-views-view-template-block=\"28a9ba061761217ec5a8670a6f1e8edf\">\n<div class=\"tb-field\" data-toolset-blocks-field=\"3b0615de8b96ed0999bcdfd366082bac\" data-last-update=\"1.4\"><a href='https:\/\/lnak.net\/en\/category\/latvian-traditions\/'>Latvian traditions<\/a><\/div>\n\n\n\n<div class=\"tb-field\" data-toolset-blocks-field=\"f2a23719ff6705a7105c91a35d143071\" data-last-update=\"1.4\"><div class=\"ast-oembed-container\" style=\"height: 100%;\"><iframe loading=\"lazy\" title=\"Ja\u0304n\u0327u nakts sapnis\" width=\"435\" height=\"245\" src=\"https:\/\/www.youtube.com\/embed\/oOD1lqf91dw?feature=oembed\" frameborder=\"0\" allow=\"accelerometer; autoplay; clipboard-write; encrypted-media; gyroscope; picture-in-picture; web-share\" referrerpolicy=\"strict-origin-when-cross-origin\" allowfullscreen><\/iframe><\/div><\/div>\n\n\n\n<div class=\"tb-field\" data-toolset-blocks-field=\"428c898ac5793071531d7e4e9de36aff\" data-last-update=\"1.4\"><a href='https:\/\/lnak.net\/en\/tag\/jani-en\/'>J\u0101\u0146i<\/a><\/div>\n\n\n\n<h3 class=\"tb-heading\" data-toolset-blocks-heading=\"7e5d7ad50ef4dcc6616c2788f50a2da8\" data-last-update=\"1.4\"><a href=\"https:\/\/lnak.net\/en\/video\/boston-college-midsummer-nights-dream\/\">Boston College &#8220;Midsummer Night&#8217;s Dream&#8221;<\/a><\/h3>\n\n\n\n<div class=\"tb-field\" data-toolset-blocks-field=\"a4300e804ad2b8c7621a0576eb3f1052\" data-last-update=\"1.4\"><\/div>\n<\/div>\n\n<\/div><\/div><\/div>\n\n\n<div class=\"wpv-pagination-nav-links\" data-toolset-views-view-pagination-block=\"cdfd4c4737b2898eba4443dd59a1bf50\"><ul class=\"wpv-pagination-nav-links-container js-wpv-pagination-nav-links-container pagination\"><li class=\"wpv-pagination-nav-links-item js-wpv-pagination-nav-links-item page-item wpv-page-link-10225-1 js-wpv-page-link-10225-1 wpv_page_current wpv-pagination-nav-links-item-current active\"><span class=\"wpv-filter-pagination-link page-link\">1<\/span><\/li><li class=\"wpv-pagination-nav-links-item js-wpv-pagination-nav-links-item page-item wpv-page-link-10225-2 js-wpv-page-link-10225-2\"><a class=\"wpv-filter-pagination-link js-wpv-pagination-link page-link\" title=\"2\" href=\"\/en\/wp-json\/wp\/v2\/pages\/10401?wpv_view_count=10225&#038;wpv_paged=2\" data-viewnumber=\"10225\" data-page=\"2\">2<\/a><\/li><li class=\"wpv-pagination-nav-links-item js-wpv-pagination-nav-links-item page-item wpv-page-link-10225-3 js-wpv-page-link-10225-3\"><a class=\"wpv-filter-pagination-link js-wpv-pagination-link page-link\" title=\"3\" href=\"\/en\/wp-json\/wp\/v2\/pages\/10401?wpv_view_count=10225&#038;wpv_paged=3\" data-viewnumber=\"10225\" data-page=\"3\">3<\/a><\/li><\/ul><\/div>\n\n<\/div><\/div><form autocomplete=\"off\" name=\"wpv-filter-10225\" action=\"\/en\/wp-json\/wp\/v2\/pages\/10401?wpv_view_count=10225\" method=\"get\" class=\"wpv-filter-form js-wpv-filter-form js-wpv-filter-form-10225 js-wpv-form-full\" data-viewnumber=\"10225\" data-viewid=\"10225\" data-viewhash=\"eyJuYW1lIjoidmlkZW8tYXJoaXZzIn0=\" data-viewwidgetid=\"0\" data-orderby=\"\" data-order=\"\" data-orderbyas=\"\" data-orderbysecond=\"\" data-ordersecond=\"\" data-parametric=\"{&quot;query&quot;:&quot;normal&quot;,&quot;id&quot;:10225,&quot;view_id&quot;:10225,&quot;widget_id&quot;:0,&quot;view_hash&quot;:&quot;10225&quot;,&quot;action&quot;:&quot;\\\/en\\\/wp-json\\\/wp\\\/v2\\\/pages\\\/10401?wpv_view_count=10225&quot;,&quot;sort&quot;:{&quot;orderby&quot;:&quot;&quot;,&quot;order&quot;:&quot;&quot;,&quot;orderby_as&quot;:&quot;&quot;,&quot;orderby_second&quot;:&quot;&quot;,&quot;order_second&quot;:&quot;&quot;},&quot;orderby&quot;:&quot;&quot;,&quot;order&quot;:&quot;&quot;,&quot;orderby_as&quot;:&quot;&quot;,&quot;orderby_second&quot;:&quot;&quot;,&quot;order_second&quot;:&quot;&quot;,&quot;ajax_form&quot;:&quot;&quot;,&quot;ajax_results&quot;:&quot;&quot;,&quot;effect&quot;:&quot;fade&quot;,&quot;prebefore&quot;:&quot;&quot;,&quot;before&quot;:&quot;&quot;,&quot;after&quot;:&quot;&quot;,&quot;attributes&quot;:[],&quot;environment&quot;:{&quot;current_post_id&quot;:10401,&quot;parent_post_id&quot;:10401,&quot;parent_term_id&quot;:0,&quot;parent_user_id&quot;:0,&quot;archive&quot;:{&quot;type&quot;:&quot;&quot;,&quot;name&quot;:&quot;&quot;,&quot;data&quot;:[]}},&quot;loop&quot;:{&quot;type&quot;:&quot;&quot;,&quot;name&quot;:&quot;&quot;,&quot;data&quot;:[],&quot;id&quot;:0}}\" data-attributes=\"[]\" data-environment=\"{&quot;current_post_id&quot;:10401,&quot;parent_post_id&quot;:10401,&quot;parent_term_id&quot;:0,&quot;parent_user_id&quot;:0,&quot;archive&quot;:{&quot;type&quot;:&quot;&quot;,&quot;name&quot;:&quot;&quot;,&quot;data&quot;:[]}}\"><input type=\"hidden\" class=\"js-wpv-dps-filter-data js-wpv-filter-data-for-this-form\" data-action=\"\/en\/wp-json\/wp\/v2\/pages\/10401?wpv_view_count=10225\" data-page=\"1\" data-ajax=\"disable\" data-effect=\"fade\" data-maxpages=\"3\" data-ajaxprebefore=\"\" data-ajaxbefore=\"\" data-ajaxafter=\"\" \/><input class=\"wpv_view_count wpv_view_count-10225\" type=\"hidden\" name=\"wpv_view_count\" value=\"10225\" \/>\n\n<\/form><\/div>\n<div class=\"wp-block-buttons is-content-justification-right is-layout-flex wp-container-core-buttons-is-layout-d445cf74 wp-block-buttons-is-layout-flex\">\n<div class=\"wp-block-button\"><a class=\"wp-block-button__link has-text-align-center wp-element-button\" href=\"https:\/\/lnak.net\/en\/add-a-video-to-the-site\/\">Add a video<\/a><\/div>\n<\/div>\n\n<p><\/p>\n","protected":false},"excerpt":{"rendered":"<p>Entertainment, education, information!<\/p>\n","protected":false},"author":1,"featured_media":0,"parent":0,"menu_order":0,"comment_status":"closed","ping_status":"closed","template":"","meta":{"_uag_custom_page_level_css":"","_monsterinsights_skip_tracking":false,"_monsterinsights_sitenote_active":false,"_monsterinsights_sitenote_note":"","_monsterinsights_sitenote_category":0,"site-sidebar-layout":"default","site-content-layout":"","ast-site-content-layout":"default","site-content-style":"default","site-sidebar-style":"default","ast-global-header-display":"","ast-banner-title-visibility":"","ast-main-header-display":"","ast-hfb-above-header-display":"","ast-hfb-below-header-display":"","ast-hfb-mobile-header-display":"","site-post-title":"","ast-breadcrumbs-content":"","ast-featured-img":"","footer-sml-layout":"","theme-transparent-header-meta":"","adv-header-id-meta":"","stick-header-meta":"","header-above-stick-meta":"","header-main-stick-meta":"","header-below-stick-meta":"","astra-migrate-meta-layouts":"","ast-page-background-enabled":"default","ast-page-background-meta":{"desktop":{"background-color":"","background-image":"","background-repeat":"repeat","background-position":"center center","background-size":"auto","background-attachment":"scroll","background-type":"","background-media":"","overlay-type":"","overlay-color":"","overlay-gradient":""},"tablet":{"background-color":"","background-image":"","background-repeat":"repeat","background-position":"center center","background-size":"auto","background-attachment":"scroll","background-type":"","background-media":"","overlay-type":"","overlay-color":"","overlay-gradient":""},"mobile":{"background-color":"","background-image":"","background-repeat":"repeat","background-position":"center center","background-size":"auto","background-attachment":"scroll","background-type":"","background-media":"","overlay-type":"","overlay-color":"","overlay-gradient":""}},"ast-content-background-meta":{"desktop":{"background-color":"var(--ast-global-color-5)","background-image":"","background-repeat":"repeat","background-position":"center center","background-size":"auto","background-attachment":"scroll","background-type":"","background-media":"","overlay-type":"","overlay-color":"","overlay-gradient":""},"tablet":{"background-color":"var(--ast-global-color-5)","background-image":"","background-repeat":"repeat","background-position":"center center","background-size":"auto","background-attachment":"scroll","background-type":"","background-media":"","overlay-type":"","overlay-color":"","overlay-gradient":""},"mobile":{"background-color":"var(--ast-global-color-5)","background-image":"","background-repeat":"repeat","background-position":"center center","background-size":"auto","background-attachment":"scroll","background-type":"","background-media":"","overlay-type":"","overlay-color":"","overlay-gradient":""}},"footnotes":""},"class_list":["post-10401","page","type-page","status-publish","hentry"],"aioseo_notices":[],"uagb_featured_image_src":{"full":false,"thumbnail":false,"medium":false,"medium_large":false,"large":false,"1536x1536":false,"2048x2048":false},"uagb_author_info":{"display_name":"ADMIN","author_link":"https:\/\/lnak.net\/en\/author\/admin\/"},"uagb_comment_info":0,"uagb_excerpt":"Entertainment, education, information!","_links":{"self":[{"href":"https:\/\/lnak.net\/en\/wp-json\/wp\/v2\/pages\/10401","targetHints":{"allow":["GET"]}}],"collection":[{"href":"https:\/\/lnak.net\/en\/wp-json\/wp\/v2\/pages"}],"about":[{"href":"https:\/\/lnak.net\/en\/wp-json\/wp\/v2\/types\/page"}],"author":[{"embeddable":true,"href":"https:\/\/lnak.net\/en\/wp-json\/wp\/v2\/users\/1"}],"replies":[{"embeddable":true,"href":"https:\/\/lnak.net\/en\/wp-json\/wp\/v2\/comments?post=10401"}],"version-history":[{"count":5,"href":"https:\/\/lnak.net\/en\/wp-json\/wp\/v2\/pages\/10401\/revisions"}],"predecessor-version":[{"id":11069,"href":"https:\/\/lnak.net\/en\/wp-json\/wp\/v2\/pages\/10401\/revisions\/11069"}],"wp:attachment":[{"href":"https:\/\/lnak.net\/en\/wp-json\/wp\/v2\/media?parent=10401"}],"curies":[{"name":"wp","href":"https:\/\/api.w.org\/{rel}","templated":true}]}}