{"id":10013,"date":"2024-09-29T23:05:03","date_gmt":"2024-09-30T03:05:03","guid":{"rendered":"https:\/\/lnak.net\/songs-with-animation\/"},"modified":"2024-11-03T01:57:16","modified_gmt":"2024-11-03T05:57:16","slug":"songs-with-animation","status":"publish","type":"page","link":"https:\/\/lnak.net\/en\/songs-with-animation\/","title":{"rendered":"Songs with animation"},"content":{"rendered":"<div class=\"wpv-view-output\" data-toolset-views-view-editor=\"f7d625c8d40b04a6ec6af178e0163a6f\"><div class=\"wp-block-toolset-views-view-editor\"> <div class=\"wp-block-file\"><a id=\"wp-block-file--media-0377d51d-2110-401a-b739-fdd41469533a\" href=\"https:\/\/lnak.net\/wp-content\/uploads\/2024\/11\/Dziesmu-vardi-ar-animaciju.pdf\">Dziesmu v\u0101rdi (ar anim\u0101ciju)<\/a><a href=\"https:\/\/lnak.net\/wp-content\/uploads\/2024\/11\/Dziesmu-vardi-ar-animaciju.pdf\" class=\"wp-block-file__button wp-element-button\" download aria-describedby=\"wp-block-file--media-0377d51d-2110-401a-b739-fdd41469533a\">LEJUPIEL\u0100D\u0112T<\/a><\/div>   <div id=\"wpv-view-layout-8824\" class=\"js-wpv-view-layout js-wpv-layout-responsive js-wpv-view-layout-8824\" data-viewnumber=\"8824\" data-pagination=\"{&quot;id&quot;:8824,&quot;query&quot;:&quot;normal&quot;,&quot;type&quot;:&quot;paged&quot;,&quot;effect&quot;:&quot;fade&quot;,&quot;duration&quot;:500,&quot;speed&quot;:5,&quot;pause_on_hover&quot;:&quot;disabled&quot;,&quot;stop_rollover&quot;:&quot;false&quot;,&quot;cache_pages&quot;:&quot;enabled&quot;,&quot;preload_images&quot;:&quot;enabled&quot;,&quot;preload_pages&quot;:&quot;enabled&quot;,&quot;preload_reach&quot;:1,&quot;spinner&quot;:&quot;builtin&quot;,&quot;spinner_image&quot;:&quot;https:\/\/lnak.net\/wp-content\/plugins\/toolset-blocks\/embedded\/res\/img\/ajax-loader.svg&quot;,&quot;callback_next&quot;:&quot;&quot;,&quot;manage_history&quot;:&quot;enabled&quot;,&quot;has_controls_in_form&quot;:&quot;disabled&quot;,&quot;infinite_tolerance&quot;:&quot;0&quot;,&quot;max_pages&quot;:1,&quot;page&quot;:1,&quot;base_permalink&quot;:&quot;\/en\/wp-json\/wp\/v2\/pages\/10013?wpv_view_count=8824&amp;wpv_paged=WPV_PAGE_NUM&quot;,&quot;loop&quot;:{&quot;type&quot;:&quot;&quot;,&quot;name&quot;:&quot;&quot;,&quot;data&quot;:[],&quot;id&quot;:0}}\" data-permalink=\"\/en\/wp-json\/wp\/v2\/pages\/10013?wpv_view_count=8824\">\n\n<div class=\"js-wpv-loop-wrapper\"><div class=\"tb-grid\"><div class=\"tb-grid-column\">\n\n<div class=\"wp-block-toolset-views-view-template-block wpv-block-loop-item php-to-be-replaced-with-shortcode\" data-toolset-views-view-template-block=\"8ff74a9d2667a87e7f3a61e3e393b76c\"><div class=\"tb-fields-and-text\" data-toolset-blocks-fields-and-text=\"360284519b991feb492b582c7d84725f\"><br>\n<div class=\"ast-oembed-container\" style=\"height: 100%;\"><iframe loading=\"lazy\" title=\"Adiet b\u0113rni (anim\u0113tais video)\" width=\"450\" height=\"253\" src=\"https:\/\/www.youtube.com\/embed\/LFPWf-6Rqis?list=PLAnyB9XQsrqjoY30pNVmtb4WluG2BJ0yt\" frameborder=\"0\" allow=\"accelerometer; autoplay; clipboard-write; encrypted-media; gyroscope; picture-in-picture; web-share\" referrerpolicy=\"strict-origin-when-cross-origin\" allowfullscreen><\/iframe><\/div><br>\n<\/div>\n\n\n\n<div class=\"tb-field\" data-toolset-blocks-field=\"7c49f895a1e654765fe15550e98ae86f\" data-last-update=\"1.4\"><a href='https:\/\/lnak.net\/en\/tag\/basic-language\/'>basic language<\/a>, <a href='https:\/\/lnak.net\/en\/tag\/infants\/'>infants<\/a>, <a href='https:\/\/lnak.net\/en\/tag\/language-development\/'>language development<\/a>, <a href='https:\/\/lnak.net\/en\/tag\/preschoolers\/'>preschoolers<\/a><\/div>\n\n\n\n<div class=\"tb-field\" data-toolset-blocks-field=\"c52988769cdd80fba9558c73d4194cae\" data-last-update=\"1.4\"><a href=\"https:\/\/lnak.net\/en\/resource-item\/knit-what-you-knit\/\">Adiet b\u0113rni ko adiet (Knit, children, knit)<\/a><\/div>\n\n\n\n<div class=\"tb-field\" data-toolset-blocks-field=\"fab6101fd9dceb5c3982b2e1f430cb4c\" data-last-update=\"1.4\"><\/div>\n<\/div>\n\n<\/div><div class=\"tb-grid-column\">\n\n<div class=\"wp-block-toolset-views-view-template-block wpv-block-loop-item php-to-be-replaced-with-shortcode\" data-toolset-views-view-template-block=\"8ff74a9d2667a87e7f3a61e3e393b76c\"><div class=\"tb-fields-and-text\" data-toolset-blocks-fields-and-text=\"360284519b991feb492b582c7d84725f\"><br>\n<div class=\"ast-oembed-container\" style=\"height: 100%;\"><iframe loading=\"lazy\" title=\"Aiz kalni\u0146a d\u016bmi k\u016bp (anim\u0113tais video)\" width=\"450\" height=\"253\" src=\"https:\/\/www.youtube.com\/embed\/gDK0NZCQNPU?list=PLAnyB9XQsrqjoY30pNVmtb4WluG2BJ0yt\" frameborder=\"0\" allow=\"accelerometer; autoplay; clipboard-write; encrypted-media; gyroscope; picture-in-picture; web-share\" referrerpolicy=\"strict-origin-when-cross-origin\" allowfullscreen><\/iframe><\/div><br>\n<\/div>\n\n\n\n<div class=\"tb-field\" data-toolset-blocks-field=\"7c49f895a1e654765fe15550e98ae86f\" data-last-update=\"1.4\"><a href='https:\/\/lnak.net\/en\/tag\/basic-language\/'>basic language<\/a>, <a href='https:\/\/lnak.net\/en\/tag\/infants\/'>infants<\/a>, <a href='https:\/\/lnak.net\/en\/tag\/language-development\/'>language development<\/a>, <a href='https:\/\/lnak.net\/en\/tag\/preschoolers\/'>preschoolers<\/a><\/div>\n\n\n\n<div class=\"tb-field\" data-toolset-blocks-field=\"c52988769cdd80fba9558c73d4194cae\" data-last-update=\"1.4\"><a href=\"https:\/\/lnak.net\/en\/resource-item\/smoke-billowing-behind-the-hill\/\">Aiz kalni\u0146a d\u016bmi k\u016bpa (There is smoke billowing behind the hill)<\/a><\/div>\n\n\n\n<div class=\"tb-field\" data-toolset-blocks-field=\"fab6101fd9dceb5c3982b2e1f430cb4c\" data-last-update=\"1.4\"><\/div>\n<\/div>\n\n<\/div><div class=\"tb-grid-column\">\n\n<div class=\"wp-block-toolset-views-view-template-block wpv-block-loop-item php-to-be-replaced-with-shortcode\" data-toolset-views-view-template-block=\"8ff74a9d2667a87e7f3a61e3e393b76c\"><div class=\"tb-fields-and-text\" data-toolset-blocks-fields-and-text=\"360284519b991feb492b582c7d84725f\"><br>\n<div class=\"ast-oembed-container\" style=\"height: 100%;\"><iframe loading=\"lazy\" title=\"Baltu pupu iesta\u0304di\u0304ju (anim\u0113tais video)\" width=\"450\" height=\"253\" src=\"https:\/\/www.youtube.com\/embed\/0IAOV4IcW48?list=PLAnyB9XQsrqjoY30pNVmtb4WluG2BJ0yt\" frameborder=\"0\" allow=\"accelerometer; autoplay; clipboard-write; encrypted-media; gyroscope; picture-in-picture; web-share\" referrerpolicy=\"strict-origin-when-cross-origin\" allowfullscreen><\/iframe><\/div><br>\n<\/div>\n\n\n\n<div class=\"tb-field\" data-toolset-blocks-field=\"7c49f895a1e654765fe15550e98ae86f\" data-last-update=\"1.4\"><a href='https:\/\/lnak.net\/en\/tag\/basic-language\/'>basic language<\/a>, <a href='https:\/\/lnak.net\/en\/tag\/infants\/'>infants<\/a>, <a href='https:\/\/lnak.net\/en\/tag\/language-development\/'>language development<\/a>, <a href='https:\/\/lnak.net\/en\/tag\/preschoolers\/'>preschoolers<\/a><\/div>\n\n\n\n<div class=\"tb-field\" data-toolset-blocks-field=\"c52988769cdd80fba9558c73d4194cae\" data-last-update=\"1.4\"><a href=\"https:\/\/lnak.net\/en\/resource-item\/i-planted-a-white-bean\/\">Baltu pupu iest\u0101d\u012bju (I planted a white bean)<\/a><\/div>\n\n\n\n<div class=\"tb-field\" data-toolset-blocks-field=\"fab6101fd9dceb5c3982b2e1f430cb4c\" data-last-update=\"1.4\"><\/div>\n<\/div>\n\n<\/div><div class=\"tb-grid-column\">\n\n<div class=\"wp-block-toolset-views-view-template-block wpv-block-loop-item php-to-be-replaced-with-shortcode\" data-toolset-views-view-template-block=\"8ff74a9d2667a87e7f3a61e3e393b76c\"><div class=\"tb-fields-and-text\" data-toolset-blocks-fields-and-text=\"360284519b991feb492b582c7d84725f\"><br>\n<div class=\"ast-oembed-container\" style=\"height: 100%;\"><iframe loading=\"lazy\" title=\"Dipu Dapu D\u0101cis N\u0101k | B\u0113rnu dziesmas | Animal Dancing Song in Latvian | \u041b\u0430\u0442\u044b\u0448\u0441\u043a\u0430\u044f \u0434\u0435\u0442\u0441\u043a\u0430\u044f \u043f\u0435\u0441\u043d\u044f\" width=\"450\" height=\"253\" src=\"https:\/\/www.youtube.com\/embed\/QrPYVmVQWZ8?feature=oembed\" frameborder=\"0\" allow=\"accelerometer; autoplay; clipboard-write; encrypted-media; gyroscope; picture-in-picture; web-share\" referrerpolicy=\"strict-origin-when-cross-origin\" allowfullscreen><\/iframe><\/div><br>\n<\/div>\n\n\n\n<div class=\"tb-field\" data-toolset-blocks-field=\"7c49f895a1e654765fe15550e98ae86f\" data-last-update=\"1.4\"><a href='https:\/\/lnak.net\/en\/tag\/basic-language\/'>basic language<\/a>, <a href='https:\/\/lnak.net\/en\/tag\/infants\/'>infants<\/a>, <a href='https:\/\/lnak.net\/en\/tag\/language-development\/'>language development<\/a>, <a href='https:\/\/lnak.net\/en\/tag\/preschoolers\/'>preschoolers<\/a><\/div>\n\n\n\n<div class=\"tb-field\" data-toolset-blocks-field=\"c52988769cdd80fba9558c73d4194cae\" data-last-update=\"1.4\"><a href=\"https:\/\/lnak.net\/en\/resource-item\/dipu-dapu-the-bear-is-coming\/\">Dipu dapu l\u0101cis n\u0101k (Dipu dapu the bear is coming)<\/a><\/div>\n\n\n\n<div class=\"tb-field\" data-toolset-blocks-field=\"fab6101fd9dceb5c3982b2e1f430cb4c\" data-last-update=\"1.4\"><\/div>\n<\/div>\n\n<\/div><div class=\"tb-grid-column\">\n\n<div class=\"wp-block-toolset-views-view-template-block wpv-block-loop-item php-to-be-replaced-with-shortcode\" data-toolset-views-view-template-block=\"8ff74a9d2667a87e7f3a61e3e393b76c\"><div class=\"tb-fields-and-text\" data-toolset-blocks-fields-and-text=\"360284519b991feb492b582c7d84725f\"><br>\n<div class=\"ast-oembed-container\" style=\"height: 100%;\"><iframe loading=\"lazy\" title=\"Zvani\u0146\u0161 skan - Lauris Reiniks\" width=\"450\" height=\"253\" src=\"https:\/\/www.youtube.com\/embed\/eCLiPQby7n0?feature=oembed\" frameborder=\"0\" allow=\"accelerometer; autoplay; clipboard-write; encrypted-media; gyroscope; picture-in-picture; web-share\" referrerpolicy=\"strict-origin-when-cross-origin\" allowfullscreen><\/iframe><\/div><br>\n<\/div>\n\n\n\n<div class=\"tb-field\" data-toolset-blocks-field=\"7c49f895a1e654765fe15550e98ae86f\" data-last-update=\"1.4\"><a href='https:\/\/lnak.net\/en\/tag\/basic-language\/'>basic language<\/a>, <a href='https:\/\/lnak.net\/en\/tag\/infants\/'>infants<\/a>, <a href='https:\/\/lnak.net\/en\/tag\/language-development\/'>language development<\/a>, <a href='https:\/\/lnak.net\/en\/tag\/preschoolers\/'>preschoolers<\/a><\/div>\n\n\n\n<div class=\"tb-field\" data-toolset-blocks-field=\"c52988769cdd80fba9558c73d4194cae\" data-last-update=\"1.4\"><a href=\"https:\/\/lnak.net\/en\/resource-item\/jingle-bells\/\">Jingle Bells<\/a><\/div>\n\n\n\n<div class=\"tb-field\" data-toolset-blocks-field=\"fab6101fd9dceb5c3982b2e1f430cb4c\" data-last-update=\"1.4\"><\/div>\n<\/div>\n\n<\/div><div class=\"tb-grid-column\">\n\n<div class=\"wp-block-toolset-views-view-template-block wpv-block-loop-item php-to-be-replaced-with-shortcode\" data-toolset-views-view-template-block=\"8ff74a9d2667a87e7f3a61e3e393b76c\"><div class=\"tb-fields-and-text\" data-toolset-blocks-fields-and-text=\"360284519b991feb492b582c7d84725f\"><br>\n<div class=\"ast-oembed-container\" style=\"height: 100%;\"><iframe loading=\"lazy\" title=\"Kur tad tu nu biji (anim\u0113tais video)\" width=\"450\" height=\"253\" src=\"https:\/\/www.youtube.com\/embed\/ah7_uab2UmA?list=PLAnyB9XQsrqjoY30pNVmtb4WluG2BJ0yt\" frameborder=\"0\" allow=\"accelerometer; autoplay; clipboard-write; encrypted-media; gyroscope; picture-in-picture; web-share\" referrerpolicy=\"strict-origin-when-cross-origin\" allowfullscreen><\/iframe><\/div><br>\n<\/div>\n\n\n\n<div class=\"tb-field\" data-toolset-blocks-field=\"7c49f895a1e654765fe15550e98ae86f\" data-last-update=\"1.4\"><a href='https:\/\/lnak.net\/en\/tag\/basic-language\/'>basic language<\/a>, <a href='https:\/\/lnak.net\/en\/tag\/infants\/'>infants<\/a>, <a href='https:\/\/lnak.net\/en\/tag\/language-development\/'>language development<\/a>, <a href='https:\/\/lnak.net\/en\/tag\/preschoolers\/'>preschoolers<\/a><\/div>\n\n\n\n<div class=\"tb-field\" data-toolset-blocks-field=\"c52988769cdd80fba9558c73d4194cae\" data-last-update=\"1.4\"><a href=\"https:\/\/lnak.net\/en\/resource-item\/where-were-you\/\">Kur tad tu nu biji (Where were you)<\/a><\/div>\n\n\n\n<div class=\"tb-field\" data-toolset-blocks-field=\"fab6101fd9dceb5c3982b2e1f430cb4c\" data-last-update=\"1.4\"><\/div>\n<\/div>\n\n<\/div><div class=\"tb-grid-column\">\n\n<div class=\"wp-block-toolset-views-view-template-block wpv-block-loop-item php-to-be-replaced-with-shortcode\" data-toolset-views-view-template-block=\"8ff74a9d2667a87e7f3a61e3e393b76c\"><div class=\"tb-fields-and-text\" data-toolset-blocks-fields-and-text=\"360284519b991feb492b582c7d84725f\"><br>\n<div class=\"ast-oembed-container\" style=\"height: 100%;\"><iframe loading=\"lazy\" title=\"Kur tu teci (anim\u0113tais video)\" width=\"450\" height=\"253\" src=\"https:\/\/www.youtube.com\/embed\/y0MWQNOr6iI?list=PLAnyB9XQsrqjoY30pNVmtb4WluG2BJ0yt\" frameborder=\"0\" allow=\"accelerometer; autoplay; clipboard-write; encrypted-media; gyroscope; picture-in-picture; web-share\" referrerpolicy=\"strict-origin-when-cross-origin\" allowfullscreen><\/iframe><\/div><br>\n<\/div>\n\n\n\n<div class=\"tb-field\" data-toolset-blocks-field=\"7c49f895a1e654765fe15550e98ae86f\" data-last-update=\"1.4\"><a href='https:\/\/lnak.net\/en\/tag\/basic-language\/'>basic language<\/a>, <a href='https:\/\/lnak.net\/en\/tag\/infants\/'>infants<\/a>, <a href='https:\/\/lnak.net\/en\/tag\/language-development\/'>language development<\/a>, <a href='https:\/\/lnak.net\/en\/tag\/preschoolers\/'>preschoolers<\/a><\/div>\n\n\n\n<div class=\"tb-field\" data-toolset-blocks-field=\"c52988769cdd80fba9558c73d4194cae\" data-last-update=\"1.4\"><a href=\"https:\/\/lnak.net\/en\/resource-item\/where-are-you-going\/\">Kur tu teci (Where are you going?)<\/a><\/div>\n\n\n\n<div class=\"tb-field\" data-toolset-blocks-field=\"fab6101fd9dceb5c3982b2e1f430cb4c\" data-last-update=\"1.4\"><\/div>\n<\/div>\n\n<\/div><div class=\"tb-grid-column\">\n\n<div class=\"wp-block-toolset-views-view-template-block wpv-block-loop-item php-to-be-replaced-with-shortcode\" data-toolset-views-view-template-block=\"8ff74a9d2667a87e7f3a61e3e393b76c\"><div class=\"tb-fields-and-text\" data-toolset-blocks-fields-and-text=\"360284519b991feb492b582c7d84725f\"><br>\n<div class=\"ast-oembed-container\" style=\"height: 100%;\"><iframe loading=\"lazy\" title=\"Se\u0161i mazi bundzinieki | Latvie\u0161u Tautas Dziesmas | B\u0113rnu dziesmas | \u041b\u0430\u0442\u044b\u0448\u0441\u043a\u0438\u0435 \u0434\u0435\u0442\u0441\u043a\u0438\u0435 \u043f\u0435\u0441\u043d\u0438\" width=\"450\" height=\"253\" src=\"https:\/\/www.youtube.com\/embed\/u8blVd834M4?feature=oembed\" frameborder=\"0\" allow=\"accelerometer; autoplay; clipboard-write; encrypted-media; gyroscope; picture-in-picture; web-share\" referrerpolicy=\"strict-origin-when-cross-origin\" allowfullscreen><\/iframe><\/div><br>\n<\/div>\n\n\n\n<div class=\"tb-field\" data-toolset-blocks-field=\"7c49f895a1e654765fe15550e98ae86f\" data-last-update=\"1.4\"><a href='https:\/\/lnak.net\/en\/tag\/basic-language\/'>basic language<\/a>, <a href='https:\/\/lnak.net\/en\/tag\/infants\/'>infants<\/a>, <a href='https:\/\/lnak.net\/en\/tag\/language-development\/'>language development<\/a>, <a href='https:\/\/lnak.net\/en\/tag\/preschoolers\/'>preschoolers<\/a><\/div>\n\n\n\n<div class=\"tb-field\" data-toolset-blocks-field=\"c52988769cdd80fba9558c73d4194cae\" data-last-update=\"1.4\"><a href=\"https:\/\/lnak.net\/en\/resource-item\/sesi-mazi-bundzenieki-six-little-drummer-boys\/\">Se\u0161i mazi bundzenieki (Six little drummer boys)<\/a><\/div>\n\n\n\n<div class=\"tb-field\" data-toolset-blocks-field=\"fab6101fd9dceb5c3982b2e1f430cb4c\" data-last-update=\"1.4\"><\/div>\n<\/div>\n\n<\/div><\/div><\/div>\n\n\n<div class=\"wpv-pagination-nav-links\" data-toolset-views-view-pagination-block=\"cdfd4c4737b2898eba4443dd59a1bf50\"><\/div>\n\n<\/div><\/div><form autocomplete=\"off\" name=\"wpv-filter-8824\" action=\"\/en\/wp-json\/wp\/v2\/pages\/10013?wpv_view_count=8824\" method=\"get\" class=\"wpv-filter-form js-wpv-filter-form js-wpv-filter-form-8824 js-wpv-form-full\" data-viewnumber=\"8824\" data-viewid=\"8824\" data-viewhash=\"eyJuYW1lIjoia2FyYW9rZS1jb3B5LTE3Mjc2NjU0NTEifQ==\" data-viewwidgetid=\"0\" data-orderby=\"\" data-order=\"\" data-orderbyas=\"\" data-orderbysecond=\"\" data-ordersecond=\"\" data-parametric=\"{&quot;query&quot;:&quot;normal&quot;,&quot;id&quot;:8824,&quot;view_id&quot;:8824,&quot;widget_id&quot;:0,&quot;view_hash&quot;:&quot;8824&quot;,&quot;action&quot;:&quot;\\\/en\\\/wp-json\\\/wp\\\/v2\\\/pages\\\/10013?wpv_view_count=8824&quot;,&quot;sort&quot;:{&quot;orderby&quot;:&quot;&quot;,&quot;order&quot;:&quot;&quot;,&quot;orderby_as&quot;:&quot;&quot;,&quot;orderby_second&quot;:&quot;&quot;,&quot;order_second&quot;:&quot;&quot;},&quot;orderby&quot;:&quot;&quot;,&quot;order&quot;:&quot;&quot;,&quot;orderby_as&quot;:&quot;&quot;,&quot;orderby_second&quot;:&quot;&quot;,&quot;order_second&quot;:&quot;&quot;,&quot;ajax_form&quot;:&quot;&quot;,&quot;ajax_results&quot;:&quot;&quot;,&quot;effect&quot;:&quot;fade&quot;,&quot;prebefore&quot;:&quot;&quot;,&quot;before&quot;:&quot;&quot;,&quot;after&quot;:&quot;&quot;,&quot;attributes&quot;:[],&quot;environment&quot;:{&quot;current_post_id&quot;:10013,&quot;parent_post_id&quot;:10013,&quot;parent_term_id&quot;:0,&quot;parent_user_id&quot;:0,&quot;archive&quot;:{&quot;type&quot;:&quot;&quot;,&quot;name&quot;:&quot;&quot;,&quot;data&quot;:[]}},&quot;loop&quot;:{&quot;type&quot;:&quot;&quot;,&quot;name&quot;:&quot;&quot;,&quot;data&quot;:[],&quot;id&quot;:0}}\" data-attributes=\"[]\" data-environment=\"{&quot;current_post_id&quot;:10013,&quot;parent_post_id&quot;:10013,&quot;parent_term_id&quot;:0,&quot;parent_user_id&quot;:0,&quot;archive&quot;:{&quot;type&quot;:&quot;&quot;,&quot;name&quot;:&quot;&quot;,&quot;data&quot;:[]}}\"><input type=\"hidden\" class=\"js-wpv-dps-filter-data js-wpv-filter-data-for-this-form\" data-action=\"\/en\/wp-json\/wp\/v2\/pages\/10013?wpv_view_count=8824\" data-page=\"1\" data-ajax=\"disable\" data-effect=\"fade\" data-maxpages=\"1\" data-ajaxprebefore=\"\" data-ajaxbefore=\"\" data-ajaxafter=\"\" \/><input class=\"wpv_view_count wpv_view_count-8824\" type=\"hidden\" name=\"wpv_view_count\" value=\"8824\" \/>\n\n<\/form><\/div>","protected":false},"excerpt":{"rendered":"","protected":false},"author":1,"featured_media":0,"parent":0,"menu_order":0,"comment_status":"closed","ping_status":"closed","template":"","meta":{"_uag_custom_page_level_css":"","_monsterinsights_skip_tracking":false,"_monsterinsights_sitenote_active":false,"_monsterinsights_sitenote_note":"","_monsterinsights_sitenote_category":0,"site-sidebar-layout":"default","site-content-layout":"","ast-site-content-layout":"default","site-content-style":"default","site-sidebar-style":"default","ast-global-header-display":"","ast-banner-title-visibility":"","ast-main-header-display":"","ast-hfb-above-header-display":"","ast-hfb-below-header-display":"","ast-hfb-mobile-header-display":"","site-post-title":"","ast-breadcrumbs-content":"","ast-featured-img":"","footer-sml-layout":"","theme-transparent-header-meta":"","adv-header-id-meta":"","stick-header-meta":"","header-above-stick-meta":"","header-main-stick-meta":"","header-below-stick-meta":"","astra-migrate-meta-layouts":"","ast-page-background-enabled":"default","ast-page-background-meta":{"desktop":{"background-color":"","background-image":"","background-repeat":"repeat","background-position":"center center","background-size":"auto","background-attachment":"scroll","background-type":"","background-media":"","overlay-type":"","overlay-color":"","overlay-gradient":""},"tablet":{"background-color":"","background-image":"","background-repeat":"repeat","background-position":"center center","background-size":"auto","background-attachment":"scroll","background-type":"","background-media":"","overlay-type":"","overlay-color":"","overlay-gradient":""},"mobile":{"background-color":"","background-image":"","background-repeat":"repeat","background-position":"center center","background-size":"auto","background-attachment":"scroll","background-type":"","background-media":"","overlay-type":"","overlay-color":"","overlay-gradient":""}},"ast-content-background-meta":{"desktop":{"background-color":"var(--ast-global-color-5)","background-image":"","background-repeat":"repeat","background-position":"center center","background-size":"auto","background-attachment":"scroll","background-type":"","background-media":"","overlay-type":"","overlay-color":"","overlay-gradient":""},"tablet":{"background-color":"var(--ast-global-color-5)","background-image":"","background-repeat":"repeat","background-position":"center center","background-size":"auto","background-attachment":"scroll","background-type":"","background-media":"","overlay-type":"","overlay-color":"","overlay-gradient":""},"mobile":{"background-color":"var(--ast-global-color-5)","background-image":"","background-repeat":"repeat","background-position":"center center","background-size":"auto","background-attachment":"scroll","background-type":"","background-media":"","overlay-type":"","overlay-color":"","overlay-gradient":""}},"footnotes":""},"class_list":["post-10013","page","type-page","status-publish","hentry"],"aioseo_notices":[],"uagb_featured_image_src":{"full":false,"thumbnail":false,"medium":false,"medium_large":false,"large":false,"1536x1536":false,"2048x2048":false},"uagb_author_info":{"display_name":"ADMIN","author_link":"https:\/\/lnak.net\/en\/author\/admin\/"},"uagb_comment_info":0,"uagb_excerpt":null,"_links":{"self":[{"href":"https:\/\/lnak.net\/en\/wp-json\/wp\/v2\/pages\/10013","targetHints":{"allow":["GET"]}}],"collection":[{"href":"https:\/\/lnak.net\/en\/wp-json\/wp\/v2\/pages"}],"about":[{"href":"https:\/\/lnak.net\/en\/wp-json\/wp\/v2\/types\/page"}],"author":[{"embeddable":true,"href":"https:\/\/lnak.net\/en\/wp-json\/wp\/v2\/users\/1"}],"replies":[{"embeddable":true,"href":"https:\/\/lnak.net\/en\/wp-json\/wp\/v2\/comments?post=10013"}],"version-history":[{"count":1,"href":"https:\/\/lnak.net\/en\/wp-json\/wp\/v2\/pages\/10013\/revisions"}],"predecessor-version":[{"id":10014,"href":"https:\/\/lnak.net\/en\/wp-json\/wp\/v2\/pages\/10013\/revisions\/10014"}],"wp:attachment":[{"href":"https:\/\/lnak.net\/en\/wp-json\/wp\/v2\/media?parent=10013"}],"curies":[{"name":"wp","href":"https:\/\/api.w.org\/{rel}","templated":true}]}}