{"id":10007,"date":"2024-09-19T00:50:04","date_gmt":"2024-09-19T04:50:04","guid":{"rendered":"https:\/\/lnak.net\/lullabies\/"},"modified":"2024-11-19T22:43:11","modified_gmt":"2024-11-20T03:43:11","slug":"lullabies","status":"publish","type":"page","link":"https:\/\/lnak.net\/en\/lullabies\/","title":{"rendered":"Lullabies"},"content":{"rendered":"\n<p>Lullabies are designed to lull babies and children to sleep. They are usually slow, calm and repetitive. Print out the words and sing along:  <\/p>\n\n<div class=\"wp-block-file\"><a id=\"wp-block-file--media-e083b800-55b3-483f-9f01-0774335c8b0a\" href=\"https:\/\/lnak.net\/wp-content\/uploads\/2024\/11\/Dziesmu-vardi-supuldziesmas.pdf\"><strong>Lyrics (lullabies)<\/strong><\/a><a href=\"https:\/\/lnak.net\/wp-content\/uploads\/2024\/11\/Dziesmu-vardi-supuldziesmas.pdf\" class=\"wp-block-file__button wp-element-button\" download=\"\" aria-describedby=\"wp-block-file--media-e083b800-55b3-483f-9f01-0774335c8b0a\">DOWNLOAD<\/a><\/div>\n<div class=\"wpv-view-output\" data-toolset-views-view-editor=\"7c9dc0c4710f5ed666894fb44cb3be1d\"><div class=\"wp-block-toolset-views-view-editor\"><div id=\"wpv-view-layout-8058\" class=\"js-wpv-view-layout js-wpv-layout-responsive js-wpv-view-layout-8058\" data-viewnumber=\"8058\" data-pagination=\"{&quot;id&quot;:8058,&quot;query&quot;:&quot;normal&quot;,&quot;type&quot;:&quot;paged&quot;,&quot;effect&quot;:&quot;fade&quot;,&quot;duration&quot;:500,&quot;speed&quot;:5,&quot;pause_on_hover&quot;:&quot;disabled&quot;,&quot;stop_rollover&quot;:&quot;false&quot;,&quot;cache_pages&quot;:&quot;enabled&quot;,&quot;preload_images&quot;:&quot;enabled&quot;,&quot;preload_pages&quot;:&quot;enabled&quot;,&quot;preload_reach&quot;:1,&quot;spinner&quot;:&quot;builtin&quot;,&quot;spinner_image&quot;:&quot;https:\/\/lnak.net\/wp-content\/plugins\/toolset-blocks\/embedded\/res\/img\/ajax-loader.svg&quot;,&quot;callback_next&quot;:&quot;&quot;,&quot;manage_history&quot;:&quot;enabled&quot;,&quot;has_controls_in_form&quot;:&quot;disabled&quot;,&quot;infinite_tolerance&quot;:&quot;0&quot;,&quot;max_pages&quot;:1,&quot;page&quot;:1,&quot;base_permalink&quot;:&quot;\/en\/wp-json\/wp\/v2\/pages\/10007?wpv_view_count=8058&amp;wpv_paged=WPV_PAGE_NUM&quot;,&quot;loop&quot;:{&quot;type&quot;:&quot;&quot;,&quot;name&quot;:&quot;&quot;,&quot;data&quot;:[],&quot;id&quot;:0}}\" data-permalink=\"\/en\/wp-json\/wp\/v2\/pages\/10007?wpv_view_count=8058\">\n\n<div class=\"js-wpv-loop-wrapper\"><div class=\"tb-grid\"><div class=\"tb-grid-column\">\n\n<div class=\"wp-block-toolset-views-view-template-block wpv-block-loop-item php-to-be-replaced-with-shortcode\" data-toolset-views-view-template-block=\"c694698bc08caa87291d09ee0bdd133f\">\n<div class=\"tb-youtube\" data-toolset-blocks-youtube=\"571fa978d648c4b1dcf911adb2401094\"><div><iframe src=\"https:\/\/www.youtube.com\/embed\/OQscK8MBdXg?rel=0&toolset=1\" frameborder=\"0\" allow=\"accelerometer; autoplay; encrypted-media; gyroscope; picture-in-picture\" allowfullscreen><\/iframe><\/div><\/div>\n\n\n\n<div class=\"tb-field\" data-toolset-blocks-field=\"66a3f621e910a738044fcdfee6a534dc\" data-last-update=\"1.4\"><a href='https:\/\/lnak.net\/en\/tag\/basic-language\/'>basic language<\/a>, <a href='https:\/\/lnak.net\/en\/tag\/infants\/'>infants<\/a><\/div>\n\n\n\n<div class=\"tb-field\" data-toolset-blocks-field=\"b3821cc4423c203d7a46e1a5ddb88922\" data-last-update=\"1.4\"><a href=\"https:\/\/lnak.net\/en\/resource-item\/aija-ancit-aija-lullaby\/\">Aija, Anc\u012bt, aija (lullaby)<\/a><\/div>\n\n\n\n<div class=\"tb-field\" data-toolset-blocks-field=\"0589d242fab9ab45a0fb40b111b605bf\" data-last-update=\"1.4\"><\/div>\n<\/div>\n\n<\/div><div class=\"tb-grid-column\">\n\n<div class=\"wp-block-toolset-views-view-template-block wpv-block-loop-item php-to-be-replaced-with-shortcode\" data-toolset-views-view-template-block=\"c694698bc08caa87291d09ee0bdd133f\">\n<div class=\"tb-youtube\" data-toolset-blocks-youtube=\"571fa978d648c4b1dcf911adb2401094\"><div><iframe src=\"https:\/\/www.youtube.com\/embed\/1u6mWJ2V6y4?rel=0&toolset=1\" frameborder=\"0\" allow=\"accelerometer; autoplay; encrypted-media; gyroscope; picture-in-picture\" allowfullscreen><\/iframe><\/div><\/div>\n\n\n\n<div class=\"tb-field\" data-toolset-blocks-field=\"66a3f621e910a738044fcdfee6a534dc\" data-last-update=\"1.4\"><a href='https:\/\/lnak.net\/en\/tag\/basic-language\/'>basic language<\/a>, <a href='https:\/\/lnak.net\/en\/tag\/infants\/'>infants<\/a><\/div>\n\n\n\n<div class=\"tb-field\" data-toolset-blocks-field=\"b3821cc4423c203d7a46e1a5ddb88922\" data-last-update=\"1.4\"><a href=\"https:\/\/lnak.net\/en\/resource-item\/velc-pelite-saldu-miegu\/\">Velc, pel\u012bte, saldu miegu (A lullaby)<\/a><\/div>\n\n\n\n<div class=\"tb-field\" data-toolset-blocks-field=\"0589d242fab9ab45a0fb40b111b605bf\" data-last-update=\"1.4\"><\/div>\n<\/div>\n\n<\/div><div class=\"tb-grid-column\">\n\n<div class=\"wp-block-toolset-views-view-template-block wpv-block-loop-item php-to-be-replaced-with-shortcode\" data-toolset-views-view-template-block=\"c694698bc08caa87291d09ee0bdd133f\">\n<div class=\"tb-youtube\" data-toolset-blocks-youtube=\"571fa978d648c4b1dcf911adb2401094\"><div><iframe src=\"https:\/\/www.youtube.com\/embed\/oXlk84fKftM?rel=0&toolset=1\" frameborder=\"0\" allow=\"accelerometer; autoplay; encrypted-media; gyroscope; picture-in-picture\" allowfullscreen><\/iframe><\/div><\/div>\n\n\n\n<div class=\"tb-field\" data-toolset-blocks-field=\"66a3f621e910a738044fcdfee6a534dc\" data-last-update=\"1.4\"><a href='https:\/\/lnak.net\/en\/tag\/basic-language\/'>basic language<\/a>, <a href='https:\/\/lnak.net\/en\/tag\/infants\/'>infants<\/a><\/div>\n\n\n\n<div class=\"tb-field\" data-toolset-blocks-field=\"b3821cc4423c203d7a46e1a5ddb88922\" data-last-update=\"1.4\"><a href=\"https:\/\/lnak.net\/en\/resource-item\/aija-zuzu-lacu-berni-a-lullaby\/\">Aij\u0101, \u017e\u016b\u017e\u016b, l\u0101\u010du b\u0113rni (a lullaby)<\/a><\/div>\n\n\n\n<div class=\"tb-field\" data-toolset-blocks-field=\"0589d242fab9ab45a0fb40b111b605bf\" data-last-update=\"1.4\"><\/div>\n<\/div>\n\n<\/div><div class=\"tb-grid-column\">\n\n<div class=\"wp-block-toolset-views-view-template-block wpv-block-loop-item php-to-be-replaced-with-shortcode\" data-toolset-views-view-template-block=\"c694698bc08caa87291d09ee0bdd133f\">\n<div class=\"tb-youtube\" data-toolset-blocks-youtube=\"571fa978d648c4b1dcf911adb2401094\"><div><iframe src=\"https:\/\/www.youtube.com\/embed\/vOtwtXyM3I0?rel=0&toolset=1\" frameborder=\"0\" allow=\"accelerometer; autoplay; encrypted-media; gyroscope; picture-in-picture\" allowfullscreen><\/iframe><\/div><\/div>\n\n\n\n<div class=\"tb-field\" data-toolset-blocks-field=\"66a3f621e910a738044fcdfee6a534dc\" data-last-update=\"1.4\"><a href='https:\/\/lnak.net\/en\/tag\/basic-language\/'>basic language<\/a>, <a href='https:\/\/lnak.net\/en\/tag\/infants\/'>infants<\/a><\/div>\n\n\n\n<div class=\"tb-field\" data-toolset-blocks-field=\"b3821cc4423c203d7a46e1a5ddb88922\" data-last-update=\"1.4\"><a href=\"https:\/\/lnak.net\/en\/resource-item\/miedzins-sedi-miedzins-gaida-sleep-is-waiting\/\">Miedzi\u0146\u0161 s\u0113di miedzi\u0146\u0161 gaida (Sleep is waiting)<\/a><\/div>\n\n\n\n<div class=\"tb-field\" data-toolset-blocks-field=\"0589d242fab9ab45a0fb40b111b605bf\" data-last-update=\"1.4\"><\/div>\n<\/div>\n\n<\/div><div class=\"tb-grid-column\">\n\n<div class=\"wp-block-toolset-views-view-template-block wpv-block-loop-item php-to-be-replaced-with-shortcode\" data-toolset-views-view-template-block=\"c694698bc08caa87291d09ee0bdd133f\">\n<div class=\"tb-youtube\" data-toolset-blocks-youtube=\"571fa978d648c4b1dcf911adb2401094\"><div><iframe src=\"https:\/\/www.youtube.com\/embed\/Gd55nlUtejg?rel=0&toolset=1\" frameborder=\"0\" allow=\"accelerometer; autoplay; encrypted-media; gyroscope; picture-in-picture\" allowfullscreen><\/iframe><\/div><\/div>\n\n\n\n<div class=\"tb-field\" data-toolset-blocks-field=\"66a3f621e910a738044fcdfee6a534dc\" data-last-update=\"1.4\"><a href='https:\/\/lnak.net\/en\/tag\/basic-language\/'>basic language<\/a>, <a href='https:\/\/lnak.net\/en\/tag\/infants\/'>infants<\/a><\/div>\n\n\n\n<div class=\"tb-field\" data-toolset-blocks-field=\"b3821cc4423c203d7a46e1a5ddb88922\" data-last-update=\"1.4\"><a href=\"https:\/\/lnak.net\/en\/resource-item\/lullaby\/\">Lullaby<\/a><\/div>\n\n\n\n<div class=\"tb-field\" data-toolset-blocks-field=\"0589d242fab9ab45a0fb40b111b605bf\" data-last-update=\"1.4\"><\/div>\n<\/div>\n\n<\/div><div class=\"tb-grid-column\">\n\n<div class=\"wp-block-toolset-views-view-template-block wpv-block-loop-item php-to-be-replaced-with-shortcode\" data-toolset-views-view-template-block=\"c694698bc08caa87291d09ee0bdd133f\">\n<div class=\"tb-youtube\" data-toolset-blocks-youtube=\"571fa978d648c4b1dcf911adb2401094\"><div><iframe src=\"https:\/\/www.youtube.com\/embed\/16blpJ7j3To?rel=0&toolset=1\" frameborder=\"0\" allow=\"accelerometer; autoplay; encrypted-media; gyroscope; picture-in-picture\" allowfullscreen><\/iframe><\/div><\/div>\n\n\n\n<div class=\"tb-field\" data-toolset-blocks-field=\"66a3f621e910a738044fcdfee6a534dc\" data-last-update=\"1.4\"><a href='https:\/\/lnak.net\/en\/tag\/basic-language\/'>basic language<\/a>, <a href='https:\/\/lnak.net\/en\/tag\/infants\/'>infants<\/a><\/div>\n\n\n\n<div class=\"tb-field\" data-toolset-blocks-field=\"b3821cc4423c203d7a46e1a5ddb88922\" data-last-update=\"1.4\"><a href=\"https:\/\/lnak.net\/en\/resource-item\/cuci-guli-mazais-berns-sleep-little-child\/\">\u010cu\u010di, guli mazais b\u0113rns (Sleep, little child)<\/a><\/div>\n\n\n\n<div class=\"tb-field\" data-toolset-blocks-field=\"0589d242fab9ab45a0fb40b111b605bf\" data-last-update=\"1.4\"><\/div>\n<\/div>\n\n<\/div><div class=\"tb-grid-column\">\n\n<div class=\"wp-block-toolset-views-view-template-block wpv-block-loop-item php-to-be-replaced-with-shortcode\" data-toolset-views-view-template-block=\"c694698bc08caa87291d09ee0bdd133f\">\n<div class=\"tb-youtube\" data-toolset-blocks-youtube=\"571fa978d648c4b1dcf911adb2401094\"><div><iframe src=\"https:\/\/www.youtube.com\/embed\/O_SmHKEPZQw?rel=0&toolset=1\" frameborder=\"0\" allow=\"accelerometer; autoplay; encrypted-media; gyroscope; picture-in-picture\" allowfullscreen><\/iframe><\/div><\/div>\n\n\n\n<div class=\"tb-field\" data-toolset-blocks-field=\"66a3f621e910a738044fcdfee6a534dc\" data-last-update=\"1.4\"><a href='https:\/\/lnak.net\/en\/tag\/basic-language\/'>basic language<\/a>, <a href='https:\/\/lnak.net\/en\/tag\/infants\/'>infants<\/a><\/div>\n\n\n\n<div class=\"tb-field\" data-toolset-blocks-field=\"b3821cc4423c203d7a46e1a5ddb88922\" data-last-update=\"1.4\"><a href=\"https:\/\/lnak.net\/en\/resource-item\/mummys-song\/\">Mummy&#8217;s song<\/a><\/div>\n\n\n\n<div class=\"tb-field\" data-toolset-blocks-field=\"0589d242fab9ab45a0fb40b111b605bf\" data-last-update=\"1.4\"><\/div>\n<\/div>\n\n<\/div><div class=\"tb-grid-column\">\n\n<div class=\"wp-block-toolset-views-view-template-block wpv-block-loop-item php-to-be-replaced-with-shortcode\" data-toolset-views-view-template-block=\"c694698bc08caa87291d09ee0bdd133f\">\n<div class=\"tb-youtube\" data-toolset-blocks-youtube=\"571fa978d648c4b1dcf911adb2401094\"><div><iframe src=\"https:\/\/www.youtube.com\/embed\/g2nkvL6Gl8o?rel=0&toolset=1\" frameborder=\"0\" allow=\"accelerometer; autoplay; encrypted-media; gyroscope; picture-in-picture\" allowfullscreen><\/iframe><\/div><\/div>\n\n\n\n<div class=\"tb-field\" data-toolset-blocks-field=\"66a3f621e910a738044fcdfee6a534dc\" data-last-update=\"1.4\"><a href='https:\/\/lnak.net\/en\/tag\/mazuliem\/'>mazu\u013ciem<\/a>, <a href='https:\/\/lnak.net\/en\/tag\/pirmsskolniekiem\/'>pirmsskolniekiem<\/a>, <a href='https:\/\/lnak.net\/en\/tag\/valodas-pamati\/'>valodas pamati<\/a>, <a href='https:\/\/lnak.net\/en\/tag\/valodas-pilnveidosana\/'>valodas pilnveido\u0161ana<\/a><\/div>\n\n\n\n<div class=\"tb-field\" data-toolset-blocks-field=\"b3821cc4423c203d7a46e1a5ddb88922\" data-last-update=\"1.4\"><a href=\"https:\/\/lnak.net\/en\/resource-item\/uz-kalnina-menestinis\/\">Uz kalni\u0146a m\u0113nesti\u0146is<\/a><\/div>\n\n\n\n<div class=\"tb-field\" data-toolset-blocks-field=\"0589d242fab9ab45a0fb40b111b605bf\" data-last-update=\"1.4\"><\/div>\n<\/div>\n\n<\/div><div class=\"tb-grid-column\">\n\n<div class=\"wp-block-toolset-views-view-template-block wpv-block-loop-item php-to-be-replaced-with-shortcode\" data-toolset-views-view-template-block=\"c694698bc08caa87291d09ee0bdd133f\">\n<div class=\"tb-youtube\" data-toolset-blocks-youtube=\"571fa978d648c4b1dcf911adb2401094\"><div><iframe src=\"https:\/\/www.youtube.com\/embed\/Af7TPc2sC0Y?rel=0&toolset=1\" frameborder=\"0\" allow=\"accelerometer; autoplay; encrypted-media; gyroscope; picture-in-picture\" allowfullscreen><\/iframe><\/div><\/div>\n\n\n\n<div class=\"tb-field\" data-toolset-blocks-field=\"66a3f621e910a738044fcdfee6a534dc\" data-last-update=\"1.4\"><a href='https:\/\/lnak.net\/en\/tag\/mazuliem\/'>mazu\u013ciem<\/a>, <a href='https:\/\/lnak.net\/en\/tag\/pirmsskolniekiem\/'>pirmsskolniekiem<\/a>, <a href='https:\/\/lnak.net\/en\/tag\/valodas-pamati\/'>valodas pamati<\/a>, <a href='https:\/\/lnak.net\/en\/tag\/valodas-pilnveidosana\/'>valodas pilnveido\u0161ana<\/a><\/div>\n\n\n\n<div class=\"tb-field\" data-toolset-blocks-field=\"b3821cc4423c203d7a46e1a5ddb88922\" data-last-update=\"1.4\"><a href=\"https:\/\/lnak.net\/en\/resource-item\/neraudi-bernin-mans-palieci-kluss\/\">Neraudi, b\u0113rni\u0146 mans, palieci kluss<\/a><\/div>\n\n\n\n<div class=\"tb-field\" data-toolset-blocks-field=\"0589d242fab9ab45a0fb40b111b605bf\" data-last-update=\"1.4\"><\/div>\n<\/div>\n\n<\/div><\/div><\/div>\n\n\n<div class=\"wpv-pagination-nav-links\" data-toolset-views-view-pagination-block=\"cdfd4c4737b2898eba4443dd59a1bf50\"><\/div>\n\n<\/div><\/div><form autocomplete=\"off\" name=\"wpv-filter-8058\" action=\"\/en\/wp-json\/wp\/v2\/pages\/10007?wpv_view_count=8058\" method=\"get\" class=\"wpv-filter-form js-wpv-filter-form js-wpv-filter-form-8058 js-wpv-form-full\" data-viewnumber=\"8058\" data-viewid=\"8058\" data-viewhash=\"eyJuYW1lIjoic3VwdWx1LWR6aWVzbWFzIn0=\" data-viewwidgetid=\"0\" data-orderby=\"\" data-order=\"\" data-orderbyas=\"\" data-orderbysecond=\"\" data-ordersecond=\"\" data-parametric=\"{&quot;query&quot;:&quot;normal&quot;,&quot;id&quot;:8058,&quot;view_id&quot;:8058,&quot;widget_id&quot;:0,&quot;view_hash&quot;:&quot;8058&quot;,&quot;action&quot;:&quot;\\\/en\\\/wp-json\\\/wp\\\/v2\\\/pages\\\/10007?wpv_view_count=8058&quot;,&quot;sort&quot;:{&quot;orderby&quot;:&quot;&quot;,&quot;order&quot;:&quot;&quot;,&quot;orderby_as&quot;:&quot;&quot;,&quot;orderby_second&quot;:&quot;&quot;,&quot;order_second&quot;:&quot;&quot;},&quot;orderby&quot;:&quot;&quot;,&quot;order&quot;:&quot;&quot;,&quot;orderby_as&quot;:&quot;&quot;,&quot;orderby_second&quot;:&quot;&quot;,&quot;order_second&quot;:&quot;&quot;,&quot;ajax_form&quot;:&quot;&quot;,&quot;ajax_results&quot;:&quot;&quot;,&quot;effect&quot;:&quot;fade&quot;,&quot;prebefore&quot;:&quot;&quot;,&quot;before&quot;:&quot;&quot;,&quot;after&quot;:&quot;&quot;,&quot;attributes&quot;:[],&quot;environment&quot;:{&quot;current_post_id&quot;:10007,&quot;parent_post_id&quot;:10007,&quot;parent_term_id&quot;:0,&quot;parent_user_id&quot;:0,&quot;archive&quot;:{&quot;type&quot;:&quot;&quot;,&quot;name&quot;:&quot;&quot;,&quot;data&quot;:[]}},&quot;loop&quot;:{&quot;type&quot;:&quot;&quot;,&quot;name&quot;:&quot;&quot;,&quot;data&quot;:[],&quot;id&quot;:0}}\" data-attributes=\"[]\" data-environment=\"{&quot;current_post_id&quot;:10007,&quot;parent_post_id&quot;:10007,&quot;parent_term_id&quot;:0,&quot;parent_user_id&quot;:0,&quot;archive&quot;:{&quot;type&quot;:&quot;&quot;,&quot;name&quot;:&quot;&quot;,&quot;data&quot;:[]}}\"><input type=\"hidden\" class=\"js-wpv-dps-filter-data js-wpv-filter-data-for-this-form\" data-action=\"\/en\/wp-json\/wp\/v2\/pages\/10007?wpv_view_count=8058\" data-page=\"1\" data-ajax=\"disable\" data-effect=\"fade\" data-maxpages=\"1\" data-ajaxprebefore=\"\" data-ajaxbefore=\"\" data-ajaxafter=\"\" \/><input class=\"wpv_view_count wpv_view_count-8058\" type=\"hidden\" name=\"wpv_view_count\" value=\"8058\" \/>\n\n<\/form><\/div>","protected":false},"excerpt":{"rendered":"<p>Lullabies are designed to lull babies and children to sleep. They are usually slow, calm and repetitive. Print out the words and sing along:<\/p>\n","protected":false},"author":1,"featured_media":0,"parent":0,"menu_order":0,"comment_status":"open","ping_status":"closed","template":"","meta":{"_uag_custom_page_level_css":"","_monsterinsights_skip_tracking":false,"_monsterinsights_sitenote_active":false,"_monsterinsights_sitenote_note":"","_monsterinsights_sitenote_category":0,"site-sidebar-layout":"default","site-content-layout":"","ast-site-content-layout":"default","site-content-style":"default","site-sidebar-style":"default","ast-global-header-display":"","ast-banner-title-visibility":"","ast-main-header-display":"","ast-hfb-above-header-display":"","ast-hfb-below-header-display":"","ast-hfb-mobile-header-display":"","site-post-title":"","ast-breadcrumbs-content":"","ast-featured-img":"","footer-sml-layout":"","theme-transparent-header-meta":"","adv-header-id-meta":"","stick-header-meta":"","header-above-stick-meta":"","header-main-stick-meta":"","header-below-stick-meta":"","astra-migrate-meta-layouts":"","ast-page-background-enabled":"default","ast-page-background-meta":{"desktop":{"background-color":"","background-image":"","background-repeat":"repeat","background-position":"center center","background-size":"auto","background-attachment":"scroll","background-type":"","background-media":"","overlay-type":"","overlay-color":"","overlay-gradient":""},"tablet":{"background-color":"","background-image":"","background-repeat":"repeat","background-position":"center center","background-size":"auto","background-attachment":"scroll","background-type":"","background-media":"","overlay-type":"","overlay-color":"","overlay-gradient":""},"mobile":{"background-color":"","background-image":"","background-repeat":"repeat","background-position":"center center","background-size":"auto","background-attachment":"scroll","background-type":"","background-media":"","overlay-type":"","overlay-color":"","overlay-gradient":""}},"ast-content-background-meta":{"desktop":{"background-color":"var(--ast-global-color-5)","background-image":"","background-repeat":"repeat","background-position":"center center","background-size":"auto","background-attachment":"scroll","background-type":"","background-media":"","overlay-type":"","overlay-color":"","overlay-gradient":""},"tablet":{"background-color":"var(--ast-global-color-5)","background-image":"","background-repeat":"repeat","background-position":"center center","background-size":"auto","background-attachment":"scroll","background-type":"","background-media":"","overlay-type":"","overlay-color":"","overlay-gradient":""},"mobile":{"background-color":"var(--ast-global-color-5)","background-image":"","background-repeat":"repeat","background-position":"center center","background-size":"auto","background-attachment":"scroll","background-type":"","background-media":"","overlay-type":"","overlay-color":"","overlay-gradient":""}},"footnotes":""},"class_list":["post-10007","page","type-page","status-publish","hentry"],"aioseo_notices":[],"uagb_featured_image_src":{"full":false,"thumbnail":false,"medium":false,"medium_large":false,"large":false,"1536x1536":false,"2048x2048":false},"uagb_author_info":{"display_name":"ADMIN","author_link":"https:\/\/lnak.net\/en\/author\/admin\/"},"uagb_comment_info":0,"uagb_excerpt":"Lullabies are designed to lull babies and children to sleep. They are usually slow, calm and repetitive. Print out the words and sing along:","_links":{"self":[{"href":"https:\/\/lnak.net\/en\/wp-json\/wp\/v2\/pages\/10007","targetHints":{"allow":["GET"]}}],"collection":[{"href":"https:\/\/lnak.net\/en\/wp-json\/wp\/v2\/pages"}],"about":[{"href":"https:\/\/lnak.net\/en\/wp-json\/wp\/v2\/types\/page"}],"author":[{"embeddable":true,"href":"https:\/\/lnak.net\/en\/wp-json\/wp\/v2\/users\/1"}],"replies":[{"embeddable":true,"href":"https:\/\/lnak.net\/en\/wp-json\/wp\/v2\/comments?post=10007"}],"version-history":[{"count":4,"href":"https:\/\/lnak.net\/en\/wp-json\/wp\/v2\/pages\/10007\/revisions"}],"predecessor-version":[{"id":10597,"href":"https:\/\/lnak.net\/en\/wp-json\/wp\/v2\/pages\/10007\/revisions\/10597"}],"wp:attachment":[{"href":"https:\/\/lnak.net\/en\/wp-json\/wp\/v2\/media?parent=10007"}],"curies":[{"name":"wp","href":"https:\/\/api.w.org\/{rel}","templated":true}]}}